{"id":2633,"date":"2025-05-05T11:32:57","date_gmt":"2025-05-05T11:32:57","guid":{"rendered":"https:\/\/csm-danmark.dk\/syd\/?page_id=2633"},"modified":"2025-05-05T11:32:57","modified_gmt":"2025-05-05T11:32:57","slug":"podcast-om-senfoelger","status":"publish","type":"page","link":"https:\/\/csm-danmark.dk\/syd\/podcast-om-senfoelger\/","title":{"rendered":"Podcast om senf\u00f8lger"},"content":{"rendered":"\n<p>Velkommen til senf\u00f8lgepodcasten hvor vi taler om senf\u00f8lger efter seksuelle overgreb i barndommen.<\/p>\n\n\n\n<p>Det er to af centrets frivillige, Pernille og Christiane, der har udarbejdet podcastserien. Pernille og Christiane har begge en socialfaglig baggrund, og s\u00e5 har de v\u00e6ret frivillige i centret gennem mange \u00e5r og har derigennem stor viden og erfaring med de senf\u00f8lger, der er p\u00e5 spil hos mennesker, der har v\u00e6ret udsat for seksuelle overgreb i barndommen. <\/p>\n\n\n\n<p>Da det kan v\u00e6re h\u00e5rdt at h\u00f8re om mennesker, der har senf\u00f8lger efter seksuelle overgreb i barndommen, s\u00e5 er det naturligt at blive p\u00e5virket af at h\u00f8re denne podcast. Oplever du at blive p\u00e5virket, s\u00e5 er du velkommen til at kontakte os &#8211; evt. ogs\u00e5 for at h\u00f8re n\u00e6rmere om vores forskellige tilbud. Du finder vores kontaktoplysninger <a href=\"https:\/\/csm-danmark.dk\/syd-frivillig\/kontakt\/administration\/\"><strong>her<\/strong><\/a>.<\/p>\n\n\n\n<p><\/p>\n\n\n\n<p><strong>AFSNIT 1, del 1 &#8211; TILKNYTNING<\/strong><\/p>\n\n\n\n<p>Det er vigtigt for det lille barn at sikre opm\u00e6rksomheden fra sine omsorgspersoner, idet behovet for at knytte sig til andre er et grundvilk\u00e5r for overlevelse. Personer med senf\u00f8lger efter seksuelle overgreb er ofte vokset op i familier, hvor det har v\u00e6ret n\u00f8dvendigt at tilegne sig forskellige strategier, for at sikre omsorgspersonens opm\u00e6rksomhed.<\/p>\n\n\n\n<p>Det lille barn er afh\u00e6ngig af, at personerne omkring d\u00e9t, varetager dets basale behov, idet barnet ikke er i stand til det p\u00e5 egen h\u00e5nd. Samtidig l\u00e6rer barnet gennem sine omsorgspersoners adf\u00e6rd omkring barnet, hvordan det skal forholde sig til andre og sig selv.<\/p>\n\n\n\n<p>Afsnittet omhandler derfor tilknytning med fokus p\u00e5 fire forskellige former for tilknytning, med udgangspunkt i Mary Ainsworths tilknytningsteori. Der skelnes mellem tryg og utryg tilknytning, hvor den utrygge tilknytning opdeles i henholdsvis:<\/p>\n\n\n\n<p>&#8211; Utryg dependent tilknytning<br>&#8211; Utryg undvigende tilknytning<br>&#8211; Utryg ambivalent tilknytning<\/p>\n\n\n\n<p>F\u00e6lles for m\u00f8nstrene er, at barnet tilpasser sig for\u00e6ldrenes adf\u00e6rd og finder strategier, der p\u00e5 bedste vis sikrer barnets videre overlevelse i familien og senere i dets voksne liv.<\/p>\n\n\n\n<p><\/p>\n\n\n\n<p><strong>AFSNIT 1, del 2 &#8211; TILKNYTNING<\/strong><\/p>\n\n\n\n<p>Dette afsnit er en forts\u00e6ttelse af afsnittet om tilknytning og omhandler de b\u00f8rn der ikke har en strategi for at opn\u00e5 omsorgspersonernes opm\u00e6rksomhed. Dette tilknytningsm\u00f8nster kategoriseres som utryg desorganiseret tilknytning, idet barnet l\u00e6rer at omsorgspersonernes adf\u00e6rd er s\u00e5 uforudsigelig, at det er umuligt for barnet at skabe en strategi der sikrer hensigtsm\u00e6ssig opm\u00e6rksomhed.<\/p>\n\n\n\n<p><\/p>\n\n\n\n<div class=\"wp-block-buttons is-content-justification-center is-layout-flex wp-container-core-buttons-is-layout-8057eaf3 wp-block-buttons-is-layout-flex\">\n<div class=\"wp-block-button\"><a class=\"wp-block-button__link has-text-align-center wp-element-button\" href=\"https:\/\/soundcloud.com\/csmsydfrivilligsektion\/tilknytning-senfolger-efter-seksuelle-overgreb-i-barndommen?si=40a5e860c58645d9b08742729459a2b8&amp;utm_source=clipboard&amp;utm_medium=text&amp;utm_campaign=social_sharing\" target=\"_blank\" rel=\"noreferrer noopener\"><strong>LYT: AFSNIT 1 DEL 1<\/strong><\/a><\/div>\n\n\n\n<div class=\"wp-block-button\"><a class=\"wp-block-button__link has-text-align-center wp-element-button\" href=\"https:\/\/soundcloud.com\/csmsydfrivilligsektion\/tilknytning-afsnit-2-csm-syd-frivilligsektion?si=40a5e860c58645d9b08742729459a2b8&amp;utm_source=clipboard&amp;utm_medium=text&amp;utm_campaign=social_sharing\" target=\"_blank\" rel=\"noreferrer noopener\"><strong>LYT: AFSNIT 1 DEL 2<\/strong><\/a><\/div>\n<\/div>\n\n\n\n<p><\/p>\n\n\n\n<p><strong>AFSNIT 2 &#8211; RELATIONER OG GR\u00c6NSER<\/strong><\/p>\n\n\n\n<p>I dette afsnit er der fokus p\u00e5 relationerne betydning indbyrdes i familien samt de gr\u00e6nser der opst\u00e5r i familiesystemet. Fokus vil her v\u00e6re p\u00e5 fire forskellige gr\u00e6nsetyper:<\/p>\n\n\n\n<p>&#8211; Den ydre gr\u00e6nse mod omverdenen<br>&#8211; Den indre gr\u00e6nse i familien<br>&#8211; Gr\u00e6nsen mellem generationerne<br>&#8211; Den intrapsykiske gr\u00e6nse<\/p>\n\n\n\n<p>Emnet er relevant, fordi mange, der uds\u00e6ttes for seksuelle overgreb, ofte er vokset op i familier, som har udpr\u00e6gede gr\u00e6nseproblematikker. Barnet har ofte ikke l\u00e6rt andre gr\u00e6nser end dem udadtil og har oplevet gentagne gr\u00e6nseoverskridelser fra familien. For at barnet kan overleve i en s\u00e5dan familie, m\u00e5 barnet lave sin virkelighed om og vende det indad. Familien som enhed, er derfor med til at pr\u00e6ge individets syn p\u00e5 sig selv, andre og p\u00e5 omverdenen.<\/p>\n\n\n\n<p><\/p>\n\n\n\n<div class=\"wp-block-buttons is-content-justification-center is-layout-flex wp-container-core-buttons-is-layout-8057eaf3 wp-block-buttons-is-layout-flex\">\n<div class=\"wp-block-button\"><a class=\"wp-block-button__link has-text-align-center wp-element-button\" href=\"https:\/\/soundcloud.com\/csmsydfrivilligsektion\/relationer-og-graenser-afsnit-3-csm-syd-frivilligsektion?si=59d2bf5c3f87425a8fa7a466db032d2a&amp;utm_source=clipboard&amp;utm_medium=text&amp;utm_campaign=social_sharing\" target=\"_blank\" rel=\"noreferrer noopener\"><strong>LYT: AFSNIT 2<\/strong><\/a><\/div>\n<\/div>\n\n\n\n<p><\/p>\n\n\n\n<p><strong>AFSNIT 3, del 1 &#8211; TRAUMER<\/strong><\/p>\n\n\n\n<p>I dette afsnit vil vi tale om traumer, fordi et seksuelt overgreb p\u00e5 et barn er en handling der g\u00e5r ud over, hvad barnets sind og krop kan forst\u00e5. Derved kan det seksuelle overgreb kategoriseres som et traume. Afsnittet er derfor en gennemgang af, hvorfor og hvordan et traume p\u00e5virker individet.<\/p>\n\n\n\n<p>N\u00e5r et individ oplever en faretruende h\u00e6ndelse, som virker som en trussel p\u00e5 individets eksistens, vil d\u00e9t sikre overlevelse i gennem automatiske ubevidste forsvarsmekanismer, herunder:<\/p>\n\n\n\n<p>&#8211; Frys-reaktioner: Personen er ude af stand til at reagere effektivt p\u00e5 den oplevede trussel<br>&#8211; Kamp-reaktioner: Personen g\u00f8r sig klar til at k\u00e6mpe mod den oplevede trussel<br>&#8211; Flygt-reaktioner: Personen flygter fra den oplevede trussel<\/p>\n\n\n\n<p>Forsvarsmekanismerne er i sig selv sunde og er med til at sikre overlevelse i en trusselssituation. Hvis de imidlertid forbliver ubearbejdede eller p\u00e5g\u00e5r over l\u00e6ngere tid, kan der opst\u00e5 traumer.<\/p>\n\n\n\n<p>Et traume kan if\u00f8lge Leonore Terr inddeles i henholdsvis:<br>&#8211; Type-1 traumer, som er enkeltst\u00e5ende traumatiske h\u00e6ndelser<br>&#8211; Type-2 traumer, som er gentagende traumatiske h\u00e6ndelser<\/p>\n\n\n\n<p>Ved personer der uds\u00e6ttes for seksuelle overgreb i barndommen vil der oftest ses en gentagelse af den traumatiske h\u00e6ndelse, enten i kraft af at det seksuelle overgreb kan blive gentaget, men ogs\u00e5 hvis det ikke bliver bearbejdet.<\/p>\n\n\n\n<p><\/p>\n\n\n\n<p><strong>AFSNIT 3, del 2 &#8211; PTSD OG KOMPLEKS PTSD<\/strong><\/p>\n\n\n\n<p>I dette afsnit vil vi redeg\u00f8re for Posttraumatisk Belastningsreaktion &#8211; bedre kendt som PTSD, idet det er en af de mest almindelige forekommende diagnoser blandt voksne med senf\u00f8lger efter seksuelle overgreb i barndommen. PTSD kan opst\u00e5 p\u00e5 baggrund af uforl\u00f8ste traumer som f\u00f8lge af h\u00e6ndelser, der er faretruende for individets eksistens.<\/p>\n\n\n\n<p>Et seksuelt overgreb kan ogs\u00e5 kategoriseres som et traume, fordi barnet ikke er fysisk eller psykisk modent nok til at forst\u00e5, hvad handlingen indeb\u00e6rer. Der opst\u00e5r samtidig en ekstra kompleksitet, n\u00e5r et barn bliver udsat for et seksuelt overgreb, idet barnet l\u00e6rer, at det er relationen til andre mennesker, der er farlig. Derfor er der i afsnittet ogs\u00e5 fokus p\u00e5 diagnosen kompleks PTSD.<\/p>\n\n\n\n<p><\/p>\n\n\n\n<div class=\"wp-block-buttons is-content-justification-center is-layout-flex wp-container-core-buttons-is-layout-8057eaf3 wp-block-buttons-is-layout-flex\">\n<div class=\"wp-block-button\"><a class=\"wp-block-button__link has-text-align-center wp-element-button\" href=\"https:\/\/soundcloud.com\/csmsydfrivilligsektion\/traumer-afsnit-1-del-1-csm-syd-frivilligsektion?si=5b9f5297e3c94a919893a52d64bb8067&amp;utm_source=clipboard&amp;utm_medium=text&amp;utm_campaign=social_sharing\" target=\"_blank\" rel=\"noreferrer noopener\"><strong>LYT: AFSNIT 3 DEL 1<\/strong><\/a><\/div>\n\n\n\n<div class=\"wp-block-button\"><a class=\"wp-block-button__link has-text-align-center wp-element-button\" href=\"https:\/\/soundcloud.com\/csmsydfrivilligsektion\/ptsd-og-kompleks-ptsd-afsnit-3-del-2-csm-syd-frivilligsektion?si=ac64c74f8ff24e4ab50c3ec76d6b876c&amp;utm_source=clipboard&amp;utm_medium=text&amp;utm_campaign=social_sharing\" target=\"_blank\" rel=\"noreferrer noopener\"><strong>LYT: AFSNIT 3 DEL 2<\/strong><\/a><\/div>\n<\/div>\n\n\n\n<p><\/p>\n\n\n\n<p><strong>AFSNIT 4 &#8211; SKYLD OG SKAM<\/strong><\/p>\n\n\n\n<p>Personer med senf\u00f8lger efter seksuelle overgreb vil ofte v\u00e6re tynget af f\u00f8lelser af skyld og skam.<\/p>\n\n\n\n<p>Grundl\u00e6ggende er skyld og skam f\u00f8lelser, som er sunde og gode for vores socialisering. F\u00f8lelserne opst\u00e5r ofte i situationer, hvor vi g\u00f8r noget forkert og de viser, at vi har empati og fornuft. De hj\u00e6lper os derfor med at knytte os til andre mennesker og sikrer at forbliver en del af f\u00e6llesskabet.<\/p>\n\n\n\n<p>I afsnittet tages der udgangspunkt i skyld, der handler om det vi g\u00f8r og m\u00e5den vi handler p\u00e5.<\/p>\n\n\n\n<p>Samtidig fokuserer vi p\u00e5 skam, som helt grundl\u00e6ggende er m\u00e5den, hvorp\u00e5 vi ser os selv i relationen til andre. Der skelnes mellem to typer af skam:<\/p>\n\n\n\n<p>&#8211; Medf\u00f8dt skam<br>&#8211; Till\u00e6rt skam<\/p>\n\n\n\n<p>Skyld og skam kan imidlertid tage overh\u00e5nd og blive meget alvorlige, hvilket ses hos mennesker med senf\u00f8lger efter seksuelle overgreb.<\/p>\n\n\n\n<p>Det skyldes til dels, at der med de seksuelle overgreb f\u00f8lger en form for hemmeligg\u00f8relse, som tvinger barnet til at g\u00e5 med traumet alene. Barnet har i mange tilf\u00e6lde ikke viden om, at d\u00e9t, det bliver udsat for, er forkert, men kan m\u00e6rke at det f\u00f8les m\u00e6rkeligt. Derfor er der brug for, at barnet afstemmes i denne f\u00f8lelse. Bliver d\u00e9t ikke det, vil barnet vende det ind af og det kan medf\u00f8re at barnet mister troen p\u00e5 at det er noget v\u00e6rd og at det har ret til at v\u00e6re sig selv.<\/p>\n\n\n\n<p><\/p>\n\n\n\n<div class=\"wp-block-buttons is-content-justification-center is-layout-flex wp-container-core-buttons-is-layout-8057eaf3 wp-block-buttons-is-layout-flex\">\n<div class=\"wp-block-button\"><a class=\"wp-block-button__link has-text-align-center wp-element-button\" href=\"https:\/\/soundcloud.com\/csmsydfrivilligsektion\/afsnit-4-skyld-og-skam-csm-syd-frivilligsektion?si=1f3247639c924736879aac12874ea49b&amp;utm_source=clipboard&amp;utm_medium=text&amp;utm_campaign=social_sharing\" target=\"_blank\" rel=\"noreferrer noopener\"><strong>LYT: AFSNIT 4<\/strong><\/a><\/div>\n<\/div>\n\n\n\n<p><\/p>\n\n\n\n<p><\/p>\n\n\n<div class=\"wp-block-image\">\n<figure class=\"aligncenter size-large is-resized\"><img decoding=\"async\" src=\"https:\/\/csm-danmark.dk\/syd-frivillig\/wp-content\/uploads\/sites\/3\/2023\/07\/seedlings-g43ee58c5d_1920-1024x683.jpg\" alt=\"\" class=\"wp-image-2409\" style=\"width:362px;height:240px\"\/><\/figure><\/div>\n\n\n<p><\/p>\n\n\n\n<p>Litteratur:<\/p>\n\n\n\n<p class=\"has-small-font-size\">Tilknytning (afsnit 1)<br>\u25cf Psykologi og socialt arbejde &#8211; Jacobsen, Ditlevsen og Walmod.<br>\u25cf Psykologi &#8211; Udviklingspsykologi &#8211; Anne Stokkeb\u00e6k<br>\u25cf Den neuroaffektive billedbog &#8211; Marianne Bentzen<br>\u25cf Smertegr\u00e6nsen &#8211; traumer, tilknytning og psykisk sygdom &#8211; Lars J. S\u00f8rensen<br>\u25cf Tilknytningsm\u00f8nstre i en behandlingskontekst &#8211; Sarah Daniel<\/p>\n\n\n\n<p class=\"has-small-font-size\">Relationer og gr\u00e6nser (afsnit 2)<br>\u25cf Gr\u00e6nseproblematikker i den dysfunktionelle familie. Landsforeningen Spors hjemmeside: https:\/\/landsforeningenspor.dk\/graenseproblemer-i-den-dysfunktionelle-familie\/<br>\u25cf Familier med sexuelt misbrug af b\u00f8rn &#8211; forst\u00e5else og behandlingsmuligheder &#8211; Eva Hildebrand og Else Christensen, 1988<br>\u25cf Senf\u00f8lger efter seksuelle overgreb &#8211; Kirsten Trans, 2018<br>\u25cf Omsorgssvigt er alles ansvar &#8211; Kari Kill\u00e9n, 2005<\/p>\n\n\n\n<p class=\"has-small-font-size\">Traumer, PTSD og Kompleks PTSD (afsnit 3):<br>\u25cf Traume, hjerne og krop &#8211; biologiske perspektiver p\u00e5 PTSD, Uldall, Eskelund &amp; Karstoft.<br>\u25cf Grundbog i psykiatri &#8211; Erik Simonsen og Bo M\u00f8hl<br>\u25cf Kom over dit livs traume &#8211; Casper Aaen, Psykiatrifonden 2014<br>\u25cf Senf\u00f8lger efter seksuelle overgreb &#8211; Kirsten Trans, 2018<\/p>\n\n\n\n<p class=\"has-small-font-size\">Skyld og skam (afsnit 4):<br>\u25cf Depressionsforeningens medlemsblad &#8211; Tema om skam, 2017<br>\u25cf Skam &#8211; medf\u00f8dt og till\u00e6rt &#8211; N\u00e5r skam f\u00f8rer til sj\u00e6lemord. Lars J. S\u00f8rensen.<br>\u25cf Senf\u00f8lger efter seksuelle overgreb &#8211; Kirsten Trans, 2018<br>\u25cf Omsorgssvigt er alles ansvar &#8211; Kari Kill\u00e9n, 2005<\/p>\n\n\n\n<p class=\"has-small-font-size\">Lyd anvendt i podcast:<br>Musik: soundcloud.com &#8211; Goodbye Stress | Calming Acoustic Guitar Instrumental No Copyright Royalty Free Background Music. LesFreeMusic.<\/p>\n\n\n\n<p><\/p>\n\n\n\n<p class=\"has-text-align-right\">August 2023 <\/p>\n\n\n\n<p><\/p>\n","protected":false},"excerpt":{"rendered":"<p>Velkommen til senf\u00f8lgepodcasten hvor vi taler om senf\u00f8lger efter seksuelle overgreb i barndommen. Det er to af centrets frivillige, Pernille og Christiane, der har udarbejdet podcastserien. Pernille og Christiane har begge en socialfaglig baggrund, og s\u00e5 har de v\u00e6ret frivillige i centret gennem mange \u00e5r og har derigennem stor viden og erfaring med de senf\u00f8lger, [&hellip;]<\/p>\n","protected":false},"author":22,"featured_media":0,"parent":0,"menu_order":0,"comment_status":"closed","ping_status":"closed","template":"","meta":{"_acf_changed":false,"footnotes":""},"class_list":["post-2633","page","type-page","status-publish","hentry"],"acf":[],"yoast_head":"<!-- This site is optimized with the Yoast SEO plugin v26.6 - https:\/\/yoast.com\/wordpress\/plugins\/seo\/ -->\n<title>Podcast om senf\u00f8lger - CSM: Syd<\/title>\n<meta name=\"robots\" content=\"index, follow, max-snippet:-1, max-image-preview:large, max-video-preview:-1\" \/>\n<link rel=\"canonical\" href=\"https:\/\/csm-danmark.dk\/syd\/podcast-om-senfoelger\/\" \/>\n<meta property=\"og:locale\" content=\"da_DK\" \/>\n<meta property=\"og:type\" content=\"article\" \/>\n<meta property=\"og:title\" content=\"Podcast om senf\u00f8lger - CSM: Syd\" \/>\n<meta property=\"og:description\" content=\"Velkommen til senf\u00f8lgepodcasten hvor vi taler om senf\u00f8lger efter seksuelle overgreb i barndommen. Det er to af centrets frivillige, Pernille og Christiane, der har udarbejdet podcastserien. Pernille og Christiane har begge en socialfaglig baggrund, og s\u00e5 har de v\u00e6ret frivillige i centret gennem mange \u00e5r og har derigennem stor viden og erfaring med de senf\u00f8lger, [&hellip;]\" \/>\n<meta property=\"og:url\" content=\"https:\/\/csm-danmark.dk\/syd\/podcast-om-senfoelger\/\" \/>\n<meta property=\"og:site_name\" content=\"CSM: Syd\" \/>\n<meta property=\"og:image\" content=\"https:\/\/csm-danmark.dk\/syd-frivillig\/wp-content\/uploads\/sites\/3\/2023\/07\/seedlings-g43ee58c5d_1920-1024x683.jpg\" \/>\n<meta name=\"twitter:card\" content=\"summary_large_image\" \/>\n<meta name=\"twitter:label1\" content=\"Estimeret l\u00e6setid\" \/>\n\t<meta name=\"twitter:data1\" content=\"8 minutter\" \/>\n<script type=\"application\/ld+json\" class=\"yoast-schema-graph\">{\"@context\":\"https:\/\/schema.org\",\"@graph\":[{\"@type\":\"WebPage\",\"@id\":\"https:\/\/csm-danmark.dk\/syd\/podcast-om-senfoelger\/\",\"url\":\"https:\/\/csm-danmark.dk\/syd\/podcast-om-senfoelger\/\",\"name\":\"Podcast om senf\u00f8lger - CSM: Syd\",\"isPartOf\":{\"@id\":\"https:\/\/csm-danmark.dk\/syd\/#website\"},\"primaryImageOfPage\":{\"@id\":\"https:\/\/csm-danmark.dk\/syd\/podcast-om-senfoelger\/#primaryimage\"},\"image\":{\"@id\":\"https:\/\/csm-danmark.dk\/syd\/podcast-om-senfoelger\/#primaryimage\"},\"thumbnailUrl\":\"https:\/\/csm-danmark.dk\/syd-frivillig\/wp-content\/uploads\/sites\/3\/2023\/07\/seedlings-g43ee58c5d_1920-1024x683.jpg\",\"datePublished\":\"2025-05-05T11:32:57+00:00\",\"breadcrumb\":{\"@id\":\"https:\/\/csm-danmark.dk\/syd\/podcast-om-senfoelger\/#breadcrumb\"},\"inLanguage\":\"da-DK\",\"potentialAction\":[{\"@type\":\"ReadAction\",\"target\":[\"https:\/\/csm-danmark.dk\/syd\/podcast-om-senfoelger\/\"]}]},{\"@type\":\"ImageObject\",\"inLanguage\":\"da-DK\",\"@id\":\"https:\/\/csm-danmark.dk\/syd\/podcast-om-senfoelger\/#primaryimage\",\"url\":\"\",\"contentUrl\":\"\"},{\"@type\":\"BreadcrumbList\",\"@id\":\"https:\/\/csm-danmark.dk\/syd\/podcast-om-senfoelger\/#breadcrumb\",\"itemListElement\":[{\"@type\":\"ListItem\",\"position\":1,\"name\":\"Home\",\"item\":\"https:\/\/csm-danmark.dk\/syd\/\"},{\"@type\":\"ListItem\",\"position\":2,\"name\":\"Podcast om senf\u00f8lger\"}]},{\"@type\":\"WebSite\",\"@id\":\"https:\/\/csm-danmark.dk\/syd\/#website\",\"url\":\"https:\/\/csm-danmark.dk\/syd\/\",\"name\":\"CSM: Syd\",\"description\":\"Center for Seksuelt Misbrugte\",\"potentialAction\":[{\"@type\":\"SearchAction\",\"target\":{\"@type\":\"EntryPoint\",\"urlTemplate\":\"https:\/\/csm-danmark.dk\/syd\/?s={search_term_string}\"},\"query-input\":{\"@type\":\"PropertyValueSpecification\",\"valueRequired\":true,\"valueName\":\"search_term_string\"}}],\"inLanguage\":\"da-DK\"}]}<\/script>\n<!-- \/ Yoast SEO plugin. -->","yoast_head_json":{"title":"Podcast om senf\u00f8lger - CSM: Syd","robots":{"index":"index","follow":"follow","max-snippet":"max-snippet:-1","max-image-preview":"max-image-preview:large","max-video-preview":"max-video-preview:-1"},"canonical":"https:\/\/csm-danmark.dk\/syd\/podcast-om-senfoelger\/","og_locale":"da_DK","og_type":"article","og_title":"Podcast om senf\u00f8lger - CSM: Syd","og_description":"Velkommen til senf\u00f8lgepodcasten hvor vi taler om senf\u00f8lger efter seksuelle overgreb i barndommen. Det er to af centrets frivillige, Pernille og Christiane, der har udarbejdet podcastserien. Pernille og Christiane har begge en socialfaglig baggrund, og s\u00e5 har de v\u00e6ret frivillige i centret gennem mange \u00e5r og har derigennem stor viden og erfaring med de senf\u00f8lger, [&hellip;]","og_url":"https:\/\/csm-danmark.dk\/syd\/podcast-om-senfoelger\/","og_site_name":"CSM: Syd","og_image":[{"url":"https:\/\/csm-danmark.dk\/syd-frivillig\/wp-content\/uploads\/sites\/3\/2023\/07\/seedlings-g43ee58c5d_1920-1024x683.jpg","type":"","width":"","height":""}],"twitter_card":"summary_large_image","twitter_misc":{"Estimeret l\u00e6setid":"8 minutter"},"schema":{"@context":"https:\/\/schema.org","@graph":[{"@type":"WebPage","@id":"https:\/\/csm-danmark.dk\/syd\/podcast-om-senfoelger\/","url":"https:\/\/csm-danmark.dk\/syd\/podcast-om-senfoelger\/","name":"Podcast om senf\u00f8lger - CSM: Syd","isPartOf":{"@id":"https:\/\/csm-danmark.dk\/syd\/#website"},"primaryImageOfPage":{"@id":"https:\/\/csm-danmark.dk\/syd\/podcast-om-senfoelger\/#primaryimage"},"image":{"@id":"https:\/\/csm-danmark.dk\/syd\/podcast-om-senfoelger\/#primaryimage"},"thumbnailUrl":"https:\/\/csm-danmark.dk\/syd-frivillig\/wp-content\/uploads\/sites\/3\/2023\/07\/seedlings-g43ee58c5d_1920-1024x683.jpg","datePublished":"2025-05-05T11:32:57+00:00","breadcrumb":{"@id":"https:\/\/csm-danmark.dk\/syd\/podcast-om-senfoelger\/#breadcrumb"},"inLanguage":"da-DK","potentialAction":[{"@type":"ReadAction","target":["https:\/\/csm-danmark.dk\/syd\/podcast-om-senfoelger\/"]}]},{"@type":"ImageObject","inLanguage":"da-DK","@id":"https:\/\/csm-danmark.dk\/syd\/podcast-om-senfoelger\/#primaryimage","url":"","contentUrl":""},{"@type":"BreadcrumbList","@id":"https:\/\/csm-danmark.dk\/syd\/podcast-om-senfoelger\/#breadcrumb","itemListElement":[{"@type":"ListItem","position":1,"name":"Home","item":"https:\/\/csm-danmark.dk\/syd\/"},{"@type":"ListItem","position":2,"name":"Podcast om senf\u00f8lger"}]},{"@type":"WebSite","@id":"https:\/\/csm-danmark.dk\/syd\/#website","url":"https:\/\/csm-danmark.dk\/syd\/","name":"CSM: Syd","description":"Center for Seksuelt Misbrugte","potentialAction":[{"@type":"SearchAction","target":{"@type":"EntryPoint","urlTemplate":"https:\/\/csm-danmark.dk\/syd\/?s={search_term_string}"},"query-input":{"@type":"PropertyValueSpecification","valueRequired":true,"valueName":"search_term_string"}}],"inLanguage":"da-DK"}]}},"_links":{"self":[{"href":"https:\/\/csm-danmark.dk\/syd\/wp-json\/wp\/v2\/pages\/2633","targetHints":{"allow":["GET"]}}],"collection":[{"href":"https:\/\/csm-danmark.dk\/syd\/wp-json\/wp\/v2\/pages"}],"about":[{"href":"https:\/\/csm-danmark.dk\/syd\/wp-json\/wp\/v2\/types\/page"}],"author":[{"embeddable":true,"href":"https:\/\/csm-danmark.dk\/syd\/wp-json\/wp\/v2\/users\/22"}],"replies":[{"embeddable":true,"href":"https:\/\/csm-danmark.dk\/syd\/wp-json\/wp\/v2\/comments?post=2633"}],"version-history":[{"count":1,"href":"https:\/\/csm-danmark.dk\/syd\/wp-json\/wp\/v2\/pages\/2633\/revisions"}],"predecessor-version":[{"id":2634,"href":"https:\/\/csm-danmark.dk\/syd\/wp-json\/wp\/v2\/pages\/2633\/revisions\/2634"}],"wp:attachment":[{"href":"https:\/\/csm-danmark.dk\/syd\/wp-json\/wp\/v2\/media?parent=2633"}],"curies":[{"name":"wp","href":"https:\/\/api.w.org\/{rel}","templated":true}]}}