{"id":2566,"date":"2025-03-25T12:02:43","date_gmt":"2025-03-25T12:02:43","guid":{"rendered":"https:\/\/csm-danmark.dk\/syd\/?page_id=2566"},"modified":"2025-03-25T12:02:44","modified_gmt":"2025-03-25T12:02:44","slug":"bliv-frivillig","status":"publish","type":"page","link":"https:\/\/csm-danmark.dk\/syd\/bliv-frivillig\/","title":{"rendered":"Bliv frivillig"},"content":{"rendered":"\n<h3 class=\"wp-block-heading\"><strong>Vil du hj\u00e6lpe med at skabe en bedre fremtid for voksne med senf\u00f8lger efter seksuelle overgreb i barndommen?<\/strong><\/h3>\n\n\n\n<p>Det vigtigste er, at du har empati, kan lytte og v\u00e6re n\u00e6rv\u00e6rende.<\/p>\n\n\n\n<p><strong>Din funktion<\/strong><br>Du vil blive en del af et engageret team af b\u00e5de frivillige og ansatte, der varetager tilbuddene i CSM Syd \u2013 Frivilligsektion. Vores frivillige l\u00f8ser opgaver inden for en r\u00e6kke forskellige tilbud:<\/p>\n\n\n\n<ul class=\"wp-block-list\">\n<li>Frivillig i \u00c5ben stue \u2013 et socialt tilbud<\/li>\n\n\n\n<li>R\u00e5dgivning og vejledning af seksuelt misbrugte mennesker<\/li>\n\n\n\n<li>Gruppeleder i vores st\u00f8ttegrupper<\/li>\n\n\n\n<li>Chatr\u00e5dgivning<\/li>\n<\/ul>\n\n\n\n<p>Du er selv med til at bestemme, hvilke tilbud du har lyst til at v\u00e6re en del af. Det afh\u00e6nger b\u00e5de af, hvad du selv br\u00e6nder for, hvilke kompetencer du har, og hvor vi har brug for flere frivillige.<\/p>\n\n\n\n<p>Du vil blive kl\u00e6dt grundigt p\u00e5 til opgaven gennem l\u00f8bende kurser, uddannelse, sparring og supervision. Alle nye frivillige deltager i et introkursus.&nbsp;<\/p>\n\n\n\n<p><strong>Hvem er vi?<\/strong><br>CSM Syd \u2013 Frivilligsektion er et center, der har fokus p\u00e5 senf\u00f8lger efter seksuelle overgreb beg\u00e5et i barndommen. Vi har til form\u00e5l at v\u00e6re med til at skabe en bedre fremtid for voksne med senf\u00f8lger. Vi vil gerne v\u00e6re med til at reducere de fysiske, psykiske og sociale skadevirkninger, der kan v\u00e6re en konsekvens af seksuelle overgreb i barndommen. Dette medvirker vi til, ved at tilbyde denne m\u00e5lgruppe de ovenn\u00e6vnte tilbud.<\/p>\n\n\n\n<p><strong>Vigtigheden af at v\u00e6re frivillig hos CSM Syd \u2013 Frivilligsektion:<\/strong><br>Mange voksne med senf\u00f8lger efter seksuelle overgreb i barndommen lever med skam, skyld og tabu. Det betyder, at mange er meget l\u00e6nge om at dele sine tanker, oplevelser og f\u00f8lelser med andre. Som frivillig er noget af det vigtigste derfor at tage godt imod nye, der finder modet til at kontakte os. Yderligere er vores opfattelse, at relationstraumer skal heles i relationer, og det er derfor vigtigt, at vi kan skabe rum for trygge og n\u00e6rv\u00e6rende relationer.&nbsp;<\/p>\n\n\n\n<p><strong>Vi tilbyder:<\/strong><\/p>\n\n\n\n<ul class=\"wp-block-list\">\n<li>L\u00f8bende tilbud om faglige kurser og uddannelser<\/li>\n\n\n\n<li>L\u00f8bende tilbud om sociale arrangementer<\/li>\n\n\n\n<li>Supervision ved psykolog<\/li>\n\n\n\n<li>Teamm\u00f8der med kollegial sparring<\/li>\n\n\n\n<li>Et givende og st\u00f8ttende f\u00e6llesskab med andre engagerede frivillige<\/li>\n\n\n\n<li>En grundig indf\u00f8ring i m\u00e5lgruppen og dens udfordringer<\/li>\n\n\n\n<li>En grundig indf\u00f8ring i de opgaver, du skal varetage<\/li>\n<\/ul>\n\n\n\n<p><strong>Vi forventer, at:<\/strong><\/p>\n\n\n\n<ul class=\"wp-block-list\">\n<li>Du har flair for st\u00f8ttende og r\u00e5dgivende samtaler<\/li>\n\n\n\n<li>Du har evne til at s\u00e6tte dig i andre menneskers sted<\/li>\n\n\n\n<li>Du udviser empati, rummelighed og n\u00e6rv\u00e6r<\/li>\n\n\n\n<li>Du er afklaret med evt. egne psykiske udfordringer<\/li>\n<\/ul>\n\n\n\n<p><strong>Bliv frivillig<\/strong><br>Lyder dette som noget for dig er du velkommen til at kontakte os p\u00e5 telefon eller mail:<br>66 14 66 33\u00a0<br><a href=\"mailto:info@csm-syd-frivilligsektion.dk\">info@csm-syd-frivilligsektion.dk<\/a><\/p>\n","protected":false},"excerpt":{"rendered":"<p>Vil du hj\u00e6lpe med at skabe en bedre fremtid for voksne med senf\u00f8lger efter seksuelle overgreb i barndommen? Det vigtigste er, at du har empati, kan lytte og v\u00e6re n\u00e6rv\u00e6rende. Din funktionDu vil blive en del af et engageret team af b\u00e5de frivillige og ansatte, der varetager tilbuddene i CSM Syd \u2013 Frivilligsektion. Vores frivillige [&hellip;]<\/p>\n","protected":false},"author":22,"featured_media":0,"parent":0,"menu_order":0,"comment_status":"closed","ping_status":"closed","template":"","meta":{"_acf_changed":false,"footnotes":""},"class_list":["post-2566","page","type-page","status-publish","hentry"],"acf":[],"yoast_head":"<!-- This site is optimized with the Yoast SEO plugin v26.6 - https:\/\/yoast.com\/wordpress\/plugins\/seo\/ -->\n<title>Bliv frivillig - CSM: Syd<\/title>\n<meta name=\"robots\" content=\"index, follow, max-snippet:-1, max-image-preview:large, max-video-preview:-1\" \/>\n<link rel=\"canonical\" href=\"https:\/\/csm-danmark.dk\/syd\/bliv-frivillig\/\" \/>\n<meta property=\"og:locale\" content=\"da_DK\" \/>\n<meta property=\"og:type\" content=\"article\" \/>\n<meta property=\"og:title\" content=\"Bliv frivillig - CSM: Syd\" \/>\n<meta property=\"og:description\" content=\"Vil du hj\u00e6lpe med at skabe en bedre fremtid for voksne med senf\u00f8lger efter seksuelle overgreb i barndommen? Det vigtigste er, at du har empati, kan lytte og v\u00e6re n\u00e6rv\u00e6rende. Din funktionDu vil blive en del af et engageret team af b\u00e5de frivillige og ansatte, der varetager tilbuddene i CSM Syd \u2013 Frivilligsektion. Vores frivillige [&hellip;]\" \/>\n<meta property=\"og:url\" content=\"https:\/\/csm-danmark.dk\/syd\/bliv-frivillig\/\" \/>\n<meta property=\"og:site_name\" content=\"CSM: Syd\" \/>\n<meta property=\"article:modified_time\" content=\"2025-03-25T12:02:44+00:00\" \/>\n<meta name=\"twitter:card\" content=\"summary_large_image\" \/>\n<meta name=\"twitter:label1\" content=\"Estimeret l\u00e6setid\" \/>\n\t<meta name=\"twitter:data1\" content=\"3 minutter\" \/>\n<script type=\"application\/ld+json\" class=\"yoast-schema-graph\">{\"@context\":\"https:\/\/schema.org\",\"@graph\":[{\"@type\":\"WebPage\",\"@id\":\"https:\/\/csm-danmark.dk\/syd\/bliv-frivillig\/\",\"url\":\"https:\/\/csm-danmark.dk\/syd\/bliv-frivillig\/\",\"name\":\"Bliv frivillig - CSM: Syd\",\"isPartOf\":{\"@id\":\"https:\/\/csm-danmark.dk\/syd\/#website\"},\"datePublished\":\"2025-03-25T12:02:43+00:00\",\"dateModified\":\"2025-03-25T12:02:44+00:00\",\"breadcrumb\":{\"@id\":\"https:\/\/csm-danmark.dk\/syd\/bliv-frivillig\/#breadcrumb\"},\"inLanguage\":\"da-DK\",\"potentialAction\":[{\"@type\":\"ReadAction\",\"target\":[\"https:\/\/csm-danmark.dk\/syd\/bliv-frivillig\/\"]}]},{\"@type\":\"BreadcrumbList\",\"@id\":\"https:\/\/csm-danmark.dk\/syd\/bliv-frivillig\/#breadcrumb\",\"itemListElement\":[{\"@type\":\"ListItem\",\"position\":1,\"name\":\"Home\",\"item\":\"https:\/\/csm-danmark.dk\/syd\/\"},{\"@type\":\"ListItem\",\"position\":2,\"name\":\"Bliv frivillig\"}]},{\"@type\":\"WebSite\",\"@id\":\"https:\/\/csm-danmark.dk\/syd\/#website\",\"url\":\"https:\/\/csm-danmark.dk\/syd\/\",\"name\":\"CSM: Syd\",\"description\":\"Center for Seksuelt Misbrugte\",\"potentialAction\":[{\"@type\":\"SearchAction\",\"target\":{\"@type\":\"EntryPoint\",\"urlTemplate\":\"https:\/\/csm-danmark.dk\/syd\/?s={search_term_string}\"},\"query-input\":{\"@type\":\"PropertyValueSpecification\",\"valueRequired\":true,\"valueName\":\"search_term_string\"}}],\"inLanguage\":\"da-DK\"}]}<\/script>\n<!-- \/ Yoast SEO plugin. -->","yoast_head_json":{"title":"Bliv frivillig - CSM: Syd","robots":{"index":"index","follow":"follow","max-snippet":"max-snippet:-1","max-image-preview":"max-image-preview:large","max-video-preview":"max-video-preview:-1"},"canonical":"https:\/\/csm-danmark.dk\/syd\/bliv-frivillig\/","og_locale":"da_DK","og_type":"article","og_title":"Bliv frivillig - CSM: Syd","og_description":"Vil du hj\u00e6lpe med at skabe en bedre fremtid for voksne med senf\u00f8lger efter seksuelle overgreb i barndommen? Det vigtigste er, at du har empati, kan lytte og v\u00e6re n\u00e6rv\u00e6rende. Din funktionDu vil blive en del af et engageret team af b\u00e5de frivillige og ansatte, der varetager tilbuddene i CSM Syd \u2013 Frivilligsektion. Vores frivillige [&hellip;]","og_url":"https:\/\/csm-danmark.dk\/syd\/bliv-frivillig\/","og_site_name":"CSM: Syd","article_modified_time":"2025-03-25T12:02:44+00:00","twitter_card":"summary_large_image","twitter_misc":{"Estimeret l\u00e6setid":"3 minutter"},"schema":{"@context":"https:\/\/schema.org","@graph":[{"@type":"WebPage","@id":"https:\/\/csm-danmark.dk\/syd\/bliv-frivillig\/","url":"https:\/\/csm-danmark.dk\/syd\/bliv-frivillig\/","name":"Bliv frivillig - CSM: Syd","isPartOf":{"@id":"https:\/\/csm-danmark.dk\/syd\/#website"},"datePublished":"2025-03-25T12:02:43+00:00","dateModified":"2025-03-25T12:02:44+00:00","breadcrumb":{"@id":"https:\/\/csm-danmark.dk\/syd\/bliv-frivillig\/#breadcrumb"},"inLanguage":"da-DK","potentialAction":[{"@type":"ReadAction","target":["https:\/\/csm-danmark.dk\/syd\/bliv-frivillig\/"]}]},{"@type":"BreadcrumbList","@id":"https:\/\/csm-danmark.dk\/syd\/bliv-frivillig\/#breadcrumb","itemListElement":[{"@type":"ListItem","position":1,"name":"Home","item":"https:\/\/csm-danmark.dk\/syd\/"},{"@type":"ListItem","position":2,"name":"Bliv frivillig"}]},{"@type":"WebSite","@id":"https:\/\/csm-danmark.dk\/syd\/#website","url":"https:\/\/csm-danmark.dk\/syd\/","name":"CSM: Syd","description":"Center for Seksuelt Misbrugte","potentialAction":[{"@type":"SearchAction","target":{"@type":"EntryPoint","urlTemplate":"https:\/\/csm-danmark.dk\/syd\/?s={search_term_string}"},"query-input":{"@type":"PropertyValueSpecification","valueRequired":true,"valueName":"search_term_string"}}],"inLanguage":"da-DK"}]}},"_links":{"self":[{"href":"https:\/\/csm-danmark.dk\/syd\/wp-json\/wp\/v2\/pages\/2566","targetHints":{"allow":["GET"]}}],"collection":[{"href":"https:\/\/csm-danmark.dk\/syd\/wp-json\/wp\/v2\/pages"}],"about":[{"href":"https:\/\/csm-danmark.dk\/syd\/wp-json\/wp\/v2\/types\/page"}],"author":[{"embeddable":true,"href":"https:\/\/csm-danmark.dk\/syd\/wp-json\/wp\/v2\/users\/22"}],"replies":[{"embeddable":true,"href":"https:\/\/csm-danmark.dk\/syd\/wp-json\/wp\/v2\/comments?post=2566"}],"version-history":[{"count":1,"href":"https:\/\/csm-danmark.dk\/syd\/wp-json\/wp\/v2\/pages\/2566\/revisions"}],"predecessor-version":[{"id":2567,"href":"https:\/\/csm-danmark.dk\/syd\/wp-json\/wp\/v2\/pages\/2566\/revisions\/2567"}],"wp:attachment":[{"href":"https:\/\/csm-danmark.dk\/syd\/wp-json\/wp\/v2\/media?parent=2566"}],"curies":[{"name":"wp","href":"https:\/\/api.w.org\/{rel}","templated":true}]}}