{"id":2552,"date":"2025-03-25T11:26:01","date_gmt":"2025-03-25T11:26:01","guid":{"rendered":"https:\/\/csm-danmark.dk\/syd\/?page_id=2552"},"modified":"2026-03-17T13:02:59","modified_gmt":"2026-03-17T12:02:59","slug":"behandling-saadan-faar-du-hjaelp","status":"publish","type":"page","link":"https:\/\/csm-danmark.dk\/syd\/behandling-saadan-faar-du-hjaelp\/","title":{"rendered":"S\u00e5dan f\u00e5r du hj\u00e6lp &#8211; Behandling"},"content":{"rendered":"\n<p><em>\u201d Det er aldrig for sent at f\u00e5 hj\u00e6lp til at komme overens, med den dybe smerte i ens liv. Selvom solen ikke altid skinner, s\u00e5 er lyset nemmere at se p\u00e5 den anden side\u201d.<\/em><\/p>\n\n\n\n<p>Hvis du \u00f8nsker behandling for senf\u00f8lger efter seksuelle overgreb i barndommen, kan du henvende dig til CSM Syd. Her kan du forvente at blive m\u00f8dt med en viden og forst\u00e5else for, hvordan overgreb i barndommen kan gribe ind i voksenlivet.<\/p>\n\n\n\n<p>Hos CSM Syds to afdelinger i&nbsp;Odense og&nbsp;Vojens har vi en r\u00e6kke tilbud til dig, der har v\u00e6ret udsat for seksuelle overgreb.&nbsp;<\/p>\n\n\n\n<p>Der sidder terapeuter i b\u00e5de Odense og Vojens, som varetager behandlingstilbuddene i CSM Syd. Derudover har b\u00e5de afdelingen i Odense og Vojens frivillige tilbud, som du kan l\u00e6se mere om under fanen Vi tilbyder \u2013 Frivilligtilbud.<\/p>\n\n\n\n<p>Nedenfor kan du l\u00e6se lidt om, hvad der sker, n\u00e5r du tager kontakt til CSM Syd med \u00f8nsket om at komme i behandling.<\/p>\n\n\n\n<h2 class=\"wp-block-heading\">Henvendelse<\/h2>\n\n\n\n<p>Vi anbefaler, at du henvender dig til os telefonisk i vores telefontid, men du kan ogs\u00e5 sende en mail til os. Det er vigtigt, at du skriver dit telefonnummer i mailen og evt. et tidspunkt indenfor vores telefontid, hvor vi kan ringe dig op.&nbsp;Det kr\u00e6ver ingen henvisning, og vi er uafh\u00e6ngige af kommunerne og sundhedsv\u00e6senet.<\/p>\n\n\n\n<p>N\u00e5r du kontakter CSM Syd for at h\u00f8re, om du kan komme i terapi, er det f\u00f8rste der sker, at du taler med en medarbejder i telefonen. Hvis du er interesseret i at komme til visiterende samtale, vil vi stille dig nogle indledende og afklarende sp\u00f8rgsm\u00e5l.<\/p>\n\n\n\n<p>Du vil i telefonen blive spurgt ind til forskellige ting, der kan hj\u00e6lpe os og dig til at afklare, om behandling hos os kunne v\u00e6re det rette for dig. Det besluttes altid f\u00f8rst endeligt efter den visiterende samtale, om man skrives p\u00e5 venteliste til behandling.<\/p>\n\n\n\n<p>Hvis du vil h\u00f8re mere om mulighederne for at komme i terapi, skal du ringe til os: <a href=\"https:\/\/csm-danmark.dk\/syd\/kontakt\/administration\"><span style=\"text-decoration: underline;\">Kontakt CSM Syd<\/span><\/a>.<\/p>\n\n\n\n<h2 class=\"wp-block-heading\">Visiterende samtale<\/h2>\n\n\n\n<p>N\u00e5r du henvender dig til CSM Syd med henblik p\u00e5 at komme i behandling, inviteres du til en visiterende samtale, hvis det i telefonsamtalen vurderes relevant. Den visiterende samtale foreg\u00e5r i enten Odense og Vojens.<\/p>\n\n\n\n<p>Visitationssamtalen varetages af en af vores terapeuter. Her vil du blandt andet blive spurgt ind til dine nuv\u00e6rende udfordringer, din baggrund og dine \u00f8nsker til behandlingen. Form\u00e5let med visitationssamtalen er, at du sammen med terapeuten finder ud af, om et behandlingsforl\u00f8b ved CSM Syd vil v\u00e6re det rette for dig. Du vil ogs\u00e5 blive spurgt ind til de overgreb, du har v\u00e6ret udsat for \u2013 med respekt og forst\u00e5else for dine gr\u00e6nser. Nogle \u00f8nsker at holde det i overskrifter, mens andre kan have behov for at tale mere uddybende om det. Begge dele er helt okay. Du vil typisk blive spurgt, hvor gammel du var, hvem der begik overgreb, og hvad der overordnet skete. Vi sp\u00f8rger ind til dette for at f\u00e5 en st\u00f8rre forst\u00e5else for, hvordan det, der er sket, p\u00e5virker dig i dag.<\/p>\n\n\n\n<p>Det kan v\u00e6re hj\u00e6lpsomt at have gjort sig nogle tanker om, hvad man gerne vil have ud af et behandlingsforl\u00f8b ved CSM Syd forud for visitationssamtalen. Vi ved, at det er et stort og sv\u00e6rt sp\u00f8rgsm\u00e5l, og vi forventer ikke et klart svar. Dine overvejelser kan hj\u00e6lpe os til i f\u00e6llesskab bedre at kunne vurdere, om vi kan hj\u00e6lpe dig til de forandringer, du \u00f8nsker.<\/p>\n\n\n\n<p>Mange oplever, at det er forbundet med stor nerv\u00f8sitet at m\u00f8de op til den visiterende samtale. Det er helt naturligt, og hvis du har behov for det, er du ogs\u00e5 velkommen til at have \u00e9n med til samtalen.<\/p>\n\n\n\n<p>Finder vi frem til, at et behandlingsforl\u00f8b hos CSM Syd kan hj\u00e6lpe dig med dine senf\u00f8lger, vil du blive skrevet p\u00e5 venteliste til behandling. Du kan komme p\u00e5 venteliste til et eller flere af vores tilbud. Der findes bl.a. <span style=\"text-decoration: underline;\"><a href=\"https:\/\/csm-danmark.dk\/syd\/psykoedukationsforloeb\/\">psykoedukationsforl\u00f8b<\/a><\/span>, <a href=\"https:\/\/csm-danmark.dk\/syd\/psykologbehandling\/gruppeterapi\/\"><span style=\"text-decoration: underline;\">gruppeterapi<\/span><\/a> , <span style=\"text-decoration: underline;\"><a href=\"https:\/\/csm-danmark.dk\/syd\/emdr-terapi\/\">EMDR-forl\u00f8b<\/a><\/span>, <a href=\"https:\/\/csm-danmark.dk\/syd\/psykologbehandling\/individuelbehandling\/\"><span style=\"text-decoration: underline;\">individuel terapi<\/span><\/a> og <a href=\"https:\/\/csm-danmark.dk\/syd\/traume-orienteret-yoga\/\"><span style=\"text-decoration: underline;\">Traumeorienteret Yoga<\/span>.<\/a><\/p>\n\n\n\n<p>For nogle kan det i den visiterende samtale vise sig, at det i h\u00f8jere grad er st\u00f8tte, r\u00e5dgivning eller anden terapeutisk behandling, der er brug for, og s\u00e5 vil vi tale med dig om, hvilke muligheder der kan v\u00e6re relevante i stedet for behandling ved CSM Syd. Det kan eksempelvis v\u00e6re tilbud af mere st\u00f8ttende karakter, psykiatri, sexologisk klinik, privatpraktiserende psykolog, r\u00e5dgivningsforl\u00f8b i vores frivilligsektion eller andet relevant.<\/p>\n\n\n\n<p>Uanset om du skrives p\u00e5 ventelisten eller ej, vil du udover en mundtlig tilbagemelding modtage et e-Boksbrev med beslutningen. Vi vil ogs\u00e5 tale med dig om, hvilke muligheder, der eventuelt er relevante i ventetiden eller i stedet for behandling ved CSM Syd.<\/p>\n\n\n\n<h2 class=\"wp-block-heading\">N\u00e5r du st\u00e5r p\u00e5 venteliste<\/h2>\n\n\n\n<p>Ventetiden p\u00e5 behandling er afh\u00e6ngig af, hvilket tilbud du st\u00e5r p\u00e5 venteliste til.<\/p>\n\n\n\n<p>Du kan desv\u00e6rre forvente flere \u00e5rs ventetid, og derfor kan mange have behov for at ops\u00f8ge anden behandling, mens de venter. Dette vil ofte v\u00e6re noget, vi har dr\u00f8ftet og kommet med anbefalinger til i den visiterende samtale.<\/p>\n\n\n\n<p>Du er desuden velkommen til at kontakte vores socialr\u00e5dgiver, hvis du i ventetiden har behov for socialr\u00e5dgiverbistand. Du kan l\u00e6se mere om, hvad du kan f\u00e5 hj\u00e6lp til af vores socialr\u00e5dgiver her: <a href=\"https:\/\/csm-danmark.dk\/syd\/socialradgivning\/socialradgivning\"><span style=\"text-decoration: underline;\">Kontakt Socialradgivning<\/span><\/a>.<\/p>\n\n\n\n<p>Det er vigtigt, at du kontakter os, hvis du f\u00e5r nyt telefonnummer eller ny adresse, s\u00e5 vi kan komme i kontakt med dig, n\u00e5r det bliver din tur til at komme i behandling.<\/p>\n\n\n\n<p>Vi vil ligeledes bede dig kontakte os, hvis du ikke l\u00e6ngere skulle v\u00e6re interesseret i at komme i behandling hos os.<\/p>\n\n\n\n<p>Hvis du \u00f8nsker mere information om den aktuelle ventetid, er du velkommen til at kontakte hovedtelefonen. Der kan ikke gives et pr\u00e6cist svar p\u00e5, hvor lang ventetiden er for dig, men vi kan oplyse dig om den aktuelle ventetid.<\/p>\n\n\n\n<p><\/p>\n\n\n\n<h2 class=\"wp-block-heading\">Rammen for et forl\u00f8b ved CSM Syd<\/h2>\n\n\n\n<p>Forud for et behandlingsforl\u00f8b vil du blive inviteret til en afklarende samtale. Den afklarende samtale har til form\u00e5l at sikre, at CSM Syd fortsat er det rette tilbud til dig, da der kan v\u00e6re sket mange forandringer i dit liv, siden du blev skrevet p\u00e5 venteliste. Du kan ikke forvente at komme til samtale ved den terapeut, som du var til visiterende samtale hos.<\/p>\n\n\n\n<p>N\u00e5r du starter i behandling, er det vigtigt, at det er realistisk for dig i at skulle fremm\u00f8de ugentligt. Vi har erfaringer med, at det er s\u00e5dan, man opn\u00e5r det bedste udbytte af terapien. Hvis ikke man er i stand til at fremm\u00f8de stabilt, kan det tyde p\u00e5, at det ikke er det rette tidspunkt at starte terapi.<\/p>\n\n\n\n<p>I starten af dit behandlingsforl\u00f8b vil du blive bedt om at udfylde et sp\u00f8rgeskema. Vi bruger dette sp\u00f8rgeskema sammen med dine egne beskrivelser af dine udfordringer til at danne os et billede af, hvad du har behov for hj\u00e6lp til og i f\u00e6llesskab l\u00e6gge en plan for dit behandlingsforl\u00f8b. Sp\u00f8rgeskemaet vil blive brugt hvert halve \u00e5r i dit behandlingsforl\u00f8b som en m\u00e5de at evaluere p\u00e5 udbyttet og se eventuelle forandringer i dine symptomer.<\/p>\n\n\n\n<p>Al behandling ved CSM Syd er gratis.<\/p>\n\n\n\n<p>Vi har ikke mulighed for at d\u00e6kke dine transportudgifter til behandlingen, s\u00e5 hvis du har brug for \u00f8konomisk hj\u00e6lp til transporten, kan du forh\u00f8re dig hos din kommunale sagsbehandler.<\/p>\n\n\n\n<h2 class=\"wp-block-heading\">Regler omkring afbud<\/h2>\n\n\n\n<p>Det er vigtigt, at du melder afbud, hvis du ikke har mulighed for at fremm\u00f8de til din aftale. Ved afbud eller anden \u00e6ndring af tid skal du give besked hurtigst muligt. Ved sygdom\/barns sygdom skal du melde afbud p\u00e5 dagen senest kl. 09.00.<\/p>\n\n\n\n<p>Du kan melde afbud direkte til din terapeut, som vil give dig sine kontaktoplysninger ved f\u00f8rste samtale, og ellers kan du kontakte os p\u00e5 hovedtelefonen: <a href=\"https:\/\/csm-danmark.dk\/syd\/kontakt\/administration\/\"><span style=\"text-decoration: underline;\">Kontakt CSM Syd<\/span><\/a>.<\/p>\n\n\n\n<h2 class=\"wp-block-heading\">Behandling ved CSM<\/h2>\n\n\n\n<p>Hvis du \u00f8nsker hj\u00e6lp til senf\u00f8lger efter seksuelle overgreb i barndommen og ungdommen, kan du henvende dig til et af de tre CSM-centre i Danmark. CSM-centrene tilbyder ambulant psykoterapi ved specialiserede psykologer. Behandlingen ved CSM er gratis, og du kan henvende dig uden en henvisning fra din l\u00e6ge. Du vil derefter blive skrevet op til en visiterende samtale, hvor vi unders\u00f8ger, om du kan f\u00e5 udbytte af vores psykoterapeutiske tilbud.<\/p>\n\n\n\n<p><strong>Hvem kan f\u00e5 behandling?<\/strong><\/p>\n\n\n\n<ul class=\"wp-block-list\">\n<li>Du skal v\u00e6re fyldt 18 \u00e5r.<\/li>\n\n\n\n<li>Du har v\u00e6ret udsat for seksuelle overgreb, f\u00f8r du fyldte 18 \u00e5r.<\/li>\n\n\n\n<li>Du kan huske noget om, hvad der skete.<\/li>\n\n\n\n<li>Du har senf\u00f8lger efter seksuelle overgreb.\u00a0<\/li>\n\n\n\n<li>Du \u00f8nsker at arbejde med dig selv og er motiveret for forandring.<\/li>\n\n\n\n<li>Du kan m\u00f8de stabilt til ugentlig samtaleterapi.<\/li>\n<\/ul>\n\n\n\n<p>Visitationen best\u00e5r af en telefonisk forvisitation, samt visitationssamtale ved en psykolog.<\/p>\n\n\n\n<p>I visitationen f\u00e5r vi sammen med dig et samlet billede af dine vanskeligheder og dine behov med henblik p\u00e5 at lave en faglig vurdering af, hvilken hj\u00e6lp der vil v\u00e6re relevant i din situation. Herunder om du vil kunne f\u00e5 et udbytte af et psykoterapeutisk forl\u00f8b i CSM i forhold til dine aktuelle senf\u00f8lger.<\/p>\n\n\n\n<p>Det er ofte en kr\u00e6vende proces at arbejde med senf\u00f8lger efter seksuelle overgreb i barndommen. Vi kigger derfor i den visiterende samtale ogs\u00e5 p\u00e5 din livssituation for at unders\u00f8ge, om der er tilstr\u00e6kkelig stabilitet \u2013 psykisk og socialt \u2013 til at du kan f\u00e5 gavn af behandlingen.&nbsp;<\/p>\n\n\n\n<p>I nogle tilf\u00e6lde vil vi vejlede dig til at s\u00f8ge hj\u00e6lp gennem andre tilbud i CSM eller gennem st\u00f8tte, r\u00e5dgivning og\/eller behandling i andet regi.&nbsp;<\/p>\n\n\n\n<p>Er du i tvivl om, hvorvidt behandlingstilbuddet kunne v\u00e6re det rigtige for dig, er du meget velkommen til at kontakte os. &nbsp;&nbsp;<br><br><\/p>\n\n\n\n<p><\/p>\n","protected":false},"excerpt":{"rendered":"<p>\u201d Det er aldrig for sent at f\u00e5 hj\u00e6lp til at komme overens, med den dybe smerte i ens liv. Selvom solen ikke altid skinner, s\u00e5 er lyset nemmere at se p\u00e5 den anden side\u201d. Hvis du \u00f8nsker behandling for senf\u00f8lger efter seksuelle overgreb i barndommen, kan du henvende dig til CSM Syd. Her kan [&hellip;]<\/p>\n","protected":false},"author":22,"featured_media":0,"parent":0,"menu_order":0,"comment_status":"closed","ping_status":"closed","template":"","meta":{"_acf_changed":false,"footnotes":""},"class_list":["post-2552","page","type-page","status-publish","hentry"],"acf":[],"yoast_head":"<!-- This site is optimized with the Yoast SEO plugin v26.6 - https:\/\/yoast.com\/wordpress\/plugins\/seo\/ -->\n<title>S\u00e5dan f\u00e5r du hj\u00e6lp - Behandling - CSM: Syd<\/title>\n<meta name=\"robots\" content=\"index, follow, max-snippet:-1, max-image-preview:large, max-video-preview:-1\" \/>\n<link rel=\"canonical\" href=\"https:\/\/csm-danmark.dk\/syd\/behandling-saadan-faar-du-hjaelp\/\" \/>\n<meta property=\"og:locale\" content=\"da_DK\" \/>\n<meta property=\"og:type\" content=\"article\" \/>\n<meta property=\"og:title\" content=\"S\u00e5dan f\u00e5r du hj\u00e6lp - Behandling - CSM: Syd\" \/>\n<meta property=\"og:description\" content=\"\u201d Det er aldrig for sent at f\u00e5 hj\u00e6lp til at komme overens, med den dybe smerte i ens liv. Selvom solen ikke altid skinner, s\u00e5 er lyset nemmere at se p\u00e5 den anden side\u201d. Hvis du \u00f8nsker behandling for senf\u00f8lger efter seksuelle overgreb i barndommen, kan du henvende dig til CSM Syd. Her kan [&hellip;]\" \/>\n<meta property=\"og:url\" content=\"https:\/\/csm-danmark.dk\/syd\/behandling-saadan-faar-du-hjaelp\/\" \/>\n<meta property=\"og:site_name\" content=\"CSM: Syd\" \/>\n<meta property=\"article:modified_time\" content=\"2026-03-17T12:02:59+00:00\" \/>\n<meta name=\"twitter:card\" content=\"summary_large_image\" \/>\n<meta name=\"twitter:label1\" content=\"Estimeret l\u00e6setid\" \/>\n\t<meta name=\"twitter:data1\" content=\"8 minutter\" \/>\n<script type=\"application\/ld+json\" class=\"yoast-schema-graph\">{\"@context\":\"https:\/\/schema.org\",\"@graph\":[{\"@type\":\"WebPage\",\"@id\":\"https:\/\/csm-danmark.dk\/syd\/behandling-saadan-faar-du-hjaelp\/\",\"url\":\"https:\/\/csm-danmark.dk\/syd\/behandling-saadan-faar-du-hjaelp\/\",\"name\":\"S\u00e5dan f\u00e5r du hj\u00e6lp - Behandling - CSM: Syd\",\"isPartOf\":{\"@id\":\"https:\/\/csm-danmark.dk\/syd\/#website\"},\"datePublished\":\"2025-03-25T11:26:01+00:00\",\"dateModified\":\"2026-03-17T12:02:59+00:00\",\"breadcrumb\":{\"@id\":\"https:\/\/csm-danmark.dk\/syd\/behandling-saadan-faar-du-hjaelp\/#breadcrumb\"},\"inLanguage\":\"da-DK\",\"potentialAction\":[{\"@type\":\"ReadAction\",\"target\":[\"https:\/\/csm-danmark.dk\/syd\/behandling-saadan-faar-du-hjaelp\/\"]}]},{\"@type\":\"BreadcrumbList\",\"@id\":\"https:\/\/csm-danmark.dk\/syd\/behandling-saadan-faar-du-hjaelp\/#breadcrumb\",\"itemListElement\":[{\"@type\":\"ListItem\",\"position\":1,\"name\":\"Home\",\"item\":\"https:\/\/csm-danmark.dk\/syd\/\"},{\"@type\":\"ListItem\",\"position\":2,\"name\":\"S\u00e5dan f\u00e5r du hj\u00e6lp &#8211; Behandling\"}]},{\"@type\":\"WebSite\",\"@id\":\"https:\/\/csm-danmark.dk\/syd\/#website\",\"url\":\"https:\/\/csm-danmark.dk\/syd\/\",\"name\":\"CSM: Syd\",\"description\":\"Center for Seksuelt Misbrugte\",\"potentialAction\":[{\"@type\":\"SearchAction\",\"target\":{\"@type\":\"EntryPoint\",\"urlTemplate\":\"https:\/\/csm-danmark.dk\/syd\/?s={search_term_string}\"},\"query-input\":{\"@type\":\"PropertyValueSpecification\",\"valueRequired\":true,\"valueName\":\"search_term_string\"}}],\"inLanguage\":\"da-DK\"}]}<\/script>\n<!-- \/ Yoast SEO plugin. -->","yoast_head_json":{"title":"S\u00e5dan f\u00e5r du hj\u00e6lp - Behandling - CSM: Syd","robots":{"index":"index","follow":"follow","max-snippet":"max-snippet:-1","max-image-preview":"max-image-preview:large","max-video-preview":"max-video-preview:-1"},"canonical":"https:\/\/csm-danmark.dk\/syd\/behandling-saadan-faar-du-hjaelp\/","og_locale":"da_DK","og_type":"article","og_title":"S\u00e5dan f\u00e5r du hj\u00e6lp - Behandling - CSM: Syd","og_description":"\u201d Det er aldrig for sent at f\u00e5 hj\u00e6lp til at komme overens, med den dybe smerte i ens liv. Selvom solen ikke altid skinner, s\u00e5 er lyset nemmere at se p\u00e5 den anden side\u201d. Hvis du \u00f8nsker behandling for senf\u00f8lger efter seksuelle overgreb i barndommen, kan du henvende dig til CSM Syd. Her kan [&hellip;]","og_url":"https:\/\/csm-danmark.dk\/syd\/behandling-saadan-faar-du-hjaelp\/","og_site_name":"CSM: Syd","article_modified_time":"2026-03-17T12:02:59+00:00","twitter_card":"summary_large_image","twitter_misc":{"Estimeret l\u00e6setid":"8 minutter"},"schema":{"@context":"https:\/\/schema.org","@graph":[{"@type":"WebPage","@id":"https:\/\/csm-danmark.dk\/syd\/behandling-saadan-faar-du-hjaelp\/","url":"https:\/\/csm-danmark.dk\/syd\/behandling-saadan-faar-du-hjaelp\/","name":"S\u00e5dan f\u00e5r du hj\u00e6lp - Behandling - CSM: Syd","isPartOf":{"@id":"https:\/\/csm-danmark.dk\/syd\/#website"},"datePublished":"2025-03-25T11:26:01+00:00","dateModified":"2026-03-17T12:02:59+00:00","breadcrumb":{"@id":"https:\/\/csm-danmark.dk\/syd\/behandling-saadan-faar-du-hjaelp\/#breadcrumb"},"inLanguage":"da-DK","potentialAction":[{"@type":"ReadAction","target":["https:\/\/csm-danmark.dk\/syd\/behandling-saadan-faar-du-hjaelp\/"]}]},{"@type":"BreadcrumbList","@id":"https:\/\/csm-danmark.dk\/syd\/behandling-saadan-faar-du-hjaelp\/#breadcrumb","itemListElement":[{"@type":"ListItem","position":1,"name":"Home","item":"https:\/\/csm-danmark.dk\/syd\/"},{"@type":"ListItem","position":2,"name":"S\u00e5dan f\u00e5r du hj\u00e6lp &#8211; Behandling"}]},{"@type":"WebSite","@id":"https:\/\/csm-danmark.dk\/syd\/#website","url":"https:\/\/csm-danmark.dk\/syd\/","name":"CSM: Syd","description":"Center for Seksuelt Misbrugte","potentialAction":[{"@type":"SearchAction","target":{"@type":"EntryPoint","urlTemplate":"https:\/\/csm-danmark.dk\/syd\/?s={search_term_string}"},"query-input":{"@type":"PropertyValueSpecification","valueRequired":true,"valueName":"search_term_string"}}],"inLanguage":"da-DK"}]}},"_links":{"self":[{"href":"https:\/\/csm-danmark.dk\/syd\/wp-json\/wp\/v2\/pages\/2552","targetHints":{"allow":["GET"]}}],"collection":[{"href":"https:\/\/csm-danmark.dk\/syd\/wp-json\/wp\/v2\/pages"}],"about":[{"href":"https:\/\/csm-danmark.dk\/syd\/wp-json\/wp\/v2\/types\/page"}],"author":[{"embeddable":true,"href":"https:\/\/csm-danmark.dk\/syd\/wp-json\/wp\/v2\/users\/22"}],"replies":[{"embeddable":true,"href":"https:\/\/csm-danmark.dk\/syd\/wp-json\/wp\/v2\/comments?post=2552"}],"version-history":[{"count":22,"href":"https:\/\/csm-danmark.dk\/syd\/wp-json\/wp\/v2\/pages\/2552\/revisions"}],"predecessor-version":[{"id":2795,"href":"https:\/\/csm-danmark.dk\/syd\/wp-json\/wp\/v2\/pages\/2552\/revisions\/2795"}],"wp:attachment":[{"href":"https:\/\/csm-danmark.dk\/syd\/wp-json\/wp\/v2\/media?parent=2552"}],"curies":[{"name":"wp","href":"https:\/\/api.w.org\/{rel}","templated":true}]}}