{"id":2540,"date":"2025-03-25T11:05:43","date_gmt":"2025-03-25T11:05:43","guid":{"rendered":"https:\/\/csm-danmark.dk\/syd\/?page_id=2540"},"modified":"2025-03-25T11:05:43","modified_gmt":"2025-03-25T11:05:43","slug":"nada-oereakupunktur","status":"publish","type":"page","link":"https:\/\/csm-danmark.dk\/syd\/nada-oereakupunktur\/","title":{"rendered":"NADA &#8211; \u00f8reakupunktur"},"content":{"rendered":"\n<p><strong>Hvad er NADA og hvordan virker det?<br><\/strong>NADA st\u00e5r for National Acupuncture Detoxification Association.<\/p>\n\n\n\n<p>NADA er et standardiseret \u00f8reakupunkturprogram, hvor der arbejdes med fem punkter i hvert \u00f8re. NADA har til form\u00e5l at afbalancere og styrke kroppens funktioner, b\u00e5de psykisk og fysisk.<\/p>\n\n\n\n<p><strong>Alle kan have gavn af NADA, da den har en beroligende, afstressende og styrkende funktion. N\u00e5r punkterne aktiveres, s\u00f8rger kroppen selv for at skabe balance, hvor der er st\u00f8rst behov.<\/strong><\/p>\n\n\n\n<p>NADA har vist sig virksom ved angst, stress, depression, s\u00f8vnl\u00f8shed, ansp\u00e6ndthed, fysisk og psykisk uro. NADA har ogs\u00e5 effekt p\u00e5 afh\u00e6ngighed, abstinenser og ved udtrapning af medicin mm.<\/p>\n\n\n\n<p><strong>Hvordan foreg\u00e5r det?<\/strong><br>NADA best\u00e5r af fem tynde sterile n\u00e5le i hvert \u00f8re. Du vil kunne m\u00e6rke nogle sm\u00e5 stik, n\u00e5r n\u00e5lene s\u00e6ttes i. N\u00e5r n\u00e5lene f\u00f8rst sidder i \u00f8rene, vil du ikke m\u00e6rke dem.<\/p>\n\n\n\n<p>NADA er en nonverbal behandlingsform. Det vil sige, at det anbefales, at man ikke snakker, ser TV eller h\u00f8rer musik, mens n\u00e5lene er i \u00f8rene.<\/p>\n\n\n\n<p><strong>NADA er en gruppeaktivitet. Det betyder, at n\u00e5r du f\u00e5r NADA vil du sidde i rum med andre, der ogs\u00e5 f\u00e5r NADA.<\/strong><\/p>\n\n\n\n<p>Du sidder stille og slapper af for at opn\u00e5 fuld effekt. N\u00e5lene sidder som udgangspunkt i \u00f8rene i 45 minutter. Du kan altid aftale med den frivillige, der giver NADA, hvis du \u00f8nsker at f\u00e5 n\u00e5lene ud f\u00f8r tid.<\/p>\n\n\n\n<p>N\u00e5r du f\u00e5r NADA vil du blive tilbudt en kop NADA-te.<\/p>\n\n\n\n<p><strong>Hvorn\u00e5r kan jeg f\u00e5 NADA?<\/strong><br>I alle centrets \u00e5bningstider kan du henvende dig til en frivillig med \u00f8nske om at f\u00e5 NADA, s\u00e5 vil den frivillige informere dig om, hvorn\u00e5r n\u00e6ste tidspunkt for NADA er. Det kr\u00e6ver ingen tilmelding at f\u00e5 NADA.<\/p>\n\n\n\n<p>Alle der giver NADA har en NADA-uddannelse.<\/p>\n\n\n<div class=\"wp-block-image\">\n<figure class=\"aligncenter size-large is-resized\"><img decoding=\"async\" src=\"https:\/\/csm-danmark.dk\/syd-frivillig\/wp-content\/uploads\/sites\/3\/2024\/09\/NADA-billede-til-hjemmeside-3-1024x1024.png\" alt=\"\" class=\"wp-image-2661\" style=\"width:579px;height:auto\"\/><\/figure><\/div>","protected":false},"excerpt":{"rendered":"<p>Hvad er NADA og hvordan virker det?NADA st\u00e5r for National Acupuncture Detoxification Association. NADA er et standardiseret \u00f8reakupunkturprogram, hvor der arbejdes med fem punkter i hvert \u00f8re. NADA har til form\u00e5l at afbalancere og styrke kroppens funktioner, b\u00e5de psykisk og fysisk. Alle kan have gavn af NADA, da den har en beroligende, afstressende og styrkende [&hellip;]<\/p>\n","protected":false},"author":22,"featured_media":0,"parent":0,"menu_order":0,"comment_status":"closed","ping_status":"closed","template":"","meta":{"_acf_changed":false,"footnotes":""},"class_list":["post-2540","page","type-page","status-publish","hentry"],"acf":[],"yoast_head":"<!-- This site is optimized with the Yoast SEO plugin v26.6 - https:\/\/yoast.com\/wordpress\/plugins\/seo\/ -->\n<title>NADA - \u00f8reakupunktur - CSM: Syd<\/title>\n<meta name=\"robots\" content=\"index, follow, max-snippet:-1, max-image-preview:large, max-video-preview:-1\" \/>\n<link rel=\"canonical\" href=\"https:\/\/csm-danmark.dk\/syd\/nada-oereakupunktur\/\" \/>\n<meta property=\"og:locale\" content=\"da_DK\" \/>\n<meta property=\"og:type\" content=\"article\" \/>\n<meta property=\"og:title\" content=\"NADA - \u00f8reakupunktur - CSM: Syd\" \/>\n<meta property=\"og:description\" content=\"Hvad er NADA og hvordan virker det?NADA st\u00e5r for National Acupuncture Detoxification Association. NADA er et standardiseret \u00f8reakupunkturprogram, hvor der arbejdes med fem punkter i hvert \u00f8re. NADA har til form\u00e5l at afbalancere og styrke kroppens funktioner, b\u00e5de psykisk og fysisk. Alle kan have gavn af NADA, da den har en beroligende, afstressende og styrkende [&hellip;]\" \/>\n<meta property=\"og:url\" content=\"https:\/\/csm-danmark.dk\/syd\/nada-oereakupunktur\/\" \/>\n<meta property=\"og:site_name\" content=\"CSM: Syd\" \/>\n<meta property=\"og:image\" content=\"https:\/\/csm-danmark.dk\/syd-frivillig\/wp-content\/uploads\/sites\/3\/2024\/09\/NADA-billede-til-hjemmeside-3-1024x1024.png\" \/>\n<meta name=\"twitter:card\" content=\"summary_large_image\" \/>\n<meta name=\"twitter:label1\" content=\"Estimeret l\u00e6setid\" \/>\n\t<meta name=\"twitter:data1\" content=\"2 minutter\" \/>\n<script type=\"application\/ld+json\" class=\"yoast-schema-graph\">{\"@context\":\"https:\/\/schema.org\",\"@graph\":[{\"@type\":\"WebPage\",\"@id\":\"https:\/\/csm-danmark.dk\/syd\/nada-oereakupunktur\/\",\"url\":\"https:\/\/csm-danmark.dk\/syd\/nada-oereakupunktur\/\",\"name\":\"NADA - \u00f8reakupunktur - CSM: Syd\",\"isPartOf\":{\"@id\":\"https:\/\/csm-danmark.dk\/syd\/#website\"},\"primaryImageOfPage\":{\"@id\":\"https:\/\/csm-danmark.dk\/syd\/nada-oereakupunktur\/#primaryimage\"},\"image\":{\"@id\":\"https:\/\/csm-danmark.dk\/syd\/nada-oereakupunktur\/#primaryimage\"},\"thumbnailUrl\":\"https:\/\/csm-danmark.dk\/syd-frivillig\/wp-content\/uploads\/sites\/3\/2024\/09\/NADA-billede-til-hjemmeside-3-1024x1024.png\",\"datePublished\":\"2025-03-25T11:05:43+00:00\",\"breadcrumb\":{\"@id\":\"https:\/\/csm-danmark.dk\/syd\/nada-oereakupunktur\/#breadcrumb\"},\"inLanguage\":\"da-DK\",\"potentialAction\":[{\"@type\":\"ReadAction\",\"target\":[\"https:\/\/csm-danmark.dk\/syd\/nada-oereakupunktur\/\"]}]},{\"@type\":\"ImageObject\",\"inLanguage\":\"da-DK\",\"@id\":\"https:\/\/csm-danmark.dk\/syd\/nada-oereakupunktur\/#primaryimage\",\"url\":\"\",\"contentUrl\":\"\"},{\"@type\":\"BreadcrumbList\",\"@id\":\"https:\/\/csm-danmark.dk\/syd\/nada-oereakupunktur\/#breadcrumb\",\"itemListElement\":[{\"@type\":\"ListItem\",\"position\":1,\"name\":\"Home\",\"item\":\"https:\/\/csm-danmark.dk\/syd\/\"},{\"@type\":\"ListItem\",\"position\":2,\"name\":\"NADA &#8211; \u00f8reakupunktur\"}]},{\"@type\":\"WebSite\",\"@id\":\"https:\/\/csm-danmark.dk\/syd\/#website\",\"url\":\"https:\/\/csm-danmark.dk\/syd\/\",\"name\":\"CSM: Syd\",\"description\":\"Center for Seksuelt Misbrugte\",\"potentialAction\":[{\"@type\":\"SearchAction\",\"target\":{\"@type\":\"EntryPoint\",\"urlTemplate\":\"https:\/\/csm-danmark.dk\/syd\/?s={search_term_string}\"},\"query-input\":{\"@type\":\"PropertyValueSpecification\",\"valueRequired\":true,\"valueName\":\"search_term_string\"}}],\"inLanguage\":\"da-DK\"}]}<\/script>\n<!-- \/ Yoast SEO plugin. -->","yoast_head_json":{"title":"NADA - \u00f8reakupunktur - CSM: Syd","robots":{"index":"index","follow":"follow","max-snippet":"max-snippet:-1","max-image-preview":"max-image-preview:large","max-video-preview":"max-video-preview:-1"},"canonical":"https:\/\/csm-danmark.dk\/syd\/nada-oereakupunktur\/","og_locale":"da_DK","og_type":"article","og_title":"NADA - \u00f8reakupunktur - CSM: Syd","og_description":"Hvad er NADA og hvordan virker det?NADA st\u00e5r for National Acupuncture Detoxification Association. NADA er et standardiseret \u00f8reakupunkturprogram, hvor der arbejdes med fem punkter i hvert \u00f8re. NADA har til form\u00e5l at afbalancere og styrke kroppens funktioner, b\u00e5de psykisk og fysisk. Alle kan have gavn af NADA, da den har en beroligende, afstressende og styrkende [&hellip;]","og_url":"https:\/\/csm-danmark.dk\/syd\/nada-oereakupunktur\/","og_site_name":"CSM: Syd","og_image":[{"url":"https:\/\/csm-danmark.dk\/syd-frivillig\/wp-content\/uploads\/sites\/3\/2024\/09\/NADA-billede-til-hjemmeside-3-1024x1024.png","type":"","width":"","height":""}],"twitter_card":"summary_large_image","twitter_misc":{"Estimeret l\u00e6setid":"2 minutter"},"schema":{"@context":"https:\/\/schema.org","@graph":[{"@type":"WebPage","@id":"https:\/\/csm-danmark.dk\/syd\/nada-oereakupunktur\/","url":"https:\/\/csm-danmark.dk\/syd\/nada-oereakupunktur\/","name":"NADA - \u00f8reakupunktur - CSM: Syd","isPartOf":{"@id":"https:\/\/csm-danmark.dk\/syd\/#website"},"primaryImageOfPage":{"@id":"https:\/\/csm-danmark.dk\/syd\/nada-oereakupunktur\/#primaryimage"},"image":{"@id":"https:\/\/csm-danmark.dk\/syd\/nada-oereakupunktur\/#primaryimage"},"thumbnailUrl":"https:\/\/csm-danmark.dk\/syd-frivillig\/wp-content\/uploads\/sites\/3\/2024\/09\/NADA-billede-til-hjemmeside-3-1024x1024.png","datePublished":"2025-03-25T11:05:43+00:00","breadcrumb":{"@id":"https:\/\/csm-danmark.dk\/syd\/nada-oereakupunktur\/#breadcrumb"},"inLanguage":"da-DK","potentialAction":[{"@type":"ReadAction","target":["https:\/\/csm-danmark.dk\/syd\/nada-oereakupunktur\/"]}]},{"@type":"ImageObject","inLanguage":"da-DK","@id":"https:\/\/csm-danmark.dk\/syd\/nada-oereakupunktur\/#primaryimage","url":"","contentUrl":""},{"@type":"BreadcrumbList","@id":"https:\/\/csm-danmark.dk\/syd\/nada-oereakupunktur\/#breadcrumb","itemListElement":[{"@type":"ListItem","position":1,"name":"Home","item":"https:\/\/csm-danmark.dk\/syd\/"},{"@type":"ListItem","position":2,"name":"NADA &#8211; \u00f8reakupunktur"}]},{"@type":"WebSite","@id":"https:\/\/csm-danmark.dk\/syd\/#website","url":"https:\/\/csm-danmark.dk\/syd\/","name":"CSM: Syd","description":"Center for Seksuelt Misbrugte","potentialAction":[{"@type":"SearchAction","target":{"@type":"EntryPoint","urlTemplate":"https:\/\/csm-danmark.dk\/syd\/?s={search_term_string}"},"query-input":{"@type":"PropertyValueSpecification","valueRequired":true,"valueName":"search_term_string"}}],"inLanguage":"da-DK"}]}},"_links":{"self":[{"href":"https:\/\/csm-danmark.dk\/syd\/wp-json\/wp\/v2\/pages\/2540","targetHints":{"allow":["GET"]}}],"collection":[{"href":"https:\/\/csm-danmark.dk\/syd\/wp-json\/wp\/v2\/pages"}],"about":[{"href":"https:\/\/csm-danmark.dk\/syd\/wp-json\/wp\/v2\/types\/page"}],"author":[{"embeddable":true,"href":"https:\/\/csm-danmark.dk\/syd\/wp-json\/wp\/v2\/users\/22"}],"replies":[{"embeddable":true,"href":"https:\/\/csm-danmark.dk\/syd\/wp-json\/wp\/v2\/comments?post=2540"}],"version-history":[{"count":1,"href":"https:\/\/csm-danmark.dk\/syd\/wp-json\/wp\/v2\/pages\/2540\/revisions"}],"predecessor-version":[{"id":2541,"href":"https:\/\/csm-danmark.dk\/syd\/wp-json\/wp\/v2\/pages\/2540\/revisions\/2541"}],"wp:attachment":[{"href":"https:\/\/csm-danmark.dk\/syd\/wp-json\/wp\/v2\/media?parent=2540"}],"curies":[{"name":"wp","href":"https:\/\/api.w.org\/{rel}","templated":true}]}}