{"id":2536,"date":"2025-03-25T11:01:58","date_gmt":"2025-03-25T11:01:58","guid":{"rendered":"https:\/\/csm-danmark.dk\/syd\/?page_id=2536"},"modified":"2025-03-25T11:01:58","modified_gmt":"2025-03-25T11:01:58","slug":"gruppeforloeb","status":"publish","type":"page","link":"https:\/\/csm-danmark.dk\/syd\/gruppeforloeb\/","title":{"rendered":"Gruppeforl\u00f8b"},"content":{"rendered":"\n<p>Hos CSM Syd \u2013 Frivilligsektion tilbyder vi forskellige gruppeforl\u00f8b. Et gruppeforl\u00f8b giver mulighed for at opleve et forpligtende f\u00e6llesskab, hvor f\u00f8lelsen af at st\u00e5 alene med sine problemer bliver udfordret. Her vil du m\u00f8de mennesker, der har forst\u00e5else for din situation og har oplevelser og erfaringer, der ligner dine.<\/p>\n\n\n\n<p>Vi har st\u00f8ttegrupper, der oprettes efter aftale med CSM Syd &#8211; Behandlingssektion. St\u00f8ttegruppen kan fungere som et slags efterv\u00e6rn, n\u00e5r man ikke l\u00e6ngere er i et behandlingsforl\u00f8b. Til disse grupper er der tilknyttet faste frivillige.<\/p>\n\n\n\n<p>Desuden har vi flere \u00e5bne st\u00f8ttegrupper uden tidsbegr\u00e6nsning. Vi har blandt andet b\u00e5de en st\u00f8ttegruppe for m\u00e6nd og en st\u00f8ttegruppe for kvinder. Disse st\u00f8ttegrupper ledes af to frivillige. Rammerne i gruppen er fast, og gruppereglerne meget tydelige. Hver bruger er i gennemsnit to \u00e5r i gruppen.<\/p>\n\n\n\n<p>Vi tilbyder gruppeforl\u00f8b med undervisning i senf\u00f8lger, hvor vi l\u00e6gger v\u00e6gt p\u00e5 undervisning og refleksion i gruppen, s\u00e5 man f\u00e5r indsigt og viden om senf\u00f8lger efter seksuelle overgreb. Vi har desuden flere temabaserede grupper. Det kan v\u00e6re krop og bev\u00e6gelse, gr\u00e6nser, osv.<\/p>\n\n\n\n<p>F\u00e6lles for gruppeforl\u00f8bende er, at man sammen med andre kan opbygge en tro p\u00e5, at man kan skabe nogle positive livsforandringer. Det kan v\u00e6re en stor hj\u00e6lp at m\u00f8de andre i samme situation, da du f\u00e5r mulighed for p\u00e5 lige fod at dele erfaringer om det, der er sv\u00e6rt.<\/p>\n","protected":false},"excerpt":{"rendered":"<p>Hos CSM Syd \u2013 Frivilligsektion tilbyder vi forskellige gruppeforl\u00f8b. Et gruppeforl\u00f8b giver mulighed for at opleve et forpligtende f\u00e6llesskab, hvor f\u00f8lelsen af at st\u00e5 alene med sine problemer bliver udfordret. Her vil du m\u00f8de mennesker, der har forst\u00e5else for din situation og har oplevelser og erfaringer, der ligner dine. Vi har st\u00f8ttegrupper, der oprettes efter [&hellip;]<\/p>\n","protected":false},"author":22,"featured_media":1681,"parent":0,"menu_order":0,"comment_status":"closed","ping_status":"closed","template":"","meta":{"_acf_changed":false,"footnotes":""},"class_list":["post-2536","page","type-page","status-publish","has-post-thumbnail","hentry"],"acf":[],"yoast_head":"<!-- This site is optimized with the Yoast SEO plugin v26.6 - https:\/\/yoast.com\/wordpress\/plugins\/seo\/ -->\n<title>Gruppeforl\u00f8b - CSM: Syd<\/title>\n<meta name=\"robots\" content=\"index, follow, max-snippet:-1, max-image-preview:large, max-video-preview:-1\" \/>\n<link rel=\"canonical\" href=\"https:\/\/csm-danmark.dk\/syd\/gruppeforloeb\/\" \/>\n<meta property=\"og:locale\" content=\"da_DK\" \/>\n<meta property=\"og:type\" content=\"article\" \/>\n<meta property=\"og:title\" content=\"Gruppeforl\u00f8b - CSM: Syd\" \/>\n<meta property=\"og:description\" content=\"Hos CSM Syd \u2013 Frivilligsektion tilbyder vi forskellige gruppeforl\u00f8b. Et gruppeforl\u00f8b giver mulighed for at opleve et forpligtende f\u00e6llesskab, hvor f\u00f8lelsen af at st\u00e5 alene med sine problemer bliver udfordret. Her vil du m\u00f8de mennesker, der har forst\u00e5else for din situation og har oplevelser og erfaringer, der ligner dine. Vi har st\u00f8ttegrupper, der oprettes efter [&hellip;]\" \/>\n<meta property=\"og:url\" content=\"https:\/\/csm-danmark.dk\/syd\/gruppeforloeb\/\" \/>\n<meta property=\"og:site_name\" content=\"CSM: Syd\" \/>\n<meta property=\"og:image\" content=\"https:\/\/csm-danmark.dk\/syd\/wp-content\/uploads\/sites\/6\/2018\/09\/GruppesamtaleCSM.jpg\" \/>\n\t<meta property=\"og:image:width\" content=\"1080\" \/>\n\t<meta property=\"og:image:height\" content=\"360\" \/>\n\t<meta property=\"og:image:type\" content=\"image\/jpeg\" \/>\n<meta name=\"twitter:card\" content=\"summary_large_image\" \/>\n<meta name=\"twitter:label1\" content=\"Estimeret l\u00e6setid\" \/>\n\t<meta name=\"twitter:data1\" content=\"2 minutter\" \/>\n<script type=\"application\/ld+json\" class=\"yoast-schema-graph\">{\"@context\":\"https:\/\/schema.org\",\"@graph\":[{\"@type\":\"WebPage\",\"@id\":\"https:\/\/csm-danmark.dk\/syd\/gruppeforloeb\/\",\"url\":\"https:\/\/csm-danmark.dk\/syd\/gruppeforloeb\/\",\"name\":\"Gruppeforl\u00f8b - CSM: Syd\",\"isPartOf\":{\"@id\":\"https:\/\/csm-danmark.dk\/syd\/#website\"},\"primaryImageOfPage\":{\"@id\":\"https:\/\/csm-danmark.dk\/syd\/gruppeforloeb\/#primaryimage\"},\"image\":{\"@id\":\"https:\/\/csm-danmark.dk\/syd\/gruppeforloeb\/#primaryimage\"},\"thumbnailUrl\":\"https:\/\/csm-danmark.dk\/syd\/wp-content\/uploads\/sites\/6\/2018\/09\/GruppesamtaleCSM.jpg\",\"datePublished\":\"2025-03-25T11:01:58+00:00\",\"breadcrumb\":{\"@id\":\"https:\/\/csm-danmark.dk\/syd\/gruppeforloeb\/#breadcrumb\"},\"inLanguage\":\"da-DK\",\"potentialAction\":[{\"@type\":\"ReadAction\",\"target\":[\"https:\/\/csm-danmark.dk\/syd\/gruppeforloeb\/\"]}]},{\"@type\":\"ImageObject\",\"inLanguage\":\"da-DK\",\"@id\":\"https:\/\/csm-danmark.dk\/syd\/gruppeforloeb\/#primaryimage\",\"url\":\"https:\/\/csm-danmark.dk\/syd\/wp-content\/uploads\/sites\/6\/2018\/09\/GruppesamtaleCSM.jpg\",\"contentUrl\":\"https:\/\/csm-danmark.dk\/syd\/wp-content\/uploads\/sites\/6\/2018\/09\/GruppesamtaleCSM.jpg\",\"width\":1080,\"height\":360},{\"@type\":\"BreadcrumbList\",\"@id\":\"https:\/\/csm-danmark.dk\/syd\/gruppeforloeb\/#breadcrumb\",\"itemListElement\":[{\"@type\":\"ListItem\",\"position\":1,\"name\":\"Home\",\"item\":\"https:\/\/csm-danmark.dk\/syd\/\"},{\"@type\":\"ListItem\",\"position\":2,\"name\":\"Gruppeforl\u00f8b\"}]},{\"@type\":\"WebSite\",\"@id\":\"https:\/\/csm-danmark.dk\/syd\/#website\",\"url\":\"https:\/\/csm-danmark.dk\/syd\/\",\"name\":\"CSM: Syd\",\"description\":\"Center for Seksuelt Misbrugte\",\"potentialAction\":[{\"@type\":\"SearchAction\",\"target\":{\"@type\":\"EntryPoint\",\"urlTemplate\":\"https:\/\/csm-danmark.dk\/syd\/?s={search_term_string}\"},\"query-input\":{\"@type\":\"PropertyValueSpecification\",\"valueRequired\":true,\"valueName\":\"search_term_string\"}}],\"inLanguage\":\"da-DK\"}]}<\/script>\n<!-- \/ Yoast SEO plugin. -->","yoast_head_json":{"title":"Gruppeforl\u00f8b - CSM: Syd","robots":{"index":"index","follow":"follow","max-snippet":"max-snippet:-1","max-image-preview":"max-image-preview:large","max-video-preview":"max-video-preview:-1"},"canonical":"https:\/\/csm-danmark.dk\/syd\/gruppeforloeb\/","og_locale":"da_DK","og_type":"article","og_title":"Gruppeforl\u00f8b - CSM: Syd","og_description":"Hos CSM Syd \u2013 Frivilligsektion tilbyder vi forskellige gruppeforl\u00f8b. Et gruppeforl\u00f8b giver mulighed for at opleve et forpligtende f\u00e6llesskab, hvor f\u00f8lelsen af at st\u00e5 alene med sine problemer bliver udfordret. Her vil du m\u00f8de mennesker, der har forst\u00e5else for din situation og har oplevelser og erfaringer, der ligner dine. Vi har st\u00f8ttegrupper, der oprettes efter [&hellip;]","og_url":"https:\/\/csm-danmark.dk\/syd\/gruppeforloeb\/","og_site_name":"CSM: Syd","og_image":[{"width":1080,"height":360,"url":"https:\/\/csm-danmark.dk\/syd\/wp-content\/uploads\/sites\/6\/2018\/09\/GruppesamtaleCSM.jpg","type":"image\/jpeg"}],"twitter_card":"summary_large_image","twitter_misc":{"Estimeret l\u00e6setid":"2 minutter"},"schema":{"@context":"https:\/\/schema.org","@graph":[{"@type":"WebPage","@id":"https:\/\/csm-danmark.dk\/syd\/gruppeforloeb\/","url":"https:\/\/csm-danmark.dk\/syd\/gruppeforloeb\/","name":"Gruppeforl\u00f8b - CSM: Syd","isPartOf":{"@id":"https:\/\/csm-danmark.dk\/syd\/#website"},"primaryImageOfPage":{"@id":"https:\/\/csm-danmark.dk\/syd\/gruppeforloeb\/#primaryimage"},"image":{"@id":"https:\/\/csm-danmark.dk\/syd\/gruppeforloeb\/#primaryimage"},"thumbnailUrl":"https:\/\/csm-danmark.dk\/syd\/wp-content\/uploads\/sites\/6\/2018\/09\/GruppesamtaleCSM.jpg","datePublished":"2025-03-25T11:01:58+00:00","breadcrumb":{"@id":"https:\/\/csm-danmark.dk\/syd\/gruppeforloeb\/#breadcrumb"},"inLanguage":"da-DK","potentialAction":[{"@type":"ReadAction","target":["https:\/\/csm-danmark.dk\/syd\/gruppeforloeb\/"]}]},{"@type":"ImageObject","inLanguage":"da-DK","@id":"https:\/\/csm-danmark.dk\/syd\/gruppeforloeb\/#primaryimage","url":"https:\/\/csm-danmark.dk\/syd\/wp-content\/uploads\/sites\/6\/2018\/09\/GruppesamtaleCSM.jpg","contentUrl":"https:\/\/csm-danmark.dk\/syd\/wp-content\/uploads\/sites\/6\/2018\/09\/GruppesamtaleCSM.jpg","width":1080,"height":360},{"@type":"BreadcrumbList","@id":"https:\/\/csm-danmark.dk\/syd\/gruppeforloeb\/#breadcrumb","itemListElement":[{"@type":"ListItem","position":1,"name":"Home","item":"https:\/\/csm-danmark.dk\/syd\/"},{"@type":"ListItem","position":2,"name":"Gruppeforl\u00f8b"}]},{"@type":"WebSite","@id":"https:\/\/csm-danmark.dk\/syd\/#website","url":"https:\/\/csm-danmark.dk\/syd\/","name":"CSM: Syd","description":"Center for Seksuelt Misbrugte","potentialAction":[{"@type":"SearchAction","target":{"@type":"EntryPoint","urlTemplate":"https:\/\/csm-danmark.dk\/syd\/?s={search_term_string}"},"query-input":{"@type":"PropertyValueSpecification","valueRequired":true,"valueName":"search_term_string"}}],"inLanguage":"da-DK"}]}},"_links":{"self":[{"href":"https:\/\/csm-danmark.dk\/syd\/wp-json\/wp\/v2\/pages\/2536","targetHints":{"allow":["GET"]}}],"collection":[{"href":"https:\/\/csm-danmark.dk\/syd\/wp-json\/wp\/v2\/pages"}],"about":[{"href":"https:\/\/csm-danmark.dk\/syd\/wp-json\/wp\/v2\/types\/page"}],"author":[{"embeddable":true,"href":"https:\/\/csm-danmark.dk\/syd\/wp-json\/wp\/v2\/users\/22"}],"replies":[{"embeddable":true,"href":"https:\/\/csm-danmark.dk\/syd\/wp-json\/wp\/v2\/comments?post=2536"}],"version-history":[{"count":1,"href":"https:\/\/csm-danmark.dk\/syd\/wp-json\/wp\/v2\/pages\/2536\/revisions"}],"predecessor-version":[{"id":2537,"href":"https:\/\/csm-danmark.dk\/syd\/wp-json\/wp\/v2\/pages\/2536\/revisions\/2537"}],"wp:featuredmedia":[{"embeddable":true,"href":"https:\/\/csm-danmark.dk\/syd\/wp-json\/wp\/v2\/media\/1681"}],"wp:attachment":[{"href":"https:\/\/csm-danmark.dk\/syd\/wp-json\/wp\/v2\/media?parent=2536"}],"curies":[{"name":"wp","href":"https:\/\/api.w.org\/{rel}","templated":true}]}}