{"id":2534,"date":"2025-03-25T11:00:26","date_gmt":"2025-03-25T11:00:26","guid":{"rendered":"https:\/\/csm-danmark.dk\/syd\/?page_id=2534"},"modified":"2025-03-25T11:00:27","modified_gmt":"2025-03-25T11:00:27","slug":"individuelle-raadgivningsforloeb","status":"publish","type":"page","link":"https:\/\/csm-danmark.dk\/syd\/individuelle-raadgivningsforloeb\/","title":{"rendered":"Individuelle r\u00e5dgivningsforl\u00f8b"},"content":{"rendered":"\n<p>Hos CSM Syd \u2013 Frivilligsektion tilbyder vi dig individuelle samtaler &nbsp;med en frivillig r\u00e5dgiver. Vi bruger tid og energi p\u00e5 at finde et godt match mellem dig og den frivillige.<\/p>\n\n\n\n<p>Samtalerne er ikke behandling eller terapi, men en mulighed for at snakke om de problemer og f\u00f8lelser, der fylder i dit liv. I de individuelle samtaler f\u00e5r du mulighed for at vende dine tanker med en kvalificeret sparringspartner, der har tiden og roen til at lytte til dig. Du bestemmer dermed ogs\u00e5 selv i hvilket tempo, du kan overskue at fort\u00e6lle, og hvad du vil snakke om.<\/p>\n\n\n\n<p>R\u00e5dgiveren og dig aftaler sammen m\u00f8detidspunkt og m\u00f8dested for jeres samtaler. Som udgangspunkt vil du blive tilbudt r\u00e5dgivning en gang hver 14. dag i et af vores samtalerum i centret. Nogle r\u00e5dgivninger kan eksempelvis ogs\u00e5 foreg\u00e5 som en walk-and-talk.<\/p>\n\n\n\n<p>F\u00f8ler du, at det kunne hj\u00e6lpe dig at f\u00e5 professionel behandling for dine senf\u00f8lger, henviser vi til CSM Syd &#8211; Behandlingssektion. Rigtig mange har brug for og \u00f8nsker behandling, og derfor er ventetiden lang.<\/p>\n\n\n\n<p>Vi er klar til at st\u00f8tte dig i ventetiden, hvis det er der, du har brug for os, men vores tilbud kan ogs\u00e5 v\u00e6re et supplement til din behandling, eller et sted, du kan komme, n\u00e5r du er f\u00e6rdigbehandlet.<\/p>\n\n\n\n<p>For at kunne g\u00e5 i et r\u00e5dgivningsforl\u00f8b hos en af vores frivillige i CSM Syd &#8211; Frivilligsektion skal du f\u00f8rst have v\u00e6ret til en visitionssamtale hos enten leder eller teamleder.<\/p>\n","protected":false},"excerpt":{"rendered":"<p>Hos CSM Syd \u2013 Frivilligsektion tilbyder vi dig individuelle samtaler &nbsp;med en frivillig r\u00e5dgiver. Vi bruger tid og energi p\u00e5 at finde et godt match mellem dig og den frivillige. Samtalerne er ikke behandling eller terapi, men en mulighed for at snakke om de problemer og f\u00f8lelser, der fylder i dit liv. I de individuelle [&hellip;]<\/p>\n","protected":false},"author":22,"featured_media":1689,"parent":0,"menu_order":0,"comment_status":"closed","ping_status":"closed","template":"","meta":{"_acf_changed":false,"footnotes":""},"class_list":["post-2534","page","type-page","status-publish","has-post-thumbnail","hentry"],"acf":[],"yoast_head":"<!-- This site is optimized with the Yoast SEO plugin v26.6 - https:\/\/yoast.com\/wordpress\/plugins\/seo\/ -->\n<title>Individuelle r\u00e5dgivningsforl\u00f8b - CSM: Syd<\/title>\n<meta name=\"robots\" content=\"index, follow, max-snippet:-1, max-image-preview:large, max-video-preview:-1\" \/>\n<link rel=\"canonical\" href=\"https:\/\/csm-danmark.dk\/syd\/individuelle-raadgivningsforloeb\/\" \/>\n<meta property=\"og:locale\" content=\"da_DK\" \/>\n<meta property=\"og:type\" content=\"article\" \/>\n<meta property=\"og:title\" content=\"Individuelle r\u00e5dgivningsforl\u00f8b - CSM: Syd\" \/>\n<meta property=\"og:description\" content=\"Hos CSM Syd \u2013 Frivilligsektion tilbyder vi dig individuelle samtaler &nbsp;med en frivillig r\u00e5dgiver. Vi bruger tid og energi p\u00e5 at finde et godt match mellem dig og den frivillige. Samtalerne er ikke behandling eller terapi, men en mulighed for at snakke om de problemer og f\u00f8lelser, der fylder i dit liv. I de individuelle [&hellip;]\" \/>\n<meta property=\"og:url\" content=\"https:\/\/csm-danmark.dk\/syd\/individuelle-raadgivningsforloeb\/\" \/>\n<meta property=\"og:site_name\" content=\"CSM: Syd\" \/>\n<meta property=\"article:modified_time\" content=\"2025-03-25T11:00:27+00:00\" \/>\n<meta property=\"og:image\" content=\"https:\/\/csm-danmark.dk\/syd\/wp-content\/uploads\/sites\/6\/2018\/09\/SamtaleCSM.jpg\" \/>\n\t<meta property=\"og:image:width\" content=\"650\" \/>\n\t<meta property=\"og:image:height\" content=\"433\" \/>\n\t<meta property=\"og:image:type\" content=\"image\/jpeg\" \/>\n<meta name=\"twitter:card\" content=\"summary_large_image\" \/>\n<meta name=\"twitter:label1\" content=\"Estimeret l\u00e6setid\" \/>\n\t<meta name=\"twitter:data1\" content=\"2 minutter\" \/>\n<script type=\"application\/ld+json\" class=\"yoast-schema-graph\">{\"@context\":\"https:\/\/schema.org\",\"@graph\":[{\"@type\":\"WebPage\",\"@id\":\"https:\/\/csm-danmark.dk\/syd\/individuelle-raadgivningsforloeb\/\",\"url\":\"https:\/\/csm-danmark.dk\/syd\/individuelle-raadgivningsforloeb\/\",\"name\":\"Individuelle r\u00e5dgivningsforl\u00f8b - CSM: Syd\",\"isPartOf\":{\"@id\":\"https:\/\/csm-danmark.dk\/syd\/#website\"},\"primaryImageOfPage\":{\"@id\":\"https:\/\/csm-danmark.dk\/syd\/individuelle-raadgivningsforloeb\/#primaryimage\"},\"image\":{\"@id\":\"https:\/\/csm-danmark.dk\/syd\/individuelle-raadgivningsforloeb\/#primaryimage\"},\"thumbnailUrl\":\"https:\/\/csm-danmark.dk\/syd\/wp-content\/uploads\/sites\/6\/2018\/09\/SamtaleCSM.jpg\",\"datePublished\":\"2025-03-25T11:00:26+00:00\",\"dateModified\":\"2025-03-25T11:00:27+00:00\",\"breadcrumb\":{\"@id\":\"https:\/\/csm-danmark.dk\/syd\/individuelle-raadgivningsforloeb\/#breadcrumb\"},\"inLanguage\":\"da-DK\",\"potentialAction\":[{\"@type\":\"ReadAction\",\"target\":[\"https:\/\/csm-danmark.dk\/syd\/individuelle-raadgivningsforloeb\/\"]}]},{\"@type\":\"ImageObject\",\"inLanguage\":\"da-DK\",\"@id\":\"https:\/\/csm-danmark.dk\/syd\/individuelle-raadgivningsforloeb\/#primaryimage\",\"url\":\"https:\/\/csm-danmark.dk\/syd\/wp-content\/uploads\/sites\/6\/2018\/09\/SamtaleCSM.jpg\",\"contentUrl\":\"https:\/\/csm-danmark.dk\/syd\/wp-content\/uploads\/sites\/6\/2018\/09\/SamtaleCSM.jpg\",\"width\":650,\"height\":433},{\"@type\":\"BreadcrumbList\",\"@id\":\"https:\/\/csm-danmark.dk\/syd\/individuelle-raadgivningsforloeb\/#breadcrumb\",\"itemListElement\":[{\"@type\":\"ListItem\",\"position\":1,\"name\":\"Home\",\"item\":\"https:\/\/csm-danmark.dk\/syd\/\"},{\"@type\":\"ListItem\",\"position\":2,\"name\":\"Individuelle r\u00e5dgivningsforl\u00f8b\"}]},{\"@type\":\"WebSite\",\"@id\":\"https:\/\/csm-danmark.dk\/syd\/#website\",\"url\":\"https:\/\/csm-danmark.dk\/syd\/\",\"name\":\"CSM: Syd\",\"description\":\"Center for Seksuelt Misbrugte\",\"potentialAction\":[{\"@type\":\"SearchAction\",\"target\":{\"@type\":\"EntryPoint\",\"urlTemplate\":\"https:\/\/csm-danmark.dk\/syd\/?s={search_term_string}\"},\"query-input\":{\"@type\":\"PropertyValueSpecification\",\"valueRequired\":true,\"valueName\":\"search_term_string\"}}],\"inLanguage\":\"da-DK\"}]}<\/script>\n<!-- \/ Yoast SEO plugin. -->","yoast_head_json":{"title":"Individuelle r\u00e5dgivningsforl\u00f8b - CSM: Syd","robots":{"index":"index","follow":"follow","max-snippet":"max-snippet:-1","max-image-preview":"max-image-preview:large","max-video-preview":"max-video-preview:-1"},"canonical":"https:\/\/csm-danmark.dk\/syd\/individuelle-raadgivningsforloeb\/","og_locale":"da_DK","og_type":"article","og_title":"Individuelle r\u00e5dgivningsforl\u00f8b - CSM: Syd","og_description":"Hos CSM Syd \u2013 Frivilligsektion tilbyder vi dig individuelle samtaler &nbsp;med en frivillig r\u00e5dgiver. Vi bruger tid og energi p\u00e5 at finde et godt match mellem dig og den frivillige. Samtalerne er ikke behandling eller terapi, men en mulighed for at snakke om de problemer og f\u00f8lelser, der fylder i dit liv. I de individuelle [&hellip;]","og_url":"https:\/\/csm-danmark.dk\/syd\/individuelle-raadgivningsforloeb\/","og_site_name":"CSM: Syd","article_modified_time":"2025-03-25T11:00:27+00:00","og_image":[{"width":650,"height":433,"url":"https:\/\/csm-danmark.dk\/syd\/wp-content\/uploads\/sites\/6\/2018\/09\/SamtaleCSM.jpg","type":"image\/jpeg"}],"twitter_card":"summary_large_image","twitter_misc":{"Estimeret l\u00e6setid":"2 minutter"},"schema":{"@context":"https:\/\/schema.org","@graph":[{"@type":"WebPage","@id":"https:\/\/csm-danmark.dk\/syd\/individuelle-raadgivningsforloeb\/","url":"https:\/\/csm-danmark.dk\/syd\/individuelle-raadgivningsforloeb\/","name":"Individuelle r\u00e5dgivningsforl\u00f8b - CSM: Syd","isPartOf":{"@id":"https:\/\/csm-danmark.dk\/syd\/#website"},"primaryImageOfPage":{"@id":"https:\/\/csm-danmark.dk\/syd\/individuelle-raadgivningsforloeb\/#primaryimage"},"image":{"@id":"https:\/\/csm-danmark.dk\/syd\/individuelle-raadgivningsforloeb\/#primaryimage"},"thumbnailUrl":"https:\/\/csm-danmark.dk\/syd\/wp-content\/uploads\/sites\/6\/2018\/09\/SamtaleCSM.jpg","datePublished":"2025-03-25T11:00:26+00:00","dateModified":"2025-03-25T11:00:27+00:00","breadcrumb":{"@id":"https:\/\/csm-danmark.dk\/syd\/individuelle-raadgivningsforloeb\/#breadcrumb"},"inLanguage":"da-DK","potentialAction":[{"@type":"ReadAction","target":["https:\/\/csm-danmark.dk\/syd\/individuelle-raadgivningsforloeb\/"]}]},{"@type":"ImageObject","inLanguage":"da-DK","@id":"https:\/\/csm-danmark.dk\/syd\/individuelle-raadgivningsforloeb\/#primaryimage","url":"https:\/\/csm-danmark.dk\/syd\/wp-content\/uploads\/sites\/6\/2018\/09\/SamtaleCSM.jpg","contentUrl":"https:\/\/csm-danmark.dk\/syd\/wp-content\/uploads\/sites\/6\/2018\/09\/SamtaleCSM.jpg","width":650,"height":433},{"@type":"BreadcrumbList","@id":"https:\/\/csm-danmark.dk\/syd\/individuelle-raadgivningsforloeb\/#breadcrumb","itemListElement":[{"@type":"ListItem","position":1,"name":"Home","item":"https:\/\/csm-danmark.dk\/syd\/"},{"@type":"ListItem","position":2,"name":"Individuelle r\u00e5dgivningsforl\u00f8b"}]},{"@type":"WebSite","@id":"https:\/\/csm-danmark.dk\/syd\/#website","url":"https:\/\/csm-danmark.dk\/syd\/","name":"CSM: Syd","description":"Center for Seksuelt Misbrugte","potentialAction":[{"@type":"SearchAction","target":{"@type":"EntryPoint","urlTemplate":"https:\/\/csm-danmark.dk\/syd\/?s={search_term_string}"},"query-input":{"@type":"PropertyValueSpecification","valueRequired":true,"valueName":"search_term_string"}}],"inLanguage":"da-DK"}]}},"_links":{"self":[{"href":"https:\/\/csm-danmark.dk\/syd\/wp-json\/wp\/v2\/pages\/2534","targetHints":{"allow":["GET"]}}],"collection":[{"href":"https:\/\/csm-danmark.dk\/syd\/wp-json\/wp\/v2\/pages"}],"about":[{"href":"https:\/\/csm-danmark.dk\/syd\/wp-json\/wp\/v2\/types\/page"}],"author":[{"embeddable":true,"href":"https:\/\/csm-danmark.dk\/syd\/wp-json\/wp\/v2\/users\/22"}],"replies":[{"embeddable":true,"href":"https:\/\/csm-danmark.dk\/syd\/wp-json\/wp\/v2\/comments?post=2534"}],"version-history":[{"count":1,"href":"https:\/\/csm-danmark.dk\/syd\/wp-json\/wp\/v2\/pages\/2534\/revisions"}],"predecessor-version":[{"id":2535,"href":"https:\/\/csm-danmark.dk\/syd\/wp-json\/wp\/v2\/pages\/2534\/revisions\/2535"}],"wp:featuredmedia":[{"embeddable":true,"href":"https:\/\/csm-danmark.dk\/syd\/wp-json\/wp\/v2\/media\/1689"}],"wp:attachment":[{"href":"https:\/\/csm-danmark.dk\/syd\/wp-json\/wp\/v2\/media?parent=2534"}],"curies":[{"name":"wp","href":"https:\/\/api.w.org\/{rel}","templated":true}]}}