{"id":2529,"date":"2025-03-25T10:48:20","date_gmt":"2025-03-25T10:48:20","guid":{"rendered":"https:\/\/csm-danmark.dk\/syd\/?page_id=2529"},"modified":"2025-03-25T10:48:21","modified_gmt":"2025-03-25T10:48:21","slug":"vi-tilbyder","status":"publish","type":"page","link":"https:\/\/csm-danmark.dk\/syd\/vi-tilbyder\/","title":{"rendered":"Vi tilbyder"},"content":{"rendered":"\n<p>Hos CSM Syd har vi en r\u00e6kke tilbud til dig, der har v\u00e6ret udsat for seksuelle overgreb. I menuen foroven kan du under <em>Vi tilbyder<\/em> l\u00e6se om hvert enkelt tilbud.<\/p>\n\n\n\n<p>Vores <a href=\"https:\/\/csm-danmark.dk\/syd\/psykologbehandling\/individuelbehandling\/\">behandlingstilbud <\/a>varetages af psykologer, der har en s\u00e6rlig viden om senf\u00f8lger efter seksuelle overgreb, der er sket i barn- og\/eller ungdom. Du kan l\u00e6se om, hvad det vil sige at g\u00e5 i terapi hos CSM Syd under fanen individuel behandling eller ved at trykke p\u00e5 linket <strong><a href=\"https:\/\/csm-danmark.dk\/syd\/psykologbehandling\/individuelbehandling\/\">her<\/a><\/strong>.<\/p>\n\n\n\n<p>Andre af vores tilbud varetages af vores mange gode frivillige. Disse tilbud tager afs\u00e6t i det medmenneskelige m\u00f8de. Hos CSM Syd tror vi p\u00e5, at udvikling n\u00e6res af det \u00e6gte og ligev\u00e6rdige m\u00f8de \u2013 menneske til menneske. Hos os er der frivillige i alle aldre og med vidt forskellige baggrunde og kompetencer. F\u00e6lles for de frivillige er, at de har en bred viden om senf\u00f8lger efter overgreb i barn- og\/eller ungdom og en evne til at m\u00f8de medmennesker i \u00f8jenh\u00f8jde.<\/p>\n","protected":false},"excerpt":{"rendered":"<p>Hos CSM Syd har vi en r\u00e6kke tilbud til dig, der har v\u00e6ret udsat for seksuelle overgreb. I menuen foroven kan du under Vi tilbyder l\u00e6se om hvert enkelt tilbud. Vores behandlingstilbud varetages af psykologer, der har en s\u00e6rlig viden om senf\u00f8lger efter seksuelle overgreb, der er sket i barn- og\/eller ungdom. Du kan l\u00e6se [&hellip;]<\/p>\n","protected":false},"author":22,"featured_media":0,"parent":0,"menu_order":0,"comment_status":"closed","ping_status":"closed","template":"","meta":{"_acf_changed":false,"footnotes":""},"class_list":["post-2529","page","type-page","status-publish","hentry"],"acf":[],"yoast_head":"<!-- This site is optimized with the Yoast SEO plugin v26.6 - https:\/\/yoast.com\/wordpress\/plugins\/seo\/ -->\n<title>Vi tilbyder - CSM: Syd<\/title>\n<meta name=\"robots\" content=\"index, follow, max-snippet:-1, max-image-preview:large, max-video-preview:-1\" \/>\n<link rel=\"canonical\" href=\"https:\/\/csm-danmark.dk\/syd\/vi-tilbyder\/\" \/>\n<meta property=\"og:locale\" content=\"da_DK\" \/>\n<meta property=\"og:type\" content=\"article\" \/>\n<meta property=\"og:title\" content=\"Vi tilbyder - CSM: Syd\" \/>\n<meta property=\"og:description\" content=\"Hos CSM Syd har vi en r\u00e6kke tilbud til dig, der har v\u00e6ret udsat for seksuelle overgreb. I menuen foroven kan du under Vi tilbyder l\u00e6se om hvert enkelt tilbud. Vores behandlingstilbud varetages af psykologer, der har en s\u00e6rlig viden om senf\u00f8lger efter seksuelle overgreb, der er sket i barn- og\/eller ungdom. Du kan l\u00e6se [&hellip;]\" \/>\n<meta property=\"og:url\" content=\"https:\/\/csm-danmark.dk\/syd\/vi-tilbyder\/\" \/>\n<meta property=\"og:site_name\" content=\"CSM: Syd\" \/>\n<meta property=\"article:modified_time\" content=\"2025-03-25T10:48:21+00:00\" \/>\n<meta name=\"twitter:card\" content=\"summary_large_image\" \/>\n<meta name=\"twitter:label1\" content=\"Estimeret l\u00e6setid\" \/>\n\t<meta name=\"twitter:data1\" content=\"1 minut\" \/>\n<script type=\"application\/ld+json\" class=\"yoast-schema-graph\">{\"@context\":\"https:\/\/schema.org\",\"@graph\":[{\"@type\":\"WebPage\",\"@id\":\"https:\/\/csm-danmark.dk\/syd\/vi-tilbyder\/\",\"url\":\"https:\/\/csm-danmark.dk\/syd\/vi-tilbyder\/\",\"name\":\"Vi tilbyder - CSM: Syd\",\"isPartOf\":{\"@id\":\"https:\/\/csm-danmark.dk\/syd\/#website\"},\"datePublished\":\"2025-03-25T10:48:20+00:00\",\"dateModified\":\"2025-03-25T10:48:21+00:00\",\"breadcrumb\":{\"@id\":\"https:\/\/csm-danmark.dk\/syd\/vi-tilbyder\/#breadcrumb\"},\"inLanguage\":\"da-DK\",\"potentialAction\":[{\"@type\":\"ReadAction\",\"target\":[\"https:\/\/csm-danmark.dk\/syd\/vi-tilbyder\/\"]}]},{\"@type\":\"BreadcrumbList\",\"@id\":\"https:\/\/csm-danmark.dk\/syd\/vi-tilbyder\/#breadcrumb\",\"itemListElement\":[{\"@type\":\"ListItem\",\"position\":1,\"name\":\"Home\",\"item\":\"https:\/\/csm-danmark.dk\/syd\/\"},{\"@type\":\"ListItem\",\"position\":2,\"name\":\"Vi tilbyder\"}]},{\"@type\":\"WebSite\",\"@id\":\"https:\/\/csm-danmark.dk\/syd\/#website\",\"url\":\"https:\/\/csm-danmark.dk\/syd\/\",\"name\":\"CSM: Syd\",\"description\":\"Center for Seksuelt Misbrugte\",\"potentialAction\":[{\"@type\":\"SearchAction\",\"target\":{\"@type\":\"EntryPoint\",\"urlTemplate\":\"https:\/\/csm-danmark.dk\/syd\/?s={search_term_string}\"},\"query-input\":{\"@type\":\"PropertyValueSpecification\",\"valueRequired\":true,\"valueName\":\"search_term_string\"}}],\"inLanguage\":\"da-DK\"}]}<\/script>\n<!-- \/ Yoast SEO plugin. -->","yoast_head_json":{"title":"Vi tilbyder - CSM: Syd","robots":{"index":"index","follow":"follow","max-snippet":"max-snippet:-1","max-image-preview":"max-image-preview:large","max-video-preview":"max-video-preview:-1"},"canonical":"https:\/\/csm-danmark.dk\/syd\/vi-tilbyder\/","og_locale":"da_DK","og_type":"article","og_title":"Vi tilbyder - CSM: Syd","og_description":"Hos CSM Syd har vi en r\u00e6kke tilbud til dig, der har v\u00e6ret udsat for seksuelle overgreb. I menuen foroven kan du under Vi tilbyder l\u00e6se om hvert enkelt tilbud. Vores behandlingstilbud varetages af psykologer, der har en s\u00e6rlig viden om senf\u00f8lger efter seksuelle overgreb, der er sket i barn- og\/eller ungdom. Du kan l\u00e6se [&hellip;]","og_url":"https:\/\/csm-danmark.dk\/syd\/vi-tilbyder\/","og_site_name":"CSM: Syd","article_modified_time":"2025-03-25T10:48:21+00:00","twitter_card":"summary_large_image","twitter_misc":{"Estimeret l\u00e6setid":"1 minut"},"schema":{"@context":"https:\/\/schema.org","@graph":[{"@type":"WebPage","@id":"https:\/\/csm-danmark.dk\/syd\/vi-tilbyder\/","url":"https:\/\/csm-danmark.dk\/syd\/vi-tilbyder\/","name":"Vi tilbyder - CSM: Syd","isPartOf":{"@id":"https:\/\/csm-danmark.dk\/syd\/#website"},"datePublished":"2025-03-25T10:48:20+00:00","dateModified":"2025-03-25T10:48:21+00:00","breadcrumb":{"@id":"https:\/\/csm-danmark.dk\/syd\/vi-tilbyder\/#breadcrumb"},"inLanguage":"da-DK","potentialAction":[{"@type":"ReadAction","target":["https:\/\/csm-danmark.dk\/syd\/vi-tilbyder\/"]}]},{"@type":"BreadcrumbList","@id":"https:\/\/csm-danmark.dk\/syd\/vi-tilbyder\/#breadcrumb","itemListElement":[{"@type":"ListItem","position":1,"name":"Home","item":"https:\/\/csm-danmark.dk\/syd\/"},{"@type":"ListItem","position":2,"name":"Vi tilbyder"}]},{"@type":"WebSite","@id":"https:\/\/csm-danmark.dk\/syd\/#website","url":"https:\/\/csm-danmark.dk\/syd\/","name":"CSM: Syd","description":"Center for Seksuelt Misbrugte","potentialAction":[{"@type":"SearchAction","target":{"@type":"EntryPoint","urlTemplate":"https:\/\/csm-danmark.dk\/syd\/?s={search_term_string}"},"query-input":{"@type":"PropertyValueSpecification","valueRequired":true,"valueName":"search_term_string"}}],"inLanguage":"da-DK"}]}},"_links":{"self":[{"href":"https:\/\/csm-danmark.dk\/syd\/wp-json\/wp\/v2\/pages\/2529","targetHints":{"allow":["GET"]}}],"collection":[{"href":"https:\/\/csm-danmark.dk\/syd\/wp-json\/wp\/v2\/pages"}],"about":[{"href":"https:\/\/csm-danmark.dk\/syd\/wp-json\/wp\/v2\/types\/page"}],"author":[{"embeddable":true,"href":"https:\/\/csm-danmark.dk\/syd\/wp-json\/wp\/v2\/users\/22"}],"replies":[{"embeddable":true,"href":"https:\/\/csm-danmark.dk\/syd\/wp-json\/wp\/v2\/comments?post=2529"}],"version-history":[{"count":1,"href":"https:\/\/csm-danmark.dk\/syd\/wp-json\/wp\/v2\/pages\/2529\/revisions"}],"predecessor-version":[{"id":2530,"href":"https:\/\/csm-danmark.dk\/syd\/wp-json\/wp\/v2\/pages\/2529\/revisions\/2530"}],"wp:attachment":[{"href":"https:\/\/csm-danmark.dk\/syd\/wp-json\/wp\/v2\/media?parent=2529"}],"curies":[{"name":"wp","href":"https:\/\/api.w.org\/{rel}","templated":true}]}}