{"id":226,"date":"2018-04-23T05:00:10","date_gmt":"2018-04-23T05:00:10","guid":{"rendered":"http:\/\/csm-danmark.dk.dedi5085.your-server.de\/syd\/?page_id=226"},"modified":"2025-03-25T11:59:52","modified_gmt":"2025-03-25T11:59:52","slug":"herkanduellersfaahjaelp","status":"publish","type":"page","link":"https:\/\/csm-danmark.dk\/syd\/socialradgivning\/herkanduellersfaahjaelp\/","title":{"rendered":"Her kan du ellers f\u00e5 hj\u00e6lp"},"content":{"rendered":"<h5><strong>Andre r\u00e5dgivnings- og behandlingsmuligheder<\/strong><\/h5>\n<p><strong>VISO \u2013 den nationale Videns- og Specialr\u00e5dgivningsorganisation<br \/><\/strong><a href=\"https:\/\/socialstyrelsen.dk\/viso\">https:\/\/socialstyrelsen.dk\/viso<\/a><\/p>\n<p><strong>Offerr\u00e5dgivningen<br \/><\/strong><a href=\"http:\/\/www.offerraadgivning.dk\/\">http:\/\/www.offerraadgivning.dk\/<\/a><\/p>\n<p><strong>Landsforeningen for voksne med senf\u00f8lger af seksuelle overgreb<\/strong><br \/><a href=\"http:\/\/landsforeningen-spor.dk\/\">http:\/\/landsforeningen-spor.dk\/<\/a><\/p>\n<p><strong>Socialstyrelsen<\/strong><br \/><a href=\"https:\/\/socialstyrelsen.dk\/voksne\/Senfolger-af-seksuelle-overgreb\">https:\/\/socialstyrelsen.dk\/voksne\/Senfolger-af-seksuelle-overgreb<\/a><\/p>\n<p><strong>Kvisten &#8211; Terapi til ofre for seksuelle overgreb<\/strong><br \/><a href=\"https:\/\/www.kvistene.dk\/\">https:\/\/www.kvistene.dk\/<\/a><\/p>\n<p><strong>FrivilligKolding<\/strong><br \/><a href=\"https:\/\/www.frivilligkolding.org\/\">www.frivilligkolding.org<\/a><\/p>\n<p><strong>Aabenraa Selvhj\u00e6lp<\/strong><br \/><a href=\"https:\/\/aabenraa-selvhjaelp.dk\/\">https:\/\/aabenraa-selvhjaelp.dk\/<\/a><\/p>\n\n\n<p>B\u00d8RN OG UNGE<br><strong>Socialstyrelsen<br><\/strong><a href=\"https:\/\/socialstyrelsen.dk\/born\/overgreb\/seksuelle-og-voldelige-overgreb\/seksuelle-overgreb\">https:\/\/socialstyrelsen.dk\/born\/overgreb\/seksuelle-og-voldelige-overgreb\/seksuelle-overgreb<\/a><\/p>\n\n\n\n<p><strong>De Danske B\u00f8rnehuse, B\u00f8rnehus Syd<\/strong><br><a href=\"https:\/\/www.boernehus-syd.dk\/\">https:\/\/www.boernehus-syd.dk\/<\/a><\/p>\n\n\n\n<p><strong>Red Barnet &#8211; Vold og overgreb<br><\/strong><a href=\"https:\/\/redbarnet.dk\/vores-arbejde\/barn-i-danmark\/vold-og-overgreb\/\">www.redbarnet.dk\/voldogovergreb<\/a><\/p>\n\n\n\n<p>ANDRE TYPER OVERGREB<br><strong>Center for Voldt\u00e6gtsofre<\/strong><br><a href=\"https:\/\/ouh.dk\/akut\/center-for-voldtaegtsofre\">Akt &#8211; Center for voldt\u00e6gtsofre &#8211; OUH<\/a><br><a href=\"https:\/\/www.voldtaegt.dk\/\">www.voldtaegt.dk &#8211; Center for voldt\u00e6gtsofre<\/a><\/p>\n","protected":false},"excerpt":{"rendered":"<p>Andre r\u00e5dgivnings- og behandlingsmuligheder VISO \u2013 den nationale Videns- og Specialr\u00e5dgivningsorganisationhttps:\/\/socialstyrelsen.dk\/viso Offerr\u00e5dgivningenhttp:\/\/www.offerraadgivning.dk\/ Landsforeningen for voksne med senf\u00f8lger af seksuelle overgrebhttp:\/\/landsforeningen-spor.dk\/ Socialstyrelsenhttps:\/\/socialstyrelsen.dk\/voksne\/Senfolger-af-seksuelle-overgreb Kvisten &#8211; Terapi til ofre for seksuelle overgrebhttps:\/\/www.kvistene.dk\/ FrivilligKoldingwww.frivilligkolding.org Aabenraa Selvhj\u00e6lphttps:\/\/aabenraa-selvhjaelp.dk\/ B\u00d8RN OG UNGESocialstyrelsenhttps:\/\/socialstyrelsen.dk\/born\/overgreb\/seksuelle-og-voldelige-overgreb\/seksuelle-overgreb De Danske B\u00f8rnehuse, B\u00f8rnehus Sydhttps:\/\/www.boernehus-syd.dk\/ Red Barnet &#8211; Vold og overgrebwww.redbarnet.dk\/voldogovergreb ANDRE TYPER OVERGREBCenter for Voldt\u00e6gtsofreAkt &#8211; Center for voldt\u00e6gtsofre [&hellip;]<\/p>\n","protected":false},"author":1,"featured_media":1687,"parent":223,"menu_order":25,"comment_status":"closed","ping_status":"closed","template":"","meta":{"_acf_changed":false,"footnotes":""},"class_list":["post-226","page","type-page","status-publish","has-post-thumbnail","hentry"],"acf":[],"yoast_head":"<!-- This site is optimized with the Yoast SEO plugin v26.6 - https:\/\/yoast.com\/wordpress\/plugins\/seo\/ -->\n<title>Her kan du ellers f\u00e5 hj\u00e6lp - CSM: Syd<\/title>\n<meta name=\"robots\" content=\"index, follow, max-snippet:-1, max-image-preview:large, max-video-preview:-1\" \/>\n<link rel=\"canonical\" href=\"https:\/\/csm-danmark.dk\/syd\/socialradgivning\/herkanduellersfaahjaelp\/\" \/>\n<meta property=\"og:locale\" content=\"da_DK\" \/>\n<meta property=\"og:type\" content=\"article\" \/>\n<meta property=\"og:title\" content=\"Her kan du ellers f\u00e5 hj\u00e6lp - CSM: Syd\" \/>\n<meta property=\"og:description\" content=\"Andre r\u00e5dgivnings- og behandlingsmuligheder VISO \u2013 den nationale Videns- og Specialr\u00e5dgivningsorganisationhttps:\/\/socialstyrelsen.dk\/viso Offerr\u00e5dgivningenhttp:\/\/www.offerraadgivning.dk\/ Landsforeningen for voksne med senf\u00f8lger af seksuelle overgrebhttp:\/\/landsforeningen-spor.dk\/ Socialstyrelsenhttps:\/\/socialstyrelsen.dk\/voksne\/Senfolger-af-seksuelle-overgreb Kvisten &#8211; Terapi til ofre for seksuelle overgrebhttps:\/\/www.kvistene.dk\/ FrivilligKoldingwww.frivilligkolding.org Aabenraa Selvhj\u00e6lphttps:\/\/aabenraa-selvhjaelp.dk\/ B\u00d8RN OG UNGESocialstyrelsenhttps:\/\/socialstyrelsen.dk\/born\/overgreb\/seksuelle-og-voldelige-overgreb\/seksuelle-overgreb De Danske B\u00f8rnehuse, B\u00f8rnehus Sydhttps:\/\/www.boernehus-syd.dk\/ Red Barnet &#8211; Vold og overgrebwww.redbarnet.dk\/voldogovergreb ANDRE TYPER OVERGREBCenter for Voldt\u00e6gtsofreAkt &#8211; Center for voldt\u00e6gtsofre [&hellip;]\" \/>\n<meta property=\"og:url\" content=\"https:\/\/csm-danmark.dk\/syd\/socialradgivning\/herkanduellersfaahjaelp\/\" \/>\n<meta property=\"og:site_name\" content=\"CSM: Syd\" \/>\n<meta property=\"article:modified_time\" content=\"2025-03-25T11:59:52+00:00\" \/>\n<meta property=\"og:image\" content=\"https:\/\/csm-danmark.dk\/syd\/wp-content\/uploads\/sites\/6\/2018\/09\/ParCSM.jpg\" \/>\n\t<meta property=\"og:image:width\" content=\"325\" \/>\n\t<meta property=\"og:image:height\" content=\"217\" \/>\n\t<meta property=\"og:image:type\" content=\"image\/jpeg\" \/>\n<meta name=\"twitter:card\" content=\"summary_large_image\" \/>\n<meta name=\"twitter:label1\" content=\"Estimeret l\u00e6setid\" \/>\n\t<meta name=\"twitter:data1\" content=\"1 minut\" \/>\n<script type=\"application\/ld+json\" class=\"yoast-schema-graph\">{\"@context\":\"https:\/\/schema.org\",\"@graph\":[{\"@type\":\"WebPage\",\"@id\":\"https:\/\/csm-danmark.dk\/syd\/socialradgivning\/herkanduellersfaahjaelp\/\",\"url\":\"https:\/\/csm-danmark.dk\/syd\/socialradgivning\/herkanduellersfaahjaelp\/\",\"name\":\"Her kan du ellers f\u00e5 hj\u00e6lp - CSM: Syd\",\"isPartOf\":{\"@id\":\"https:\/\/csm-danmark.dk\/syd\/#website\"},\"primaryImageOfPage\":{\"@id\":\"https:\/\/csm-danmark.dk\/syd\/socialradgivning\/herkanduellersfaahjaelp\/#primaryimage\"},\"image\":{\"@id\":\"https:\/\/csm-danmark.dk\/syd\/socialradgivning\/herkanduellersfaahjaelp\/#primaryimage\"},\"thumbnailUrl\":\"https:\/\/csm-danmark.dk\/syd\/wp-content\/uploads\/sites\/6\/2018\/09\/ParCSM.jpg\",\"datePublished\":\"2018-04-23T05:00:10+00:00\",\"dateModified\":\"2025-03-25T11:59:52+00:00\",\"breadcrumb\":{\"@id\":\"https:\/\/csm-danmark.dk\/syd\/socialradgivning\/herkanduellersfaahjaelp\/#breadcrumb\"},\"inLanguage\":\"da-DK\",\"potentialAction\":[{\"@type\":\"ReadAction\",\"target\":[\"https:\/\/csm-danmark.dk\/syd\/socialradgivning\/herkanduellersfaahjaelp\/\"]}]},{\"@type\":\"ImageObject\",\"inLanguage\":\"da-DK\",\"@id\":\"https:\/\/csm-danmark.dk\/syd\/socialradgivning\/herkanduellersfaahjaelp\/#primaryimage\",\"url\":\"https:\/\/csm-danmark.dk\/syd\/wp-content\/uploads\/sites\/6\/2018\/09\/ParCSM.jpg\",\"contentUrl\":\"https:\/\/csm-danmark.dk\/syd\/wp-content\/uploads\/sites\/6\/2018\/09\/ParCSM.jpg\",\"width\":325,\"height\":217},{\"@type\":\"BreadcrumbList\",\"@id\":\"https:\/\/csm-danmark.dk\/syd\/socialradgivning\/herkanduellersfaahjaelp\/#breadcrumb\",\"itemListElement\":[{\"@type\":\"ListItem\",\"position\":1,\"name\":\"Home\",\"item\":\"https:\/\/csm-danmark.dk\/syd\/\"},{\"@type\":\"ListItem\",\"position\":2,\"name\":\"R\u00e5dgivning\",\"item\":\"https:\/\/csm-danmark.dk\/syd\/socialradgivning\/\"},{\"@type\":\"ListItem\",\"position\":3,\"name\":\"Her kan du ellers f\u00e5 hj\u00e6lp\"}]},{\"@type\":\"WebSite\",\"@id\":\"https:\/\/csm-danmark.dk\/syd\/#website\",\"url\":\"https:\/\/csm-danmark.dk\/syd\/\",\"name\":\"CSM: Syd\",\"description\":\"Center for Seksuelt Misbrugte\",\"potentialAction\":[{\"@type\":\"SearchAction\",\"target\":{\"@type\":\"EntryPoint\",\"urlTemplate\":\"https:\/\/csm-danmark.dk\/syd\/?s={search_term_string}\"},\"query-input\":{\"@type\":\"PropertyValueSpecification\",\"valueRequired\":true,\"valueName\":\"search_term_string\"}}],\"inLanguage\":\"da-DK\"}]}<\/script>\n<!-- \/ Yoast SEO plugin. -->","yoast_head_json":{"title":"Her kan du ellers f\u00e5 hj\u00e6lp - CSM: Syd","robots":{"index":"index","follow":"follow","max-snippet":"max-snippet:-1","max-image-preview":"max-image-preview:large","max-video-preview":"max-video-preview:-1"},"canonical":"https:\/\/csm-danmark.dk\/syd\/socialradgivning\/herkanduellersfaahjaelp\/","og_locale":"da_DK","og_type":"article","og_title":"Her kan du ellers f\u00e5 hj\u00e6lp - CSM: Syd","og_description":"Andre r\u00e5dgivnings- og behandlingsmuligheder VISO \u2013 den nationale Videns- og Specialr\u00e5dgivningsorganisationhttps:\/\/socialstyrelsen.dk\/viso Offerr\u00e5dgivningenhttp:\/\/www.offerraadgivning.dk\/ Landsforeningen for voksne med senf\u00f8lger af seksuelle overgrebhttp:\/\/landsforeningen-spor.dk\/ Socialstyrelsenhttps:\/\/socialstyrelsen.dk\/voksne\/Senfolger-af-seksuelle-overgreb Kvisten &#8211; Terapi til ofre for seksuelle overgrebhttps:\/\/www.kvistene.dk\/ FrivilligKoldingwww.frivilligkolding.org Aabenraa Selvhj\u00e6lphttps:\/\/aabenraa-selvhjaelp.dk\/ B\u00d8RN OG UNGESocialstyrelsenhttps:\/\/socialstyrelsen.dk\/born\/overgreb\/seksuelle-og-voldelige-overgreb\/seksuelle-overgreb De Danske B\u00f8rnehuse, B\u00f8rnehus Sydhttps:\/\/www.boernehus-syd.dk\/ Red Barnet &#8211; Vold og overgrebwww.redbarnet.dk\/voldogovergreb ANDRE TYPER OVERGREBCenter for Voldt\u00e6gtsofreAkt &#8211; Center for voldt\u00e6gtsofre [&hellip;]","og_url":"https:\/\/csm-danmark.dk\/syd\/socialradgivning\/herkanduellersfaahjaelp\/","og_site_name":"CSM: Syd","article_modified_time":"2025-03-25T11:59:52+00:00","og_image":[{"width":325,"height":217,"url":"https:\/\/csm-danmark.dk\/syd\/wp-content\/uploads\/sites\/6\/2018\/09\/ParCSM.jpg","type":"image\/jpeg"}],"twitter_card":"summary_large_image","twitter_misc":{"Estimeret l\u00e6setid":"1 minut"},"schema":{"@context":"https:\/\/schema.org","@graph":[{"@type":"WebPage","@id":"https:\/\/csm-danmark.dk\/syd\/socialradgivning\/herkanduellersfaahjaelp\/","url":"https:\/\/csm-danmark.dk\/syd\/socialradgivning\/herkanduellersfaahjaelp\/","name":"Her kan du ellers f\u00e5 hj\u00e6lp - CSM: Syd","isPartOf":{"@id":"https:\/\/csm-danmark.dk\/syd\/#website"},"primaryImageOfPage":{"@id":"https:\/\/csm-danmark.dk\/syd\/socialradgivning\/herkanduellersfaahjaelp\/#primaryimage"},"image":{"@id":"https:\/\/csm-danmark.dk\/syd\/socialradgivning\/herkanduellersfaahjaelp\/#primaryimage"},"thumbnailUrl":"https:\/\/csm-danmark.dk\/syd\/wp-content\/uploads\/sites\/6\/2018\/09\/ParCSM.jpg","datePublished":"2018-04-23T05:00:10+00:00","dateModified":"2025-03-25T11:59:52+00:00","breadcrumb":{"@id":"https:\/\/csm-danmark.dk\/syd\/socialradgivning\/herkanduellersfaahjaelp\/#breadcrumb"},"inLanguage":"da-DK","potentialAction":[{"@type":"ReadAction","target":["https:\/\/csm-danmark.dk\/syd\/socialradgivning\/herkanduellersfaahjaelp\/"]}]},{"@type":"ImageObject","inLanguage":"da-DK","@id":"https:\/\/csm-danmark.dk\/syd\/socialradgivning\/herkanduellersfaahjaelp\/#primaryimage","url":"https:\/\/csm-danmark.dk\/syd\/wp-content\/uploads\/sites\/6\/2018\/09\/ParCSM.jpg","contentUrl":"https:\/\/csm-danmark.dk\/syd\/wp-content\/uploads\/sites\/6\/2018\/09\/ParCSM.jpg","width":325,"height":217},{"@type":"BreadcrumbList","@id":"https:\/\/csm-danmark.dk\/syd\/socialradgivning\/herkanduellersfaahjaelp\/#breadcrumb","itemListElement":[{"@type":"ListItem","position":1,"name":"Home","item":"https:\/\/csm-danmark.dk\/syd\/"},{"@type":"ListItem","position":2,"name":"R\u00e5dgivning","item":"https:\/\/csm-danmark.dk\/syd\/socialradgivning\/"},{"@type":"ListItem","position":3,"name":"Her kan du ellers f\u00e5 hj\u00e6lp"}]},{"@type":"WebSite","@id":"https:\/\/csm-danmark.dk\/syd\/#website","url":"https:\/\/csm-danmark.dk\/syd\/","name":"CSM: Syd","description":"Center for Seksuelt Misbrugte","potentialAction":[{"@type":"SearchAction","target":{"@type":"EntryPoint","urlTemplate":"https:\/\/csm-danmark.dk\/syd\/?s={search_term_string}"},"query-input":{"@type":"PropertyValueSpecification","valueRequired":true,"valueName":"search_term_string"}}],"inLanguage":"da-DK"}]}},"_links":{"self":[{"href":"https:\/\/csm-danmark.dk\/syd\/wp-json\/wp\/v2\/pages\/226","targetHints":{"allow":["GET"]}}],"collection":[{"href":"https:\/\/csm-danmark.dk\/syd\/wp-json\/wp\/v2\/pages"}],"about":[{"href":"https:\/\/csm-danmark.dk\/syd\/wp-json\/wp\/v2\/types\/page"}],"author":[{"embeddable":true,"href":"https:\/\/csm-danmark.dk\/syd\/wp-json\/wp\/v2\/users\/1"}],"replies":[{"embeddable":true,"href":"https:\/\/csm-danmark.dk\/syd\/wp-json\/wp\/v2\/comments?post=226"}],"version-history":[{"count":14,"href":"https:\/\/csm-danmark.dk\/syd\/wp-json\/wp\/v2\/pages\/226\/revisions"}],"predecessor-version":[{"id":2565,"href":"https:\/\/csm-danmark.dk\/syd\/wp-json\/wp\/v2\/pages\/226\/revisions\/2565"}],"up":[{"embeddable":true,"href":"https:\/\/csm-danmark.dk\/syd\/wp-json\/wp\/v2\/pages\/223"}],"wp:featuredmedia":[{"embeddable":true,"href":"https:\/\/csm-danmark.dk\/syd\/wp-json\/wp\/v2\/media\/1687"}],"wp:attachment":[{"href":"https:\/\/csm-danmark.dk\/syd\/wp-json\/wp\/v2\/media?parent=226"}],"curies":[{"name":"wp","href":"https:\/\/api.w.org\/{rel}","templated":true}]}}