{"id":224,"date":"2018-04-23T05:00:10","date_gmt":"2018-04-23T05:00:10","guid":{"rendered":"http:\/\/csm-danmark.dk.dedi5085.your-server.de\/syd\/?page_id=224"},"modified":"2020-03-03T09:24:45","modified_gmt":"2020-03-03T09:24:45","slug":"frivilligsektionen","status":"publish","type":"page","link":"https:\/\/csm-danmark.dk\/syd\/socialradgivning\/frivilligsektionen\/","title":{"rendered":"CSM Syd &#8211; Frivilligsektion"},"content":{"rendered":"<h5>CSM Syd &#8211; Behandlingssektion har et t\u00e6t samarbejde med CSM Syd &#8211; Frivilligsektion<\/h5>\n<p>Hos CSM Syd &#8211; Behandlingssektion arbejder vi t\u00e6t sammen med CSM Syd &#8211; Frivilligsektion.\u00a0Hos CSM Syd \u2013 Frivilligsektion tilbyder de hj\u00e6lp til voksne kvinder og m\u00e6nd i Region Syddanmark, der har v\u00e6ret udsat for seksuelle overgreb i deres opv\u00e6kst. Centrets arbejde er prim\u00e6rt forest\u00e5et af frivillig arbejdskraft.<\/p>\n<p>Frivilligsektionen tilbyder \u00e5ben, anonym r\u00e5dgivning og vejledning for mennesker med senf\u00f8lger efter at have v\u00e6ret udsat for seksuelle overgreb i barndommen. Det kan v\u00e6re individuelle samtaler eller som en del af et gruppeforl\u00f8b. Centrets frivillige har en stor viden om senf\u00f8lger, og de har erfaring med at vejlede og r\u00e5dgive dig, s\u00e5 du f\u00e5r mulighed for at arbejde p\u00e5 et bedre liv. St\u00f8rstedelen af de frivillige har en social- og\/eller sundhedsfaglig baggrund, og er derfor vant til at indg\u00e5 i relationer med mennesker.<\/p>\n<p>Samtalerne kan enten v\u00e6re individuelle eller foreg\u00e5 i grupper, desuden har du mulighed for at m\u00f8de andre med samme baggrund som din i \u00c5ben Stue &#8211; Et socialt tilbud.<\/p>\n<p>I Frivilligsektionen sidder desuden centrenes socialr\u00e5dgiver, der gratis og anonymt kan tilbyde dig socialfaglig r\u00e5dgivning og vejledning.<\/p>\n<p>R\u00e5dgivningen er gratis.<\/p>\n","protected":false},"excerpt":{"rendered":"<p>CSM Syd &#8211; Behandlingssektion har et t\u00e6t samarbejde med CSM Syd &#8211; Frivilligsektion Hos CSM Syd &#8211; Behandlingssektion arbejder vi t\u00e6t sammen med CSM Syd &#8211; Frivilligsektion.\u00a0Hos CSM Syd \u2013 Frivilligsektion tilbyder de hj\u00e6lp til voksne kvinder og m\u00e6nd i Region Syddanmark, der har v\u00e6ret udsat for seksuelle overgreb i deres opv\u00e6kst. Centrets arbejde er [&hellip;]<\/p>\n","protected":false},"author":1,"featured_media":1686,"parent":223,"menu_order":23,"comment_status":"closed","ping_status":"closed","template":"","meta":{"_acf_changed":false,"footnotes":""},"class_list":["post-224","page","type-page","status-publish","has-post-thumbnail","hentry"],"acf":[],"yoast_head":"<!-- This site is optimized with the Yoast SEO plugin v26.6 - https:\/\/yoast.com\/wordpress\/plugins\/seo\/ -->\n<title>CSM Syd - Frivilligsektion - CSM: Syd<\/title>\n<meta name=\"robots\" content=\"index, follow, max-snippet:-1, max-image-preview:large, max-video-preview:-1\" \/>\n<link rel=\"canonical\" href=\"https:\/\/csm-danmark.dk\/syd\/socialradgivning\/frivilligsektionen\/\" \/>\n<meta property=\"og:locale\" content=\"da_DK\" \/>\n<meta property=\"og:type\" content=\"article\" \/>\n<meta property=\"og:title\" content=\"CSM Syd - Frivilligsektion - CSM: Syd\" \/>\n<meta property=\"og:description\" content=\"CSM Syd &#8211; Behandlingssektion har et t\u00e6t samarbejde med CSM Syd &#8211; Frivilligsektion Hos CSM Syd &#8211; Behandlingssektion arbejder vi t\u00e6t sammen med CSM Syd &#8211; Frivilligsektion.\u00a0Hos CSM Syd \u2013 Frivilligsektion tilbyder de hj\u00e6lp til voksne kvinder og m\u00e6nd i Region Syddanmark, der har v\u00e6ret udsat for seksuelle overgreb i deres opv\u00e6kst. Centrets arbejde er [&hellip;]\" \/>\n<meta property=\"og:url\" content=\"https:\/\/csm-danmark.dk\/syd\/socialradgivning\/frivilligsektionen\/\" \/>\n<meta property=\"og:site_name\" content=\"CSM: Syd\" \/>\n<meta property=\"article:modified_time\" content=\"2020-03-03T09:24:45+00:00\" \/>\n<meta property=\"og:image\" content=\"https:\/\/csm-danmark.dk\/syd\/wp-content\/uploads\/sites\/6\/2018\/09\/m\u00f8deCSM.jpg\" \/>\n\t<meta property=\"og:image:width\" content=\"650\" \/>\n\t<meta property=\"og:image:height\" content=\"434\" \/>\n\t<meta property=\"og:image:type\" content=\"image\/jpeg\" \/>\n<meta name=\"twitter:card\" content=\"summary_large_image\" \/>\n<meta name=\"twitter:label1\" content=\"Estimeret l\u00e6setid\" \/>\n\t<meta name=\"twitter:data1\" content=\"1 minut\" \/>\n<script type=\"application\/ld+json\" class=\"yoast-schema-graph\">{\"@context\":\"https:\/\/schema.org\",\"@graph\":[{\"@type\":\"WebPage\",\"@id\":\"https:\/\/csm-danmark.dk\/syd\/socialradgivning\/frivilligsektionen\/\",\"url\":\"https:\/\/csm-danmark.dk\/syd\/socialradgivning\/frivilligsektionen\/\",\"name\":\"CSM Syd - Frivilligsektion - CSM: Syd\",\"isPartOf\":{\"@id\":\"https:\/\/csm-danmark.dk\/syd\/#website\"},\"primaryImageOfPage\":{\"@id\":\"https:\/\/csm-danmark.dk\/syd\/socialradgivning\/frivilligsektionen\/#primaryimage\"},\"image\":{\"@id\":\"https:\/\/csm-danmark.dk\/syd\/socialradgivning\/frivilligsektionen\/#primaryimage\"},\"thumbnailUrl\":\"https:\/\/csm-danmark.dk\/syd\/wp-content\/uploads\/sites\/6\/2018\/09\/m\u00f8deCSM.jpg\",\"datePublished\":\"2018-04-23T05:00:10+00:00\",\"dateModified\":\"2020-03-03T09:24:45+00:00\",\"breadcrumb\":{\"@id\":\"https:\/\/csm-danmark.dk\/syd\/socialradgivning\/frivilligsektionen\/#breadcrumb\"},\"inLanguage\":\"da-DK\",\"potentialAction\":[{\"@type\":\"ReadAction\",\"target\":[\"https:\/\/csm-danmark.dk\/syd\/socialradgivning\/frivilligsektionen\/\"]}]},{\"@type\":\"ImageObject\",\"inLanguage\":\"da-DK\",\"@id\":\"https:\/\/csm-danmark.dk\/syd\/socialradgivning\/frivilligsektionen\/#primaryimage\",\"url\":\"https:\/\/csm-danmark.dk\/syd\/wp-content\/uploads\/sites\/6\/2018\/09\/m\u00f8deCSM.jpg\",\"contentUrl\":\"https:\/\/csm-danmark.dk\/syd\/wp-content\/uploads\/sites\/6\/2018\/09\/m\u00f8deCSM.jpg\",\"width\":650,\"height\":434},{\"@type\":\"BreadcrumbList\",\"@id\":\"https:\/\/csm-danmark.dk\/syd\/socialradgivning\/frivilligsektionen\/#breadcrumb\",\"itemListElement\":[{\"@type\":\"ListItem\",\"position\":1,\"name\":\"Home\",\"item\":\"https:\/\/csm-danmark.dk\/syd\/\"},{\"@type\":\"ListItem\",\"position\":2,\"name\":\"R\u00e5dgivning\",\"item\":\"https:\/\/csm-danmark.dk\/syd\/socialradgivning\/\"},{\"@type\":\"ListItem\",\"position\":3,\"name\":\"CSM Syd &#8211; Frivilligsektion\"}]},{\"@type\":\"WebSite\",\"@id\":\"https:\/\/csm-danmark.dk\/syd\/#website\",\"url\":\"https:\/\/csm-danmark.dk\/syd\/\",\"name\":\"CSM: Syd\",\"description\":\"Center for Seksuelt Misbrugte\",\"potentialAction\":[{\"@type\":\"SearchAction\",\"target\":{\"@type\":\"EntryPoint\",\"urlTemplate\":\"https:\/\/csm-danmark.dk\/syd\/?s={search_term_string}\"},\"query-input\":{\"@type\":\"PropertyValueSpecification\",\"valueRequired\":true,\"valueName\":\"search_term_string\"}}],\"inLanguage\":\"da-DK\"}]}<\/script>\n<!-- \/ Yoast SEO plugin. -->","yoast_head_json":{"title":"CSM Syd - Frivilligsektion - CSM: Syd","robots":{"index":"index","follow":"follow","max-snippet":"max-snippet:-1","max-image-preview":"max-image-preview:large","max-video-preview":"max-video-preview:-1"},"canonical":"https:\/\/csm-danmark.dk\/syd\/socialradgivning\/frivilligsektionen\/","og_locale":"da_DK","og_type":"article","og_title":"CSM Syd - Frivilligsektion - CSM: Syd","og_description":"CSM Syd &#8211; Behandlingssektion har et t\u00e6t samarbejde med CSM Syd &#8211; Frivilligsektion Hos CSM Syd &#8211; Behandlingssektion arbejder vi t\u00e6t sammen med CSM Syd &#8211; Frivilligsektion.\u00a0Hos CSM Syd \u2013 Frivilligsektion tilbyder de hj\u00e6lp til voksne kvinder og m\u00e6nd i Region Syddanmark, der har v\u00e6ret udsat for seksuelle overgreb i deres opv\u00e6kst. Centrets arbejde er [&hellip;]","og_url":"https:\/\/csm-danmark.dk\/syd\/socialradgivning\/frivilligsektionen\/","og_site_name":"CSM: Syd","article_modified_time":"2020-03-03T09:24:45+00:00","og_image":[{"width":650,"height":434,"url":"https:\/\/csm-danmark.dk\/syd\/wp-content\/uploads\/sites\/6\/2018\/09\/m\u00f8deCSM.jpg","type":"image\/jpeg"}],"twitter_card":"summary_large_image","twitter_misc":{"Estimeret l\u00e6setid":"1 minut"},"schema":{"@context":"https:\/\/schema.org","@graph":[{"@type":"WebPage","@id":"https:\/\/csm-danmark.dk\/syd\/socialradgivning\/frivilligsektionen\/","url":"https:\/\/csm-danmark.dk\/syd\/socialradgivning\/frivilligsektionen\/","name":"CSM Syd - Frivilligsektion - CSM: Syd","isPartOf":{"@id":"https:\/\/csm-danmark.dk\/syd\/#website"},"primaryImageOfPage":{"@id":"https:\/\/csm-danmark.dk\/syd\/socialradgivning\/frivilligsektionen\/#primaryimage"},"image":{"@id":"https:\/\/csm-danmark.dk\/syd\/socialradgivning\/frivilligsektionen\/#primaryimage"},"thumbnailUrl":"https:\/\/csm-danmark.dk\/syd\/wp-content\/uploads\/sites\/6\/2018\/09\/m\u00f8deCSM.jpg","datePublished":"2018-04-23T05:00:10+00:00","dateModified":"2020-03-03T09:24:45+00:00","breadcrumb":{"@id":"https:\/\/csm-danmark.dk\/syd\/socialradgivning\/frivilligsektionen\/#breadcrumb"},"inLanguage":"da-DK","potentialAction":[{"@type":"ReadAction","target":["https:\/\/csm-danmark.dk\/syd\/socialradgivning\/frivilligsektionen\/"]}]},{"@type":"ImageObject","inLanguage":"da-DK","@id":"https:\/\/csm-danmark.dk\/syd\/socialradgivning\/frivilligsektionen\/#primaryimage","url":"https:\/\/csm-danmark.dk\/syd\/wp-content\/uploads\/sites\/6\/2018\/09\/m\u00f8deCSM.jpg","contentUrl":"https:\/\/csm-danmark.dk\/syd\/wp-content\/uploads\/sites\/6\/2018\/09\/m\u00f8deCSM.jpg","width":650,"height":434},{"@type":"BreadcrumbList","@id":"https:\/\/csm-danmark.dk\/syd\/socialradgivning\/frivilligsektionen\/#breadcrumb","itemListElement":[{"@type":"ListItem","position":1,"name":"Home","item":"https:\/\/csm-danmark.dk\/syd\/"},{"@type":"ListItem","position":2,"name":"R\u00e5dgivning","item":"https:\/\/csm-danmark.dk\/syd\/socialradgivning\/"},{"@type":"ListItem","position":3,"name":"CSM Syd &#8211; Frivilligsektion"}]},{"@type":"WebSite","@id":"https:\/\/csm-danmark.dk\/syd\/#website","url":"https:\/\/csm-danmark.dk\/syd\/","name":"CSM: Syd","description":"Center for Seksuelt Misbrugte","potentialAction":[{"@type":"SearchAction","target":{"@type":"EntryPoint","urlTemplate":"https:\/\/csm-danmark.dk\/syd\/?s={search_term_string}"},"query-input":{"@type":"PropertyValueSpecification","valueRequired":true,"valueName":"search_term_string"}}],"inLanguage":"da-DK"}]}},"_links":{"self":[{"href":"https:\/\/csm-danmark.dk\/syd\/wp-json\/wp\/v2\/pages\/224","targetHints":{"allow":["GET"]}}],"collection":[{"href":"https:\/\/csm-danmark.dk\/syd\/wp-json\/wp\/v2\/pages"}],"about":[{"href":"https:\/\/csm-danmark.dk\/syd\/wp-json\/wp\/v2\/types\/page"}],"author":[{"embeddable":true,"href":"https:\/\/csm-danmark.dk\/syd\/wp-json\/wp\/v2\/users\/1"}],"replies":[{"embeddable":true,"href":"https:\/\/csm-danmark.dk\/syd\/wp-json\/wp\/v2\/comments?post=224"}],"version-history":[{"count":6,"href":"https:\/\/csm-danmark.dk\/syd\/wp-json\/wp\/v2\/pages\/224\/revisions"}],"predecessor-version":[{"id":1909,"href":"https:\/\/csm-danmark.dk\/syd\/wp-json\/wp\/v2\/pages\/224\/revisions\/1909"}],"up":[{"embeddable":true,"href":"https:\/\/csm-danmark.dk\/syd\/wp-json\/wp\/v2\/pages\/223"}],"wp:featuredmedia":[{"embeddable":true,"href":"https:\/\/csm-danmark.dk\/syd\/wp-json\/wp\/v2\/media\/1686"}],"wp:attachment":[{"href":"https:\/\/csm-danmark.dk\/syd\/wp-json\/wp\/v2\/media?parent=224"}],"curies":[{"name":"wp","href":"https:\/\/api.w.org\/{rel}","templated":true}]}}