{"id":2079,"date":"2022-03-14T12:30:40","date_gmt":"2022-03-14T12:30:40","guid":{"rendered":"https:\/\/csm-danmark.dk\/syd\/?page_id=2079"},"modified":"2026-01-06T15:16:28","modified_gmt":"2026-01-06T14:16:28","slug":"klageadgang-og-vejledning","status":"publish","type":"page","link":"https:\/\/csm-danmark.dk\/syd\/kontakt\/klageadgang-og-vejledning\/","title":{"rendered":"Klageadgang og -vejledning"},"content":{"rendered":"\n<h3 class=\"wp-block-heading\">Klageadgang og vejledning<\/h3>\n\n\n\n<p>Vi opfordrer til, at du fort\u00e6ller os det med det samme, hvis du er utilfreds med vores r\u00e5dgivning eller behandling.<\/p>\n\n\n\n<p>Tal gerne med din behandler om det, du er utilfreds med. Vi vil s\u00e5 vidt muligt tilrettel\u00e6gge din behandling, s\u00e5 den passer til dine behov, og ofte kan der findes l\u00f8sninger eller justeringer undervejs i forl\u00f8bet.<\/p>\n\n\n\n<p>Du kan ogs\u00e5 kontakte os p\u00e5 telefon eller skrive til\u00a0<a href=\"mailto:info@csm-syd-behandling.dk\">info@csm-syd-behandling.dk<\/a>.<\/p>\n\n\n\n<h3 class=\"wp-block-heading\">Hvad kan du klage over?<\/h3>\n\n\n\n<p>Du kan klage til Styrelsen for Patientklager, hvis du er utilfreds med CSM Syd som behandlingssted, den psykologfaglige eller kropsterapeutiske behandling, du har modtaget.<\/p>\n\n\n\n<p>Eller hvis du oplever, at dine rettigheder som klient er blevet brudt, fx i forbindelse med information om og samtykke til behandling, journalf\u00f8ring og erkl\u00e6ringer.<\/p>\n\n\n\n<p>Hvis din klage omhandler fx vores informationsmateriale, socialr\u00e5dgivning, frivilligaktiviteter eller administration, kan du sende en skriftlig klage til\u00a0<a href=\"mailto:info@csm-syd-behandling.dk\">info@csm-syd-behandling.dk<\/a>.<\/p>\n\n\n\n<h3 class=\"wp-block-heading\">Hvad kan du ikke klage over?<\/h3>\n\n\n\n<p>Du kan ikke klage over ting, som vi ikke kan \u00e6ndre p\u00e5, fx vores ventetid.<\/p>\n\n\n\n<h3 class=\"wp-block-heading\">Hvordan klager du til Styrelsen for Patientklager?<\/h3>\n\n\n\n<p>Du skal sende din klage til Styrelsen for Patientklager ved at bruge et digitalt klageskema, som du finder p\u00e5&nbsp;<a href=\"https:\/\/www.borger.dk\/\">Borger.dk&nbsp;<\/a>&nbsp;<\/p>\n\n\n\n<p>L\u00e6s mere om dine muligheder, klagefrister mv. her:&nbsp;<a href=\"https:\/\/www.stpk.dk\/borgere\/klag-over-en-behandling\/\">Klag over en behandling<\/a><\/p>\n\n\n\n<h3 class=\"wp-block-heading\"><strong><br><\/strong>Jeg har en kommentar til r\u00e5dgivningen, der ikke er en klage \u2013 hvor kan jeg give den?<\/h3>\n\n\n\n<p>Vi er altid glade for feedback og input til vores arbejde. Du er velkommen til at sende din kommentar p\u00e5 mail til:\u00a0<a href=\"mailto:info@csm-syd-behandling.dk\">info@csm-syd-behandling.dk<\/a>.<\/p>\n\n\n\n<h3 class=\"wp-block-heading\">Tilsyn<\/h3>\n\n\n\n<p>Social- og Boligstyrelsen f\u00f8rer \u00e5rligt tilsyn med CSM Syd.<\/p>\n\n\n\n<p>Styrelsen for Patientsikkerhed f\u00f8rer tilsyn med CSM Syd som behandlingssted efter sundhedsloven. \u00a0<\/p>\n","protected":false},"excerpt":{"rendered":"<p>Klageadgang og vejledning Vi opfordrer til, at du fort\u00e6ller os det med det samme, hvis du er utilfreds med vores r\u00e5dgivning eller behandling. Tal gerne med din behandler om det, du er utilfreds med. Vi vil s\u00e5 vidt muligt tilrettel\u00e6gge din behandling, s\u00e5 den passer til dine behov, og ofte kan der findes l\u00f8sninger eller [&hellip;]<\/p>\n","protected":false},"author":26,"featured_media":0,"parent":1505,"menu_order":5,"comment_status":"closed","ping_status":"closed","template":"","meta":{"_acf_changed":false,"footnotes":""},"class_list":["post-2079","page","type-page","status-publish","hentry"],"acf":[],"yoast_head":"<!-- This site is optimized with the Yoast SEO plugin v26.6 - https:\/\/yoast.com\/wordpress\/plugins\/seo\/ -->\n<title>Klageadgang og -vejledning - CSM: Syd<\/title>\n<meta name=\"description\" content=\"Alle, der har v\u00e6ret i kontakt med CSM Syd, kan klage. Hvis du har fors\u00f8gt at v\u00e6re i dialog med os, men ikke synes, det har \u00e6ndret noget, kan du sende os en skriftlig klage.\" \/>\n<meta name=\"robots\" content=\"index, follow, max-snippet:-1, max-image-preview:large, max-video-preview:-1\" \/>\n<link rel=\"canonical\" href=\"https:\/\/csm-danmark.dk\/syd\/kontakt\/klageadgang-og-vejledning\/\" \/>\n<meta property=\"og:locale\" content=\"da_DK\" \/>\n<meta property=\"og:type\" content=\"article\" \/>\n<meta property=\"og:title\" content=\"Klageadgang og -vejledning - CSM: Syd\" \/>\n<meta property=\"og:description\" content=\"Alle, der har v\u00e6ret i kontakt med CSM Syd, kan klage. Hvis du har fors\u00f8gt at v\u00e6re i dialog med os, men ikke synes, det har \u00e6ndret noget, kan du sende os en skriftlig klage.\" \/>\n<meta property=\"og:url\" content=\"https:\/\/csm-danmark.dk\/syd\/kontakt\/klageadgang-og-vejledning\/\" \/>\n<meta property=\"og:site_name\" content=\"CSM: Syd\" \/>\n<meta property=\"article:modified_time\" content=\"2026-01-06T14:16:28+00:00\" \/>\n<meta name=\"twitter:card\" content=\"summary_large_image\" \/>\n<meta name=\"twitter:label1\" content=\"Estimeret l\u00e6setid\" \/>\n\t<meta name=\"twitter:data1\" content=\"4 minutter\" \/>\n<script type=\"application\/ld+json\" class=\"yoast-schema-graph\">{\"@context\":\"https:\/\/schema.org\",\"@graph\":[{\"@type\":\"WebPage\",\"@id\":\"https:\/\/csm-danmark.dk\/syd\/kontakt\/klageadgang-og-vejledning\/\",\"url\":\"https:\/\/csm-danmark.dk\/syd\/kontakt\/klageadgang-og-vejledning\/\",\"name\":\"Klageadgang og -vejledning - CSM: Syd\",\"isPartOf\":{\"@id\":\"https:\/\/csm-danmark.dk\/syd\/#website\"},\"datePublished\":\"2022-03-14T12:30:40+00:00\",\"dateModified\":\"2026-01-06T14:16:28+00:00\",\"description\":\"Alle, der har v\u00e6ret i kontakt med CSM Syd, kan klage. Hvis du har fors\u00f8gt at v\u00e6re i dialog med os, men ikke synes, det har \u00e6ndret noget, kan du sende os en skriftlig klage.\",\"breadcrumb\":{\"@id\":\"https:\/\/csm-danmark.dk\/syd\/kontakt\/klageadgang-og-vejledning\/#breadcrumb\"},\"inLanguage\":\"da-DK\",\"potentialAction\":[{\"@type\":\"ReadAction\",\"target\":[\"https:\/\/csm-danmark.dk\/syd\/kontakt\/klageadgang-og-vejledning\/\"]}]},{\"@type\":\"BreadcrumbList\",\"@id\":\"https:\/\/csm-danmark.dk\/syd\/kontakt\/klageadgang-og-vejledning\/#breadcrumb\",\"itemListElement\":[{\"@type\":\"ListItem\",\"position\":1,\"name\":\"Home\",\"item\":\"https:\/\/csm-danmark.dk\/syd\/\"},{\"@type\":\"ListItem\",\"position\":2,\"name\":\"Kontakt\",\"item\":\"https:\/\/csm-danmark.dk\/syd\/kontakt\/\"},{\"@type\":\"ListItem\",\"position\":3,\"name\":\"Klageadgang og -vejledning\"}]},{\"@type\":\"WebSite\",\"@id\":\"https:\/\/csm-danmark.dk\/syd\/#website\",\"url\":\"https:\/\/csm-danmark.dk\/syd\/\",\"name\":\"CSM: Syd\",\"description\":\"Center for Seksuelt Misbrugte\",\"potentialAction\":[{\"@type\":\"SearchAction\",\"target\":{\"@type\":\"EntryPoint\",\"urlTemplate\":\"https:\/\/csm-danmark.dk\/syd\/?s={search_term_string}\"},\"query-input\":{\"@type\":\"PropertyValueSpecification\",\"valueRequired\":true,\"valueName\":\"search_term_string\"}}],\"inLanguage\":\"da-DK\"}]}<\/script>\n<!-- \/ Yoast SEO plugin. -->","yoast_head_json":{"title":"Klageadgang og -vejledning - CSM: Syd","description":"Alle, der har v\u00e6ret i kontakt med CSM Syd, kan klage. Hvis du har fors\u00f8gt at v\u00e6re i dialog med os, men ikke synes, det har \u00e6ndret noget, kan du sende os en skriftlig klage.","robots":{"index":"index","follow":"follow","max-snippet":"max-snippet:-1","max-image-preview":"max-image-preview:large","max-video-preview":"max-video-preview:-1"},"canonical":"https:\/\/csm-danmark.dk\/syd\/kontakt\/klageadgang-og-vejledning\/","og_locale":"da_DK","og_type":"article","og_title":"Klageadgang og -vejledning - CSM: Syd","og_description":"Alle, der har v\u00e6ret i kontakt med CSM Syd, kan klage. Hvis du har fors\u00f8gt at v\u00e6re i dialog med os, men ikke synes, det har \u00e6ndret noget, kan du sende os en skriftlig klage.","og_url":"https:\/\/csm-danmark.dk\/syd\/kontakt\/klageadgang-og-vejledning\/","og_site_name":"CSM: Syd","article_modified_time":"2026-01-06T14:16:28+00:00","twitter_card":"summary_large_image","twitter_misc":{"Estimeret l\u00e6setid":"4 minutter"},"schema":{"@context":"https:\/\/schema.org","@graph":[{"@type":"WebPage","@id":"https:\/\/csm-danmark.dk\/syd\/kontakt\/klageadgang-og-vejledning\/","url":"https:\/\/csm-danmark.dk\/syd\/kontakt\/klageadgang-og-vejledning\/","name":"Klageadgang og -vejledning - CSM: Syd","isPartOf":{"@id":"https:\/\/csm-danmark.dk\/syd\/#website"},"datePublished":"2022-03-14T12:30:40+00:00","dateModified":"2026-01-06T14:16:28+00:00","description":"Alle, der har v\u00e6ret i kontakt med CSM Syd, kan klage. Hvis du har fors\u00f8gt at v\u00e6re i dialog med os, men ikke synes, det har \u00e6ndret noget, kan du sende os en skriftlig klage.","breadcrumb":{"@id":"https:\/\/csm-danmark.dk\/syd\/kontakt\/klageadgang-og-vejledning\/#breadcrumb"},"inLanguage":"da-DK","potentialAction":[{"@type":"ReadAction","target":["https:\/\/csm-danmark.dk\/syd\/kontakt\/klageadgang-og-vejledning\/"]}]},{"@type":"BreadcrumbList","@id":"https:\/\/csm-danmark.dk\/syd\/kontakt\/klageadgang-og-vejledning\/#breadcrumb","itemListElement":[{"@type":"ListItem","position":1,"name":"Home","item":"https:\/\/csm-danmark.dk\/syd\/"},{"@type":"ListItem","position":2,"name":"Kontakt","item":"https:\/\/csm-danmark.dk\/syd\/kontakt\/"},{"@type":"ListItem","position":3,"name":"Klageadgang og -vejledning"}]},{"@type":"WebSite","@id":"https:\/\/csm-danmark.dk\/syd\/#website","url":"https:\/\/csm-danmark.dk\/syd\/","name":"CSM: Syd","description":"Center for Seksuelt Misbrugte","potentialAction":[{"@type":"SearchAction","target":{"@type":"EntryPoint","urlTemplate":"https:\/\/csm-danmark.dk\/syd\/?s={search_term_string}"},"query-input":{"@type":"PropertyValueSpecification","valueRequired":true,"valueName":"search_term_string"}}],"inLanguage":"da-DK"}]}},"_links":{"self":[{"href":"https:\/\/csm-danmark.dk\/syd\/wp-json\/wp\/v2\/pages\/2079","targetHints":{"allow":["GET"]}}],"collection":[{"href":"https:\/\/csm-danmark.dk\/syd\/wp-json\/wp\/v2\/pages"}],"about":[{"href":"https:\/\/csm-danmark.dk\/syd\/wp-json\/wp\/v2\/types\/page"}],"author":[{"embeddable":true,"href":"https:\/\/csm-danmark.dk\/syd\/wp-json\/wp\/v2\/users\/26"}],"replies":[{"embeddable":true,"href":"https:\/\/csm-danmark.dk\/syd\/wp-json\/wp\/v2\/comments?post=2079"}],"version-history":[{"count":3,"href":"https:\/\/csm-danmark.dk\/syd\/wp-json\/wp\/v2\/pages\/2079\/revisions"}],"predecessor-version":[{"id":2771,"href":"https:\/\/csm-danmark.dk\/syd\/wp-json\/wp\/v2\/pages\/2079\/revisions\/2771"}],"up":[{"embeddable":true,"href":"https:\/\/csm-danmark.dk\/syd\/wp-json\/wp\/v2\/pages\/1505"}],"wp:attachment":[{"href":"https:\/\/csm-danmark.dk\/syd\/wp-json\/wp\/v2\/media?parent=2079"}],"curies":[{"name":"wp","href":"https:\/\/api.w.org\/{rel}","templated":true}]}}