{"id":1604,"date":"2018-06-14T12:47:08","date_gmt":"2018-06-14T12:47:08","guid":{"rendered":"http:\/\/csm-danmark.dk.dedi5085.your-server.de\/syd\/?page_id=1604"},"modified":"2025-12-16T12:37:52","modified_gmt":"2025-12-16T11:37:52","slug":"persondatapolitik","status":"publish","type":"page","link":"https:\/\/csm-danmark.dk\/syd\/persondatapolitik\/","title":{"rendered":"Persondatapolitik"},"content":{"rendered":"\n<h5>OBS: Denne side er under revidering grundet fusionen mellem CSM Syd &#8211; Behandlings- og CSM Syd &#8211; Frivilligsektionen.<br \/><br \/><\/h5>\n<h5><strong>Persondatapolitik for CSM Syd &#8211; Behandlingssektion<\/strong><\/h5>\n<p><strong>1. Generelt<br \/><\/strong>Denne persondatapolitik er g\u00e6ldende for samtlige af de oplysninger, som du giver til os, og\/eller som vi indsamler om dig. Her kan du l\u00e6se mere om, hvilke oplysninger vi indsamler, hvordan vi h\u00e5ndterer dine oplysninger, og hvor l\u00e6nge vi opbevarer oplysninger om dig m.m. P\u00e5 <a href=\"https:\/\/csm-danmark.dk\/syd\/\">https:\/\/csm-danmark.dk\/syd<\/a>\u00a0vil du til enhver tid kunne finde den g\u00e6ldende version af politikken.<\/p>\n<p><strong>2. Dataansvarlig<br \/><\/strong>2.1 CSM Syd &#8211; Behandlingssektion er dataansvarlig for behandlingen af de personoplysninger, som vi har indsamlet og modtaget om dig. Du finder vores kontaktoplysninger nedenfor:<\/p>\n<p>CSM Syd &#8211; Behandlingssektion<br \/>Magel\u00f8s 1, 2. tv.<br \/>5000 Odense C<br \/><i class=\"fa fa-phone \" ><\/i> 24 47 50 24<br \/><i class=\"fa fa-envelope \" ><\/i> <a href=\"mailto:info@csm-syd-behandling.dk\">info@csm-syd-behandling.dk<\/a><br \/>CVR nr.: 25467191<\/p>\n<p>2.2\u00a0Den overordnede retlige ramme for vores behandling af personlige oplysninger er Europa-Parlamentets og R\u00e5dets Forordning (EU) 2016\/679 af 27. april 2016 om beskyttelse af fysiske personer i forbindelse med behandling af personoplysninger og om fri udveksling af s\u00e5danne oplysninger og om oph\u00e6velse af direktiv 95\/46\/EF med tilh\u00f8rende regulering. I till\u00e6g hertil Lov nr. 502 af 23. maj 2018 om supplerende bestemmelser til forordning om beskyttelse af fysiske personer i forbindelse med behandling af personoplysninger og om fri udveksling af s\u00e5danne oplysninger (databeskyttelsesloven).<\/p>\n<p>2.3\u00a0Hvis du har sp\u00f8rgsm\u00e5l til vores behandling af dine oplysninger, er du altid velkommen til at henvende dig til vores kontaktperson vedr. persondata. Du kan kontakte os p\u00e5 f\u00f8lgende m\u00e5der:<\/p>\n<p><i class=\"fa fa-envelope \" ><\/i> <a href=\"mailto:post@csm-syd-behandling.dk\">info@csm-syd-behandling.dk<\/a><br \/><i class=\"fa fa-phone \" ><\/i> 24 47 50 24<br \/><i class=\"fa fa-envelope-open \" ><\/i> CSM Syd \u2013 Behandlingssektion, Magel\u00f8s 1, 2. tv., 5000 Odense C <br \/>Att.: Marianne Johansen<\/p>\n<p>\u00a0<\/p>\n<p><strong>3. Vi behandler f\u00f8lgende persondata<\/strong><\/p>\n<p><strong><br \/>3.1\u00a0N\u00e5r du er opskrevet p\u00e5 venteliste til visitation eller r\u00e5dgivning\/udredning\/behandling hos os:<\/strong><\/p>\n<p>\u00a0<\/p>\n<table style=\"border-collapse: collapse; width: 100%;\" border=\"1\">\n<tbody>\n<tr style=\"height: 32px;\">\n<td style=\"width: 99.84%; text-align: center; height: 32px;\" colspan=\"2\">\n<h5><strong>N\u00e5r du er opskrevet p\u00e5 venteliste til visitation<\/strong><\/h5>\n<\/td>\n<\/tr>\n<tr style=\"height: 24px;\">\n<td style=\"width: 49.92%; height: 24px;\">\n<p>Vi behandler f\u00f8lgende kategorier af personoplysninger om dig:<\/p>\n<\/td>\n<td style=\"width: 49.92%; height: 24px;\">\n<p>Almindelige personoplysninger:<\/p>\n<p>Navn, adresse, kontaktoplysninger, f\u00f8dselsdato samt evt. \u00f8vrige almindelige personoplysninger, du m\u00e5tte give os ved henvendelse til os.<\/p>\n<\/td>\n<\/tr>\n<tr style=\"height: 24px;\">\n<td style=\"width: 49.92%; height: 24px;\">\n<p>Vi behandler dine personoplysninger til f\u00f8lgende form\u00e5l:<\/p>\n<\/td>\n<td style=\"width: 49.92%; height: 24px;\">\n<p>N\u00f8dvendigt med navn, adresse, kontaktoplysninger for at kunne opskrive &#8211; og senere kontakte dig &#8211; p\u00e5 venteliste til henholdsvis visitation og behandling. \u00d8vrige almindelige personoplysninger hj\u00e6lper psykologen med at danne sig et samlet indtryk af dig, for en bedre visitation, behandling, r\u00e5dgivning og\/eller udredning.<\/p>\n<\/td>\n<\/tr>\n<tr style=\"height: 24px;\">\n<td style=\"width: 49.92%; height: 24px;\">\n<p>Retsgrundlaget for vores behandling af dine personoplysninger f\u00f8lger af:<\/p>\n<\/td>\n<td style=\"width: 49.92%; height: 24px;\">\n<p>N\u00e5r du bliver indskrevet hos os, behandler vi dine almindelige personoplysninger til netop det p\u00e5g\u00e6ldende form\u00e5l. Det juridiske grundlag er<br \/>\u2022 Psykologloven<br \/>\u2022 N\u00f8dvendig af hensyn til opfyldelse af en aftale, den registrerede er eller bliver part i: Persondataforordningens artikel 6, stk. 1, litra b<br \/>\u2022 Psykologloven<\/p>\n<\/td>\n<\/tr>\n<tr style=\"height: 24px;\">\n<td style=\"width: 99.84%; height: 24px; text-align: center;\" colspan=\"2\">\n<h5><strong>N\u00e5r du er opskrevet p\u00e5 venteliste til behandling eller er kommet i behandling\/udredning\/r\u00e5dgivning<\/strong><\/h5>\n<\/td>\n<\/tr>\n<tr style=\"height: 24px;\">\n<td style=\"width: 49.92%; height: 24px;\">\n<p>Vi behandler f\u00f8lgende kategorier af personoplysninger om dig:<\/p>\n<\/td>\n<td style=\"width: 49.92%; height: 24px;\">\n<p>Almindelige personoplysninger: <br \/>Navn, adresse, kontaktoplysninger, cpr.nr., generelle livsstilsoplysninger, arbejdsoplysninger, familieforhold.<\/p>\n<p>Personf\u00f8lsomme oplysninger, oplysninger om v\u00e6sentlige sociale problemer og andre private forhold, oplysninger om socialst\u00f8tte, familiestridigheder, tvangsfjernelse af b\u00f8rn, strafbare forhold samt andre oplysninger, der m\u00e5tte komme frem under samtalerne.<\/p>\n<\/td>\n<\/tr>\n<tr style=\"height: 24px;\">\n<td style=\"width: 49.92%; height: 24px;\">\n<p>Vi behandler dine personoplysninger til f\u00f8lgende form\u00e5l:<\/p>\n<\/td>\n<td style=\"width: 49.92%;\">\n<p>Almindelige personoplysninger: <br \/>N\u00f8dvendigt med navn, adresse, kontaktoplysninger for at kunne opskrive &#8211; og senere kontakte dig &#8211; p\u00e5 venteliste til behandling samt undervejs i din behandling.<\/p>\n<p>CPR.nr. n\u00f8dvendigt ift. oprettelse af journal, afsendelse af breve til din e-Boks og med dit samtykke, videregivelse af oplysninger til tredjepart s\u00e5som kommunale sagsbehandlere, se under videregivelse af oplysninger.<\/p>\n<p>Personf\u00f8lsomme oplysninger, oplysninger om v\u00e6sentlige sociale problemer og andre forhold, strafbare forhold og andre informationer, som du giver os\/behandleren vil fremg\u00e5 af din journal. Vi har journalf\u00f8ringspligt jf. Psykologloven. Oplysningerne hj\u00e6lper psykologen til at danne sig et samlet indtryk af dig, s\u00e5 psykologen bedre kan hj\u00e6lpe dig i form af behandling, r\u00e5dgivning og\/eller udredning.<\/p>\n<\/td>\n<\/tr>\n<tr style=\"height: 24px;\">\n<td style=\"width: 49.92%; height: 24px;\">\n<p>Retsgrundlaget for vores behandling af dine personoplysninger f\u00f8lger af:<\/p>\n<\/td>\n<td style=\"width: 49.92%;\">\n<p>Vi har journaliseringspligt, jf. Psykologloven. Derudover er oplysningerne n\u00f8dvendige af hensyn til at kunne opfylde den aftale vi indg\u00e5r med dig om at yde dig r\u00e5dgivning\/behandling\/udredning (Persondataforordningens artikel 6, stk. 1, litra b).<\/p>\n<\/td>\n<\/tr>\n<tr style=\"height: 24px;\">\n<td style=\"width: 49.92%; height: 24px;\">\n<p>Vi videregiver eller overlader dine personoplysninger til f\u00f8lgende modtagere:<\/p>\n<\/td>\n<td style=\"width: 49.92%; height: 24px;\">\n<p>Alle medarbejdere i CSM Syd \u2013 Behandlingssektion har tavshedspligt.<\/p>\n<p>Oplysning om, at du st\u00e5r p\u00e5 venteliste hos os eller g\u00e5r i behandling hos os gives ikke videre til nogen, hvorfor videregivelse af oplysninger kun gives, i de tilf\u00e6lde, hvor du selv har informeret en tredjepart &#8211; og givet denne samtykke til indhentelse af oplysninger &#8211; f.eks. en kommunal sagsbehandler, om din opskrivning p\u00e5 venteliste eller dit igangv\u00e6rende behandlingsforl\u00f8b hos os. Almindeligvis vil udveksling af oplysninger foreg\u00e5 via anmodning om attest, aktuel situation eller vurdering, som beskrevet i \u201dDet socialt-psykologiske samarbejde\u201d (ISBN 87-7848-838-9), hvor der som udgangspunkt foreligger samtykke fra dig, indhentet af den foresp\u00f8rgende myndighed. Attest, aktuel situation eller vurdering gennemg\u00e5s altid med dig, inden den sendes.<\/p>\n<p>Journal udleveres aldrig til andre end dig selv.<\/p>\n<p>Andre akt\u00f8rer, hvis du har givet samtykke hertil.<\/p>\n<\/td>\n<\/tr>\n<tr>\n<td style=\"width: 49.92%;\">\n<p>Tidsrum for opbevaring:<\/p>\n<\/td>\n<td style=\"width: 49.92%;\">\n<p>Vi opbevarer dine personoplysninger i 5 \u00e5r fra du bliver afsluttet jf. Psykologloven (g\u00e6ldende fra 17. juli 2017).<\/p>\n<\/td>\n<\/tr>\n<\/tbody>\n<\/table>\n<h5>\u00a0<\/h5>\n<p><strong>3.2\u00a0N\u00e5r du s\u00f8ger job hos os:<\/strong><\/p>\n<p>\u00a0<\/p>\n<table style=\"border-collapse: collapse; width: 100%;\" border=\"1\">\n<tbody>\n<tr>\n<td style=\"width: 50%;\">\n<p>Vi behandler f\u00f8lgende kategorier af personoplysninger om dig:<\/p>\n<\/td>\n<td style=\"width: 50%;\">\n<p>Almindelige personoplysninger:<\/p>\n<p>Navn, adresse, kontaktoplysninger, f\u00f8dselsdato, arbejdsoplysninger samt andre oplysninger, du m\u00e5tte give os enten i din jobans\u00f8gning eller til en eventuel jobsamtale.<\/p>\n<\/td>\n<\/tr>\n<tr>\n<td style=\"width: 50%;\">\n<p>Vi behandler dine personoplysninger til f\u00f8lgende form\u00e5l:<\/p>\n<\/td>\n<td style=\"width: 50%;\">\n<p>Vi behandler oplysningerne med det form\u00e5l at svare p\u00e5 din ans\u00f8gning og evt. invitere dig til en jobsamtale samt informere dig om resultatet af en eventuel samtale.<\/p>\n<\/td>\n<\/tr>\n<tr>\n<td style=\"width: 50%;\">\n<p>Retsgrundlaget for vores behandling af dine personoplysninger f\u00f8lger af:<\/p>\n<\/td>\n<td style=\"width: 50%;\">\n<p>N\u00f8dvendig af hensyn til opfyldelse af en aftale, den registrerede er eller bliver part i: Persondataforordningens artikel 6, stk. 1, litra b<\/p>\n<\/td>\n<\/tr>\n<tr>\n<td style=\"width: 50%;\">\n<p>Vi videregiver eller overlader dine personoplysninger til f\u00f8lgende modtagere:<\/p>\n<\/td>\n<td style=\"width: 50%;\">\n<p>I tilf\u00e6lde af at vi ans\u00e6tter dig, vil dine oplysninger blive videregivet til KFUM\u2019s Sociale Arbejde i Danmark, med hvem vi har en administrationsaftale, og som forest\u00e5r bl.a. l\u00f8nadministration (se intern persondatapolitik). Hvis du ikke bliver ansat hos os, videregiver vi ikke dine oplysninger.<\/p>\n<\/td>\n<\/tr>\n<tr>\n<td style=\"width: 50%;\">\n<p>Tidsrum for opbevaring:<\/p>\n<\/td>\n<td style=\"width: 50%;\">\n<p>Hvis du ikke bliver ansat, makulerer\/sletter vi din ans\u00f8gning samt mailkorrespondance senest 6 mdr. efter ans\u00f8gningsfristens udl\u00f8b.<\/p>\n<\/td>\n<\/tr>\n<\/tbody>\n<\/table>\n<p>\u00a0<\/p>\n<p><strong>3.3 N\u00e5r du bes\u00f8ger vores hjemmeside: <a href=\"http:\/\/www.csm-danmark.dk\/syd\">www.csm-danmark.dk\/syd<\/a>\u00a0<\/strong><\/p>\n<p>\u00a0<\/p>\n<table style=\"border-collapse: collapse; width: 100%;\" border=\"1\">\n<tbody>\n<tr>\n<td style=\"width: 50%;\">\n<p>Vi behandler f\u00f8lgende kategorier af personoplysninger om dig:<\/p>\n<\/td>\n<td style=\"width: 50%;\">\n<p>N\u00e5r du bes\u00f8ger vores hjemmeside og tilg\u00e5r de forskellige sider, indsamler vi din IP-adresse.<\/p>\n<\/td>\n<\/tr>\n<tr>\n<td style=\"width: 50%;\">\n<p>Vi behandler dine personoplysninger til f\u00f8lgende form\u00e5l:<\/p>\n<\/td>\n<td style=\"width: 50%;\">\n<p>Er du bruger af vores hjemmeside, anvender vi dine personoplysninger til at\u00a0<\/p>\n<p>&#8211; kunne stille funktionaliteterne p\u00e5 vores hjemmeside til r\u00e5dighed for dig<\/p>\n<p>&#8211; udarbejde statistik om din f\u00e6rden p\u00e5 vores hjemmeside<\/p>\n<p>&#8211; optimere vores hjemmesides indretning<\/p>\n<p>&#8211; fejls\u00f8ge og opdage uregelm\u00e6ssigheder (fx fors\u00f8g p\u00e5 hack osv.)<\/p>\n<p>\u00a0<\/p>\n<p>P\u00e5 vores hjemmeside g\u00f8res der brug af \u201dcookies\u201d til at optimere indhold og funktioner, samt til at indsamle webstatistik. En cookie er en lille tekstfil, der sendes fra vores server til din browser og lagres p\u00e5 din computers harddisk eller dit mobile device. Cookies er ensbetydende med, at du mere effektivt og nemmere kan bruge hjemmesiden. Vi behandler ikke information om brugeradf\u00e6rd, som indsamles via cookies p\u00e5 en m\u00e5de, der kan forbinde brugeradf\u00e6rden med bestemte personer. Du kan indstille din browser til at informere dig, n\u00e5r du modtager cookies s\u00e5ledes, at du altid har mulighed for at tage stilling til, om du vil acceptere den. Du kan ogs\u00e5 v\u00e6lge helt at sl\u00e5 funktionen fra. Hvis du g\u00f8r det, s\u00e5 vil hjemmesiden dog ikke fungere optimalt. Cookierne indeholder ikke personoplysninger s\u00e5som oplysninger om din e-mailadresse, dit bruger-id eller andre personlige oplysninger udover, hvad der fremg\u00e5r af n\u00e6rv\u00e6rende politik. Du kan l\u00e6se vores cookiepolitik her: <a href=\"http:\/\/www.csm-danmark.dk\/cookie-og-privatlivspolitik\/\">www.csm-danmark.dk\/cookie-og-privatlivspolitik\/<\/a>\u00a0<\/p>\n<\/td>\n<\/tr>\n<tr>\n<td style=\"width: 50%;\">\n<p>Retsgrundlaget for vores behandling af dine personoplysninger f\u00f8lger af:<\/p>\n<\/td>\n<td style=\"width: 50%;\">\n<p>Vi har i begr\u00e6nset omfang brug for at kunne administrere de oplysninger, du selv afgiver til brug for fx cookie-h\u00e5ndtering. L\u00e6s mere i vores cookie-politik: www.csm-danmark.dk\/cookie-og-privatlivspolitik\/. Vi kan i nogle tilf\u00e6lde registrere, hvilke IP-adresser, der har bes\u00f8gt vores hjemmeside. En IP-adresse kan v\u00e6re en personoplysning, og s\u00e5fremt vi behandler din IP-adresse, s\u00e5 vil det ske fordi vi har en legitim interesse jf. Persondataforordningens artikel 6, stk. 1, litra f, medmindre din ret til at opn\u00e5 beskyttelse af dine egne almindelige personoplysninger g\u00e5r forud for vores legitime interesse.<\/p>\n<p>Vi har legitim interesse i at behandle dine personoplysninger til brug for markedsf\u00f8ringsform\u00e5l. Vores legitime interesse best\u00e5r s\u00e5ledes i at kende til dine pr\u00e6ferencer, s\u00e5 vi bedre kan tilpasse vores tilbud til dig og i sidste ende tilbyde ydelser, der bedre opfylder dine behov og \u00f8nsker. Vi overholder naturligvis ogs\u00e5 markedsf\u00f8ringslovens regler. Det er ligeledes med henvisning til denne bestemmelse, at vi udarbejder diverse statistikker over antallet af bes\u00f8gende p\u00e5 hjemmesiden.<\/p>\n<\/td>\n<\/tr>\n<tr>\n<td style=\"width: 50%;\">\n<p>Vi videregiver eller overlader dine personoplysninger til f\u00f8lgende modtagere:<\/p>\n<\/td>\n<td style=\"width: 50%;\">\n<p>Denne hjemmeside bruger forskellige typer af cookies. Nogle cookies s\u00e6ttes af tredjeparts tjenester, der vises p\u00e5 vores hjemmeside. Data om din brug af hjemmesiden, samt geografisk placering videregives til tredjeparter i det omfang disse oplysninger er kendt, herunder 1st Domain \/ Web Solutions ApS, Basechat og Google Maps. Oplysningerne anvendes til m\u00e5lretning.<\/p>\n<\/td>\n<\/tr>\n<tr>\n<td style=\"width: 50%;\">\n<p>Tidsrum for opbevaring:<\/p>\n<\/td>\n<td style=\"width: 50%;\">\n<p>Vi opbevarer dine personoplysninger i op til 6 m\u00e5neder fra du bes\u00f8ger vores hjemmeside. Dette sker ved hvert bes\u00f8g af hjemmesiden.<\/p>\n<\/td>\n<\/tr>\n<\/tbody>\n<\/table>\n<p>\u00a0<\/p>\n<p><strong>4. Dine rettigheder<br \/><\/strong>4.1 Indsigt: Du har ret til at f\u00e5 indsigt i de personoplysninger, som vi behandler om dig. Ved at skrive til os (p\u00e5 ovenst\u00e5ende adresse \u2013 se under pkt. 2.3) kan du anmode om indsigt i de personoplysninger, som vi har registreret om dig, herunder de form\u00e5l, som oplysningerne er indsamlet til. Vi vil efterkomme din indsigtsanmodning s\u00e5 hurtigt som muligt.<\/p>\n<p>4.2\u00a0Berigtigelse og sletning: Du har ret til at anmode om korrektion, supplerende behandling, sletning eller blokering af de personoplysninger, vi behandler om dig. Vi vil efterkomme din anmodning s\u00e5 hurtigt som muligt, i det omfang det er n\u00f8dvendigt. Hvis vi &#8211; af en eller anden grund &#8211; ikke kan im\u00f8dekomme din anmodning, kontakter vi dig.<\/p>\n<p>4.3 Begr\u00e6nsning af behandling: Du har \u2013 under s\u00e6rlige omst\u00e6ndigheder &#8211; ret til at f\u00e5 begr\u00e6nset behandlingen af dine personlige oplysninger. Kontakt os venligst, hvis du \u00f8nsker en begr\u00e6nsning af behandlingen af dine personoplysninger.<\/p>\n<p>4.4\u00a0Dataportabilitet: Du har ret til at modtage dine personoplysninger (kun oplysninger vedr\u00f8rende dig selv, som du selv har givet os) i et struktureret, almindeligt anvendt og maskinl\u00e6sbart format (dataportabilitet). Kontakt os venligst, hvis du vil udnytte muligheden for dataportabilitet.<\/p>\n<p>4.5\u00a0Indsigelsesret: Du har ret til at bede os om ikke at behandle dine personlige oplysninger i de tilf\u00e6lde, hvor behandlingen er baseret p\u00e5 artikel 6, stk. 1 (e) (opgave i samfundets interesse eller offentlig myndighedsud\u00f8velse) eller artikel 6, stk. 1 (f) (legitim interesse). Det fremg\u00e5r af n\u00e6rv\u00e6rende politik i hvilket omfang, vi behandler dine oplysninger til s\u00e5danne form\u00e5l. Du kan til enhver tid ud\u00f8ve retten til indsigelse ved at kontakte os.<\/p>\n<p>4.6\u00a0Tilbagekaldelse af samtykke: Hvis behandlingen af dine personoplysninger er baseret p\u00e5 dit samtykke, har du til enhver tid ret til at tr\u00e6kke dit samtykke tilbage. Din tilbagetr\u00e6kning p\u00e5virker ikke lovligheden af den behandling, der blev gennemf\u00f8rt, f\u00f8r du trak dit samtykke tilbage. En tilbagetr\u00e6kning af samtykke kan i nogle situationer have konsekvenser for det videre samarbejde mellem dig og CSM Syd &#8211; Behandlingssektion. Kontakt os venligst, hvis du \u00f8nsker at tilbagekalde dit samtykke.<\/p>\n<p>4.7 Du kan skrive til\u00a0<a href=\"mailto:post@csm-syd-behandling.dk\">info@csm-syd-behandling.dk<\/a>\u00a0for at g\u00f8re brug af \u00e9n eller flere af ovenst\u00e5ende rettigheder.<\/p>\n<p>4.8\u00a0Der kan v\u00e6re betingelser eller begr\u00e6nsninger knyttet til udnyttelsen af ovenn\u00e6vnte rettigheder. Det er derfor ikke sikkert, at du for eksempel har ret til dataportabilitet i det konkrete tilf\u00e6lde &#8211; det afh\u00e6nger af de s\u00e6rlige omst\u00e6ndigheder for den p\u00e5g\u00e6ldende behandlingsaktivitet.<\/p>\n<p><strong>5. Eventuelle konsekvenser ved ikke at afgive personoplysninger<br \/><\/strong>S\u00e5fremt du er forpligtet til at give oplysninger om dig selv til os, s\u00e5 vil det fremg\u00e5 d\u00e9r, hvor vi indsamler oplysningerne. Hvis du ikke vil afgive de personoplysninger, som vi beder om, s\u00e5 kan det, i nogle situationer,\u00a0have den konsekvens, at vi ikke kan levere de tjenester til dig, som du eftersp\u00f8rger.<\/p>\n<p><strong>6. Sikkerhed<br \/><\/strong>Vores behandling af personoplysninger er underlagt vores procedurer for behandlingssikkerhed og risikovurdering. Vi har implementeret interne regler og procedurer for opretholdelse af passende sikkerhed fra det tidspunkt, hvor vi indsamler personoplysninger frem til sletning, ligesom vi alene overlader vores behandling af personoplysninger til databehandlere, som opretholder et tilsvarende passende sikkerhedsniveau.<\/p>\n<p><strong>7. Klage til tilsynsmyndighed<br \/><\/strong>Hvis du er utilfreds med vores behandling af dine personoplysninger, kan du klage til det danske datatilsyn: Datatilsynet, Borgergade 28, 5. sal, 1300 K\u00f8benhavn K., telefon 33 19 32 00, e-mail:\u00a0<a href=\"mailto:dt@datatilsynet.dk\">dt@datatilsynet.dk<\/a><\/p>\n<p><strong>8. Opdatering af persondatapolitik<br \/><\/strong>8.1 CSM Syd &#8211; Behandlingssektion er forpligtet til at overholde de grundl\u00e6ggende principper om beskyttelse af personoplysninger og databeskyttelse. Vi gennemg\u00e5r derfor regelm\u00e6ssigt denne politik for at holde den opdateret og i overensstemmelse med g\u00e6ldende principper og lovgivning. Denne politik kan \u00e6ndres uden varsel. V\u00e6sentlige \u00e6ndringer af politikken vil blive offentliggjort p\u00e5 vores hjemmeside sammen med en opdateret version af politikken.<\/p>\n<p>8.2\u00a0\u00a0Eventuelle \u00e6ndringer, vi m\u00e5tte foretage i n\u00e6rv\u00e6rende politik i fremtiden, vil blive offentliggjort p\u00e5 denne side.\u00a0<\/p>\n<p>Denne politik er senest opdateret den 04.03.2022.<\/p>\n","protected":false},"excerpt":{"rendered":"<p>OBS: Denne side er under revidering grundet fusionen mellem CSM Syd &#8211; Behandlings- og CSM Syd &#8211; Frivilligsektionen. Persondatapolitik for CSM Syd &#8211; Behandlingssektion 1. GenereltDenne persondatapolitik er g\u00e6ldende for samtlige af de oplysninger, som du giver til os, og\/eller som vi indsamler om dig. Her kan du l\u00e6se mere om, hvilke oplysninger vi indsamler, [&hellip;]<\/p>\n","protected":false},"author":12,"featured_media":0,"parent":0,"menu_order":6,"comment_status":"closed","ping_status":"closed","template":"","meta":{"_acf_changed":false,"footnotes":""},"class_list":["post-1604","page","type-page","status-publish","hentry"],"acf":[],"yoast_head":"<!-- This site is optimized with the Yoast SEO plugin v26.6 - https:\/\/yoast.com\/wordpress\/plugins\/seo\/ -->\n<title>Persondatapolitik - CSM: Syd<\/title>\n<meta name=\"robots\" content=\"index, follow, max-snippet:-1, max-image-preview:large, max-video-preview:-1\" \/>\n<link rel=\"canonical\" href=\"https:\/\/csm-danmark.dk\/syd\/persondatapolitik\/\" \/>\n<meta property=\"og:locale\" content=\"da_DK\" \/>\n<meta property=\"og:type\" content=\"article\" \/>\n<meta property=\"og:title\" content=\"Persondatapolitik - CSM: Syd\" \/>\n<meta property=\"og:description\" content=\"OBS: Denne side er under revidering grundet fusionen mellem CSM Syd &#8211; Behandlings- og CSM Syd &#8211; Frivilligsektionen. Persondatapolitik for CSM Syd &#8211; Behandlingssektion 1. GenereltDenne persondatapolitik er g\u00e6ldende for samtlige af de oplysninger, som du giver til os, og\/eller som vi indsamler om dig. Her kan du l\u00e6se mere om, hvilke oplysninger vi indsamler, [&hellip;]\" \/>\n<meta property=\"og:url\" content=\"https:\/\/csm-danmark.dk\/syd\/persondatapolitik\/\" \/>\n<meta property=\"og:site_name\" content=\"CSM: Syd\" \/>\n<meta property=\"article:modified_time\" content=\"2025-12-16T11:37:52+00:00\" \/>\n<meta name=\"twitter:card\" content=\"summary_large_image\" \/>\n<meta name=\"twitter:label1\" content=\"Estimeret l\u00e6setid\" \/>\n\t<meta name=\"twitter:data1\" content=\"12 minutter\" \/>\n<script type=\"application\/ld+json\" class=\"yoast-schema-graph\">{\"@context\":\"https:\/\/schema.org\",\"@graph\":[{\"@type\":\"WebPage\",\"@id\":\"https:\/\/csm-danmark.dk\/syd\/persondatapolitik\/\",\"url\":\"https:\/\/csm-danmark.dk\/syd\/persondatapolitik\/\",\"name\":\"Persondatapolitik - CSM: Syd\",\"isPartOf\":{\"@id\":\"https:\/\/csm-danmark.dk\/syd\/#website\"},\"datePublished\":\"2018-06-14T12:47:08+00:00\",\"dateModified\":\"2025-12-16T11:37:52+00:00\",\"breadcrumb\":{\"@id\":\"https:\/\/csm-danmark.dk\/syd\/persondatapolitik\/#breadcrumb\"},\"inLanguage\":\"da-DK\",\"potentialAction\":[{\"@type\":\"ReadAction\",\"target\":[\"https:\/\/csm-danmark.dk\/syd\/persondatapolitik\/\"]}]},{\"@type\":\"BreadcrumbList\",\"@id\":\"https:\/\/csm-danmark.dk\/syd\/persondatapolitik\/#breadcrumb\",\"itemListElement\":[{\"@type\":\"ListItem\",\"position\":1,\"name\":\"Home\",\"item\":\"https:\/\/csm-danmark.dk\/syd\/\"},{\"@type\":\"ListItem\",\"position\":2,\"name\":\"Persondatapolitik\"}]},{\"@type\":\"WebSite\",\"@id\":\"https:\/\/csm-danmark.dk\/syd\/#website\",\"url\":\"https:\/\/csm-danmark.dk\/syd\/\",\"name\":\"CSM: Syd\",\"description\":\"Center for Seksuelt Misbrugte\",\"potentialAction\":[{\"@type\":\"SearchAction\",\"target\":{\"@type\":\"EntryPoint\",\"urlTemplate\":\"https:\/\/csm-danmark.dk\/syd\/?s={search_term_string}\"},\"query-input\":{\"@type\":\"PropertyValueSpecification\",\"valueRequired\":true,\"valueName\":\"search_term_string\"}}],\"inLanguage\":\"da-DK\"}]}<\/script>\n<!-- \/ Yoast SEO plugin. -->","yoast_head_json":{"title":"Persondatapolitik - CSM: Syd","robots":{"index":"index","follow":"follow","max-snippet":"max-snippet:-1","max-image-preview":"max-image-preview:large","max-video-preview":"max-video-preview:-1"},"canonical":"https:\/\/csm-danmark.dk\/syd\/persondatapolitik\/","og_locale":"da_DK","og_type":"article","og_title":"Persondatapolitik - CSM: Syd","og_description":"OBS: Denne side er under revidering grundet fusionen mellem CSM Syd &#8211; Behandlings- og CSM Syd &#8211; Frivilligsektionen. Persondatapolitik for CSM Syd &#8211; Behandlingssektion 1. GenereltDenne persondatapolitik er g\u00e6ldende for samtlige af de oplysninger, som du giver til os, og\/eller som vi indsamler om dig. Her kan du l\u00e6se mere om, hvilke oplysninger vi indsamler, [&hellip;]","og_url":"https:\/\/csm-danmark.dk\/syd\/persondatapolitik\/","og_site_name":"CSM: Syd","article_modified_time":"2025-12-16T11:37:52+00:00","twitter_card":"summary_large_image","twitter_misc":{"Estimeret l\u00e6setid":"12 minutter"},"schema":{"@context":"https:\/\/schema.org","@graph":[{"@type":"WebPage","@id":"https:\/\/csm-danmark.dk\/syd\/persondatapolitik\/","url":"https:\/\/csm-danmark.dk\/syd\/persondatapolitik\/","name":"Persondatapolitik - CSM: Syd","isPartOf":{"@id":"https:\/\/csm-danmark.dk\/syd\/#website"},"datePublished":"2018-06-14T12:47:08+00:00","dateModified":"2025-12-16T11:37:52+00:00","breadcrumb":{"@id":"https:\/\/csm-danmark.dk\/syd\/persondatapolitik\/#breadcrumb"},"inLanguage":"da-DK","potentialAction":[{"@type":"ReadAction","target":["https:\/\/csm-danmark.dk\/syd\/persondatapolitik\/"]}]},{"@type":"BreadcrumbList","@id":"https:\/\/csm-danmark.dk\/syd\/persondatapolitik\/#breadcrumb","itemListElement":[{"@type":"ListItem","position":1,"name":"Home","item":"https:\/\/csm-danmark.dk\/syd\/"},{"@type":"ListItem","position":2,"name":"Persondatapolitik"}]},{"@type":"WebSite","@id":"https:\/\/csm-danmark.dk\/syd\/#website","url":"https:\/\/csm-danmark.dk\/syd\/","name":"CSM: Syd","description":"Center for Seksuelt Misbrugte","potentialAction":[{"@type":"SearchAction","target":{"@type":"EntryPoint","urlTemplate":"https:\/\/csm-danmark.dk\/syd\/?s={search_term_string}"},"query-input":{"@type":"PropertyValueSpecification","valueRequired":true,"valueName":"search_term_string"}}],"inLanguage":"da-DK"}]}},"_links":{"self":[{"href":"https:\/\/csm-danmark.dk\/syd\/wp-json\/wp\/v2\/pages\/1604","targetHints":{"allow":["GET"]}}],"collection":[{"href":"https:\/\/csm-danmark.dk\/syd\/wp-json\/wp\/v2\/pages"}],"about":[{"href":"https:\/\/csm-danmark.dk\/syd\/wp-json\/wp\/v2\/types\/page"}],"author":[{"embeddable":true,"href":"https:\/\/csm-danmark.dk\/syd\/wp-json\/wp\/v2\/users\/12"}],"replies":[{"embeddable":true,"href":"https:\/\/csm-danmark.dk\/syd\/wp-json\/wp\/v2\/comments?post=1604"}],"version-history":[{"count":17,"href":"https:\/\/csm-danmark.dk\/syd\/wp-json\/wp\/v2\/pages\/1604\/revisions"}],"predecessor-version":[{"id":2754,"href":"https:\/\/csm-danmark.dk\/syd\/wp-json\/wp\/v2\/pages\/1604\/revisions\/2754"}],"wp:attachment":[{"href":"https:\/\/csm-danmark.dk\/syd\/wp-json\/wp\/v2\/media?parent=1604"}],"curies":[{"name":"wp","href":"https:\/\/api.w.org\/{rel}","templated":true}]}}