{"id":1512,"date":"2018-05-30T06:33:23","date_gmt":"2018-05-30T06:33:23","guid":{"rendered":"http:\/\/csm-danmark.dk.dedi5085.your-server.de\/syd\/?page_id=1512"},"modified":"2024-02-26T09:12:18","modified_gmt":"2024-02-26T09:12:18","slug":"pressekontakt","status":"publish","type":"page","link":"https:\/\/csm-danmark.dk\/syd\/kontakt\/pressekontakt\/","title":{"rendered":"Pressekontakt"},"content":{"rendered":"<p>CSM Syd st\u00e5r til r\u00e5dighed for pressen med vores faglige viden og indsigt i behandling af voksne mennesker, der har v\u00e6ret udsat for seksuelle overgreb i barndommen. Vil du i kontakt med centrets leder eller bestyrelsesformand, s\u00e5 hj\u00e6lper vi dig gerne med det.<\/p>\n<p><i class=\"fa fa-phone \" ><\/i> <a href=\"tel:24 47 50 24\">24 47 50 24<\/a><br \/>\nHverdage kl. 08.30 \u2013 12.00. Onsdag kl. 10.00 \u2013 12.00<\/p>\n<p>Uden for \u00e5bningstiden kontaktes centerleder Ane M\u00f8ller Bering.<br \/>\n<i class=\"fa fa-phone \" ><\/i> <a href=\"tel:29388714\">29 38 87 14<\/a><br \/>\n<i class=\"fa fa-envelope \" ><\/i> <a href=\"mailto:amb@csm-syd-behandling.dk\">amb@csm-syd-behandling.dk<\/a><\/p>\n<p>Alle medier er velkomne til at referere fra hjemmesiden, hvis I citerer korrekt og loyalt, og hvis <a href=\"https:\/\/csm-danmark.dk\/syd\/\">https:\/\/csm-danmark.dk\/syd<\/a> eller CSM Syd bliver anf\u00f8rt som kilde.<\/p>\n","protected":false},"excerpt":{"rendered":"<p>CSM Syd st\u00e5r til r\u00e5dighed for pressen med vores faglige viden og indsigt i behandling af voksne mennesker, der har v\u00e6ret udsat for seksuelle overgreb i barndommen. Vil du i kontakt med centrets leder eller bestyrelsesformand, s\u00e5 hj\u00e6lper vi dig gerne med det. 24 47 50 24 Hverdage kl. 08.30 \u2013 12.00. Onsdag kl. 10.00 [&hellip;]<\/p>\n","protected":false},"author":12,"featured_media":0,"parent":1505,"menu_order":2,"comment_status":"closed","ping_status":"closed","template":"","meta":{"_acf_changed":false,"footnotes":""},"class_list":["post-1512","page","type-page","status-publish","hentry"],"acf":[],"yoast_head":"<!-- This site is optimized with the Yoast SEO plugin v26.6 - https:\/\/yoast.com\/wordpress\/plugins\/seo\/ -->\n<title>Pressekontakt - CSM: Syd<\/title>\n<meta name=\"robots\" content=\"index, follow, max-snippet:-1, max-image-preview:large, max-video-preview:-1\" \/>\n<link rel=\"canonical\" href=\"https:\/\/csm-danmark.dk\/syd\/kontakt\/pressekontakt\/\" \/>\n<meta property=\"og:locale\" content=\"da_DK\" \/>\n<meta property=\"og:type\" content=\"article\" \/>\n<meta property=\"og:title\" content=\"Pressekontakt - CSM: Syd\" \/>\n<meta property=\"og:description\" content=\"CSM Syd st\u00e5r til r\u00e5dighed for pressen med vores faglige viden og indsigt i behandling af voksne mennesker, der har v\u00e6ret udsat for seksuelle overgreb i barndommen. Vil du i kontakt med centrets leder eller bestyrelsesformand, s\u00e5 hj\u00e6lper vi dig gerne med det. 24 47 50 24 Hverdage kl. 08.30 \u2013 12.00. Onsdag kl. 10.00 [&hellip;]\" \/>\n<meta property=\"og:url\" content=\"https:\/\/csm-danmark.dk\/syd\/kontakt\/pressekontakt\/\" \/>\n<meta property=\"og:site_name\" content=\"CSM: Syd\" \/>\n<meta property=\"article:modified_time\" content=\"2024-02-26T09:12:18+00:00\" \/>\n<meta name=\"twitter:card\" content=\"summary_large_image\" \/>\n<meta name=\"twitter:label1\" content=\"Estimeret l\u00e6setid\" \/>\n\t<meta name=\"twitter:data1\" content=\"1 minut\" \/>\n<script type=\"application\/ld+json\" class=\"yoast-schema-graph\">{\"@context\":\"https:\/\/schema.org\",\"@graph\":[{\"@type\":\"WebPage\",\"@id\":\"https:\/\/csm-danmark.dk\/syd\/kontakt\/pressekontakt\/\",\"url\":\"https:\/\/csm-danmark.dk\/syd\/kontakt\/pressekontakt\/\",\"name\":\"Pressekontakt - CSM: Syd\",\"isPartOf\":{\"@id\":\"https:\/\/csm-danmark.dk\/syd\/#website\"},\"datePublished\":\"2018-05-30T06:33:23+00:00\",\"dateModified\":\"2024-02-26T09:12:18+00:00\",\"breadcrumb\":{\"@id\":\"https:\/\/csm-danmark.dk\/syd\/kontakt\/pressekontakt\/#breadcrumb\"},\"inLanguage\":\"da-DK\",\"potentialAction\":[{\"@type\":\"ReadAction\",\"target\":[\"https:\/\/csm-danmark.dk\/syd\/kontakt\/pressekontakt\/\"]}]},{\"@type\":\"BreadcrumbList\",\"@id\":\"https:\/\/csm-danmark.dk\/syd\/kontakt\/pressekontakt\/#breadcrumb\",\"itemListElement\":[{\"@type\":\"ListItem\",\"position\":1,\"name\":\"Home\",\"item\":\"https:\/\/csm-danmark.dk\/syd\/\"},{\"@type\":\"ListItem\",\"position\":2,\"name\":\"Kontakt\",\"item\":\"https:\/\/csm-danmark.dk\/syd\/kontakt\/\"},{\"@type\":\"ListItem\",\"position\":3,\"name\":\"Pressekontakt\"}]},{\"@type\":\"WebSite\",\"@id\":\"https:\/\/csm-danmark.dk\/syd\/#website\",\"url\":\"https:\/\/csm-danmark.dk\/syd\/\",\"name\":\"CSM: Syd\",\"description\":\"Center for Seksuelt Misbrugte\",\"potentialAction\":[{\"@type\":\"SearchAction\",\"target\":{\"@type\":\"EntryPoint\",\"urlTemplate\":\"https:\/\/csm-danmark.dk\/syd\/?s={search_term_string}\"},\"query-input\":{\"@type\":\"PropertyValueSpecification\",\"valueRequired\":true,\"valueName\":\"search_term_string\"}}],\"inLanguage\":\"da-DK\"}]}<\/script>\n<!-- \/ Yoast SEO plugin. -->","yoast_head_json":{"title":"Pressekontakt - CSM: Syd","robots":{"index":"index","follow":"follow","max-snippet":"max-snippet:-1","max-image-preview":"max-image-preview:large","max-video-preview":"max-video-preview:-1"},"canonical":"https:\/\/csm-danmark.dk\/syd\/kontakt\/pressekontakt\/","og_locale":"da_DK","og_type":"article","og_title":"Pressekontakt - CSM: Syd","og_description":"CSM Syd st\u00e5r til r\u00e5dighed for pressen med vores faglige viden og indsigt i behandling af voksne mennesker, der har v\u00e6ret udsat for seksuelle overgreb i barndommen. Vil du i kontakt med centrets leder eller bestyrelsesformand, s\u00e5 hj\u00e6lper vi dig gerne med det. 24 47 50 24 Hverdage kl. 08.30 \u2013 12.00. Onsdag kl. 10.00 [&hellip;]","og_url":"https:\/\/csm-danmark.dk\/syd\/kontakt\/pressekontakt\/","og_site_name":"CSM: Syd","article_modified_time":"2024-02-26T09:12:18+00:00","twitter_card":"summary_large_image","twitter_misc":{"Estimeret l\u00e6setid":"1 minut"},"schema":{"@context":"https:\/\/schema.org","@graph":[{"@type":"WebPage","@id":"https:\/\/csm-danmark.dk\/syd\/kontakt\/pressekontakt\/","url":"https:\/\/csm-danmark.dk\/syd\/kontakt\/pressekontakt\/","name":"Pressekontakt - CSM: Syd","isPartOf":{"@id":"https:\/\/csm-danmark.dk\/syd\/#website"},"datePublished":"2018-05-30T06:33:23+00:00","dateModified":"2024-02-26T09:12:18+00:00","breadcrumb":{"@id":"https:\/\/csm-danmark.dk\/syd\/kontakt\/pressekontakt\/#breadcrumb"},"inLanguage":"da-DK","potentialAction":[{"@type":"ReadAction","target":["https:\/\/csm-danmark.dk\/syd\/kontakt\/pressekontakt\/"]}]},{"@type":"BreadcrumbList","@id":"https:\/\/csm-danmark.dk\/syd\/kontakt\/pressekontakt\/#breadcrumb","itemListElement":[{"@type":"ListItem","position":1,"name":"Home","item":"https:\/\/csm-danmark.dk\/syd\/"},{"@type":"ListItem","position":2,"name":"Kontakt","item":"https:\/\/csm-danmark.dk\/syd\/kontakt\/"},{"@type":"ListItem","position":3,"name":"Pressekontakt"}]},{"@type":"WebSite","@id":"https:\/\/csm-danmark.dk\/syd\/#website","url":"https:\/\/csm-danmark.dk\/syd\/","name":"CSM: Syd","description":"Center for Seksuelt Misbrugte","potentialAction":[{"@type":"SearchAction","target":{"@type":"EntryPoint","urlTemplate":"https:\/\/csm-danmark.dk\/syd\/?s={search_term_string}"},"query-input":{"@type":"PropertyValueSpecification","valueRequired":true,"valueName":"search_term_string"}}],"inLanguage":"da-DK"}]}},"_links":{"self":[{"href":"https:\/\/csm-danmark.dk\/syd\/wp-json\/wp\/v2\/pages\/1512","targetHints":{"allow":["GET"]}}],"collection":[{"href":"https:\/\/csm-danmark.dk\/syd\/wp-json\/wp\/v2\/pages"}],"about":[{"href":"https:\/\/csm-danmark.dk\/syd\/wp-json\/wp\/v2\/types\/page"}],"author":[{"embeddable":true,"href":"https:\/\/csm-danmark.dk\/syd\/wp-json\/wp\/v2\/users\/12"}],"replies":[{"embeddable":true,"href":"https:\/\/csm-danmark.dk\/syd\/wp-json\/wp\/v2\/comments?post=1512"}],"version-history":[{"count":14,"href":"https:\/\/csm-danmark.dk\/syd\/wp-json\/wp\/v2\/pages\/1512\/revisions"}],"predecessor-version":[{"id":2311,"href":"https:\/\/csm-danmark.dk\/syd\/wp-json\/wp\/v2\/pages\/1512\/revisions\/2311"}],"up":[{"embeddable":true,"href":"https:\/\/csm-danmark.dk\/syd\/wp-json\/wp\/v2\/pages\/1505"}],"wp:attachment":[{"href":"https:\/\/csm-danmark.dk\/syd\/wp-json\/wp\/v2\/media?parent=1512"}],"curies":[{"name":"wp","href":"https:\/\/api.w.org\/{rel}","templated":true}]}}