{"id":1508,"date":"2018-05-30T06:32:08","date_gmt":"2018-05-30T06:32:08","guid":{"rendered":"http:\/\/csm-danmark.dk.dedi5085.your-server.de\/syd\/?page_id=1508"},"modified":"2026-01-05T08:14:04","modified_gmt":"2026-01-05T07:14:04","slug":"administration","status":"publish","type":"page","link":"https:\/\/csm-danmark.dk\/syd\/kontakt\/administration\/","title":{"rendered":"Kontakt CSM Syd"},"content":{"rendered":"<h1>CSM Syd &#8211; Behandling<\/h1>\n<p>Det er her, du skal ringe til, hvis du gerne vil h\u00f8re om muligheden for at komme i behandling i b\u00e5de Odense og Vojens.<\/p>\n<p>Her sidder psykologerne, som varetager psykologbehandlingen. Herunder finder du telefonnummer til administrationen i behandlingssektionen.\u00a0 \u00a0<\/p>\n<p>Behandlingssektionens administration varetager de praktiske og organisatoriske forhold og fungerer som koordinerende led i de forskellige aktiviteter i behandlingssektionen.\u00a0<\/p>\n<p>Du kan kontakte behandlingssektionens administration telefonisk p\u00e5 hverdage fra\u00a0 \u00a0 \u00a0 \u00a0 kl. 08.30-12.00, onsdag dog fra kl. 10.00-12.00. Du er ogs\u00e5 velkommen til at sende en mail.<\/p>\n<p><i class=\"fa fa-phone \" ><\/i> <a href=\"tel:24 47 50 24\">24 47 50 24<\/a><br \/><i class=\"fa fa-envelope \" ><\/i> <a href=\"mailto:info@csm-syd-behandling.dk\">info@csm-syd-behandling.dk<\/a><\/p>\n<p>Behandlingssektionen holder til p\u00e5 f\u00f8lgende adresser:<br \/><i class=\"fa fa-map \" ><\/i> Magel\u00f8s 1, 1. og 2. sal tv. 5000 Odense C<br \/><i class=\"fa fa-map \" ><\/i> Sundhedscenter Vojens, R\u00e5dhuscentret 7, 6500 Vojens<\/p>\n<h1>CSM Syd &#8211; Frivilligsektion<\/h1>\n<p>Du kan ringe til frivilligsektionen, hvis du \u00f8nsker at g\u00f8re brug af et af et de frivillige tilbud i CSM Syd. Du har mulighed for at ringe til frivilligsektionen p\u00e5 nedenst\u00e5ende telefonnummer i vores \u00e5bningstid og ellers er du altid velkommen til at sende en mail.<\/p>\n<p><i class=\"fa fa-phone \"><\/i>\u00a066 14 66 33<br \/><i class=\"fa fa-envelope \"><\/i>\u00a0<a href=\"mailto:info@csm-syd-frivilligsektion.dk\">info@csm-syd-frivilligsektion.dk<\/a><\/p>\n<p><strong>Frivilligsektionens \u00e5bningstider<br \/><\/strong>Mandag og onsdag \u00a0 \u00a010.00 \u2013 15.00<br \/>Tirsdag og torsdag \u00a0 \u00a0 18.00 \u2013 21.00<\/p>\n<p>Du finder frivilligsektionens tilbud p\u00e5 f\u00f8lgende adresser:<br \/><i class=\"fa fa-map \" ><\/i> Kongensgade 72, 1. sal, 5000 Odense C<br \/><i class=\"fa fa-map \" ><\/i> Sundhedscenter Vojens, R\u00e5dhuscentret 7, 6500 Vojens<\/p>\n<p>\u00d8nsker du at kontakte en specifik medarbejder, kan du finde kontaktinformation p\u00e5 medarbejderen <a class=\"dull_green\" href=\"https:\/\/csm-danmark.dk\/syd\/kontakt\/medarbejdere\/\">her<\/a>.<\/p>\n\n\n<p><\/p>\n","protected":false},"excerpt":{"rendered":"<p>CSM Syd &#8211; Behandling Det er her, du skal ringe til, hvis du gerne vil h\u00f8re om muligheden for at komme i behandling i b\u00e5de Odense og Vojens. Her sidder psykologerne, som varetager psykologbehandlingen. Herunder finder du telefonnummer til administrationen i behandlingssektionen.\u00a0 \u00a0 Behandlingssektionens administration varetager de praktiske og organisatoriske forhold og fungerer som koordinerende [&hellip;]<\/p>\n","protected":false},"author":12,"featured_media":0,"parent":1505,"menu_order":4,"comment_status":"closed","ping_status":"closed","template":"","meta":{"_acf_changed":false,"footnotes":""},"class_list":["post-1508","page","type-page","status-publish","hentry"],"acf":[],"yoast_head":"<!-- This site is optimized with the Yoast SEO plugin v26.6 - https:\/\/yoast.com\/wordpress\/plugins\/seo\/ -->\n<title>Kontakt CSM Syd - CSM: Syd<\/title>\n<meta name=\"robots\" content=\"index, follow, max-snippet:-1, max-image-preview:large, max-video-preview:-1\" \/>\n<link rel=\"canonical\" href=\"https:\/\/csm-danmark.dk\/syd\/kontakt\/administration\/\" \/>\n<meta property=\"og:locale\" content=\"da_DK\" \/>\n<meta property=\"og:type\" content=\"article\" \/>\n<meta property=\"og:title\" content=\"Kontakt CSM Syd - CSM: Syd\" \/>\n<meta property=\"og:description\" content=\"CSM Syd &#8211; Behandling Det er her, du skal ringe til, hvis du gerne vil h\u00f8re om muligheden for at komme i behandling i b\u00e5de Odense og Vojens. Her sidder psykologerne, som varetager psykologbehandlingen. Herunder finder du telefonnummer til administrationen i behandlingssektionen.\u00a0 \u00a0 Behandlingssektionens administration varetager de praktiske og organisatoriske forhold og fungerer som koordinerende [&hellip;]\" \/>\n<meta property=\"og:url\" content=\"https:\/\/csm-danmark.dk\/syd\/kontakt\/administration\/\" \/>\n<meta property=\"og:site_name\" content=\"CSM: Syd\" \/>\n<meta property=\"article:modified_time\" content=\"2026-01-05T07:14:04+00:00\" \/>\n<meta name=\"twitter:card\" content=\"summary_large_image\" \/>\n<meta name=\"twitter:label1\" content=\"Estimeret l\u00e6setid\" \/>\n\t<meta name=\"twitter:data1\" content=\"2 minutter\" \/>\n<script type=\"application\/ld+json\" class=\"yoast-schema-graph\">{\"@context\":\"https:\/\/schema.org\",\"@graph\":[{\"@type\":\"WebPage\",\"@id\":\"https:\/\/csm-danmark.dk\/syd\/kontakt\/administration\/\",\"url\":\"https:\/\/csm-danmark.dk\/syd\/kontakt\/administration\/\",\"name\":\"Kontakt CSM Syd - CSM: Syd\",\"isPartOf\":{\"@id\":\"https:\/\/csm-danmark.dk\/syd\/#website\"},\"datePublished\":\"2018-05-30T06:32:08+00:00\",\"dateModified\":\"2026-01-05T07:14:04+00:00\",\"breadcrumb\":{\"@id\":\"https:\/\/csm-danmark.dk\/syd\/kontakt\/administration\/#breadcrumb\"},\"inLanguage\":\"da-DK\",\"potentialAction\":[{\"@type\":\"ReadAction\",\"target\":[\"https:\/\/csm-danmark.dk\/syd\/kontakt\/administration\/\"]}]},{\"@type\":\"BreadcrumbList\",\"@id\":\"https:\/\/csm-danmark.dk\/syd\/kontakt\/administration\/#breadcrumb\",\"itemListElement\":[{\"@type\":\"ListItem\",\"position\":1,\"name\":\"Home\",\"item\":\"https:\/\/csm-danmark.dk\/syd\/\"},{\"@type\":\"ListItem\",\"position\":2,\"name\":\"Kontakt\",\"item\":\"https:\/\/csm-danmark.dk\/syd\/kontakt\/\"},{\"@type\":\"ListItem\",\"position\":3,\"name\":\"Kontakt CSM Syd\"}]},{\"@type\":\"WebSite\",\"@id\":\"https:\/\/csm-danmark.dk\/syd\/#website\",\"url\":\"https:\/\/csm-danmark.dk\/syd\/\",\"name\":\"CSM: Syd\",\"description\":\"Center for Seksuelt Misbrugte\",\"potentialAction\":[{\"@type\":\"SearchAction\",\"target\":{\"@type\":\"EntryPoint\",\"urlTemplate\":\"https:\/\/csm-danmark.dk\/syd\/?s={search_term_string}\"},\"query-input\":{\"@type\":\"PropertyValueSpecification\",\"valueRequired\":true,\"valueName\":\"search_term_string\"}}],\"inLanguage\":\"da-DK\"}]}<\/script>\n<!-- \/ Yoast SEO plugin. -->","yoast_head_json":{"title":"Kontakt CSM Syd - CSM: Syd","robots":{"index":"index","follow":"follow","max-snippet":"max-snippet:-1","max-image-preview":"max-image-preview:large","max-video-preview":"max-video-preview:-1"},"canonical":"https:\/\/csm-danmark.dk\/syd\/kontakt\/administration\/","og_locale":"da_DK","og_type":"article","og_title":"Kontakt CSM Syd - CSM: Syd","og_description":"CSM Syd &#8211; Behandling Det er her, du skal ringe til, hvis du gerne vil h\u00f8re om muligheden for at komme i behandling i b\u00e5de Odense og Vojens. Her sidder psykologerne, som varetager psykologbehandlingen. Herunder finder du telefonnummer til administrationen i behandlingssektionen.\u00a0 \u00a0 Behandlingssektionens administration varetager de praktiske og organisatoriske forhold og fungerer som koordinerende [&hellip;]","og_url":"https:\/\/csm-danmark.dk\/syd\/kontakt\/administration\/","og_site_name":"CSM: Syd","article_modified_time":"2026-01-05T07:14:04+00:00","twitter_card":"summary_large_image","twitter_misc":{"Estimeret l\u00e6setid":"2 minutter"},"schema":{"@context":"https:\/\/schema.org","@graph":[{"@type":"WebPage","@id":"https:\/\/csm-danmark.dk\/syd\/kontakt\/administration\/","url":"https:\/\/csm-danmark.dk\/syd\/kontakt\/administration\/","name":"Kontakt CSM Syd - CSM: Syd","isPartOf":{"@id":"https:\/\/csm-danmark.dk\/syd\/#website"},"datePublished":"2018-05-30T06:32:08+00:00","dateModified":"2026-01-05T07:14:04+00:00","breadcrumb":{"@id":"https:\/\/csm-danmark.dk\/syd\/kontakt\/administration\/#breadcrumb"},"inLanguage":"da-DK","potentialAction":[{"@type":"ReadAction","target":["https:\/\/csm-danmark.dk\/syd\/kontakt\/administration\/"]}]},{"@type":"BreadcrumbList","@id":"https:\/\/csm-danmark.dk\/syd\/kontakt\/administration\/#breadcrumb","itemListElement":[{"@type":"ListItem","position":1,"name":"Home","item":"https:\/\/csm-danmark.dk\/syd\/"},{"@type":"ListItem","position":2,"name":"Kontakt","item":"https:\/\/csm-danmark.dk\/syd\/kontakt\/"},{"@type":"ListItem","position":3,"name":"Kontakt CSM Syd"}]},{"@type":"WebSite","@id":"https:\/\/csm-danmark.dk\/syd\/#website","url":"https:\/\/csm-danmark.dk\/syd\/","name":"CSM: Syd","description":"Center for Seksuelt Misbrugte","potentialAction":[{"@type":"SearchAction","target":{"@type":"EntryPoint","urlTemplate":"https:\/\/csm-danmark.dk\/syd\/?s={search_term_string}"},"query-input":{"@type":"PropertyValueSpecification","valueRequired":true,"valueName":"search_term_string"}}],"inLanguage":"da-DK"}]}},"_links":{"self":[{"href":"https:\/\/csm-danmark.dk\/syd\/wp-json\/wp\/v2\/pages\/1508","targetHints":{"allow":["GET"]}}],"collection":[{"href":"https:\/\/csm-danmark.dk\/syd\/wp-json\/wp\/v2\/pages"}],"about":[{"href":"https:\/\/csm-danmark.dk\/syd\/wp-json\/wp\/v2\/types\/page"}],"author":[{"embeddable":true,"href":"https:\/\/csm-danmark.dk\/syd\/wp-json\/wp\/v2\/users\/12"}],"replies":[{"embeddable":true,"href":"https:\/\/csm-danmark.dk\/syd\/wp-json\/wp\/v2\/comments?post=1508"}],"version-history":[{"count":48,"href":"https:\/\/csm-danmark.dk\/syd\/wp-json\/wp\/v2\/pages\/1508\/revisions"}],"predecessor-version":[{"id":2769,"href":"https:\/\/csm-danmark.dk\/syd\/wp-json\/wp\/v2\/pages\/1508\/revisions\/2769"}],"up":[{"embeddable":true,"href":"https:\/\/csm-danmark.dk\/syd\/wp-json\/wp\/v2\/pages\/1505"}],"wp:attachment":[{"href":"https:\/\/csm-danmark.dk\/syd\/wp-json\/wp\/v2\/media?parent=1508"}],"curies":[{"name":"wp","href":"https:\/\/api.w.org\/{rel}","templated":true}]}}