{"id":1480,"date":"2018-05-29T13:35:47","date_gmt":"2018-05-29T13:35:47","guid":{"rendered":"http:\/\/csm-danmark.dk.dedi5085.your-server.de\/syd\/?page_id=1480"},"modified":"2018-06-14T12:03:53","modified_gmt":"2018-06-14T12:03:53","slug":"vedtaegter","status":"publish","type":"page","link":"https:\/\/csm-danmark.dk\/syd\/om-csm-syd\/vedtaegter\/","title":{"rendered":"Vedt\u00e6gter"},"content":{"rendered":"<h5 style=\"text-align: center;\">VEDT\u00c6GTER<br \/>\nfor<br \/>\nDen selvejende insititution<br \/>\nCenter for Seksuelt Misbrugte (CSM) Syd \u2013 Behandlingssektion<\/h5>\n<p><strong><i class=\"fa fa-usd \" ><\/i> <\/strong><strong>1 Navn og hjemsted<br \/>\n<\/strong><strong><i class=\"fa fa-usd \" ><\/i>\u00a0<\/strong>1 \u2013 Den selvejende institution \u201dCenter for Seksuelt Misbrugte, Syd \u2013 Behandlingssektion\u201d (CSM Syd \u2013 Behandlingssektion), har hjemsted i Odense Kommune, Region Syddanmark.<\/p>\n<p><strong><i class=\"fa fa-usd \" ><\/i> 2 Form\u00e5l<br \/>\n<i class=\"fa fa-usd \" ><\/i>\u00a0<\/strong>2.1 \u2013 CSM Syd \u2013 Behandlingssektion form\u00e5l er at tilbyde voksne med senf\u00f8lger efter seksuelle overgreb i deres barndom en sammenh\u00e6ngende helhedsorienteret indsats gennem r\u00e5dgivning, st\u00f8tte og behandling med henblik p\u00e5, at:<br \/>\n&#8211;\u00a0 \u00a0Forbedre m\u00e5lgruppens aktuelle livssituation i forhold til at reducere de fysiske, psykiske og sociale skadevirkninger af overgrebene.<br \/>\n&#8211;\u00a0 \u00a0Forbedre m\u00e5lgruppens muligheder for at opn\u00e5 og fastholde arbejdsmarkedstilknytning.<br \/>\n&#8211;\u00a0 \u00a0Bryde uhensigtsm\u00e6ssige tanke- og handlem\u00f8nstre til familie- og socialt liv.<\/p>\n<p><i class=\"fa fa-usd \" ><\/i> 2.2 \u2013 Centerets \u00f8vrige form\u00e5l er, at:<br \/>\n&#8211;\u00a0 \u00a0 Medvirke til en fortsat synligg\u00f8relse og styrkelse af de eksisterende offentlige, private og frivillige tilbud til mennesker med senf\u00f8lger i Region Syddanmark.<br \/>\n&#8211;\u00a0 \u00a0 Indg\u00e5 i et t\u00e6t samarbejde med kommunerne i Region Syd og Region Syd Psykiatrien med henblik p\u00e5 at etablerer et t\u00e6t samarbejde jf. \u00a72.1.<br \/>\n&#8211;\u00a0 \u00a0 Medvirke til videns- og erfaringsopsamling samt formidling omkring senf\u00f8lger efter seksuelle overgreb.<br \/>\n&#8211;\u00a0 \u00a0 Fastholde og videreudvikle samarbejde med de \u00f8vrige centre for seksuelt misbrugte p\u00e5 landsplan, jf. samarbejdsaftale underskrevet den 16. januar 2018.<br \/>\n&#8211;\u00a0 \u00a0 Fastholde og styrke samarbejde mellem CSM Syd \u2013 Behandlingssektion og CSM Syd \u2013 Frivilligsektion med henblik p\u00e5 at yde bedst mulig r\u00e5dgivning og vejledning omkring st\u00f8tte og behandlingsmuligheder jf. samarbejdsaftale indg\u00e5et 13. juni 2017.<\/p>\n<p><strong><i class=\"fa fa-usd \" ><\/i> 3 M\u00e5lgruppe<br \/>\n<i class=\"fa fa-usd \" ><\/i>\u00a0<\/strong>3 \u2013 Centeret m\u00e5lgruppe er voksne med senf\u00f8lger, som har v\u00e6ret udsat for incest eller andre former for seksuelle kr\u00e6nkelser i deres barn- eller ungdom, og som er bosiddende i Region Syddanmark.<\/p>\n<p><strong><i class=\"fa fa-usd \" ><\/i> 4 Bestyrelse<br \/>\n<i class=\"fa fa-usd \" ><\/i>\u00a0<\/strong>4 \u2013 Bestyrelsen er CSM Syd \u2013 Behandlingssektions \u00f8verste myndighed, og har s\u00e5ledes den overordnede ledelse og \u00f8konomiske ansvar for den selvejende institution.<\/p>\n<p><i class=\"fa fa-usd \" ><\/i> 4.1 \u2013 Bestyrelsen best\u00e5r af syv medlemmer, alle med stemmeret. Derudover deltager leder og en medarbejderrepr\u00e6sentant, uden stemmeret, men med taleret, i bestyrelsens m\u00f8der.<\/p>\n<p><i class=\"fa fa-usd \" ><\/i> 4.2 \u2013 Bestyrelsen er selvsupplerende \u2013 nye medlemmer til bestyrelsen udpeges af den siddende bestyrelse. Det tilstr\u00e6bes, at bestyrelsen er bredt sammensat i forhold til faglig, organisatorisk, formidlingsm\u00e6ssig ekspertise og med repr\u00e6sentation fra Region Syddanmark.<\/p>\n<p><i class=\"fa fa-usd \" ><\/i> 4.3 \u2013 Medlemmerne udpeges for en to\u00e5rig periode med efterf\u00f8lgende mulighed for udpegning for en ny periode.<\/p>\n<p><i class=\"fa fa-usd \" ><\/i> 4.3.1 \u2013 Et medlem kan til enhver tid tr\u00e6de ud af bestyrelsen<\/p>\n<p><i class=\"fa fa-usd \" ><\/i> 4.3.2 \u2013 Et bestyrelsesmedlem skal tr\u00e6de ud af bestyrelsen, hvis minimum fem \u00f8vrige medlemmer stemmer for det.<\/p>\n<p><i class=\"fa fa-usd \" ><\/i> 4.4 \u2013 Formanden konstituerer sig selv med formand og n\u00e6stformand.<\/p>\n<p><i class=\"fa fa-usd \" ><\/i> 4.5 \u2013 Bestyrelsen fasts\u00e6tter selv sin forretningsorden.<\/p>\n<p><i class=\"fa fa-usd \" ><\/i> 4.6 \u2013 Bestyrelsen afholder mindst fire m\u00f8der om \u00e5ret. Bestyrelsen kan ekstraordin\u00e6rt indkaldes, n\u00e5r formanden eller to medlemmer \u00f8nsker dette.<\/p>\n<p><i class=\"fa fa-usd \" ><\/i> 4.7 \u2013 Bestyrelsen tr\u00e6ffer beslutning ved stemmeflertal. Ved stemmelighed er det formandens stemme, der er afg\u00f8rende.<\/p>\n<p><i class=\"fa fa-usd \" ><\/i> 4.8 \u2013 Bestyrelsen ans\u00e6tter en leder, der varetager den daglige ledelse. Ans\u00e6ttelse af leder sker efter indstilling fra et ans\u00e6ttelsesudvalg sammensat af bestyrelsesmedlemmer og med repr\u00e6sentation af centerets personale. Bestyrelsen er ligeledes ansvarlig for eventuel afskedigelse af ledelsen.<\/p>\n<p><i class=\"fa fa-usd \" ><\/i> 4.9 \u2013 Bestyrelsen p\u00e5ser, at de administrative og \u00f8konomiske anliggender varetages under hensyn til centerets form\u00e5l. Indg\u00e5else og oph\u00e6velse af aftaler, der r\u00e6kker ud over daglig ledelse og drift, kr\u00e6ver bestyrelsens tilslutning.<\/p>\n<p><i class=\"fa fa-usd \" ><\/i> 4.10 \u2013 Bestyrelsen godkender det \u00e5rlige regnskab og sikrer, at der udf\u00e6rdiges en status over centerets aktiviteter i det forl\u00f8bne \u00e5r. Regnskab og status sendes til bevillingsgivere til orientering.<\/p>\n<p>B\u00f8rne- og Socialministeriet og Odense Kommune orienteres om, hvem der bestrider formandsposten og bestyrelsens sammens\u00e6tning. Budget, regnskab og vedt\u00e6gter fremsendes til bevillingsgivere.<\/p>\n<p><strong><i class=\"fa fa-usd \" ><\/i> 5 Ledelse<br \/>\n<i class=\"fa fa-usd \" ><\/i>\u00a0<\/strong>5 \u2013 Lederen varetager den daglige ledelse af centeret og skal dermed f\u00f8lge de retningslinjer og anvisninger, som bestyrelsen har givet.<\/p>\n<p><i class=\"fa fa-usd \" ><\/i> 5.1 \u2013 Lederes ans\u00e6tter og afskediger medarbejdere i samr\u00e5d med bestyrelsen, inden for rammerne af det af bestyrelsen fastlagte budget.<\/p>\n<p><strong><i class=\"fa fa-usd \" ><\/i> 6 Tegningsret<br \/>\n<i class=\"fa fa-usd \" ><\/i>\u00a0<\/strong>6 \u2013 Bestyrelsesformand og leder tegner i forening centerets \u00f8konomiske og juridiske forhold. Ved formandens frav\u00e6r tegnes bestyrelsen af n\u00e6stformanden og lederes.<\/p>\n<p>Eksempelvis ved indg\u00e5else af forpligtende aftaler i forhold til anden part (Ministeriet, Regionen, Kommuner), som har politiske og\/eller \u00f8konomiske konsekvenser.<\/p>\n<p><strong><i class=\"fa fa-usd \" ><\/i> 7 Budget og regnskab<br \/>\n<i class=\"fa fa-usd \" ><\/i>\u00a0<\/strong>7 \u2013 Institutionens regnskab f\u00f8lger kalender\u00e5ret. Der er indg\u00e5et en samarbejdsaftale med KFUM vedr. udarbejdelse af regnskab og revision jf. samarbejdsaftale af XX.<\/p>\n<p><i class=\"fa fa-usd \" ><\/i> 7.1 \u2013 Bestyrelsen har det overordnede ansvar for, at budgettet overholdes, og at pengene anvendes til de givne form\u00e5l jf. \u00a72 og \u00a74.<\/p>\n<p><strong><i class=\"fa fa-usd \" ><\/i> 8 \u00c6ndring af vedt\u00e6gterne<br \/>\n<i class=\"fa fa-usd \" ><\/i>\u00a0<\/strong>8 \u2013 \u00c6ndring af vedt\u00e6gterne kr\u00e6ver, at minimum fem ud af syv af bestyrelsens syv medlemmer stemmer for vedt\u00e6gts\u00e6ndringerne.<\/p>\n<p><strong><i class=\"fa fa-usd \" ><\/i> 9 Nedl\u00e6ggelse af Centeret<br \/>\n<i class=\"fa fa-usd \" ><\/i>\u00a0<\/strong>9 \u2013 Nedl\u00e6ggelse af Center for Seksuelt Misbrugte Syd \u2013 Behandlingssektion afg\u00f8res af den samlede bestyrelse. Eventuelle aktiver overg\u00e5r til almene sociale form\u00e5l efter n\u00e6rmere aftale med bevillingsgiverne.<\/p>\n","protected":false},"excerpt":{"rendered":"<p>VEDT\u00c6GTER for Den selvejende insititution Center for Seksuelt Misbrugte (CSM) Syd \u2013 Behandlingssektion 1 Navn og hjemsted \u00a01 \u2013 Den selvejende institution \u201dCenter for Seksuelt Misbrugte, Syd \u2013 Behandlingssektion\u201d (CSM Syd \u2013 Behandlingssektion), har hjemsted i Odense Kommune, Region Syddanmark. 2 Form\u00e5l \u00a02.1 \u2013 CSM Syd \u2013 Behandlingssektion form\u00e5l er at tilbyde voksne med senf\u00f8lger [&hellip;]<\/p>\n","protected":false},"author":12,"featured_media":0,"parent":1070,"menu_order":9,"comment_status":"closed","ping_status":"closed","template":"","meta":{"_acf_changed":false,"footnotes":""},"class_list":["post-1480","page","type-page","status-publish","hentry"],"acf":[],"yoast_head":"<!-- This site is optimized with the Yoast SEO plugin v27.6 - https:\/\/yoast.com\/product\/yoast-seo-wordpress\/ -->\n<title>Vedt\u00e6gter - CSM: Syd<\/title>\n<meta name=\"robots\" content=\"index, follow, max-snippet:-1, max-image-preview:large, max-video-preview:-1\" \/>\n<link rel=\"canonical\" href=\"https:\/\/csm-danmark.dk\/syd\/om-csm-syd\/vedtaegter\/\" \/>\n<meta property=\"og:locale\" content=\"da_DK\" \/>\n<meta property=\"og:type\" content=\"article\" \/>\n<meta property=\"og:title\" content=\"Vedt\u00e6gter - CSM: Syd\" \/>\n<meta property=\"og:description\" content=\"VEDT\u00c6GTER for Den selvejende insititution Center for Seksuelt Misbrugte (CSM) Syd \u2013 Behandlingssektion 1 Navn og hjemsted \u00a01 \u2013 Den selvejende institution \u201dCenter for Seksuelt Misbrugte, Syd \u2013 Behandlingssektion\u201d (CSM Syd \u2013 Behandlingssektion), har hjemsted i Odense Kommune, Region Syddanmark. 2 Form\u00e5l \u00a02.1 \u2013 CSM Syd \u2013 Behandlingssektion form\u00e5l er at tilbyde voksne med senf\u00f8lger [&hellip;]\" \/>\n<meta property=\"og:url\" content=\"https:\/\/csm-danmark.dk\/syd\/om-csm-syd\/vedtaegter\/\" \/>\n<meta property=\"og:site_name\" content=\"CSM: Syd\" \/>\n<meta property=\"article:modified_time\" content=\"2018-06-14T12:03:53+00:00\" \/>\n<meta name=\"twitter:card\" content=\"summary_large_image\" \/>\n<meta name=\"twitter:label1\" content=\"Estimeret l\u00e6setid\" \/>\n\t<meta name=\"twitter:data1\" content=\"5 minutter\" \/>\n<script type=\"application\/ld+json\" class=\"yoast-schema-graph\">{\"@context\":\"https:\\\/\\\/schema.org\",\"@graph\":[{\"@type\":\"WebPage\",\"@id\":\"https:\\\/\\\/csm-danmark.dk\\\/syd\\\/om-csm-syd\\\/vedtaegter\\\/\",\"url\":\"https:\\\/\\\/csm-danmark.dk\\\/syd\\\/om-csm-syd\\\/vedtaegter\\\/\",\"name\":\"Vedt\u00e6gter - CSM: Syd\",\"isPartOf\":{\"@id\":\"https:\\\/\\\/csm-danmark.dk\\\/syd\\\/#website\"},\"datePublished\":\"2018-05-29T13:35:47+00:00\",\"dateModified\":\"2018-06-14T12:03:53+00:00\",\"breadcrumb\":{\"@id\":\"https:\\\/\\\/csm-danmark.dk\\\/syd\\\/om-csm-syd\\\/vedtaegter\\\/#breadcrumb\"},\"inLanguage\":\"da-DK\",\"potentialAction\":[{\"@type\":\"ReadAction\",\"target\":[\"https:\\\/\\\/csm-danmark.dk\\\/syd\\\/om-csm-syd\\\/vedtaegter\\\/\"]}]},{\"@type\":\"BreadcrumbList\",\"@id\":\"https:\\\/\\\/csm-danmark.dk\\\/syd\\\/om-csm-syd\\\/vedtaegter\\\/#breadcrumb\",\"itemListElement\":[{\"@type\":\"ListItem\",\"position\":1,\"name\":\"Home\",\"item\":\"https:\\\/\\\/csm-danmark.dk\\\/syd\\\/\"},{\"@type\":\"ListItem\",\"position\":2,\"name\":\"Om CSM Syd\",\"item\":\"https:\\\/\\\/csm-danmark.dk\\\/syd\\\/om-csm-syd\\\/\"},{\"@type\":\"ListItem\",\"position\":3,\"name\":\"Vedt\u00e6gter\"}]},{\"@type\":\"WebSite\",\"@id\":\"https:\\\/\\\/csm-danmark.dk\\\/syd\\\/#website\",\"url\":\"https:\\\/\\\/csm-danmark.dk\\\/syd\\\/\",\"name\":\"CSM: Syd\",\"description\":\"Center for Seksuelt Misbrugte\",\"potentialAction\":[{\"@type\":\"SearchAction\",\"target\":{\"@type\":\"EntryPoint\",\"urlTemplate\":\"https:\\\/\\\/csm-danmark.dk\\\/syd\\\/?s={search_term_string}\"},\"query-input\":{\"@type\":\"PropertyValueSpecification\",\"valueRequired\":true,\"valueName\":\"search_term_string\"}}],\"inLanguage\":\"da-DK\"}]}<\/script>\n<!-- \/ Yoast SEO plugin. -->","yoast_head_json":{"title":"Vedt\u00e6gter - CSM: Syd","robots":{"index":"index","follow":"follow","max-snippet":"max-snippet:-1","max-image-preview":"max-image-preview:large","max-video-preview":"max-video-preview:-1"},"canonical":"https:\/\/csm-danmark.dk\/syd\/om-csm-syd\/vedtaegter\/","og_locale":"da_DK","og_type":"article","og_title":"Vedt\u00e6gter - CSM: Syd","og_description":"VEDT\u00c6GTER for Den selvejende insititution Center for Seksuelt Misbrugte (CSM) Syd \u2013 Behandlingssektion 1 Navn og hjemsted \u00a01 \u2013 Den selvejende institution \u201dCenter for Seksuelt Misbrugte, Syd \u2013 Behandlingssektion\u201d (CSM Syd \u2013 Behandlingssektion), har hjemsted i Odense Kommune, Region Syddanmark. 2 Form\u00e5l \u00a02.1 \u2013 CSM Syd \u2013 Behandlingssektion form\u00e5l er at tilbyde voksne med senf\u00f8lger [&hellip;]","og_url":"https:\/\/csm-danmark.dk\/syd\/om-csm-syd\/vedtaegter\/","og_site_name":"CSM: Syd","article_modified_time":"2018-06-14T12:03:53+00:00","twitter_card":"summary_large_image","twitter_misc":{"Estimeret l\u00e6setid":"5 minutter"},"schema":{"@context":"https:\/\/schema.org","@graph":[{"@type":"WebPage","@id":"https:\/\/csm-danmark.dk\/syd\/om-csm-syd\/vedtaegter\/","url":"https:\/\/csm-danmark.dk\/syd\/om-csm-syd\/vedtaegter\/","name":"Vedt\u00e6gter - CSM: Syd","isPartOf":{"@id":"https:\/\/csm-danmark.dk\/syd\/#website"},"datePublished":"2018-05-29T13:35:47+00:00","dateModified":"2018-06-14T12:03:53+00:00","breadcrumb":{"@id":"https:\/\/csm-danmark.dk\/syd\/om-csm-syd\/vedtaegter\/#breadcrumb"},"inLanguage":"da-DK","potentialAction":[{"@type":"ReadAction","target":["https:\/\/csm-danmark.dk\/syd\/om-csm-syd\/vedtaegter\/"]}]},{"@type":"BreadcrumbList","@id":"https:\/\/csm-danmark.dk\/syd\/om-csm-syd\/vedtaegter\/#breadcrumb","itemListElement":[{"@type":"ListItem","position":1,"name":"Home","item":"https:\/\/csm-danmark.dk\/syd\/"},{"@type":"ListItem","position":2,"name":"Om CSM Syd","item":"https:\/\/csm-danmark.dk\/syd\/om-csm-syd\/"},{"@type":"ListItem","position":3,"name":"Vedt\u00e6gter"}]},{"@type":"WebSite","@id":"https:\/\/csm-danmark.dk\/syd\/#website","url":"https:\/\/csm-danmark.dk\/syd\/","name":"CSM: Syd","description":"Center for Seksuelt Misbrugte","potentialAction":[{"@type":"SearchAction","target":{"@type":"EntryPoint","urlTemplate":"https:\/\/csm-danmark.dk\/syd\/?s={search_term_string}"},"query-input":{"@type":"PropertyValueSpecification","valueRequired":true,"valueName":"search_term_string"}}],"inLanguage":"da-DK"}]}},"_links":{"self":[{"href":"https:\/\/csm-danmark.dk\/syd\/wp-json\/wp\/v2\/pages\/1480","targetHints":{"allow":["GET"]}}],"collection":[{"href":"https:\/\/csm-danmark.dk\/syd\/wp-json\/wp\/v2\/pages"}],"about":[{"href":"https:\/\/csm-danmark.dk\/syd\/wp-json\/wp\/v2\/types\/page"}],"author":[{"embeddable":true,"href":"https:\/\/csm-danmark.dk\/syd\/wp-json\/wp\/v2\/users\/12"}],"replies":[{"embeddable":true,"href":"https:\/\/csm-danmark.dk\/syd\/wp-json\/wp\/v2\/comments?post=1480"}],"version-history":[{"count":2,"href":"https:\/\/csm-danmark.dk\/syd\/wp-json\/wp\/v2\/pages\/1480\/revisions"}],"predecessor-version":[{"id":1596,"href":"https:\/\/csm-danmark.dk\/syd\/wp-json\/wp\/v2\/pages\/1480\/revisions\/1596"}],"up":[{"embeddable":true,"href":"https:\/\/csm-danmark.dk\/syd\/wp-json\/wp\/v2\/pages\/1070"}],"wp:attachment":[{"href":"https:\/\/csm-danmark.dk\/syd\/wp-json\/wp\/v2\/media?parent=1480"}],"curies":[{"name":"wp","href":"https:\/\/api.w.org\/{rel}","templated":true}]}}