{"id":1464,"date":"2018-05-29T13:35:03","date_gmt":"2018-05-29T13:35:03","guid":{"rendered":"http:\/\/csm-danmark.dk.dedi5085.your-server.de\/syd\/?page_id=1464"},"modified":"2018-09-07T10:49:08","modified_gmt":"2018-09-07T10:49:08","slug":"formal","status":"publish","type":"page","link":"https:\/\/csm-danmark.dk\/syd\/om-csm-syd\/formal\/","title":{"rendered":"Form\u00e5l"},"content":{"rendered":"<h5>Vores form\u00e5l er:<\/h5>\n<p>&#8211;\u00a0 \u00a0at den seksuelt misbrugte igennem terapi erhverver kompetencer til at fungere bedre i arbejdsm\u00e6ssige, sociale og familiem\u00e6ssige sammenh\u00e6nge.<\/p>\n<p>&#8211;\u00a0 \u00a0at den seksuelt misbrugte sammen med en psykolog kan l\u00e6gge en behandlingsplan og eventuelt kan f\u00e5 st\u00f8tte fra frivillige tilbud til seksuelt misbrugte i Region Syddanmark.<\/p>\n<p>&#8211;\u00a0 \u00a0at arbejde for en fortsat synligg\u00f8relse og styrkelse af de eksisterende offentlige, private og frivillige tilbud til seksuelt misbrugte i Region Syddanmark.<\/p>\n<p>&#8211;\u00a0 \u00a0at give den almene l\u00e6gepraksis, hospitalsv\u00e6senet samt \u00f8vrige fagfolk mulighed for at henvise seksuelt misbrugte til et m\u00e5lrettet behandlingstilbud.<\/p>\n<p>&#8211;\u00a0 \u00a0at medvirke til videns- og erfaringsopsamling samt formidling om incestbehandling.<\/p>\n<p>&#8211;\u00a0 \u00a0at bibeholde og udbygge den anvendte samarbejdsmodel mellem professionelle og frivillige med henblik p\u00e5, at den seksuelt misbrugte f\u00e5r den bedst mulige r\u00e5dgivning og vejledning omkring relevante st\u00f8tte- og behandlingsmuligheder.<\/p>\n","protected":false},"excerpt":{"rendered":"<p>Vores form\u00e5l er: &#8211;\u00a0 \u00a0at den seksuelt misbrugte igennem terapi erhverver kompetencer til at fungere bedre i arbejdsm\u00e6ssige, sociale og familiem\u00e6ssige sammenh\u00e6nge. &#8211;\u00a0 \u00a0at den seksuelt misbrugte sammen med en psykolog kan l\u00e6gge en behandlingsplan og eventuelt kan f\u00e5 st\u00f8tte fra frivillige tilbud til seksuelt misbrugte i Region Syddanmark. &#8211;\u00a0 \u00a0at arbejde for en fortsat [&hellip;]<\/p>\n","protected":false},"author":12,"featured_media":11,"parent":1070,"menu_order":11,"comment_status":"closed","ping_status":"closed","template":"","meta":{"_acf_changed":false,"footnotes":""},"class_list":["post-1464","page","type-page","status-publish","has-post-thumbnail","hentry"],"acf":[],"yoast_head":"<!-- This site is optimized with the Yoast SEO plugin v26.6 - https:\/\/yoast.com\/wordpress\/plugins\/seo\/ -->\n<title>Form\u00e5l - CSM: Syd<\/title>\n<meta name=\"robots\" content=\"index, follow, max-snippet:-1, max-image-preview:large, max-video-preview:-1\" \/>\n<link rel=\"canonical\" href=\"https:\/\/csm-danmark.dk\/syd\/om-csm-syd\/formal\/\" \/>\n<meta property=\"og:locale\" content=\"da_DK\" \/>\n<meta property=\"og:type\" content=\"article\" \/>\n<meta property=\"og:title\" content=\"Form\u00e5l - CSM: Syd\" \/>\n<meta property=\"og:description\" content=\"Vores form\u00e5l er: &#8211;\u00a0 \u00a0at den seksuelt misbrugte igennem terapi erhverver kompetencer til at fungere bedre i arbejdsm\u00e6ssige, sociale og familiem\u00e6ssige sammenh\u00e6nge. &#8211;\u00a0 \u00a0at den seksuelt misbrugte sammen med en psykolog kan l\u00e6gge en behandlingsplan og eventuelt kan f\u00e5 st\u00f8tte fra frivillige tilbud til seksuelt misbrugte i Region Syddanmark. &#8211;\u00a0 \u00a0at arbejde for en fortsat [&hellip;]\" \/>\n<meta property=\"og:url\" content=\"https:\/\/csm-danmark.dk\/syd\/om-csm-syd\/formal\/\" \/>\n<meta property=\"og:site_name\" content=\"CSM: Syd\" \/>\n<meta property=\"article:modified_time\" content=\"2018-09-07T10:49:08+00:00\" \/>\n<meta property=\"og:image\" content=\"https:\/\/csm-danmark.dk\/syd\/wp-content\/uploads\/sites\/6\/2018\/04\/faq-rt-pic.jpg\" \/>\n\t<meta property=\"og:image:width\" content=\"533\" \/>\n\t<meta property=\"og:image:height\" content=\"258\" \/>\n\t<meta property=\"og:image:type\" content=\"image\/jpeg\" \/>\n<meta name=\"twitter:card\" content=\"summary_large_image\" \/>\n<meta name=\"twitter:label1\" content=\"Estimeret l\u00e6setid\" \/>\n\t<meta name=\"twitter:data1\" content=\"1 minut\" \/>\n<script type=\"application\/ld+json\" class=\"yoast-schema-graph\">{\"@context\":\"https:\/\/schema.org\",\"@graph\":[{\"@type\":\"WebPage\",\"@id\":\"https:\/\/csm-danmark.dk\/syd\/om-csm-syd\/formal\/\",\"url\":\"https:\/\/csm-danmark.dk\/syd\/om-csm-syd\/formal\/\",\"name\":\"Form\u00e5l - CSM: Syd\",\"isPartOf\":{\"@id\":\"https:\/\/csm-danmark.dk\/syd\/#website\"},\"primaryImageOfPage\":{\"@id\":\"https:\/\/csm-danmark.dk\/syd\/om-csm-syd\/formal\/#primaryimage\"},\"image\":{\"@id\":\"https:\/\/csm-danmark.dk\/syd\/om-csm-syd\/formal\/#primaryimage\"},\"thumbnailUrl\":\"https:\/\/csm-danmark.dk\/syd\/wp-content\/uploads\/sites\/6\/2018\/04\/faq-rt-pic.jpg\",\"datePublished\":\"2018-05-29T13:35:03+00:00\",\"dateModified\":\"2018-09-07T10:49:08+00:00\",\"breadcrumb\":{\"@id\":\"https:\/\/csm-danmark.dk\/syd\/om-csm-syd\/formal\/#breadcrumb\"},\"inLanguage\":\"da-DK\",\"potentialAction\":[{\"@type\":\"ReadAction\",\"target\":[\"https:\/\/csm-danmark.dk\/syd\/om-csm-syd\/formal\/\"]}]},{\"@type\":\"ImageObject\",\"inLanguage\":\"da-DK\",\"@id\":\"https:\/\/csm-danmark.dk\/syd\/om-csm-syd\/formal\/#primaryimage\",\"url\":\"https:\/\/csm-danmark.dk\/syd\/wp-content\/uploads\/sites\/6\/2018\/04\/faq-rt-pic.jpg\",\"contentUrl\":\"https:\/\/csm-danmark.dk\/syd\/wp-content\/uploads\/sites\/6\/2018\/04\/faq-rt-pic.jpg\",\"width\":533,\"height\":258},{\"@type\":\"BreadcrumbList\",\"@id\":\"https:\/\/csm-danmark.dk\/syd\/om-csm-syd\/formal\/#breadcrumb\",\"itemListElement\":[{\"@type\":\"ListItem\",\"position\":1,\"name\":\"Home\",\"item\":\"https:\/\/csm-danmark.dk\/syd\/\"},{\"@type\":\"ListItem\",\"position\":2,\"name\":\"Om CSM Syd\",\"item\":\"https:\/\/csm-danmark.dk\/syd\/om-csm-syd\/\"},{\"@type\":\"ListItem\",\"position\":3,\"name\":\"Form\u00e5l\"}]},{\"@type\":\"WebSite\",\"@id\":\"https:\/\/csm-danmark.dk\/syd\/#website\",\"url\":\"https:\/\/csm-danmark.dk\/syd\/\",\"name\":\"CSM: Syd\",\"description\":\"Center for Seksuelt Misbrugte\",\"potentialAction\":[{\"@type\":\"SearchAction\",\"target\":{\"@type\":\"EntryPoint\",\"urlTemplate\":\"https:\/\/csm-danmark.dk\/syd\/?s={search_term_string}\"},\"query-input\":{\"@type\":\"PropertyValueSpecification\",\"valueRequired\":true,\"valueName\":\"search_term_string\"}}],\"inLanguage\":\"da-DK\"}]}<\/script>\n<!-- \/ Yoast SEO plugin. -->","yoast_head_json":{"title":"Form\u00e5l - CSM: Syd","robots":{"index":"index","follow":"follow","max-snippet":"max-snippet:-1","max-image-preview":"max-image-preview:large","max-video-preview":"max-video-preview:-1"},"canonical":"https:\/\/csm-danmark.dk\/syd\/om-csm-syd\/formal\/","og_locale":"da_DK","og_type":"article","og_title":"Form\u00e5l - CSM: Syd","og_description":"Vores form\u00e5l er: &#8211;\u00a0 \u00a0at den seksuelt misbrugte igennem terapi erhverver kompetencer til at fungere bedre i arbejdsm\u00e6ssige, sociale og familiem\u00e6ssige sammenh\u00e6nge. &#8211;\u00a0 \u00a0at den seksuelt misbrugte sammen med en psykolog kan l\u00e6gge en behandlingsplan og eventuelt kan f\u00e5 st\u00f8tte fra frivillige tilbud til seksuelt misbrugte i Region Syddanmark. &#8211;\u00a0 \u00a0at arbejde for en fortsat [&hellip;]","og_url":"https:\/\/csm-danmark.dk\/syd\/om-csm-syd\/formal\/","og_site_name":"CSM: Syd","article_modified_time":"2018-09-07T10:49:08+00:00","og_image":[{"width":533,"height":258,"url":"https:\/\/csm-danmark.dk\/syd\/wp-content\/uploads\/sites\/6\/2018\/04\/faq-rt-pic.jpg","type":"image\/jpeg"}],"twitter_card":"summary_large_image","twitter_misc":{"Estimeret l\u00e6setid":"1 minut"},"schema":{"@context":"https:\/\/schema.org","@graph":[{"@type":"WebPage","@id":"https:\/\/csm-danmark.dk\/syd\/om-csm-syd\/formal\/","url":"https:\/\/csm-danmark.dk\/syd\/om-csm-syd\/formal\/","name":"Form\u00e5l - CSM: Syd","isPartOf":{"@id":"https:\/\/csm-danmark.dk\/syd\/#website"},"primaryImageOfPage":{"@id":"https:\/\/csm-danmark.dk\/syd\/om-csm-syd\/formal\/#primaryimage"},"image":{"@id":"https:\/\/csm-danmark.dk\/syd\/om-csm-syd\/formal\/#primaryimage"},"thumbnailUrl":"https:\/\/csm-danmark.dk\/syd\/wp-content\/uploads\/sites\/6\/2018\/04\/faq-rt-pic.jpg","datePublished":"2018-05-29T13:35:03+00:00","dateModified":"2018-09-07T10:49:08+00:00","breadcrumb":{"@id":"https:\/\/csm-danmark.dk\/syd\/om-csm-syd\/formal\/#breadcrumb"},"inLanguage":"da-DK","potentialAction":[{"@type":"ReadAction","target":["https:\/\/csm-danmark.dk\/syd\/om-csm-syd\/formal\/"]}]},{"@type":"ImageObject","inLanguage":"da-DK","@id":"https:\/\/csm-danmark.dk\/syd\/om-csm-syd\/formal\/#primaryimage","url":"https:\/\/csm-danmark.dk\/syd\/wp-content\/uploads\/sites\/6\/2018\/04\/faq-rt-pic.jpg","contentUrl":"https:\/\/csm-danmark.dk\/syd\/wp-content\/uploads\/sites\/6\/2018\/04\/faq-rt-pic.jpg","width":533,"height":258},{"@type":"BreadcrumbList","@id":"https:\/\/csm-danmark.dk\/syd\/om-csm-syd\/formal\/#breadcrumb","itemListElement":[{"@type":"ListItem","position":1,"name":"Home","item":"https:\/\/csm-danmark.dk\/syd\/"},{"@type":"ListItem","position":2,"name":"Om CSM Syd","item":"https:\/\/csm-danmark.dk\/syd\/om-csm-syd\/"},{"@type":"ListItem","position":3,"name":"Form\u00e5l"}]},{"@type":"WebSite","@id":"https:\/\/csm-danmark.dk\/syd\/#website","url":"https:\/\/csm-danmark.dk\/syd\/","name":"CSM: Syd","description":"Center for Seksuelt Misbrugte","potentialAction":[{"@type":"SearchAction","target":{"@type":"EntryPoint","urlTemplate":"https:\/\/csm-danmark.dk\/syd\/?s={search_term_string}"},"query-input":{"@type":"PropertyValueSpecification","valueRequired":true,"valueName":"search_term_string"}}],"inLanguage":"da-DK"}]}},"_links":{"self":[{"href":"https:\/\/csm-danmark.dk\/syd\/wp-json\/wp\/v2\/pages\/1464","targetHints":{"allow":["GET"]}}],"collection":[{"href":"https:\/\/csm-danmark.dk\/syd\/wp-json\/wp\/v2\/pages"}],"about":[{"href":"https:\/\/csm-danmark.dk\/syd\/wp-json\/wp\/v2\/types\/page"}],"author":[{"embeddable":true,"href":"https:\/\/csm-danmark.dk\/syd\/wp-json\/wp\/v2\/users\/12"}],"replies":[{"embeddable":true,"href":"https:\/\/csm-danmark.dk\/syd\/wp-json\/wp\/v2\/comments?post=1464"}],"version-history":[{"count":4,"href":"https:\/\/csm-danmark.dk\/syd\/wp-json\/wp\/v2\/pages\/1464\/revisions"}],"predecessor-version":[{"id":1571,"href":"https:\/\/csm-danmark.dk\/syd\/wp-json\/wp\/v2\/pages\/1464\/revisions\/1571"}],"up":[{"embeddable":true,"href":"https:\/\/csm-danmark.dk\/syd\/wp-json\/wp\/v2\/pages\/1070"}],"wp:featuredmedia":[{"embeddable":true,"href":"https:\/\/csm-danmark.dk\/syd\/wp-json\/wp\/v2\/media\/11"}],"wp:attachment":[{"href":"https:\/\/csm-danmark.dk\/syd\/wp-json\/wp\/v2\/media?parent=1464"}],"curies":[{"name":"wp","href":"https:\/\/api.w.org\/{rel}","templated":true}]}}