{"id":5615,"date":"2025-09-15T08:55:48","date_gmt":"2025-09-15T08:55:48","guid":{"rendered":"https:\/\/csm-danmark.dk\/ost\/?page_id=5615"},"modified":"2025-09-16T10:10:51","modified_gmt":"2025-09-16T10:10:51","slug":"fysioterapi","status":"publish","type":"page","link":"https:\/\/csm-danmark.dk\/ost\/psykologbehandling\/fysioterapi\/","title":{"rendered":"Fysioterapi"},"content":{"rendered":"\n\n\n<p><strong>I CSM \u00d8st tilbydes fysioterapeutisk behandling b\u00e5de individuelt og i gruppe.<\/strong><\/p>\n<p>Det kan v\u00e6re relevant at modtage fysioterapeutisk behandling, hvis du oplever nogle af f\u00f8lgende symptomer: nedsat kontakt til kroppen, angst, s\u00f8vnforstyrrelser, smerter, indre uro og ansp\u00e6ndthed.<\/p>\n<p>Den fysioterapeutiske behandling baserer sig prim\u00e6rt p\u00e5 metoden BBAT (Basic Body Awareness Therapy).<\/p>\n<p>BBAT er en n\u00e6nsom tr\u00e6ningsform, der har til form\u00e5l at \u00f8ge kropsbevidstheden, mindske ansp\u00e6ndthed og regulere nervesystemet. \u00a0<\/p>\n<p>BBAT-behandlingen best\u00e5r af rolige, enkle bev\u00e6gelser samt refleksion over oplevelser med bev\u00e6gelserne. Bev\u00e6gelserne kan foreg\u00e5 i liggende, siddende og st\u00e5ende stilling.<\/p>\n<p>I behandlingen vil der v\u00e6re fokus p\u00e5 at tr\u00e6ne opm\u00e6rksomhed og p\u00e5 at m\u00e6rke samt verbalisere kropslige sansninger, gr\u00e6nser og behov.<\/p>\n<p>Hvis du er interesseret i fysioterapeutisk behandling, kan du dr\u00f8fte det med din psykolog.<\/p>\n<p><strong>Du kan l\u00e6se mere om hvad BBAT-behandling er, p\u00e5 <a href=\"http:\/\/www.bodyawareness.dk\">www.bodyawareness.dk<\/a> og <a href=\"http:\/\/www.ibk.nu\">www.ibk.nu<\/a><\/strong><\/p>\n<p>\u00a0<\/p>\n","protected":false},"excerpt":{"rendered":"<p>I CSM \u00d8st tilbydes fysioterapeutisk behandling b\u00e5de individuelt og i gruppe. Det kan v\u00e6re relevant at modtage fysioterapeutisk behandling, hvis du oplever nogle af f\u00f8lgende symptomer: nedsat kontakt til kroppen, angst, s\u00f8vnforstyrrelser, smerter, indre uro og ansp\u00e6ndthed. Den fysioterapeutiske behandling baserer sig prim\u00e6rt p\u00e5 metoden BBAT (Basic Body Awareness Therapy). BBAT er en n\u00e6nsom tr\u00e6ningsform, [&hellip;]<\/p>\n","protected":false},"author":21,"featured_media":1783,"parent":228,"menu_order":0,"comment_status":"closed","ping_status":"closed","template":"","meta":{"_acf_changed":false,"footnotes":""},"class_list":["post-5615","page","type-page","status-publish","has-post-thumbnail","hentry"],"acf":[],"yoast_head":"<!-- This site is optimized with the Yoast SEO plugin v26.6 - https:\/\/yoast.com\/wordpress\/plugins\/seo\/ -->\n<title>Fysioterapi - CSM: \u00d8st<\/title>\n<meta name=\"robots\" content=\"index, follow, max-snippet:-1, max-image-preview:large, max-video-preview:-1\" \/>\n<link rel=\"canonical\" href=\"https:\/\/csm-danmark.dk\/ost\/psykologbehandling\/fysioterapi\/\" \/>\n<meta property=\"og:locale\" content=\"da_DK\" \/>\n<meta property=\"og:type\" content=\"article\" \/>\n<meta property=\"og:title\" content=\"Fysioterapi - CSM: \u00d8st\" \/>\n<meta property=\"og:description\" content=\"I CSM \u00d8st tilbydes fysioterapeutisk behandling b\u00e5de individuelt og i gruppe. Det kan v\u00e6re relevant at modtage fysioterapeutisk behandling, hvis du oplever nogle af f\u00f8lgende symptomer: nedsat kontakt til kroppen, angst, s\u00f8vnforstyrrelser, smerter, indre uro og ansp\u00e6ndthed. Den fysioterapeutiske behandling baserer sig prim\u00e6rt p\u00e5 metoden BBAT (Basic Body Awareness Therapy). BBAT er en n\u00e6nsom tr\u00e6ningsform, [&hellip;]\" \/>\n<meta property=\"og:url\" content=\"https:\/\/csm-danmark.dk\/ost\/psykologbehandling\/fysioterapi\/\" \/>\n<meta property=\"og:site_name\" content=\"CSM: \u00d8st\" \/>\n<meta property=\"article:modified_time\" content=\"2025-09-16T10:10:51+00:00\" \/>\n<meta property=\"og:image\" content=\"https:\/\/csm-danmark.dk\/ost\/wp-content\/uploads\/sites\/5\/2018\/09\/EnsommandCSM.jpg\" \/>\n\t<meta property=\"og:image:width\" content=\"325\" \/>\n\t<meta property=\"og:image:height\" content=\"217\" \/>\n\t<meta property=\"og:image:type\" content=\"image\/jpeg\" \/>\n<meta name=\"twitter:card\" content=\"summary_large_image\" \/>\n<meta name=\"twitter:label1\" content=\"Estimeret l\u00e6setid\" \/>\n\t<meta name=\"twitter:data1\" content=\"1 minut\" \/>\n<script type=\"application\/ld+json\" class=\"yoast-schema-graph\">{\"@context\":\"https:\/\/schema.org\",\"@graph\":[{\"@type\":\"WebPage\",\"@id\":\"https:\/\/csm-danmark.dk\/ost\/psykologbehandling\/fysioterapi\/\",\"url\":\"https:\/\/csm-danmark.dk\/ost\/psykologbehandling\/fysioterapi\/\",\"name\":\"Fysioterapi - CSM: \u00d8st\",\"isPartOf\":{\"@id\":\"https:\/\/csm-danmark.dk\/ost\/#website\"},\"primaryImageOfPage\":{\"@id\":\"https:\/\/csm-danmark.dk\/ost\/psykologbehandling\/fysioterapi\/#primaryimage\"},\"image\":{\"@id\":\"https:\/\/csm-danmark.dk\/ost\/psykologbehandling\/fysioterapi\/#primaryimage\"},\"thumbnailUrl\":\"https:\/\/csm-danmark.dk\/ost\/wp-content\/uploads\/sites\/5\/2018\/09\/EnsommandCSM.jpg\",\"datePublished\":\"2025-09-15T08:55:48+00:00\",\"dateModified\":\"2025-09-16T10:10:51+00:00\",\"breadcrumb\":{\"@id\":\"https:\/\/csm-danmark.dk\/ost\/psykologbehandling\/fysioterapi\/#breadcrumb\"},\"inLanguage\":\"da-DK\",\"potentialAction\":[{\"@type\":\"ReadAction\",\"target\":[\"https:\/\/csm-danmark.dk\/ost\/psykologbehandling\/fysioterapi\/\"]}]},{\"@type\":\"ImageObject\",\"inLanguage\":\"da-DK\",\"@id\":\"https:\/\/csm-danmark.dk\/ost\/psykologbehandling\/fysioterapi\/#primaryimage\",\"url\":\"https:\/\/csm-danmark.dk\/ost\/wp-content\/uploads\/sites\/5\/2018\/09\/EnsommandCSM.jpg\",\"contentUrl\":\"https:\/\/csm-danmark.dk\/ost\/wp-content\/uploads\/sites\/5\/2018\/09\/EnsommandCSM.jpg\",\"width\":325,\"height\":217},{\"@type\":\"BreadcrumbList\",\"@id\":\"https:\/\/csm-danmark.dk\/ost\/psykologbehandling\/fysioterapi\/#breadcrumb\",\"itemListElement\":[{\"@type\":\"ListItem\",\"position\":1,\"name\":\"Home\",\"item\":\"https:\/\/csm-danmark.dk\/ost\/\"},{\"@type\":\"ListItem\",\"position\":2,\"name\":\"Vi tilbyder\",\"item\":\"https:\/\/csm-danmark.dk\/ost\/psykologbehandling\/\"},{\"@type\":\"ListItem\",\"position\":3,\"name\":\"Fysioterapi\"}]},{\"@type\":\"WebSite\",\"@id\":\"https:\/\/csm-danmark.dk\/ost\/#website\",\"url\":\"https:\/\/csm-danmark.dk\/ost\/\",\"name\":\"CSM: \u00d8st\",\"description\":\"Center for Seksuelt Misbrugte\",\"potentialAction\":[{\"@type\":\"SearchAction\",\"target\":{\"@type\":\"EntryPoint\",\"urlTemplate\":\"https:\/\/csm-danmark.dk\/ost\/?s={search_term_string}\"},\"query-input\":{\"@type\":\"PropertyValueSpecification\",\"valueRequired\":true,\"valueName\":\"search_term_string\"}}],\"inLanguage\":\"da-DK\"}]}<\/script>\n<!-- \/ Yoast SEO plugin. -->","yoast_head_json":{"title":"Fysioterapi - CSM: \u00d8st","robots":{"index":"index","follow":"follow","max-snippet":"max-snippet:-1","max-image-preview":"max-image-preview:large","max-video-preview":"max-video-preview:-1"},"canonical":"https:\/\/csm-danmark.dk\/ost\/psykologbehandling\/fysioterapi\/","og_locale":"da_DK","og_type":"article","og_title":"Fysioterapi - CSM: \u00d8st","og_description":"I CSM \u00d8st tilbydes fysioterapeutisk behandling b\u00e5de individuelt og i gruppe. Det kan v\u00e6re relevant at modtage fysioterapeutisk behandling, hvis du oplever nogle af f\u00f8lgende symptomer: nedsat kontakt til kroppen, angst, s\u00f8vnforstyrrelser, smerter, indre uro og ansp\u00e6ndthed. Den fysioterapeutiske behandling baserer sig prim\u00e6rt p\u00e5 metoden BBAT (Basic Body Awareness Therapy). BBAT er en n\u00e6nsom tr\u00e6ningsform, [&hellip;]","og_url":"https:\/\/csm-danmark.dk\/ost\/psykologbehandling\/fysioterapi\/","og_site_name":"CSM: \u00d8st","article_modified_time":"2025-09-16T10:10:51+00:00","og_image":[{"width":325,"height":217,"url":"https:\/\/csm-danmark.dk\/ost\/wp-content\/uploads\/sites\/5\/2018\/09\/EnsommandCSM.jpg","type":"image\/jpeg"}],"twitter_card":"summary_large_image","twitter_misc":{"Estimeret l\u00e6setid":"1 minut"},"schema":{"@context":"https:\/\/schema.org","@graph":[{"@type":"WebPage","@id":"https:\/\/csm-danmark.dk\/ost\/psykologbehandling\/fysioterapi\/","url":"https:\/\/csm-danmark.dk\/ost\/psykologbehandling\/fysioterapi\/","name":"Fysioterapi - CSM: \u00d8st","isPartOf":{"@id":"https:\/\/csm-danmark.dk\/ost\/#website"},"primaryImageOfPage":{"@id":"https:\/\/csm-danmark.dk\/ost\/psykologbehandling\/fysioterapi\/#primaryimage"},"image":{"@id":"https:\/\/csm-danmark.dk\/ost\/psykologbehandling\/fysioterapi\/#primaryimage"},"thumbnailUrl":"https:\/\/csm-danmark.dk\/ost\/wp-content\/uploads\/sites\/5\/2018\/09\/EnsommandCSM.jpg","datePublished":"2025-09-15T08:55:48+00:00","dateModified":"2025-09-16T10:10:51+00:00","breadcrumb":{"@id":"https:\/\/csm-danmark.dk\/ost\/psykologbehandling\/fysioterapi\/#breadcrumb"},"inLanguage":"da-DK","potentialAction":[{"@type":"ReadAction","target":["https:\/\/csm-danmark.dk\/ost\/psykologbehandling\/fysioterapi\/"]}]},{"@type":"ImageObject","inLanguage":"da-DK","@id":"https:\/\/csm-danmark.dk\/ost\/psykologbehandling\/fysioterapi\/#primaryimage","url":"https:\/\/csm-danmark.dk\/ost\/wp-content\/uploads\/sites\/5\/2018\/09\/EnsommandCSM.jpg","contentUrl":"https:\/\/csm-danmark.dk\/ost\/wp-content\/uploads\/sites\/5\/2018\/09\/EnsommandCSM.jpg","width":325,"height":217},{"@type":"BreadcrumbList","@id":"https:\/\/csm-danmark.dk\/ost\/psykologbehandling\/fysioterapi\/#breadcrumb","itemListElement":[{"@type":"ListItem","position":1,"name":"Home","item":"https:\/\/csm-danmark.dk\/ost\/"},{"@type":"ListItem","position":2,"name":"Vi tilbyder","item":"https:\/\/csm-danmark.dk\/ost\/psykologbehandling\/"},{"@type":"ListItem","position":3,"name":"Fysioterapi"}]},{"@type":"WebSite","@id":"https:\/\/csm-danmark.dk\/ost\/#website","url":"https:\/\/csm-danmark.dk\/ost\/","name":"CSM: \u00d8st","description":"Center for Seksuelt Misbrugte","potentialAction":[{"@type":"SearchAction","target":{"@type":"EntryPoint","urlTemplate":"https:\/\/csm-danmark.dk\/ost\/?s={search_term_string}"},"query-input":{"@type":"PropertyValueSpecification","valueRequired":true,"valueName":"search_term_string"}}],"inLanguage":"da-DK"}]}},"_links":{"self":[{"href":"https:\/\/csm-danmark.dk\/ost\/wp-json\/wp\/v2\/pages\/5615","targetHints":{"allow":["GET"]}}],"collection":[{"href":"https:\/\/csm-danmark.dk\/ost\/wp-json\/wp\/v2\/pages"}],"about":[{"href":"https:\/\/csm-danmark.dk\/ost\/wp-json\/wp\/v2\/types\/page"}],"author":[{"embeddable":true,"href":"https:\/\/csm-danmark.dk\/ost\/wp-json\/wp\/v2\/users\/21"}],"replies":[{"embeddable":true,"href":"https:\/\/csm-danmark.dk\/ost\/wp-json\/wp\/v2\/comments?post=5615"}],"version-history":[{"count":6,"href":"https:\/\/csm-danmark.dk\/ost\/wp-json\/wp\/v2\/pages\/5615\/revisions"}],"predecessor-version":[{"id":5628,"href":"https:\/\/csm-danmark.dk\/ost\/wp-json\/wp\/v2\/pages\/5615\/revisions\/5628"}],"up":[{"embeddable":true,"href":"https:\/\/csm-danmark.dk\/ost\/wp-json\/wp\/v2\/pages\/228"}],"wp:featuredmedia":[{"embeddable":true,"href":"https:\/\/csm-danmark.dk\/ost\/wp-json\/wp\/v2\/media\/1783"}],"wp:attachment":[{"href":"https:\/\/csm-danmark.dk\/ost\/wp-json\/wp\/v2\/media?parent=5615"}],"curies":[{"name":"wp","href":"https:\/\/api.w.org\/{rel}","templated":true}]}}