{"id":4237,"date":"2022-10-23T21:18:20","date_gmt":"2022-10-23T21:18:20","guid":{"rendered":"https:\/\/csm-danmark.dk\/ost\/?page_id=4237"},"modified":"2025-12-19T14:18:55","modified_gmt":"2025-12-19T13:18:55","slug":"litteratur-og-podcast","status":"publish","type":"page","link":"https:\/\/csm-danmark.dk\/ost\/litteratur-og-podcast\/","title":{"rendered":"Litteratur og podcast"},"content":{"rendered":"\n<p><strong>P\u00e5 denne side kan du finde mere information og links til litteratur om senf\u00f8lger samt links til forskellige film og podcasts:<\/strong><\/p>\n<p>Podcast: <span style=\"color: #000080;\"><strong><a style=\"color: #000080;\" href=\"https:\/\/csm-danmark.dk\/ost\/podcast\/\" target=\"_blank\" rel=\"noopener\">Semvitas<\/a><\/strong><\/span>, er en podcastserie produceret med st\u00f8tte fra Offerfonden. I podcastene fort\u00e6ller m\u00e6nd og kvinder om, hvordan de hver is\u00e6r har f\u00e5et hj\u00e6lp og har l\u00e6rt at leve med de senf\u00f8lger, som er en del af deres liv.\u00a0\u00a0<\/p>\n<p>Podcast ved psykolog Anne Kaplan &#8211; &#8220;Overgrebets stemmer&#8221; <br \/>L\u00e6s mere <span style=\"color: #000080;\"><strong><a style=\"color: #000080;\" href=\"https:\/\/kaplan-praksis.dk\/overgrebets-stemmer\/\" target=\"_blank\" rel=\"noopener\">her<\/a><\/strong><\/span><\/p>\n<p>Landsforeningen Spor har mange relevante links til b\u00e5de <span style=\"color: #000080;\"><strong><a style=\"color: #000080;\" href=\"https:\/\/landsforeningenspor.dk\/senfolger-i-virkeligheden\/\" target=\"_blank\" rel=\"noopener\">film<\/a><\/strong><\/span>\u00a0og <span style=\"color: #000080;\"><strong><a style=\"color: #000080;\" href=\"https:\/\/landsforeningenspor.dk\/litteratur\/\" target=\"_blank\" rel=\"noopener\">litteratur<\/a><\/strong><\/span> om senf\u00f8lger.<\/p>\n<p>P\u00e5 Social- og Boligstyrelsens <span style=\"color: #333399;\"><strong><a style=\"color: #333399;\" href=\"https:\/\/www.sbst.dk\/voksne\/senfoelger-af-seksuelle-overgreb\" target=\"_blank\" rel=\"noopener\">hjemmeside<\/a> <\/strong><\/span>er der links til film, podcasts og udgivelser omhandlende senf\u00f8lger efter seksuelle overgreb.\u00a0<\/p>\n<p>Social- og Boligstyrelsen har ogs\u00e5 udgivet en h\u00e5ndbog for fagprofessionelle:\u00a0<span style=\"color: #000080;\"><strong><a style=\"color: #000080;\" href=\"https:\/\/www.sbst.dk\/Media\/638362362790448566\/Social-%20og%20Boligstyrelsen%20(2023)%20Senf%C3%B8lger%20efter%20seksuelle%20overgreb%20-%20En%20h%C3%A5ndbog%20til%20kommunale%20fagpersoner.pdf\" target=\"_blank\" rel=\"noopener\">Senf\u00f8lger efter seksuelle overgreb.<\/a><\/strong><\/span><\/p>\n<p>P\u00e5 dette link p\u00e5 vores hjemmeside &#8216;<strong><a href=\"https:\/\/csm-danmark.dk\/find-viden\/\" target=\"_blank\" rel=\"noopener\"><span style=\"color: #333399;\">find viden<\/span>&#8216;<\/a><\/strong> ligger ogs\u00e5 links til en r\u00e6kke udgivelser, herunder artikler og b\u00f8ger. B\u00e5de sk\u00f8nlitteratur og faglitteratur.<\/p>\n<p>\u00a0<\/p>\n","protected":false},"excerpt":{"rendered":"<p>P\u00e5 denne side kan du finde mere information og links til litteratur om senf\u00f8lger samt links til forskellige film og podcasts: Podcast: Semvitas, er en podcastserie produceret med st\u00f8tte fra Offerfonden. I podcastene fort\u00e6ller m\u00e6nd og kvinder om, hvordan de hver is\u00e6r har f\u00e5et hj\u00e6lp og har l\u00e6rt at leve med de senf\u00f8lger, som er [&hellip;]<\/p>\n","protected":false},"author":21,"featured_media":0,"parent":0,"menu_order":0,"comment_status":"closed","ping_status":"closed","template":"","meta":{"_acf_changed":false,"footnotes":""},"class_list":["post-4237","page","type-page","status-publish","hentry"],"acf":[],"yoast_head":"<!-- This site is optimized with the Yoast SEO plugin v26.6 - https:\/\/yoast.com\/wordpress\/plugins\/seo\/ -->\n<title>Litteratur og podcast - CSM: \u00d8st<\/title>\n<meta name=\"robots\" content=\"index, follow, max-snippet:-1, max-image-preview:large, max-video-preview:-1\" \/>\n<link rel=\"canonical\" href=\"https:\/\/csm-danmark.dk\/ost\/litteratur-og-podcast\/\" \/>\n<meta property=\"og:locale\" content=\"da_DK\" \/>\n<meta property=\"og:type\" content=\"article\" \/>\n<meta property=\"og:title\" content=\"Litteratur og podcast - CSM: \u00d8st\" \/>\n<meta property=\"og:description\" content=\"P\u00e5 denne side kan du finde mere information og links til litteratur om senf\u00f8lger samt links til forskellige film og podcasts: Podcast: Semvitas, er en podcastserie produceret med st\u00f8tte fra Offerfonden. I podcastene fort\u00e6ller m\u00e6nd og kvinder om, hvordan de hver is\u00e6r har f\u00e5et hj\u00e6lp og har l\u00e6rt at leve med de senf\u00f8lger, som er [&hellip;]\" \/>\n<meta property=\"og:url\" content=\"https:\/\/csm-danmark.dk\/ost\/litteratur-og-podcast\/\" \/>\n<meta property=\"og:site_name\" content=\"CSM: \u00d8st\" \/>\n<meta property=\"article:modified_time\" content=\"2025-12-19T13:18:55+00:00\" \/>\n<meta name=\"twitter:card\" content=\"summary_large_image\" \/>\n<meta name=\"twitter:label1\" content=\"Estimeret l\u00e6setid\" \/>\n\t<meta name=\"twitter:data1\" content=\"1 minut\" \/>\n<script type=\"application\/ld+json\" class=\"yoast-schema-graph\">{\"@context\":\"https:\/\/schema.org\",\"@graph\":[{\"@type\":\"WebPage\",\"@id\":\"https:\/\/csm-danmark.dk\/ost\/litteratur-og-podcast\/\",\"url\":\"https:\/\/csm-danmark.dk\/ost\/litteratur-og-podcast\/\",\"name\":\"Litteratur og podcast - CSM: \u00d8st\",\"isPartOf\":{\"@id\":\"https:\/\/csm-danmark.dk\/ost\/#website\"},\"datePublished\":\"2022-10-23T21:18:20+00:00\",\"dateModified\":\"2025-12-19T13:18:55+00:00\",\"breadcrumb\":{\"@id\":\"https:\/\/csm-danmark.dk\/ost\/litteratur-og-podcast\/#breadcrumb\"},\"inLanguage\":\"da-DK\",\"potentialAction\":[{\"@type\":\"ReadAction\",\"target\":[\"https:\/\/csm-danmark.dk\/ost\/litteratur-og-podcast\/\"]}]},{\"@type\":\"BreadcrumbList\",\"@id\":\"https:\/\/csm-danmark.dk\/ost\/litteratur-og-podcast\/#breadcrumb\",\"itemListElement\":[{\"@type\":\"ListItem\",\"position\":1,\"name\":\"Home\",\"item\":\"https:\/\/csm-danmark.dk\/ost\/\"},{\"@type\":\"ListItem\",\"position\":2,\"name\":\"Litteratur og podcast\"}]},{\"@type\":\"WebSite\",\"@id\":\"https:\/\/csm-danmark.dk\/ost\/#website\",\"url\":\"https:\/\/csm-danmark.dk\/ost\/\",\"name\":\"CSM: \u00d8st\",\"description\":\"Center for Seksuelt Misbrugte\",\"potentialAction\":[{\"@type\":\"SearchAction\",\"target\":{\"@type\":\"EntryPoint\",\"urlTemplate\":\"https:\/\/csm-danmark.dk\/ost\/?s={search_term_string}\"},\"query-input\":{\"@type\":\"PropertyValueSpecification\",\"valueRequired\":true,\"valueName\":\"search_term_string\"}}],\"inLanguage\":\"da-DK\"}]}<\/script>\n<!-- \/ Yoast SEO plugin. -->","yoast_head_json":{"title":"Litteratur og podcast - CSM: \u00d8st","robots":{"index":"index","follow":"follow","max-snippet":"max-snippet:-1","max-image-preview":"max-image-preview:large","max-video-preview":"max-video-preview:-1"},"canonical":"https:\/\/csm-danmark.dk\/ost\/litteratur-og-podcast\/","og_locale":"da_DK","og_type":"article","og_title":"Litteratur og podcast - CSM: \u00d8st","og_description":"P\u00e5 denne side kan du finde mere information og links til litteratur om senf\u00f8lger samt links til forskellige film og podcasts: Podcast: Semvitas, er en podcastserie produceret med st\u00f8tte fra Offerfonden. I podcastene fort\u00e6ller m\u00e6nd og kvinder om, hvordan de hver is\u00e6r har f\u00e5et hj\u00e6lp og har l\u00e6rt at leve med de senf\u00f8lger, som er [&hellip;]","og_url":"https:\/\/csm-danmark.dk\/ost\/litteratur-og-podcast\/","og_site_name":"CSM: \u00d8st","article_modified_time":"2025-12-19T13:18:55+00:00","twitter_card":"summary_large_image","twitter_misc":{"Estimeret l\u00e6setid":"1 minut"},"schema":{"@context":"https:\/\/schema.org","@graph":[{"@type":"WebPage","@id":"https:\/\/csm-danmark.dk\/ost\/litteratur-og-podcast\/","url":"https:\/\/csm-danmark.dk\/ost\/litteratur-og-podcast\/","name":"Litteratur og podcast - CSM: \u00d8st","isPartOf":{"@id":"https:\/\/csm-danmark.dk\/ost\/#website"},"datePublished":"2022-10-23T21:18:20+00:00","dateModified":"2025-12-19T13:18:55+00:00","breadcrumb":{"@id":"https:\/\/csm-danmark.dk\/ost\/litteratur-og-podcast\/#breadcrumb"},"inLanguage":"da-DK","potentialAction":[{"@type":"ReadAction","target":["https:\/\/csm-danmark.dk\/ost\/litteratur-og-podcast\/"]}]},{"@type":"BreadcrumbList","@id":"https:\/\/csm-danmark.dk\/ost\/litteratur-og-podcast\/#breadcrumb","itemListElement":[{"@type":"ListItem","position":1,"name":"Home","item":"https:\/\/csm-danmark.dk\/ost\/"},{"@type":"ListItem","position":2,"name":"Litteratur og podcast"}]},{"@type":"WebSite","@id":"https:\/\/csm-danmark.dk\/ost\/#website","url":"https:\/\/csm-danmark.dk\/ost\/","name":"CSM: \u00d8st","description":"Center for Seksuelt Misbrugte","potentialAction":[{"@type":"SearchAction","target":{"@type":"EntryPoint","urlTemplate":"https:\/\/csm-danmark.dk\/ost\/?s={search_term_string}"},"query-input":{"@type":"PropertyValueSpecification","valueRequired":true,"valueName":"search_term_string"}}],"inLanguage":"da-DK"}]}},"_links":{"self":[{"href":"https:\/\/csm-danmark.dk\/ost\/wp-json\/wp\/v2\/pages\/4237","targetHints":{"allow":["GET"]}}],"collection":[{"href":"https:\/\/csm-danmark.dk\/ost\/wp-json\/wp\/v2\/pages"}],"about":[{"href":"https:\/\/csm-danmark.dk\/ost\/wp-json\/wp\/v2\/types\/page"}],"author":[{"embeddable":true,"href":"https:\/\/csm-danmark.dk\/ost\/wp-json\/wp\/v2\/users\/21"}],"replies":[{"embeddable":true,"href":"https:\/\/csm-danmark.dk\/ost\/wp-json\/wp\/v2\/comments?post=4237"}],"version-history":[{"count":13,"href":"https:\/\/csm-danmark.dk\/ost\/wp-json\/wp\/v2\/pages\/4237\/revisions"}],"predecessor-version":[{"id":5807,"href":"https:\/\/csm-danmark.dk\/ost\/wp-json\/wp\/v2\/pages\/4237\/revisions\/5807"}],"wp:attachment":[{"href":"https:\/\/csm-danmark.dk\/ost\/wp-json\/wp\/v2\/media?parent=4237"}],"curies":[{"name":"wp","href":"https:\/\/api.w.org\/{rel}","templated":true}]}}