{"id":4033,"date":"2022-06-21T18:45:38","date_gmt":"2022-06-21T18:45:38","guid":{"rendered":"https:\/\/csm-danmark.dk\/ost\/psykologbehandling-2\/"},"modified":"2026-02-04T11:14:32","modified_gmt":"2026-02-04T10:14:32","slug":"anonym-raadgivning","status":"publish","type":"page","link":"https:\/\/csm-danmark.dk\/ost\/anonym-raadgivning\/","title":{"rendered":"Anonym R\u00e5dgivning"},"content":{"rendered":"\n<p><strong>CSM \u00d8st tilbyder anonym chatr\u00e5dgivning for dig, der er over 18 \u00e5r, og som har v\u00e6ret udsat for seksuelle overgreb i din barn- eller ungdom.<\/strong><\/p>\n<p>CSM \u00f8st er et gratis og helhedsorienteret tilbud.<\/p>\n<h5>\u00a0<\/h5>\n<p><strong>Herunder kan du finde information om, hvad CSM \u00d8st tilbyder indenfor anonym r\u00e5dgivning:<\/strong><\/p>\n<ul>\n<li style=\"list-style-type: none;\">\n<ul>\n<li><a class=\"dull_blue\" href=\"https:\/\/csm-danmark.dk\/chatradgivning\/\">Anonym chatr\u00e5dgivning<\/a><\/li>\n<\/ul>\n<\/li>\n<\/ul>\n","protected":false},"excerpt":{"rendered":"<p>CSM \u00d8st tilbyder anonym chatr\u00e5dgivning for dig, der er over 18 \u00e5r, og som har v\u00e6ret udsat for seksuelle overgreb i din barn- eller ungdom. CSM \u00f8st er et gratis og helhedsorienteret tilbud. \u00a0 Herunder kan du finde information om, hvad CSM \u00d8st tilbyder indenfor anonym r\u00e5dgivning: Anonym chatr\u00e5dgivning<\/p>\n","protected":false},"author":21,"featured_media":0,"parent":0,"menu_order":0,"comment_status":"closed","ping_status":"closed","template":"","meta":{"_acf_changed":false,"footnotes":""},"class_list":["post-4033","page","type-page","status-publish","hentry"],"acf":[],"yoast_head":"<!-- This site is optimized with the Yoast SEO plugin v26.6 - https:\/\/yoast.com\/wordpress\/plugins\/seo\/ -->\n<title>Anonym R\u00e5dgivning - CSM: \u00d8st<\/title>\n<meta name=\"robots\" content=\"index, follow, max-snippet:-1, max-image-preview:large, max-video-preview:-1\" \/>\n<link rel=\"canonical\" href=\"https:\/\/csm-danmark.dk\/ost\/anonym-raadgivning\/\" \/>\n<meta property=\"og:locale\" content=\"da_DK\" \/>\n<meta property=\"og:type\" content=\"article\" \/>\n<meta property=\"og:title\" content=\"Anonym R\u00e5dgivning - CSM: \u00d8st\" \/>\n<meta property=\"og:description\" content=\"CSM \u00d8st tilbyder anonym chatr\u00e5dgivning for dig, der er over 18 \u00e5r, og som har v\u00e6ret udsat for seksuelle overgreb i din barn- eller ungdom. CSM \u00f8st er et gratis og helhedsorienteret tilbud. \u00a0 Herunder kan du finde information om, hvad CSM \u00d8st tilbyder indenfor anonym r\u00e5dgivning: Anonym chatr\u00e5dgivning\" \/>\n<meta property=\"og:url\" content=\"https:\/\/csm-danmark.dk\/ost\/anonym-raadgivning\/\" \/>\n<meta property=\"og:site_name\" content=\"CSM: \u00d8st\" \/>\n<meta property=\"article:modified_time\" content=\"2026-02-04T10:14:32+00:00\" \/>\n<meta name=\"twitter:card\" content=\"summary_large_image\" \/>\n<meta name=\"twitter:label1\" content=\"Estimeret l\u00e6setid\" \/>\n\t<meta name=\"twitter:data1\" content=\"1 minut\" \/>\n<script type=\"application\/ld+json\" class=\"yoast-schema-graph\">{\"@context\":\"https:\/\/schema.org\",\"@graph\":[{\"@type\":\"WebPage\",\"@id\":\"https:\/\/csm-danmark.dk\/ost\/anonym-raadgivning\/\",\"url\":\"https:\/\/csm-danmark.dk\/ost\/anonym-raadgivning\/\",\"name\":\"Anonym R\u00e5dgivning - CSM: \u00d8st\",\"isPartOf\":{\"@id\":\"https:\/\/csm-danmark.dk\/ost\/#website\"},\"datePublished\":\"2022-06-21T18:45:38+00:00\",\"dateModified\":\"2026-02-04T10:14:32+00:00\",\"breadcrumb\":{\"@id\":\"https:\/\/csm-danmark.dk\/ost\/anonym-raadgivning\/#breadcrumb\"},\"inLanguage\":\"da-DK\",\"potentialAction\":[{\"@type\":\"ReadAction\",\"target\":[\"https:\/\/csm-danmark.dk\/ost\/anonym-raadgivning\/\"]}]},{\"@type\":\"BreadcrumbList\",\"@id\":\"https:\/\/csm-danmark.dk\/ost\/anonym-raadgivning\/#breadcrumb\",\"itemListElement\":[{\"@type\":\"ListItem\",\"position\":1,\"name\":\"Home\",\"item\":\"https:\/\/csm-danmark.dk\/ost\/\"},{\"@type\":\"ListItem\",\"position\":2,\"name\":\"Anonym R\u00e5dgivning\"}]},{\"@type\":\"WebSite\",\"@id\":\"https:\/\/csm-danmark.dk\/ost\/#website\",\"url\":\"https:\/\/csm-danmark.dk\/ost\/\",\"name\":\"CSM: \u00d8st\",\"description\":\"Center for Seksuelt Misbrugte\",\"potentialAction\":[{\"@type\":\"SearchAction\",\"target\":{\"@type\":\"EntryPoint\",\"urlTemplate\":\"https:\/\/csm-danmark.dk\/ost\/?s={search_term_string}\"},\"query-input\":{\"@type\":\"PropertyValueSpecification\",\"valueRequired\":true,\"valueName\":\"search_term_string\"}}],\"inLanguage\":\"da-DK\"}]}<\/script>\n<!-- \/ Yoast SEO plugin. -->","yoast_head_json":{"title":"Anonym R\u00e5dgivning - CSM: \u00d8st","robots":{"index":"index","follow":"follow","max-snippet":"max-snippet:-1","max-image-preview":"max-image-preview:large","max-video-preview":"max-video-preview:-1"},"canonical":"https:\/\/csm-danmark.dk\/ost\/anonym-raadgivning\/","og_locale":"da_DK","og_type":"article","og_title":"Anonym R\u00e5dgivning - CSM: \u00d8st","og_description":"CSM \u00d8st tilbyder anonym chatr\u00e5dgivning for dig, der er over 18 \u00e5r, og som har v\u00e6ret udsat for seksuelle overgreb i din barn- eller ungdom. CSM \u00f8st er et gratis og helhedsorienteret tilbud. \u00a0 Herunder kan du finde information om, hvad CSM \u00d8st tilbyder indenfor anonym r\u00e5dgivning: Anonym chatr\u00e5dgivning","og_url":"https:\/\/csm-danmark.dk\/ost\/anonym-raadgivning\/","og_site_name":"CSM: \u00d8st","article_modified_time":"2026-02-04T10:14:32+00:00","twitter_card":"summary_large_image","twitter_misc":{"Estimeret l\u00e6setid":"1 minut"},"schema":{"@context":"https:\/\/schema.org","@graph":[{"@type":"WebPage","@id":"https:\/\/csm-danmark.dk\/ost\/anonym-raadgivning\/","url":"https:\/\/csm-danmark.dk\/ost\/anonym-raadgivning\/","name":"Anonym R\u00e5dgivning - CSM: \u00d8st","isPartOf":{"@id":"https:\/\/csm-danmark.dk\/ost\/#website"},"datePublished":"2022-06-21T18:45:38+00:00","dateModified":"2026-02-04T10:14:32+00:00","breadcrumb":{"@id":"https:\/\/csm-danmark.dk\/ost\/anonym-raadgivning\/#breadcrumb"},"inLanguage":"da-DK","potentialAction":[{"@type":"ReadAction","target":["https:\/\/csm-danmark.dk\/ost\/anonym-raadgivning\/"]}]},{"@type":"BreadcrumbList","@id":"https:\/\/csm-danmark.dk\/ost\/anonym-raadgivning\/#breadcrumb","itemListElement":[{"@type":"ListItem","position":1,"name":"Home","item":"https:\/\/csm-danmark.dk\/ost\/"},{"@type":"ListItem","position":2,"name":"Anonym R\u00e5dgivning"}]},{"@type":"WebSite","@id":"https:\/\/csm-danmark.dk\/ost\/#website","url":"https:\/\/csm-danmark.dk\/ost\/","name":"CSM: \u00d8st","description":"Center for Seksuelt Misbrugte","potentialAction":[{"@type":"SearchAction","target":{"@type":"EntryPoint","urlTemplate":"https:\/\/csm-danmark.dk\/ost\/?s={search_term_string}"},"query-input":{"@type":"PropertyValueSpecification","valueRequired":true,"valueName":"search_term_string"}}],"inLanguage":"da-DK"}]}},"_links":{"self":[{"href":"https:\/\/csm-danmark.dk\/ost\/wp-json\/wp\/v2\/pages\/4033","targetHints":{"allow":["GET"]}}],"collection":[{"href":"https:\/\/csm-danmark.dk\/ost\/wp-json\/wp\/v2\/pages"}],"about":[{"href":"https:\/\/csm-danmark.dk\/ost\/wp-json\/wp\/v2\/types\/page"}],"author":[{"embeddable":true,"href":"https:\/\/csm-danmark.dk\/ost\/wp-json\/wp\/v2\/users\/21"}],"replies":[{"embeddable":true,"href":"https:\/\/csm-danmark.dk\/ost\/wp-json\/wp\/v2\/comments?post=4033"}],"version-history":[{"count":9,"href":"https:\/\/csm-danmark.dk\/ost\/wp-json\/wp\/v2\/pages\/4033\/revisions"}],"predecessor-version":[{"id":5863,"href":"https:\/\/csm-danmark.dk\/ost\/wp-json\/wp\/v2\/pages\/4033\/revisions\/5863"}],"wp:attachment":[{"href":"https:\/\/csm-danmark.dk\/ost\/wp-json\/wp\/v2\/media?parent=4033"}],"curies":[{"name":"wp","href":"https:\/\/api.w.org\/{rel}","templated":true}]}}