{"id":2415,"date":"2019-07-10T11:15:03","date_gmt":"2019-07-10T11:15:03","guid":{"rendered":"https:\/\/csm-danmark.dk\/ost\/?page_id=2415"},"modified":"2025-12-15T16:22:14","modified_gmt":"2025-12-15T15:22:14","slug":"podcast","status":"publish","type":"page","link":"https:\/\/csm-danmark.dk\/ost\/podcast\/","title":{"rendered":"Podcast: Semvitas"},"content":{"rendered":"\n<h5 style=\"text-align: right;\"><a href=\"http:\/\/www.semvitas.dk\/\" target=\"_blank\" rel=\"noopener noreferrer\"><img loading=\"lazy\" decoding=\"async\" class=\"alignleft wp-image-2405\" src=\"https:\/\/csm-danmark.dk\/ost\/wp-content\/uploads\/sites\/5\/2019\/07\/semvitas_600x600-e1562757121803-212x300.jpg\" alt=\"\" width=\"150\" height=\"212\" srcset=\"https:\/\/csm-danmark.dk\/ost\/wp-content\/uploads\/sites\/5\/2019\/07\/semvitas_600x600-e1562757121803-212x300.jpg 212w, https:\/\/csm-danmark.dk\/ost\/wp-content\/uploads\/sites\/5\/2019\/07\/semvitas_600x600-e1562757121803.jpg 390w\" sizes=\"auto, (max-width: 150px) 100vw, 150px\" \/><\/a><a href=\"https:\/\/spodcast.dk\/semvitas\" target=\"_blank\" rel=\"noopener noreferrer\">Lyt til podcast om andres erfaringer<\/a><\/h5>\n<p style=\"text-align: right;\">Mange m\u00e6nd og kvinder, der er blevet seksuelt misbrugt i barndommen eller ungdommen, lever med senf\u00f8lger efter overgrebene. Senf\u00f8lgerne kan v\u00e6re psykiske, fysiske og sociale problemer, der viser sig senere i livet.<\/p>\n<p style=\"text-align: right;\">Semvitas &#8211; Seksuelt misbrugte videre i livet &#8211; er en serie podcasts produceret af journalister med st\u00f8tte fra Offerfonden. I podcastene fort\u00e6ller m\u00e6nd og kvinder om, hvordan de hver is\u00e6r har f\u00e5et hj\u00e6lp og har l\u00e6rt at leve med de senf\u00f8lger, som er en del af deres liv. Ogs\u00e5 fagpersoner giver gode r\u00e5d om at komme videre i livet som seksuelt misbrugt.<\/p>\n","protected":false},"excerpt":{"rendered":"<p>Lyt til podcast om andres erfaringer Mange m\u00e6nd og kvinder, der er blevet seksuelt misbrugt i barndommen eller ungdommen, lever med senf\u00f8lger efter overgrebene. Senf\u00f8lgerne kan v\u00e6re psykiske, fysiske og sociale problemer, der viser sig senere i livet. Semvitas &#8211; Seksuelt misbrugte videre i livet &#8211; er en serie podcasts produceret af journalister med st\u00f8tte [&hellip;]<\/p>\n","protected":false},"author":3,"featured_media":0,"parent":0,"menu_order":0,"comment_status":"closed","ping_status":"closed","template":"","meta":{"_acf_changed":false,"footnotes":""},"class_list":["post-2415","page","type-page","status-publish","hentry"],"acf":[],"yoast_head":"<!-- This site is optimized with the Yoast SEO plugin v26.6 - https:\/\/yoast.com\/wordpress\/plugins\/seo\/ -->\n<title>Podcast: Semvitas - CSM: \u00d8st<\/title>\n<meta name=\"robots\" content=\"index, follow, max-snippet:-1, max-image-preview:large, max-video-preview:-1\" \/>\n<link rel=\"canonical\" href=\"https:\/\/csm-danmark.dk\/ost\/podcast\/\" \/>\n<meta property=\"og:locale\" content=\"da_DK\" \/>\n<meta property=\"og:type\" content=\"article\" \/>\n<meta property=\"og:title\" content=\"Podcast: Semvitas - CSM: \u00d8st\" \/>\n<meta property=\"og:description\" content=\"Lyt til podcast om andres erfaringer Mange m\u00e6nd og kvinder, der er blevet seksuelt misbrugt i barndommen eller ungdommen, lever med senf\u00f8lger efter overgrebene. Senf\u00f8lgerne kan v\u00e6re psykiske, fysiske og sociale problemer, der viser sig senere i livet. Semvitas &#8211; Seksuelt misbrugte videre i livet &#8211; er en serie podcasts produceret af journalister med st\u00f8tte [&hellip;]\" \/>\n<meta property=\"og:url\" content=\"https:\/\/csm-danmark.dk\/ost\/podcast\/\" \/>\n<meta property=\"og:site_name\" content=\"CSM: \u00d8st\" \/>\n<meta property=\"article:modified_time\" content=\"2025-12-15T15:22:14+00:00\" \/>\n<meta property=\"og:image\" content=\"https:\/\/csm-danmark.dk\/ost\/wp-content\/uploads\/sites\/5\/2019\/07\/semvitas_600x600-e1562757121803.jpg\" \/>\n\t<meta property=\"og:image:width\" content=\"390\" \/>\n\t<meta property=\"og:image:height\" content=\"552\" \/>\n\t<meta property=\"og:image:type\" content=\"image\/jpeg\" \/>\n<meta name=\"twitter:card\" content=\"summary_large_image\" \/>\n<meta name=\"twitter:label1\" content=\"Estimeret l\u00e6setid\" \/>\n\t<meta name=\"twitter:data1\" content=\"1 minut\" \/>\n<script type=\"application\/ld+json\" class=\"yoast-schema-graph\">{\"@context\":\"https:\/\/schema.org\",\"@graph\":[{\"@type\":\"WebPage\",\"@id\":\"https:\/\/csm-danmark.dk\/ost\/podcast\/\",\"url\":\"https:\/\/csm-danmark.dk\/ost\/podcast\/\",\"name\":\"Podcast: Semvitas - CSM: \u00d8st\",\"isPartOf\":{\"@id\":\"https:\/\/csm-danmark.dk\/ost\/#website\"},\"primaryImageOfPage\":{\"@id\":\"https:\/\/csm-danmark.dk\/ost\/podcast\/#primaryimage\"},\"image\":{\"@id\":\"https:\/\/csm-danmark.dk\/ost\/podcast\/#primaryimage\"},\"thumbnailUrl\":\"https:\/\/csm-danmark.dk\/ost\/wp-content\/uploads\/sites\/5\/2019\/07\/semvitas_600x600-e1562757121803-212x300.jpg\",\"datePublished\":\"2019-07-10T11:15:03+00:00\",\"dateModified\":\"2025-12-15T15:22:14+00:00\",\"breadcrumb\":{\"@id\":\"https:\/\/csm-danmark.dk\/ost\/podcast\/#breadcrumb\"},\"inLanguage\":\"da-DK\",\"potentialAction\":[{\"@type\":\"ReadAction\",\"target\":[\"https:\/\/csm-danmark.dk\/ost\/podcast\/\"]}]},{\"@type\":\"ImageObject\",\"inLanguage\":\"da-DK\",\"@id\":\"https:\/\/csm-danmark.dk\/ost\/podcast\/#primaryimage\",\"url\":\"https:\/\/csm-danmark.dk\/ost\/wp-content\/uploads\/sites\/5\/2019\/07\/semvitas_600x600-e1562757121803.jpg\",\"contentUrl\":\"https:\/\/csm-danmark.dk\/ost\/wp-content\/uploads\/sites\/5\/2019\/07\/semvitas_600x600-e1562757121803.jpg\",\"width\":390,\"height\":552},{\"@type\":\"BreadcrumbList\",\"@id\":\"https:\/\/csm-danmark.dk\/ost\/podcast\/#breadcrumb\",\"itemListElement\":[{\"@type\":\"ListItem\",\"position\":1,\"name\":\"Home\",\"item\":\"https:\/\/csm-danmark.dk\/ost\/\"},{\"@type\":\"ListItem\",\"position\":2,\"name\":\"Podcast: Semvitas\"}]},{\"@type\":\"WebSite\",\"@id\":\"https:\/\/csm-danmark.dk\/ost\/#website\",\"url\":\"https:\/\/csm-danmark.dk\/ost\/\",\"name\":\"CSM: \u00d8st\",\"description\":\"Center for Seksuelt Misbrugte\",\"potentialAction\":[{\"@type\":\"SearchAction\",\"target\":{\"@type\":\"EntryPoint\",\"urlTemplate\":\"https:\/\/csm-danmark.dk\/ost\/?s={search_term_string}\"},\"query-input\":{\"@type\":\"PropertyValueSpecification\",\"valueRequired\":true,\"valueName\":\"search_term_string\"}}],\"inLanguage\":\"da-DK\"}]}<\/script>\n<!-- \/ Yoast SEO plugin. -->","yoast_head_json":{"title":"Podcast: Semvitas - CSM: \u00d8st","robots":{"index":"index","follow":"follow","max-snippet":"max-snippet:-1","max-image-preview":"max-image-preview:large","max-video-preview":"max-video-preview:-1"},"canonical":"https:\/\/csm-danmark.dk\/ost\/podcast\/","og_locale":"da_DK","og_type":"article","og_title":"Podcast: Semvitas - CSM: \u00d8st","og_description":"Lyt til podcast om andres erfaringer Mange m\u00e6nd og kvinder, der er blevet seksuelt misbrugt i barndommen eller ungdommen, lever med senf\u00f8lger efter overgrebene. Senf\u00f8lgerne kan v\u00e6re psykiske, fysiske og sociale problemer, der viser sig senere i livet. Semvitas &#8211; Seksuelt misbrugte videre i livet &#8211; er en serie podcasts produceret af journalister med st\u00f8tte [&hellip;]","og_url":"https:\/\/csm-danmark.dk\/ost\/podcast\/","og_site_name":"CSM: \u00d8st","article_modified_time":"2025-12-15T15:22:14+00:00","og_image":[{"width":390,"height":552,"url":"https:\/\/csm-danmark.dk\/ost\/wp-content\/uploads\/sites\/5\/2019\/07\/semvitas_600x600-e1562757121803.jpg","type":"image\/jpeg"}],"twitter_card":"summary_large_image","twitter_misc":{"Estimeret l\u00e6setid":"1 minut"},"schema":{"@context":"https:\/\/schema.org","@graph":[{"@type":"WebPage","@id":"https:\/\/csm-danmark.dk\/ost\/podcast\/","url":"https:\/\/csm-danmark.dk\/ost\/podcast\/","name":"Podcast: Semvitas - CSM: \u00d8st","isPartOf":{"@id":"https:\/\/csm-danmark.dk\/ost\/#website"},"primaryImageOfPage":{"@id":"https:\/\/csm-danmark.dk\/ost\/podcast\/#primaryimage"},"image":{"@id":"https:\/\/csm-danmark.dk\/ost\/podcast\/#primaryimage"},"thumbnailUrl":"https:\/\/csm-danmark.dk\/ost\/wp-content\/uploads\/sites\/5\/2019\/07\/semvitas_600x600-e1562757121803-212x300.jpg","datePublished":"2019-07-10T11:15:03+00:00","dateModified":"2025-12-15T15:22:14+00:00","breadcrumb":{"@id":"https:\/\/csm-danmark.dk\/ost\/podcast\/#breadcrumb"},"inLanguage":"da-DK","potentialAction":[{"@type":"ReadAction","target":["https:\/\/csm-danmark.dk\/ost\/podcast\/"]}]},{"@type":"ImageObject","inLanguage":"da-DK","@id":"https:\/\/csm-danmark.dk\/ost\/podcast\/#primaryimage","url":"https:\/\/csm-danmark.dk\/ost\/wp-content\/uploads\/sites\/5\/2019\/07\/semvitas_600x600-e1562757121803.jpg","contentUrl":"https:\/\/csm-danmark.dk\/ost\/wp-content\/uploads\/sites\/5\/2019\/07\/semvitas_600x600-e1562757121803.jpg","width":390,"height":552},{"@type":"BreadcrumbList","@id":"https:\/\/csm-danmark.dk\/ost\/podcast\/#breadcrumb","itemListElement":[{"@type":"ListItem","position":1,"name":"Home","item":"https:\/\/csm-danmark.dk\/ost\/"},{"@type":"ListItem","position":2,"name":"Podcast: Semvitas"}]},{"@type":"WebSite","@id":"https:\/\/csm-danmark.dk\/ost\/#website","url":"https:\/\/csm-danmark.dk\/ost\/","name":"CSM: \u00d8st","description":"Center for Seksuelt Misbrugte","potentialAction":[{"@type":"SearchAction","target":{"@type":"EntryPoint","urlTemplate":"https:\/\/csm-danmark.dk\/ost\/?s={search_term_string}"},"query-input":{"@type":"PropertyValueSpecification","valueRequired":true,"valueName":"search_term_string"}}],"inLanguage":"da-DK"}]}},"_links":{"self":[{"href":"https:\/\/csm-danmark.dk\/ost\/wp-json\/wp\/v2\/pages\/2415","targetHints":{"allow":["GET"]}}],"collection":[{"href":"https:\/\/csm-danmark.dk\/ost\/wp-json\/wp\/v2\/pages"}],"about":[{"href":"https:\/\/csm-danmark.dk\/ost\/wp-json\/wp\/v2\/types\/page"}],"author":[{"embeddable":true,"href":"https:\/\/csm-danmark.dk\/ost\/wp-json\/wp\/v2\/users\/3"}],"replies":[{"embeddable":true,"href":"https:\/\/csm-danmark.dk\/ost\/wp-json\/wp\/v2\/comments?post=2415"}],"version-history":[{"count":14,"href":"https:\/\/csm-danmark.dk\/ost\/wp-json\/wp\/v2\/pages\/2415\/revisions"}],"predecessor-version":[{"id":5752,"href":"https:\/\/csm-danmark.dk\/ost\/wp-json\/wp\/v2\/pages\/2415\/revisions\/5752"}],"wp:attachment":[{"href":"https:\/\/csm-danmark.dk\/ost\/wp-json\/wp\/v2\/media?parent=2415"}],"curies":[{"name":"wp","href":"https:\/\/api.w.org\/{rel}","templated":true}]}}