{"id":2338,"date":"2019-06-13T08:47:30","date_gmt":"2019-06-13T08:47:30","guid":{"rendered":"https:\/\/csm-danmark.dk\/ost\/?page_id=2338"},"modified":"2025-12-15T12:10:26","modified_gmt":"2025-12-15T11:10:26","slug":"sadan-far-du-hjaelp","status":"publish","type":"page","link":"https:\/\/csm-danmark.dk\/ost\/kontakt\/sadan-far-du-hjaelp\/","title":{"rendered":"S\u00e5dan f\u00e5r du hj\u00e6lp"},"content":{"rendered":"\n<p><span data-contrast=\"auto\">Hos CSM \u00d8st\u00a0tilbyder vi\u00a0gratis\u00a0ambulant\u00a0psykoterapeutisk\u00a0behandling\u00a0til dig, der oplever\u00a0senf\u00f8lger efter seksuelle overgreb i barndommen eller ungdommen.\u00a0<\/span><span data-ccp-props=\"{}\">\u00a0<\/span><\/p>\n<p><span data-contrast=\"auto\">Vi tilbyder\u00a0psykoterapi ved specialiserede psykologer\u00a0i vores\u00a0afdelinger p\u00e5 Frederiksberg,\u00a0N\u00e6stved og Holb\u00e6k.\u00a0<\/span><span data-ccp-props=\"{}\">\u00a0<\/span><\/p>\n<p><span data-contrast=\"auto\">Udover\u00a0psykoterapi tilbyder\u00a0vi ogs\u00e5\u00a0socialr\u00e5dgivning,\u00a0fysioterapeutisk kropsterapi\u00a0samt en r\u00e6kke frivilligdrevne aktiviteter, herunder\u00a0anonym chatr\u00e5dgivning, selvhj\u00e6lpsgrupper, temaaftener\u00a0og\u00a0fysiske,\u00a0kreative\u00a0og sociale\u00a0tilbud i grupper.\u00a0<\/span><span data-ccp-props=\"{}\">\u00a0<\/span><\/p>\n<p><span data-contrast=\"auto\">Alle\u00a0tilbud<\/span><span data-contrast=\"auto\">\u00a0<\/span><span data-contrast=\"auto\">\u00a0hos\u00a0CSM \u00d8st\u00a0er\u00a0gratis.\u00a0\u00a0Der er ventetid p\u00e5 behandling i CSM.<\/span><span data-ccp-props=\"{}\">\u00a0<\/span><\/p>\n<p><span data-contrast=\"auto\">Du\u00a0skal selv henvende dig for at komme til en visitationssamtale.\u00a0Du\u00a0skal ikke have en henvisning fra din l\u00e6ge.<\/span><span data-ccp-props=\"{}\">\u00a0<\/span><\/p>\n<p><span class=\"TextRun SCXW52940335 BCX8\" lang=\"DA-DK\" xml:lang=\"DA-DK\" data-contrast=\"auto\"><span class=\"NormalTextRun SCXW52940335 BCX8\">L\u00e6s mere\u00a0<\/span><span class=\"NormalTextRun SCXW52940335 BCX8\">p\u00e5 de n\u00e6ste sider,<\/span><span class=\"NormalTextRun SCXW52940335 BCX8\"> hvordan du bliver skrevet op til et behandling<\/span><span class=\"NormalTextRun SCXW52940335 BCX8\">sforl\u00f8b eller\u00a0<\/span><span class=\"NormalTextRun SCXW52940335 BCX8\">til\u00a0<\/span><span class=\"NormalTextRun SCXW52940335 BCX8\">en af vores andre aktiviteter i<\/span><span class=\"NormalTextRun SCXW52940335 BCX8\">\u00a0CSM \u00d8st.\u00a0 <\/span><\/span><span class=\"EOP SCXW52940335 BCX8\" data-ccp-props=\"{}\">\u00a0<\/span><\/p>\n<p>\u00a0<\/p>\n<p>\u00a0<\/p>\n<p>\u00a0<\/p>\n<h4>\u00a0<\/h4>\n<p>\u00a0<\/p>\n","protected":false},"excerpt":{"rendered":"<p>Hos CSM \u00d8st\u00a0tilbyder vi\u00a0gratis\u00a0ambulant\u00a0psykoterapeutisk\u00a0behandling\u00a0til dig, der oplever\u00a0senf\u00f8lger efter seksuelle overgreb i barndommen eller ungdommen.\u00a0\u00a0 Vi tilbyder\u00a0psykoterapi ved specialiserede psykologer\u00a0i vores\u00a0afdelinger p\u00e5 Frederiksberg,\u00a0N\u00e6stved og Holb\u00e6k.\u00a0\u00a0 Udover\u00a0psykoterapi tilbyder\u00a0vi ogs\u00e5\u00a0socialr\u00e5dgivning,\u00a0fysioterapeutisk kropsterapi\u00a0samt en r\u00e6kke frivilligdrevne aktiviteter, herunder\u00a0anonym chatr\u00e5dgivning, selvhj\u00e6lpsgrupper, temaaftener\u00a0og\u00a0fysiske,\u00a0kreative\u00a0og sociale\u00a0tilbud i grupper.\u00a0\u00a0 Alle\u00a0tilbud\u00a0\u00a0hos\u00a0CSM \u00d8st\u00a0er\u00a0gratis.\u00a0\u00a0Der er ventetid p\u00e5 behandling i CSM.\u00a0 Du\u00a0skal selv henvende dig for at komme til [&hellip;]<\/p>\n","protected":false},"author":3,"featured_media":0,"parent":223,"menu_order":0,"comment_status":"closed","ping_status":"closed","template":"","meta":{"_acf_changed":false,"footnotes":""},"class_list":["post-2338","page","type-page","status-publish","hentry"],"acf":[],"yoast_head":"<!-- This site is optimized with the Yoast SEO plugin v26.6 - https:\/\/yoast.com\/wordpress\/plugins\/seo\/ -->\n<title>S\u00e5dan f\u00e5r du hj\u00e6lp - CSM: \u00d8st<\/title>\n<meta name=\"robots\" content=\"index, follow, max-snippet:-1, max-image-preview:large, max-video-preview:-1\" \/>\n<link rel=\"canonical\" href=\"https:\/\/csm-danmark.dk\/ost\/kontakt\/sadan-far-du-hjaelp\/\" \/>\n<meta property=\"og:locale\" content=\"da_DK\" \/>\n<meta property=\"og:type\" content=\"article\" \/>\n<meta property=\"og:title\" content=\"S\u00e5dan f\u00e5r du hj\u00e6lp - CSM: \u00d8st\" \/>\n<meta property=\"og:description\" content=\"Hos CSM \u00d8st\u00a0tilbyder vi\u00a0gratis\u00a0ambulant\u00a0psykoterapeutisk\u00a0behandling\u00a0til dig, der oplever\u00a0senf\u00f8lger efter seksuelle overgreb i barndommen eller ungdommen.\u00a0\u00a0 Vi tilbyder\u00a0psykoterapi ved specialiserede psykologer\u00a0i vores\u00a0afdelinger p\u00e5 Frederiksberg,\u00a0N\u00e6stved og Holb\u00e6k.\u00a0\u00a0 Udover\u00a0psykoterapi tilbyder\u00a0vi ogs\u00e5\u00a0socialr\u00e5dgivning,\u00a0fysioterapeutisk kropsterapi\u00a0samt en r\u00e6kke frivilligdrevne aktiviteter, herunder\u00a0anonym chatr\u00e5dgivning, selvhj\u00e6lpsgrupper, temaaftener\u00a0og\u00a0fysiske,\u00a0kreative\u00a0og sociale\u00a0tilbud i grupper.\u00a0\u00a0 Alle\u00a0tilbud\u00a0\u00a0hos\u00a0CSM \u00d8st\u00a0er\u00a0gratis.\u00a0\u00a0Der er ventetid p\u00e5 behandling i CSM.\u00a0 Du\u00a0skal selv henvende dig for at komme til [&hellip;]\" \/>\n<meta property=\"og:url\" content=\"https:\/\/csm-danmark.dk\/ost\/kontakt\/sadan-far-du-hjaelp\/\" \/>\n<meta property=\"og:site_name\" content=\"CSM: \u00d8st\" \/>\n<meta property=\"article:modified_time\" content=\"2025-12-15T11:10:26+00:00\" \/>\n<meta name=\"twitter:card\" content=\"summary_large_image\" \/>\n<meta name=\"twitter:label1\" content=\"Estimeret l\u00e6setid\" \/>\n\t<meta name=\"twitter:data1\" content=\"1 minut\" \/>\n<script type=\"application\/ld+json\" class=\"yoast-schema-graph\">{\"@context\":\"https:\/\/schema.org\",\"@graph\":[{\"@type\":\"WebPage\",\"@id\":\"https:\/\/csm-danmark.dk\/ost\/kontakt\/sadan-far-du-hjaelp\/\",\"url\":\"https:\/\/csm-danmark.dk\/ost\/kontakt\/sadan-far-du-hjaelp\/\",\"name\":\"S\u00e5dan f\u00e5r du hj\u00e6lp - CSM: \u00d8st\",\"isPartOf\":{\"@id\":\"https:\/\/csm-danmark.dk\/ost\/#website\"},\"datePublished\":\"2019-06-13T08:47:30+00:00\",\"dateModified\":\"2025-12-15T11:10:26+00:00\",\"breadcrumb\":{\"@id\":\"https:\/\/csm-danmark.dk\/ost\/kontakt\/sadan-far-du-hjaelp\/#breadcrumb\"},\"inLanguage\":\"da-DK\",\"potentialAction\":[{\"@type\":\"ReadAction\",\"target\":[\"https:\/\/csm-danmark.dk\/ost\/kontakt\/sadan-far-du-hjaelp\/\"]}]},{\"@type\":\"BreadcrumbList\",\"@id\":\"https:\/\/csm-danmark.dk\/ost\/kontakt\/sadan-far-du-hjaelp\/#breadcrumb\",\"itemListElement\":[{\"@type\":\"ListItem\",\"position\":1,\"name\":\"Home\",\"item\":\"https:\/\/csm-danmark.dk\/ost\/\"},{\"@type\":\"ListItem\",\"position\":2,\"name\":\"Kontakt\",\"item\":\"https:\/\/csm-danmark.dk\/ost\/kontakt\/\"},{\"@type\":\"ListItem\",\"position\":3,\"name\":\"S\u00e5dan f\u00e5r du hj\u00e6lp\"}]},{\"@type\":\"WebSite\",\"@id\":\"https:\/\/csm-danmark.dk\/ost\/#website\",\"url\":\"https:\/\/csm-danmark.dk\/ost\/\",\"name\":\"CSM: \u00d8st\",\"description\":\"Center for Seksuelt Misbrugte\",\"potentialAction\":[{\"@type\":\"SearchAction\",\"target\":{\"@type\":\"EntryPoint\",\"urlTemplate\":\"https:\/\/csm-danmark.dk\/ost\/?s={search_term_string}\"},\"query-input\":{\"@type\":\"PropertyValueSpecification\",\"valueRequired\":true,\"valueName\":\"search_term_string\"}}],\"inLanguage\":\"da-DK\"}]}<\/script>\n<!-- \/ Yoast SEO plugin. -->","yoast_head_json":{"title":"S\u00e5dan f\u00e5r du hj\u00e6lp - CSM: \u00d8st","robots":{"index":"index","follow":"follow","max-snippet":"max-snippet:-1","max-image-preview":"max-image-preview:large","max-video-preview":"max-video-preview:-1"},"canonical":"https:\/\/csm-danmark.dk\/ost\/kontakt\/sadan-far-du-hjaelp\/","og_locale":"da_DK","og_type":"article","og_title":"S\u00e5dan f\u00e5r du hj\u00e6lp - CSM: \u00d8st","og_description":"Hos CSM \u00d8st\u00a0tilbyder vi\u00a0gratis\u00a0ambulant\u00a0psykoterapeutisk\u00a0behandling\u00a0til dig, der oplever\u00a0senf\u00f8lger efter seksuelle overgreb i barndommen eller ungdommen.\u00a0\u00a0 Vi tilbyder\u00a0psykoterapi ved specialiserede psykologer\u00a0i vores\u00a0afdelinger p\u00e5 Frederiksberg,\u00a0N\u00e6stved og Holb\u00e6k.\u00a0\u00a0 Udover\u00a0psykoterapi tilbyder\u00a0vi ogs\u00e5\u00a0socialr\u00e5dgivning,\u00a0fysioterapeutisk kropsterapi\u00a0samt en r\u00e6kke frivilligdrevne aktiviteter, herunder\u00a0anonym chatr\u00e5dgivning, selvhj\u00e6lpsgrupper, temaaftener\u00a0og\u00a0fysiske,\u00a0kreative\u00a0og sociale\u00a0tilbud i grupper.\u00a0\u00a0 Alle\u00a0tilbud\u00a0\u00a0hos\u00a0CSM \u00d8st\u00a0er\u00a0gratis.\u00a0\u00a0Der er ventetid p\u00e5 behandling i CSM.\u00a0 Du\u00a0skal selv henvende dig for at komme til [&hellip;]","og_url":"https:\/\/csm-danmark.dk\/ost\/kontakt\/sadan-far-du-hjaelp\/","og_site_name":"CSM: \u00d8st","article_modified_time":"2025-12-15T11:10:26+00:00","twitter_card":"summary_large_image","twitter_misc":{"Estimeret l\u00e6setid":"1 minut"},"schema":{"@context":"https:\/\/schema.org","@graph":[{"@type":"WebPage","@id":"https:\/\/csm-danmark.dk\/ost\/kontakt\/sadan-far-du-hjaelp\/","url":"https:\/\/csm-danmark.dk\/ost\/kontakt\/sadan-far-du-hjaelp\/","name":"S\u00e5dan f\u00e5r du hj\u00e6lp - CSM: \u00d8st","isPartOf":{"@id":"https:\/\/csm-danmark.dk\/ost\/#website"},"datePublished":"2019-06-13T08:47:30+00:00","dateModified":"2025-12-15T11:10:26+00:00","breadcrumb":{"@id":"https:\/\/csm-danmark.dk\/ost\/kontakt\/sadan-far-du-hjaelp\/#breadcrumb"},"inLanguage":"da-DK","potentialAction":[{"@type":"ReadAction","target":["https:\/\/csm-danmark.dk\/ost\/kontakt\/sadan-far-du-hjaelp\/"]}]},{"@type":"BreadcrumbList","@id":"https:\/\/csm-danmark.dk\/ost\/kontakt\/sadan-far-du-hjaelp\/#breadcrumb","itemListElement":[{"@type":"ListItem","position":1,"name":"Home","item":"https:\/\/csm-danmark.dk\/ost\/"},{"@type":"ListItem","position":2,"name":"Kontakt","item":"https:\/\/csm-danmark.dk\/ost\/kontakt\/"},{"@type":"ListItem","position":3,"name":"S\u00e5dan f\u00e5r du hj\u00e6lp"}]},{"@type":"WebSite","@id":"https:\/\/csm-danmark.dk\/ost\/#website","url":"https:\/\/csm-danmark.dk\/ost\/","name":"CSM: \u00d8st","description":"Center for Seksuelt Misbrugte","potentialAction":[{"@type":"SearchAction","target":{"@type":"EntryPoint","urlTemplate":"https:\/\/csm-danmark.dk\/ost\/?s={search_term_string}"},"query-input":{"@type":"PropertyValueSpecification","valueRequired":true,"valueName":"search_term_string"}}],"inLanguage":"da-DK"}]}},"_links":{"self":[{"href":"https:\/\/csm-danmark.dk\/ost\/wp-json\/wp\/v2\/pages\/2338","targetHints":{"allow":["GET"]}}],"collection":[{"href":"https:\/\/csm-danmark.dk\/ost\/wp-json\/wp\/v2\/pages"}],"about":[{"href":"https:\/\/csm-danmark.dk\/ost\/wp-json\/wp\/v2\/types\/page"}],"author":[{"embeddable":true,"href":"https:\/\/csm-danmark.dk\/ost\/wp-json\/wp\/v2\/users\/3"}],"replies":[{"embeddable":true,"href":"https:\/\/csm-danmark.dk\/ost\/wp-json\/wp\/v2\/comments?post=2338"}],"version-history":[{"count":40,"href":"https:\/\/csm-danmark.dk\/ost\/wp-json\/wp\/v2\/pages\/2338\/revisions"}],"predecessor-version":[{"id":5713,"href":"https:\/\/csm-danmark.dk\/ost\/wp-json\/wp\/v2\/pages\/2338\/revisions\/5713"}],"up":[{"embeddable":true,"href":"https:\/\/csm-danmark.dk\/ost\/wp-json\/wp\/v2\/pages\/223"}],"wp:attachment":[{"href":"https:\/\/csm-danmark.dk\/ost\/wp-json\/wp\/v2\/media?parent=2338"}],"curies":[{"name":"wp","href":"https:\/\/api.w.org\/{rel}","templated":true}]}}