{"id":229,"date":"2018-04-23T05:00:10","date_gmt":"2018-04-23T05:00:10","guid":{"rendered":"http:\/\/csm-danmark.dk.dedi5085.your-server.de\/ost\/?page_id=229"},"modified":"2025-12-19T12:00:41","modified_gmt":"2025-12-19T11:00:41","slug":"socialraadgivning","status":"publish","type":"page","link":"https:\/\/csm-danmark.dk\/ost\/psykologbehandling\/socialraadgivning\/","title":{"rendered":"Socialr\u00e5dgivning"},"content":{"rendered":"<h3><span style=\"color: #000080;\">CSM-\u00d8st tilbyder gratis og anonym socialfaglig r\u00e5dgivning og vejledning til voksne, der har senf\u00f8lger efter seksuelle overgreb i barndommen og er tilknyttet CSM-\u00d8st.<\/span><\/h3>\n<p>Vores socialr\u00e5dgiver kan hj\u00e6lpe dig i forskellige situationer, og kan tilbyde dig st\u00f8tte, r\u00e5d og vejledning i forhold til din aktuelle sociale situation, netv\u00e6rk og behov indenfor s<span style=\"color: initial;\">ocialfaglige og juridiske problemstillinger, herunder v<\/span><span style=\"color: initial;\">ejledning i dine rettigheder og pligter, n\u00e5r du modtager offentlige ydelser.\u00a0<\/span><\/p>\n<p>Form\u00e5let er, at:\u00a0<\/p>\n<ul>\n<li style=\"list-style-type: none;\">\n<ul>\n<li>Formidle, bygge bro og bist\u00e5 i kontakten til sociale myndigheder og viderehenvise til mulige hj\u00e6lpeforanstaltninger, f.eks. jobcentret, g\u00e6ldsr\u00e5dgivning, el.lign.<\/li>\n<li>Du opn\u00e5r st\u00f8tte til at kunne bevare tilknytningen til arbejdsmarkedet og evt. uddannelse.<\/li>\n<\/ul>\n<\/li>\n<\/ul>\n<p>Socialr\u00e5dgiveren kan eventuelt deltagelse som bisidder, n\u00e5r det vurderes relevant. <br \/>NB Socialr\u00e5dgiveren bist\u00e5r ikke med at udarbejde skriftlig sagsbehandling p\u00e5 dine vegne.<\/p>\n<p class=\"x_MsoNormal\"><strong>Sanne Ringtved, socialr\u00e5dgiver<\/strong><\/p>\n<p><strong>Telefon: <\/strong>21 16 89 69 <br \/>(du kan l\u00e6gge besked, men sms er ikke en mulighed grundet datalovgivning)<br \/><strong>Tlf. tid:<\/strong> Mandage (13:00-15:00) &amp; Torsdage (13:00-15:00)<br \/><strong>E-mail:\u00a0<\/strong><a href=\"mailto:sar@csm-ost.dk\">sar@csm-ost.dk<\/a><\/p>\n<p class=\"x_MsoNormal\">\u00a0<\/p>\n\n","protected":false},"excerpt":{"rendered":"<p>CSM-\u00d8st tilbyder gratis og anonym socialfaglig r\u00e5dgivning og vejledning til voksne, der har senf\u00f8lger efter seksuelle overgreb i barndommen og er tilknyttet CSM-\u00d8st. Vores socialr\u00e5dgiver kan hj\u00e6lpe dig i forskellige situationer, og kan tilbyde dig st\u00f8tte, r\u00e5d og vejledning i forhold til din aktuelle sociale situation, netv\u00e6rk og behov indenfor socialfaglige og juridiske problemstillinger, herunder [&hellip;]<\/p>\n","protected":false},"author":1,"featured_media":1792,"parent":228,"menu_order":0,"comment_status":"closed","ping_status":"closed","template":"","meta":{"_acf_changed":false,"footnotes":""},"class_list":["post-229","page","type-page","status-publish","has-post-thumbnail","hentry"],"acf":[],"yoast_head":"<!-- This site is optimized with the Yoast SEO plugin v26.6 - https:\/\/yoast.com\/wordpress\/plugins\/seo\/ -->\n<title>Socialr\u00e5dgivning - CSM: \u00d8st<\/title>\n<meta name=\"robots\" content=\"index, follow, max-snippet:-1, max-image-preview:large, max-video-preview:-1\" \/>\n<link rel=\"canonical\" href=\"https:\/\/csm-danmark.dk\/ost\/psykologbehandling\/socialraadgivning\/\" \/>\n<meta property=\"og:locale\" content=\"da_DK\" \/>\n<meta property=\"og:type\" content=\"article\" \/>\n<meta property=\"og:title\" content=\"Socialr\u00e5dgivning - CSM: \u00d8st\" \/>\n<meta property=\"og:description\" content=\"CSM-\u00d8st tilbyder gratis og anonym socialfaglig r\u00e5dgivning og vejledning til voksne, der har senf\u00f8lger efter seksuelle overgreb i barndommen og er tilknyttet CSM-\u00d8st. Vores socialr\u00e5dgiver kan hj\u00e6lpe dig i forskellige situationer, og kan tilbyde dig st\u00f8tte, r\u00e5d og vejledning i forhold til din aktuelle sociale situation, netv\u00e6rk og behov indenfor socialfaglige og juridiske problemstillinger, herunder [&hellip;]\" \/>\n<meta property=\"og:url\" content=\"https:\/\/csm-danmark.dk\/ost\/psykologbehandling\/socialraadgivning\/\" \/>\n<meta property=\"og:site_name\" content=\"CSM: \u00d8st\" \/>\n<meta property=\"article:modified_time\" content=\"2025-12-19T11:00:41+00:00\" \/>\n<meta property=\"og:image\" content=\"https:\/\/csm-danmark.dk\/ost\/wp-content\/uploads\/sites\/5\/2018\/09\/SygkvindeCSM.jpg\" \/>\n\t<meta property=\"og:image:width\" content=\"325\" \/>\n\t<meta property=\"og:image:height\" content=\"183\" \/>\n\t<meta property=\"og:image:type\" content=\"image\/jpeg\" \/>\n<meta name=\"twitter:card\" content=\"summary_large_image\" \/>\n<meta name=\"twitter:label1\" content=\"Estimeret l\u00e6setid\" \/>\n\t<meta name=\"twitter:data1\" content=\"1 minut\" \/>\n<script type=\"application\/ld+json\" class=\"yoast-schema-graph\">{\"@context\":\"https:\/\/schema.org\",\"@graph\":[{\"@type\":\"WebPage\",\"@id\":\"https:\/\/csm-danmark.dk\/ost\/psykologbehandling\/socialraadgivning\/\",\"url\":\"https:\/\/csm-danmark.dk\/ost\/psykologbehandling\/socialraadgivning\/\",\"name\":\"Socialr\u00e5dgivning - CSM: \u00d8st\",\"isPartOf\":{\"@id\":\"https:\/\/csm-danmark.dk\/ost\/#website\"},\"primaryImageOfPage\":{\"@id\":\"https:\/\/csm-danmark.dk\/ost\/psykologbehandling\/socialraadgivning\/#primaryimage\"},\"image\":{\"@id\":\"https:\/\/csm-danmark.dk\/ost\/psykologbehandling\/socialraadgivning\/#primaryimage\"},\"thumbnailUrl\":\"https:\/\/csm-danmark.dk\/ost\/wp-content\/uploads\/sites\/5\/2018\/09\/SygkvindeCSM.jpg\",\"datePublished\":\"2018-04-23T05:00:10+00:00\",\"dateModified\":\"2025-12-19T11:00:41+00:00\",\"breadcrumb\":{\"@id\":\"https:\/\/csm-danmark.dk\/ost\/psykologbehandling\/socialraadgivning\/#breadcrumb\"},\"inLanguage\":\"da-DK\",\"potentialAction\":[{\"@type\":\"ReadAction\",\"target\":[\"https:\/\/csm-danmark.dk\/ost\/psykologbehandling\/socialraadgivning\/\"]}]},{\"@type\":\"ImageObject\",\"inLanguage\":\"da-DK\",\"@id\":\"https:\/\/csm-danmark.dk\/ost\/psykologbehandling\/socialraadgivning\/#primaryimage\",\"url\":\"https:\/\/csm-danmark.dk\/ost\/wp-content\/uploads\/sites\/5\/2018\/09\/SygkvindeCSM.jpg\",\"contentUrl\":\"https:\/\/csm-danmark.dk\/ost\/wp-content\/uploads\/sites\/5\/2018\/09\/SygkvindeCSM.jpg\",\"width\":325,\"height\":183},{\"@type\":\"BreadcrumbList\",\"@id\":\"https:\/\/csm-danmark.dk\/ost\/psykologbehandling\/socialraadgivning\/#breadcrumb\",\"itemListElement\":[{\"@type\":\"ListItem\",\"position\":1,\"name\":\"Home\",\"item\":\"https:\/\/csm-danmark.dk\/ost\/\"},{\"@type\":\"ListItem\",\"position\":2,\"name\":\"Vi tilbyder\",\"item\":\"https:\/\/csm-danmark.dk\/ost\/psykologbehandling\/\"},{\"@type\":\"ListItem\",\"position\":3,\"name\":\"Socialr\u00e5dgivning\"}]},{\"@type\":\"WebSite\",\"@id\":\"https:\/\/csm-danmark.dk\/ost\/#website\",\"url\":\"https:\/\/csm-danmark.dk\/ost\/\",\"name\":\"CSM: \u00d8st\",\"description\":\"Center for Seksuelt Misbrugte\",\"potentialAction\":[{\"@type\":\"SearchAction\",\"target\":{\"@type\":\"EntryPoint\",\"urlTemplate\":\"https:\/\/csm-danmark.dk\/ost\/?s={search_term_string}\"},\"query-input\":{\"@type\":\"PropertyValueSpecification\",\"valueRequired\":true,\"valueName\":\"search_term_string\"}}],\"inLanguage\":\"da-DK\"}]}<\/script>\n<!-- \/ Yoast SEO plugin. -->","yoast_head_json":{"title":"Socialr\u00e5dgivning - CSM: \u00d8st","robots":{"index":"index","follow":"follow","max-snippet":"max-snippet:-1","max-image-preview":"max-image-preview:large","max-video-preview":"max-video-preview:-1"},"canonical":"https:\/\/csm-danmark.dk\/ost\/psykologbehandling\/socialraadgivning\/","og_locale":"da_DK","og_type":"article","og_title":"Socialr\u00e5dgivning - CSM: \u00d8st","og_description":"CSM-\u00d8st tilbyder gratis og anonym socialfaglig r\u00e5dgivning og vejledning til voksne, der har senf\u00f8lger efter seksuelle overgreb i barndommen og er tilknyttet CSM-\u00d8st. Vores socialr\u00e5dgiver kan hj\u00e6lpe dig i forskellige situationer, og kan tilbyde dig st\u00f8tte, r\u00e5d og vejledning i forhold til din aktuelle sociale situation, netv\u00e6rk og behov indenfor socialfaglige og juridiske problemstillinger, herunder [&hellip;]","og_url":"https:\/\/csm-danmark.dk\/ost\/psykologbehandling\/socialraadgivning\/","og_site_name":"CSM: \u00d8st","article_modified_time":"2025-12-19T11:00:41+00:00","og_image":[{"width":325,"height":183,"url":"https:\/\/csm-danmark.dk\/ost\/wp-content\/uploads\/sites\/5\/2018\/09\/SygkvindeCSM.jpg","type":"image\/jpeg"}],"twitter_card":"summary_large_image","twitter_misc":{"Estimeret l\u00e6setid":"1 minut"},"schema":{"@context":"https:\/\/schema.org","@graph":[{"@type":"WebPage","@id":"https:\/\/csm-danmark.dk\/ost\/psykologbehandling\/socialraadgivning\/","url":"https:\/\/csm-danmark.dk\/ost\/psykologbehandling\/socialraadgivning\/","name":"Socialr\u00e5dgivning - CSM: \u00d8st","isPartOf":{"@id":"https:\/\/csm-danmark.dk\/ost\/#website"},"primaryImageOfPage":{"@id":"https:\/\/csm-danmark.dk\/ost\/psykologbehandling\/socialraadgivning\/#primaryimage"},"image":{"@id":"https:\/\/csm-danmark.dk\/ost\/psykologbehandling\/socialraadgivning\/#primaryimage"},"thumbnailUrl":"https:\/\/csm-danmark.dk\/ost\/wp-content\/uploads\/sites\/5\/2018\/09\/SygkvindeCSM.jpg","datePublished":"2018-04-23T05:00:10+00:00","dateModified":"2025-12-19T11:00:41+00:00","breadcrumb":{"@id":"https:\/\/csm-danmark.dk\/ost\/psykologbehandling\/socialraadgivning\/#breadcrumb"},"inLanguage":"da-DK","potentialAction":[{"@type":"ReadAction","target":["https:\/\/csm-danmark.dk\/ost\/psykologbehandling\/socialraadgivning\/"]}]},{"@type":"ImageObject","inLanguage":"da-DK","@id":"https:\/\/csm-danmark.dk\/ost\/psykologbehandling\/socialraadgivning\/#primaryimage","url":"https:\/\/csm-danmark.dk\/ost\/wp-content\/uploads\/sites\/5\/2018\/09\/SygkvindeCSM.jpg","contentUrl":"https:\/\/csm-danmark.dk\/ost\/wp-content\/uploads\/sites\/5\/2018\/09\/SygkvindeCSM.jpg","width":325,"height":183},{"@type":"BreadcrumbList","@id":"https:\/\/csm-danmark.dk\/ost\/psykologbehandling\/socialraadgivning\/#breadcrumb","itemListElement":[{"@type":"ListItem","position":1,"name":"Home","item":"https:\/\/csm-danmark.dk\/ost\/"},{"@type":"ListItem","position":2,"name":"Vi tilbyder","item":"https:\/\/csm-danmark.dk\/ost\/psykologbehandling\/"},{"@type":"ListItem","position":3,"name":"Socialr\u00e5dgivning"}]},{"@type":"WebSite","@id":"https:\/\/csm-danmark.dk\/ost\/#website","url":"https:\/\/csm-danmark.dk\/ost\/","name":"CSM: \u00d8st","description":"Center for Seksuelt Misbrugte","potentialAction":[{"@type":"SearchAction","target":{"@type":"EntryPoint","urlTemplate":"https:\/\/csm-danmark.dk\/ost\/?s={search_term_string}"},"query-input":{"@type":"PropertyValueSpecification","valueRequired":true,"valueName":"search_term_string"}}],"inLanguage":"da-DK"}]}},"_links":{"self":[{"href":"https:\/\/csm-danmark.dk\/ost\/wp-json\/wp\/v2\/pages\/229","targetHints":{"allow":["GET"]}}],"collection":[{"href":"https:\/\/csm-danmark.dk\/ost\/wp-json\/wp\/v2\/pages"}],"about":[{"href":"https:\/\/csm-danmark.dk\/ost\/wp-json\/wp\/v2\/types\/page"}],"author":[{"embeddable":true,"href":"https:\/\/csm-danmark.dk\/ost\/wp-json\/wp\/v2\/users\/1"}],"replies":[{"embeddable":true,"href":"https:\/\/csm-danmark.dk\/ost\/wp-json\/wp\/v2\/comments?post=229"}],"version-history":[{"count":20,"href":"https:\/\/csm-danmark.dk\/ost\/wp-json\/wp\/v2\/pages\/229\/revisions"}],"predecessor-version":[{"id":5797,"href":"https:\/\/csm-danmark.dk\/ost\/wp-json\/wp\/v2\/pages\/229\/revisions\/5797"}],"up":[{"embeddable":true,"href":"https:\/\/csm-danmark.dk\/ost\/wp-json\/wp\/v2\/pages\/228"}],"wp:featuredmedia":[{"embeddable":true,"href":"https:\/\/csm-danmark.dk\/ost\/wp-json\/wp\/v2\/media\/1792"}],"wp:attachment":[{"href":"https:\/\/csm-danmark.dk\/ost\/wp-json\/wp\/v2\/media?parent=229"}],"curies":[{"name":"wp","href":"https:\/\/api.w.org\/{rel}","templated":true}]}}