{"id":1747,"date":"2018-09-06T07:41:52","date_gmt":"2018-09-06T07:41:52","guid":{"rendered":"http:\/\/csm-danmark.dk.dedi5085.your-server.de\/ost\/?page_id=1747"},"modified":"2018-09-10T06:53:06","modified_gmt":"2018-09-10T06:53:06","slug":"fondsansogning-pa-frivilligomradet","status":"publish","type":"page","link":"https:\/\/csm-danmark.dk\/ost\/om-csm-ost\/projekter\/fondsansogning-pa-frivilligomradet\/","title":{"rendered":"Frivilligomr\u00e5det"},"content":{"rendered":"<h5>Fondsans\u00f8gning p\u00e5 frivilligomr\u00e5det<\/h5>\n<p>CSM \u00d8st har s\u00f8gt fondsmidler i henholdsvis K\u00f8benhavns og Frederiksberg Kommuner p\u00e5 i alt 180.000 kr. Midlerne skal bruges til f\u00f8lgende tre indsatser:<\/p>\n<ul>\n<li>Fortsat opkvalificering af de frivillige telefon- og chatr\u00e5dgivere i CSM \u00d8st, s\u00e5 de kan m\u00f8de de, der henvender sig i den frivillige r\u00e5dgivning p\u00e5 en empatisk, respektfuld og kompetent m\u00e5de. Den gode samtale skal gerne bidrage til, at den der henvender sig opn\u00e5r st\u00f8rre selvindsigt og ser sine problemer p\u00e5 en anden m\u00e5de, hvorved flere l\u00f8sningsmuligheder udfolder sig.<\/li>\n<li>Medfinansiering af opl\u00e6gsholderne\/instrukt\u00f8rerne i CSM \u00d8st\u2019s aftentilbud for brugerne (\u201dFrirummet\u201d), s\u00e5ledes at stedet bliver attraktivt at benytte. Der udbydes kreativt v\u00e6rksted, Qi Gong, yoga, Manuvision, foredrag, Caf\u00e9aftener m.m. \u201dFrirummet\u201d er et fristed for brugerne, hvor de i et trygt rum kan g\u00e5 i kontakt med andre mennesker og spejle sig i hinanden. Derudover kan de tr\u00e6ne sig selv i at rumme andre og ogs\u00e5 \u00f8ve sig i at st\u00e5 op for sig selv<\/li>\n<li>En oplysningskampagne p\u00e5 Facebook, hvor en kendt ambassad\u00f8r i en videooptagelse fremh\u00e6ver muligheden for behandling og r\u00e5dgivning i CSM Centrene.<\/li>\n<\/ul>\n","protected":false},"excerpt":{"rendered":"<p>Fondsans\u00f8gning p\u00e5 frivilligomr\u00e5det CSM \u00d8st har s\u00f8gt fondsmidler i henholdsvis K\u00f8benhavns og Frederiksberg Kommuner p\u00e5 i alt 180.000 kr. Midlerne skal bruges til f\u00f8lgende tre indsatser: Fortsat opkvalificering af de frivillige telefon- og chatr\u00e5dgivere i CSM \u00d8st, s\u00e5 de kan m\u00f8de de, der henvender sig i den frivillige r\u00e5dgivning p\u00e5 en empatisk, respektfuld og kompetent [&hellip;]<\/p>\n","protected":false},"author":3,"featured_media":0,"parent":1808,"menu_order":0,"comment_status":"closed","ping_status":"closed","template":"","meta":{"_acf_changed":false,"footnotes":""},"class_list":["post-1747","page","type-page","status-publish","hentry"],"acf":[],"yoast_head":"<!-- This site is optimized with the Yoast SEO plugin v26.6 - https:\/\/yoast.com\/wordpress\/plugins\/seo\/ -->\n<title>Frivilligomr\u00e5det - CSM: \u00d8st<\/title>\n<meta name=\"robots\" content=\"index, follow, max-snippet:-1, max-image-preview:large, max-video-preview:-1\" \/>\n<link rel=\"canonical\" href=\"https:\/\/csm-danmark.dk\/ost\/om-csm-ost\/projekter\/fondsansogning-pa-frivilligomradet\/\" \/>\n<meta property=\"og:locale\" content=\"da_DK\" \/>\n<meta property=\"og:type\" content=\"article\" \/>\n<meta property=\"og:title\" content=\"Frivilligomr\u00e5det - CSM: \u00d8st\" \/>\n<meta property=\"og:description\" content=\"Fondsans\u00f8gning p\u00e5 frivilligomr\u00e5det CSM \u00d8st har s\u00f8gt fondsmidler i henholdsvis K\u00f8benhavns og Frederiksberg Kommuner p\u00e5 i alt 180.000 kr. Midlerne skal bruges til f\u00f8lgende tre indsatser: Fortsat opkvalificering af de frivillige telefon- og chatr\u00e5dgivere i CSM \u00d8st, s\u00e5 de kan m\u00f8de de, der henvender sig i den frivillige r\u00e5dgivning p\u00e5 en empatisk, respektfuld og kompetent [&hellip;]\" \/>\n<meta property=\"og:url\" content=\"https:\/\/csm-danmark.dk\/ost\/om-csm-ost\/projekter\/fondsansogning-pa-frivilligomradet\/\" \/>\n<meta property=\"og:site_name\" content=\"CSM: \u00d8st\" \/>\n<meta property=\"article:modified_time\" content=\"2018-09-10T06:53:06+00:00\" \/>\n<meta name=\"twitter:card\" content=\"summary_large_image\" \/>\n<meta name=\"twitter:label1\" content=\"Estimeret l\u00e6setid\" \/>\n\t<meta name=\"twitter:data1\" content=\"1 minut\" \/>\n<script type=\"application\/ld+json\" class=\"yoast-schema-graph\">{\"@context\":\"https:\/\/schema.org\",\"@graph\":[{\"@type\":\"WebPage\",\"@id\":\"https:\/\/csm-danmark.dk\/ost\/om-csm-ost\/projekter\/fondsansogning-pa-frivilligomradet\/\",\"url\":\"https:\/\/csm-danmark.dk\/ost\/om-csm-ost\/projekter\/fondsansogning-pa-frivilligomradet\/\",\"name\":\"Frivilligomr\u00e5det - CSM: \u00d8st\",\"isPartOf\":{\"@id\":\"https:\/\/csm-danmark.dk\/ost\/#website\"},\"datePublished\":\"2018-09-06T07:41:52+00:00\",\"dateModified\":\"2018-09-10T06:53:06+00:00\",\"breadcrumb\":{\"@id\":\"https:\/\/csm-danmark.dk\/ost\/om-csm-ost\/projekter\/fondsansogning-pa-frivilligomradet\/#breadcrumb\"},\"inLanguage\":\"da-DK\",\"potentialAction\":[{\"@type\":\"ReadAction\",\"target\":[\"https:\/\/csm-danmark.dk\/ost\/om-csm-ost\/projekter\/fondsansogning-pa-frivilligomradet\/\"]}]},{\"@type\":\"BreadcrumbList\",\"@id\":\"https:\/\/csm-danmark.dk\/ost\/om-csm-ost\/projekter\/fondsansogning-pa-frivilligomradet\/#breadcrumb\",\"itemListElement\":[{\"@type\":\"ListItem\",\"position\":1,\"name\":\"Home\",\"item\":\"https:\/\/csm-danmark.dk\/ost\/\"},{\"@type\":\"ListItem\",\"position\":2,\"name\":\"Om CSM \u00d8st\",\"item\":\"https:\/\/csm-danmark.dk\/ost\/om-csm-ost\/\"},{\"@type\":\"ListItem\",\"position\":3,\"name\":\"Privat: Om projekter i CSM \u00d8st\",\"item\":\"https:\/\/csm-danmark.dk\/ost\/?page_id=1808\"},{\"@type\":\"ListItem\",\"position\":4,\"name\":\"Frivilligomr\u00e5det\"}]},{\"@type\":\"WebSite\",\"@id\":\"https:\/\/csm-danmark.dk\/ost\/#website\",\"url\":\"https:\/\/csm-danmark.dk\/ost\/\",\"name\":\"CSM: \u00d8st\",\"description\":\"Center for Seksuelt Misbrugte\",\"potentialAction\":[{\"@type\":\"SearchAction\",\"target\":{\"@type\":\"EntryPoint\",\"urlTemplate\":\"https:\/\/csm-danmark.dk\/ost\/?s={search_term_string}\"},\"query-input\":{\"@type\":\"PropertyValueSpecification\",\"valueRequired\":true,\"valueName\":\"search_term_string\"}}],\"inLanguage\":\"da-DK\"}]}<\/script>\n<!-- \/ Yoast SEO plugin. -->","yoast_head_json":{"title":"Frivilligomr\u00e5det - CSM: \u00d8st","robots":{"index":"index","follow":"follow","max-snippet":"max-snippet:-1","max-image-preview":"max-image-preview:large","max-video-preview":"max-video-preview:-1"},"canonical":"https:\/\/csm-danmark.dk\/ost\/om-csm-ost\/projekter\/fondsansogning-pa-frivilligomradet\/","og_locale":"da_DK","og_type":"article","og_title":"Frivilligomr\u00e5det - CSM: \u00d8st","og_description":"Fondsans\u00f8gning p\u00e5 frivilligomr\u00e5det CSM \u00d8st har s\u00f8gt fondsmidler i henholdsvis K\u00f8benhavns og Frederiksberg Kommuner p\u00e5 i alt 180.000 kr. Midlerne skal bruges til f\u00f8lgende tre indsatser: Fortsat opkvalificering af de frivillige telefon- og chatr\u00e5dgivere i CSM \u00d8st, s\u00e5 de kan m\u00f8de de, der henvender sig i den frivillige r\u00e5dgivning p\u00e5 en empatisk, respektfuld og kompetent [&hellip;]","og_url":"https:\/\/csm-danmark.dk\/ost\/om-csm-ost\/projekter\/fondsansogning-pa-frivilligomradet\/","og_site_name":"CSM: \u00d8st","article_modified_time":"2018-09-10T06:53:06+00:00","twitter_card":"summary_large_image","twitter_misc":{"Estimeret l\u00e6setid":"1 minut"},"schema":{"@context":"https:\/\/schema.org","@graph":[{"@type":"WebPage","@id":"https:\/\/csm-danmark.dk\/ost\/om-csm-ost\/projekter\/fondsansogning-pa-frivilligomradet\/","url":"https:\/\/csm-danmark.dk\/ost\/om-csm-ost\/projekter\/fondsansogning-pa-frivilligomradet\/","name":"Frivilligomr\u00e5det - CSM: \u00d8st","isPartOf":{"@id":"https:\/\/csm-danmark.dk\/ost\/#website"},"datePublished":"2018-09-06T07:41:52+00:00","dateModified":"2018-09-10T06:53:06+00:00","breadcrumb":{"@id":"https:\/\/csm-danmark.dk\/ost\/om-csm-ost\/projekter\/fondsansogning-pa-frivilligomradet\/#breadcrumb"},"inLanguage":"da-DK","potentialAction":[{"@type":"ReadAction","target":["https:\/\/csm-danmark.dk\/ost\/om-csm-ost\/projekter\/fondsansogning-pa-frivilligomradet\/"]}]},{"@type":"BreadcrumbList","@id":"https:\/\/csm-danmark.dk\/ost\/om-csm-ost\/projekter\/fondsansogning-pa-frivilligomradet\/#breadcrumb","itemListElement":[{"@type":"ListItem","position":1,"name":"Home","item":"https:\/\/csm-danmark.dk\/ost\/"},{"@type":"ListItem","position":2,"name":"Om CSM \u00d8st","item":"https:\/\/csm-danmark.dk\/ost\/om-csm-ost\/"},{"@type":"ListItem","position":3,"name":"Privat: Om projekter i CSM \u00d8st","item":"https:\/\/csm-danmark.dk\/ost\/?page_id=1808"},{"@type":"ListItem","position":4,"name":"Frivilligomr\u00e5det"}]},{"@type":"WebSite","@id":"https:\/\/csm-danmark.dk\/ost\/#website","url":"https:\/\/csm-danmark.dk\/ost\/","name":"CSM: \u00d8st","description":"Center for Seksuelt Misbrugte","potentialAction":[{"@type":"SearchAction","target":{"@type":"EntryPoint","urlTemplate":"https:\/\/csm-danmark.dk\/ost\/?s={search_term_string}"},"query-input":{"@type":"PropertyValueSpecification","valueRequired":true,"valueName":"search_term_string"}}],"inLanguage":"da-DK"}]}},"_links":{"self":[{"href":"https:\/\/csm-danmark.dk\/ost\/wp-json\/wp\/v2\/pages\/1747","targetHints":{"allow":["GET"]}}],"collection":[{"href":"https:\/\/csm-danmark.dk\/ost\/wp-json\/wp\/v2\/pages"}],"about":[{"href":"https:\/\/csm-danmark.dk\/ost\/wp-json\/wp\/v2\/types\/page"}],"author":[{"embeddable":true,"href":"https:\/\/csm-danmark.dk\/ost\/wp-json\/wp\/v2\/users\/3"}],"replies":[{"embeddable":true,"href":"https:\/\/csm-danmark.dk\/ost\/wp-json\/wp\/v2\/comments?post=1747"}],"version-history":[{"count":2,"href":"https:\/\/csm-danmark.dk\/ost\/wp-json\/wp\/v2\/pages\/1747\/revisions"}],"predecessor-version":[{"id":1835,"href":"https:\/\/csm-danmark.dk\/ost\/wp-json\/wp\/v2\/pages\/1747\/revisions\/1835"}],"up":[{"embeddable":true,"href":"https:\/\/csm-danmark.dk\/ost\/wp-json\/wp\/v2\/pages\/1808"}],"wp:attachment":[{"href":"https:\/\/csm-danmark.dk\/ost\/wp-json\/wp\/v2\/media?parent=1747"}],"curies":[{"name":"wp","href":"https:\/\/api.w.org\/{rel}","templated":true}]}}