{"id":1532,"date":"2018-08-24T20:21:21","date_gmt":"2018-08-24T20:21:21","guid":{"rendered":"http:\/\/csm-danmark.dk.dedi5085.your-server.de\/ost\/?page_id=1532"},"modified":"2026-02-19T14:15:25","modified_gmt":"2026-02-19T13:15:25","slug":"ledige-stillinger-hos-csm-ost","status":"publish","type":"page","link":"https:\/\/csm-danmark.dk\/ost\/om-csm-ost\/ledige-stillinger-hos-csm-ost\/","title":{"rendered":"Ledige stillinger hos CSM \u00d8st"},"content":{"rendered":"\n\n\n<div class=\"page\" title=\"Page 1\">\n<h4><span style=\"color: #000080;\">Ledige stillinger hos CSM \u00f8st<br \/><\/span><\/h4>\n<div class=\"page\" title=\"Page 1\">\u00a0<\/div>\n<p><strong style=\"font-size: 1em;\">Center for Seksuelt Misbrugte \u00d8st s\u00f8ger frivillige<\/strong><\/p>\n<\/div>\n<p><span style=\"color: #000000;\">Vil du hj\u00e6lpe med at g\u00f8re en stor forskel for mennesker, der har v\u00e6ret udsat for seksuelle overgreb i barn- og ungdommen?<\/span><br \/><span style=\"color: #000000;\">CSM \u00d8st s\u00f8ger l\u00f8bende nye frivillige &#8211; l\u00e6s mere<\/span> <a href=\"https:\/\/csm-danmark.dk\/ost\/bliv-frivillig\/\" target=\"_blank\" rel=\"noopener\"><strong>her<\/strong><\/a><\/p>\n<p>\u00a0<\/p>\n<h4><span style=\"color: #000080;\">Uopfordrede ans\u00f8gninger<\/span><\/h4>\n<p>Vi modtager ikke uopfordrede ans\u00f8gninger<br \/>Vi er forpligtet til at annoncere alle ledige stillinger hos CSM \u00d8st, derfor tager vi ikke imod uopfordrede ans\u00f8gninger. <br \/>Hvis du er interesseret i en stilling hos CSM \u00d8st, s\u00e5 hold \u00f8je med vores side med ledige stillinger, som l\u00f8bende bliver opdateret.<\/p>\n<p>Vores ledige stillinger vil ogs\u00e5 blive sl\u00e5et op p\u00e5 relevante medier, faglige sider og jobdatabaser.<\/p>\n<p>\u00a0<\/p>\n","protected":false},"excerpt":{"rendered":"<p>Ledige stillinger hos CSM \u00f8st \u00a0 Center for Seksuelt Misbrugte \u00d8st s\u00f8ger frivillige Vil du hj\u00e6lpe med at g\u00f8re en stor forskel for mennesker, der har v\u00e6ret udsat for seksuelle overgreb i barn- og ungdommen?CSM \u00d8st s\u00f8ger l\u00f8bende nye frivillige &#8211; l\u00e6s mere her \u00a0 Uopfordrede ans\u00f8gninger Vi modtager ikke uopfordrede ans\u00f8gningerVi er forpligtet til [&hellip;]<\/p>\n","protected":false},"author":3,"featured_media":0,"parent":980,"menu_order":0,"comment_status":"closed","ping_status":"closed","template":"","meta":{"_acf_changed":false,"footnotes":""},"class_list":["post-1532","page","type-page","status-publish","hentry"],"acf":[],"yoast_head":"<!-- This site is optimized with the Yoast SEO plugin v26.6 - https:\/\/yoast.com\/wordpress\/plugins\/seo\/ -->\n<title>Ledige stillinger hos CSM \u00d8st - CSM: \u00d8st<\/title>\n<meta name=\"robots\" content=\"index, follow, max-snippet:-1, max-image-preview:large, max-video-preview:-1\" \/>\n<link rel=\"canonical\" href=\"https:\/\/csm-danmark.dk\/ost\/om-csm-ost\/ledige-stillinger-hos-csm-ost\/\" \/>\n<meta property=\"og:locale\" content=\"da_DK\" \/>\n<meta property=\"og:type\" content=\"article\" \/>\n<meta property=\"og:title\" content=\"Ledige stillinger hos CSM \u00d8st - CSM: \u00d8st\" \/>\n<meta property=\"og:description\" content=\"Ledige stillinger hos CSM \u00f8st \u00a0 Center for Seksuelt Misbrugte \u00d8st s\u00f8ger frivillige Vil du hj\u00e6lpe med at g\u00f8re en stor forskel for mennesker, der har v\u00e6ret udsat for seksuelle overgreb i barn- og ungdommen?CSM \u00d8st s\u00f8ger l\u00f8bende nye frivillige &#8211; l\u00e6s mere her \u00a0 Uopfordrede ans\u00f8gninger Vi modtager ikke uopfordrede ans\u00f8gningerVi er forpligtet til [&hellip;]\" \/>\n<meta property=\"og:url\" content=\"https:\/\/csm-danmark.dk\/ost\/om-csm-ost\/ledige-stillinger-hos-csm-ost\/\" \/>\n<meta property=\"og:site_name\" content=\"CSM: \u00d8st\" \/>\n<meta property=\"article:modified_time\" content=\"2026-02-19T13:15:25+00:00\" \/>\n<meta name=\"twitter:card\" content=\"summary_large_image\" \/>\n<meta name=\"twitter:label1\" content=\"Estimeret l\u00e6setid\" \/>\n\t<meta name=\"twitter:data1\" content=\"1 minut\" \/>\n<script type=\"application\/ld+json\" class=\"yoast-schema-graph\">{\"@context\":\"https:\/\/schema.org\",\"@graph\":[{\"@type\":\"WebPage\",\"@id\":\"https:\/\/csm-danmark.dk\/ost\/om-csm-ost\/ledige-stillinger-hos-csm-ost\/\",\"url\":\"https:\/\/csm-danmark.dk\/ost\/om-csm-ost\/ledige-stillinger-hos-csm-ost\/\",\"name\":\"Ledige stillinger hos CSM \u00d8st - CSM: \u00d8st\",\"isPartOf\":{\"@id\":\"https:\/\/csm-danmark.dk\/ost\/#website\"},\"datePublished\":\"2018-08-24T20:21:21+00:00\",\"dateModified\":\"2026-02-19T13:15:25+00:00\",\"breadcrumb\":{\"@id\":\"https:\/\/csm-danmark.dk\/ost\/om-csm-ost\/ledige-stillinger-hos-csm-ost\/#breadcrumb\"},\"inLanguage\":\"da-DK\",\"potentialAction\":[{\"@type\":\"ReadAction\",\"target\":[\"https:\/\/csm-danmark.dk\/ost\/om-csm-ost\/ledige-stillinger-hos-csm-ost\/\"]}]},{\"@type\":\"BreadcrumbList\",\"@id\":\"https:\/\/csm-danmark.dk\/ost\/om-csm-ost\/ledige-stillinger-hos-csm-ost\/#breadcrumb\",\"itemListElement\":[{\"@type\":\"ListItem\",\"position\":1,\"name\":\"Home\",\"item\":\"https:\/\/csm-danmark.dk\/ost\/\"},{\"@type\":\"ListItem\",\"position\":2,\"name\":\"Om CSM \u00d8st\",\"item\":\"https:\/\/csm-danmark.dk\/ost\/om-csm-ost\/\"},{\"@type\":\"ListItem\",\"position\":3,\"name\":\"Ledige stillinger hos CSM \u00d8st\"}]},{\"@type\":\"WebSite\",\"@id\":\"https:\/\/csm-danmark.dk\/ost\/#website\",\"url\":\"https:\/\/csm-danmark.dk\/ost\/\",\"name\":\"CSM: \u00d8st\",\"description\":\"Center for Seksuelt Misbrugte\",\"potentialAction\":[{\"@type\":\"SearchAction\",\"target\":{\"@type\":\"EntryPoint\",\"urlTemplate\":\"https:\/\/csm-danmark.dk\/ost\/?s={search_term_string}\"},\"query-input\":{\"@type\":\"PropertyValueSpecification\",\"valueRequired\":true,\"valueName\":\"search_term_string\"}}],\"inLanguage\":\"da-DK\"}]}<\/script>\n<!-- \/ Yoast SEO plugin. -->","yoast_head_json":{"title":"Ledige stillinger hos CSM \u00d8st - CSM: \u00d8st","robots":{"index":"index","follow":"follow","max-snippet":"max-snippet:-1","max-image-preview":"max-image-preview:large","max-video-preview":"max-video-preview:-1"},"canonical":"https:\/\/csm-danmark.dk\/ost\/om-csm-ost\/ledige-stillinger-hos-csm-ost\/","og_locale":"da_DK","og_type":"article","og_title":"Ledige stillinger hos CSM \u00d8st - CSM: \u00d8st","og_description":"Ledige stillinger hos CSM \u00f8st \u00a0 Center for Seksuelt Misbrugte \u00d8st s\u00f8ger frivillige Vil du hj\u00e6lpe med at g\u00f8re en stor forskel for mennesker, der har v\u00e6ret udsat for seksuelle overgreb i barn- og ungdommen?CSM \u00d8st s\u00f8ger l\u00f8bende nye frivillige &#8211; l\u00e6s mere her \u00a0 Uopfordrede ans\u00f8gninger Vi modtager ikke uopfordrede ans\u00f8gningerVi er forpligtet til [&hellip;]","og_url":"https:\/\/csm-danmark.dk\/ost\/om-csm-ost\/ledige-stillinger-hos-csm-ost\/","og_site_name":"CSM: \u00d8st","article_modified_time":"2026-02-19T13:15:25+00:00","twitter_card":"summary_large_image","twitter_misc":{"Estimeret l\u00e6setid":"1 minut"},"schema":{"@context":"https:\/\/schema.org","@graph":[{"@type":"WebPage","@id":"https:\/\/csm-danmark.dk\/ost\/om-csm-ost\/ledige-stillinger-hos-csm-ost\/","url":"https:\/\/csm-danmark.dk\/ost\/om-csm-ost\/ledige-stillinger-hos-csm-ost\/","name":"Ledige stillinger hos CSM \u00d8st - CSM: \u00d8st","isPartOf":{"@id":"https:\/\/csm-danmark.dk\/ost\/#website"},"datePublished":"2018-08-24T20:21:21+00:00","dateModified":"2026-02-19T13:15:25+00:00","breadcrumb":{"@id":"https:\/\/csm-danmark.dk\/ost\/om-csm-ost\/ledige-stillinger-hos-csm-ost\/#breadcrumb"},"inLanguage":"da-DK","potentialAction":[{"@type":"ReadAction","target":["https:\/\/csm-danmark.dk\/ost\/om-csm-ost\/ledige-stillinger-hos-csm-ost\/"]}]},{"@type":"BreadcrumbList","@id":"https:\/\/csm-danmark.dk\/ost\/om-csm-ost\/ledige-stillinger-hos-csm-ost\/#breadcrumb","itemListElement":[{"@type":"ListItem","position":1,"name":"Home","item":"https:\/\/csm-danmark.dk\/ost\/"},{"@type":"ListItem","position":2,"name":"Om CSM \u00d8st","item":"https:\/\/csm-danmark.dk\/ost\/om-csm-ost\/"},{"@type":"ListItem","position":3,"name":"Ledige stillinger hos CSM \u00d8st"}]},{"@type":"WebSite","@id":"https:\/\/csm-danmark.dk\/ost\/#website","url":"https:\/\/csm-danmark.dk\/ost\/","name":"CSM: \u00d8st","description":"Center for Seksuelt Misbrugte","potentialAction":[{"@type":"SearchAction","target":{"@type":"EntryPoint","urlTemplate":"https:\/\/csm-danmark.dk\/ost\/?s={search_term_string}"},"query-input":{"@type":"PropertyValueSpecification","valueRequired":true,"valueName":"search_term_string"}}],"inLanguage":"da-DK"}]}},"_links":{"self":[{"href":"https:\/\/csm-danmark.dk\/ost\/wp-json\/wp\/v2\/pages\/1532","targetHints":{"allow":["GET"]}}],"collection":[{"href":"https:\/\/csm-danmark.dk\/ost\/wp-json\/wp\/v2\/pages"}],"about":[{"href":"https:\/\/csm-danmark.dk\/ost\/wp-json\/wp\/v2\/types\/page"}],"author":[{"embeddable":true,"href":"https:\/\/csm-danmark.dk\/ost\/wp-json\/wp\/v2\/users\/3"}],"replies":[{"embeddable":true,"href":"https:\/\/csm-danmark.dk\/ost\/wp-json\/wp\/v2\/comments?post=1532"}],"version-history":[{"count":301,"href":"https:\/\/csm-danmark.dk\/ost\/wp-json\/wp\/v2\/pages\/1532\/revisions"}],"predecessor-version":[{"id":5903,"href":"https:\/\/csm-danmark.dk\/ost\/wp-json\/wp\/v2\/pages\/1532\/revisions\/5903"}],"up":[{"embeddable":true,"href":"https:\/\/csm-danmark.dk\/ost\/wp-json\/wp\/v2\/pages\/980"}],"wp:attachment":[{"href":"https:\/\/csm-danmark.dk\/ost\/wp-json\/wp\/v2\/media?parent=1532"}],"curies":[{"name":"wp","href":"https:\/\/api.w.org\/{rel}","templated":true}]}}