{"id":977,"date":"2018-05-04T05:10:57","date_gmt":"2018-05-04T05:10:57","guid":{"rendered":"http:\/\/csm-danmark.dk.dedi5085.your-server.de\/midt-nord\/?page_id=977"},"modified":"2024-04-08T12:09:37","modified_gmt":"2024-04-08T12:09:37","slug":"om-csm-midt-nord","status":"publish","type":"page","link":"https:\/\/csm-danmark.dk\/midt-nord\/om-csm-midt-nord\/","title":{"rendered":"CSM Midt Nord"},"content":{"rendered":"<p>CSM Midt Nord, Center for Seksuelt Misbrugte, er et ud af i alt tre senf\u00f8lgecentre for seksuelt misbrugte i Danmark, som alle har som hovedform\u00e5l at reducere de fysiske, psykiske og sociale skadevirkninger efter overgreb i barndommen. CSM Midt Nord blev etableret i Aarhus i juni 2013, for at hj\u00e6lpe voksne med senf\u00f8lger af seksuelle overgreb og incest i barndommen i Region Midt og Region Nord.<\/p>\n<p>CSM Midt Nord har lokationer i Aarhus og Aalborg:<\/p>\n<ul>\n<li>I Thomas Koppels Gade 30, 2. sal, 8000 Aarhus C finder du CSM Midt Nords Aarhus-afdeling.<\/li>\n<li>I behandlingssektionen har psykologer, sekret\u00e6rer, fysioterapeut samt centerlederen kontorer.<\/li>\n<li>I frivilligsektionen frivillige til huse sammen med lederen af den frivillige indsats, socialr\u00e5dgiveren og en chat- og selvhj\u00e6lpskoordinator<\/li>\n<li>Afdelingen i Aalborg holder til p\u00e5 Boulevarden 16, 1., 9000 Aalborg, hvor der er frivillige, en frivilligkoordinator og psykologer.<\/li>\n<\/ul>\n<p>CSM Midt Nord tilbyder en r\u00e6kke forskellige tilbud til voksne med senf\u00f8lger efter seksuelle overgreb i barndommen. Vores tilbud omfatter bl.a. terapeutisk behandling med individuelle og gruppebaserede psykologforl\u00f8b, selvhj\u00e6lpsgrupper, r\u00e5dgivningssamtaler, telefon- og chatr\u00e5dgivning samt en r\u00e6kke sociale aktiviteter som caf\u00e9 og kreativt v\u00e6rksted.<\/p>\n<p>CSM Midt Nord er en selvejende institution med en bestyrelse som \u00f8verste beslutningsmyndighed.<\/p>\n<p><strong>Vores organisationsdiagram<\/strong><\/p>\n\n\n<figure class=\"wp-block-image\"><img loading=\"lazy\" decoding=\"async\" width=\"624\" height=\"458\" src=\"https:\/\/csm-danmark.dk\/midt-nord\/wp-content\/uploads\/sites\/2\/2020\/03\/image.png\" alt=\"\" class=\"wp-image-2902\" srcset=\"https:\/\/csm-danmark.dk\/midt-nord\/wp-content\/uploads\/sites\/2\/2020\/03\/image.png 624w, https:\/\/csm-danmark.dk\/midt-nord\/wp-content\/uploads\/sites\/2\/2020\/03\/image-300x220.png 300w\" sizes=\"auto, (max-width: 624px) 100vw, 624px\" \/><\/figure>\n\n\n\n<h2>Den professionelle og frivillige indsats g\u00e5r h\u00e5nd i h\u00e5nd<\/h2>\n<p>CSM Midt Nord er bygget op og hviler p\u00e5 den tidligere forening <a class=\"dull_green\" href=\"https:\/\/csm-danmark.dk\/midt-nord\/frivilligsektionen__trashed\/frivilligsektionens-historie\/\">Christine Centeret<\/a>, som blev etableret i 1996 af frivillige ildsj\u00e6le, der selv var ramt, og som gjorde en stor forskel for m\u00e5lgruppen og blev valgt af Socialministeriet, da man i 2012 bevilgede \u00f8konomi til at oprette tre senf\u00f8lgecentre i Danmark.<\/p>\n<p>CSM Midt Nord er nu et h\u00f8jt specialiseret senf\u00f8lgecenter, hvor den frivillige og professionelle indsats g\u00e5r h\u00e5nd i h\u00e5nd for at hj\u00e6Ipe den enkelte bedst muligt\u00a0p\u00e5 vej i processen med\u00a0at komme sig.\u00a0Alle ansatte og frivillige arbejder for at hj\u00e6lpe voksne med senf\u00f8lger efter seksuelle overgreb i barndommen.<\/p>\n<p>Alle tilbud er gratis.<\/p>\n","protected":false},"excerpt":{"rendered":"<p>CSM Midt Nord, Center for Seksuelt Misbrugte, er et ud af i alt tre senf\u00f8lgecentre for seksuelt misbrugte i Danmark, som alle har som hovedform\u00e5l at reducere de fysiske, psykiske og sociale skadevirkninger efter overgreb i barndommen. CSM Midt Nord blev etableret i Aarhus i juni 2013, for at hj\u00e6lpe voksne med senf\u00f8lger af seksuelle [&hellip;]<\/p>\n","protected":false},"author":1,"featured_media":0,"parent":0,"menu_order":0,"comment_status":"closed","ping_status":"closed","template":"","meta":{"_acf_changed":false,"footnotes":""},"class_list":["post-977","page","type-page","status-publish","hentry"],"acf":[],"yoast_head":"<!-- This site is optimized with the Yoast SEO plugin v26.6 - https:\/\/yoast.com\/wordpress\/plugins\/seo\/ -->\n<title>CSM Midt Nord - CSM: Midt Nord<\/title>\n<meta name=\"robots\" content=\"index, follow, max-snippet:-1, max-image-preview:large, max-video-preview:-1\" \/>\n<link rel=\"canonical\" href=\"https:\/\/csm-danmark.dk\/midt-nord\/om-csm-midt-nord\/\" \/>\n<meta property=\"og:locale\" content=\"da_DK\" \/>\n<meta property=\"og:type\" content=\"article\" \/>\n<meta property=\"og:title\" content=\"CSM Midt Nord - CSM: Midt Nord\" \/>\n<meta property=\"og:description\" content=\"CSM Midt Nord, Center for Seksuelt Misbrugte, er et ud af i alt tre senf\u00f8lgecentre for seksuelt misbrugte i Danmark, som alle har som hovedform\u00e5l at reducere de fysiske, psykiske og sociale skadevirkninger efter overgreb i barndommen. CSM Midt Nord blev etableret i Aarhus i juni 2013, for at hj\u00e6lpe voksne med senf\u00f8lger af seksuelle [&hellip;]\" \/>\n<meta property=\"og:url\" content=\"https:\/\/csm-danmark.dk\/midt-nord\/om-csm-midt-nord\/\" \/>\n<meta property=\"og:site_name\" content=\"CSM: Midt Nord\" \/>\n<meta property=\"article:modified_time\" content=\"2024-04-08T12:09:37+00:00\" \/>\n<meta property=\"og:image\" content=\"https:\/\/csm-danmark.dk\/midt-nord\/wp-content\/uploads\/sites\/2\/2020\/03\/image.png\" \/>\n<meta name=\"twitter:card\" content=\"summary_large_image\" \/>\n<meta name=\"twitter:label1\" content=\"Estimeret l\u00e6setid\" \/>\n\t<meta name=\"twitter:data1\" content=\"2 minutter\" \/>\n<script type=\"application\/ld+json\" class=\"yoast-schema-graph\">{\"@context\":\"https:\/\/schema.org\",\"@graph\":[{\"@type\":\"WebPage\",\"@id\":\"https:\/\/csm-danmark.dk\/midt-nord\/om-csm-midt-nord\/\",\"url\":\"https:\/\/csm-danmark.dk\/midt-nord\/om-csm-midt-nord\/\",\"name\":\"CSM Midt Nord - CSM: Midt Nord\",\"isPartOf\":{\"@id\":\"https:\/\/csm-danmark.dk\/midt-nord\/#website\"},\"primaryImageOfPage\":{\"@id\":\"https:\/\/csm-danmark.dk\/midt-nord\/om-csm-midt-nord\/#primaryimage\"},\"image\":{\"@id\":\"https:\/\/csm-danmark.dk\/midt-nord\/om-csm-midt-nord\/#primaryimage\"},\"thumbnailUrl\":\"https:\/\/csm-danmark.dk\/midt-nord\/wp-content\/uploads\/sites\/2\/2020\/03\/image.png\",\"datePublished\":\"2018-05-04T05:10:57+00:00\",\"dateModified\":\"2024-04-08T12:09:37+00:00\",\"breadcrumb\":{\"@id\":\"https:\/\/csm-danmark.dk\/midt-nord\/om-csm-midt-nord\/#breadcrumb\"},\"inLanguage\":\"da-DK\",\"potentialAction\":[{\"@type\":\"ReadAction\",\"target\":[\"https:\/\/csm-danmark.dk\/midt-nord\/om-csm-midt-nord\/\"]}]},{\"@type\":\"ImageObject\",\"inLanguage\":\"da-DK\",\"@id\":\"https:\/\/csm-danmark.dk\/midt-nord\/om-csm-midt-nord\/#primaryimage\",\"url\":\"https:\/\/csm-danmark.dk\/midt-nord\/wp-content\/uploads\/sites\/2\/2020\/03\/image.png\",\"contentUrl\":\"https:\/\/csm-danmark.dk\/midt-nord\/wp-content\/uploads\/sites\/2\/2020\/03\/image.png\",\"width\":624,\"height\":458},{\"@type\":\"BreadcrumbList\",\"@id\":\"https:\/\/csm-danmark.dk\/midt-nord\/om-csm-midt-nord\/#breadcrumb\",\"itemListElement\":[{\"@type\":\"ListItem\",\"position\":1,\"name\":\"Home\",\"item\":\"https:\/\/csm-danmark.dk\/midt-nord\/\"},{\"@type\":\"ListItem\",\"position\":2,\"name\":\"CSM Midt Nord\"}]},{\"@type\":\"WebSite\",\"@id\":\"https:\/\/csm-danmark.dk\/midt-nord\/#website\",\"url\":\"https:\/\/csm-danmark.dk\/midt-nord\/\",\"name\":\"CSM: Midt Nord\",\"description\":\"Center for Seksuelt Misbrugte\",\"potentialAction\":[{\"@type\":\"SearchAction\",\"target\":{\"@type\":\"EntryPoint\",\"urlTemplate\":\"https:\/\/csm-danmark.dk\/midt-nord\/?s={search_term_string}\"},\"query-input\":{\"@type\":\"PropertyValueSpecification\",\"valueRequired\":true,\"valueName\":\"search_term_string\"}}],\"inLanguage\":\"da-DK\"}]}<\/script>\n<!-- \/ Yoast SEO plugin. -->","yoast_head_json":{"title":"CSM Midt Nord - CSM: Midt Nord","robots":{"index":"index","follow":"follow","max-snippet":"max-snippet:-1","max-image-preview":"max-image-preview:large","max-video-preview":"max-video-preview:-1"},"canonical":"https:\/\/csm-danmark.dk\/midt-nord\/om-csm-midt-nord\/","og_locale":"da_DK","og_type":"article","og_title":"CSM Midt Nord - CSM: Midt Nord","og_description":"CSM Midt Nord, Center for Seksuelt Misbrugte, er et ud af i alt tre senf\u00f8lgecentre for seksuelt misbrugte i Danmark, som alle har som hovedform\u00e5l at reducere de fysiske, psykiske og sociale skadevirkninger efter overgreb i barndommen. CSM Midt Nord blev etableret i Aarhus i juni 2013, for at hj\u00e6lpe voksne med senf\u00f8lger af seksuelle [&hellip;]","og_url":"https:\/\/csm-danmark.dk\/midt-nord\/om-csm-midt-nord\/","og_site_name":"CSM: Midt Nord","article_modified_time":"2024-04-08T12:09:37+00:00","og_image":[{"url":"https:\/\/csm-danmark.dk\/midt-nord\/wp-content\/uploads\/sites\/2\/2020\/03\/image.png","type":"","width":"","height":""}],"twitter_card":"summary_large_image","twitter_misc":{"Estimeret l\u00e6setid":"2 minutter"},"schema":{"@context":"https:\/\/schema.org","@graph":[{"@type":"WebPage","@id":"https:\/\/csm-danmark.dk\/midt-nord\/om-csm-midt-nord\/","url":"https:\/\/csm-danmark.dk\/midt-nord\/om-csm-midt-nord\/","name":"CSM Midt Nord - CSM: Midt Nord","isPartOf":{"@id":"https:\/\/csm-danmark.dk\/midt-nord\/#website"},"primaryImageOfPage":{"@id":"https:\/\/csm-danmark.dk\/midt-nord\/om-csm-midt-nord\/#primaryimage"},"image":{"@id":"https:\/\/csm-danmark.dk\/midt-nord\/om-csm-midt-nord\/#primaryimage"},"thumbnailUrl":"https:\/\/csm-danmark.dk\/midt-nord\/wp-content\/uploads\/sites\/2\/2020\/03\/image.png","datePublished":"2018-05-04T05:10:57+00:00","dateModified":"2024-04-08T12:09:37+00:00","breadcrumb":{"@id":"https:\/\/csm-danmark.dk\/midt-nord\/om-csm-midt-nord\/#breadcrumb"},"inLanguage":"da-DK","potentialAction":[{"@type":"ReadAction","target":["https:\/\/csm-danmark.dk\/midt-nord\/om-csm-midt-nord\/"]}]},{"@type":"ImageObject","inLanguage":"da-DK","@id":"https:\/\/csm-danmark.dk\/midt-nord\/om-csm-midt-nord\/#primaryimage","url":"https:\/\/csm-danmark.dk\/midt-nord\/wp-content\/uploads\/sites\/2\/2020\/03\/image.png","contentUrl":"https:\/\/csm-danmark.dk\/midt-nord\/wp-content\/uploads\/sites\/2\/2020\/03\/image.png","width":624,"height":458},{"@type":"BreadcrumbList","@id":"https:\/\/csm-danmark.dk\/midt-nord\/om-csm-midt-nord\/#breadcrumb","itemListElement":[{"@type":"ListItem","position":1,"name":"Home","item":"https:\/\/csm-danmark.dk\/midt-nord\/"},{"@type":"ListItem","position":2,"name":"CSM Midt Nord"}]},{"@type":"WebSite","@id":"https:\/\/csm-danmark.dk\/midt-nord\/#website","url":"https:\/\/csm-danmark.dk\/midt-nord\/","name":"CSM: Midt Nord","description":"Center for Seksuelt Misbrugte","potentialAction":[{"@type":"SearchAction","target":{"@type":"EntryPoint","urlTemplate":"https:\/\/csm-danmark.dk\/midt-nord\/?s={search_term_string}"},"query-input":{"@type":"PropertyValueSpecification","valueRequired":true,"valueName":"search_term_string"}}],"inLanguage":"da-DK"}]}},"_links":{"self":[{"href":"https:\/\/csm-danmark.dk\/midt-nord\/wp-json\/wp\/v2\/pages\/977","targetHints":{"allow":["GET"]}}],"collection":[{"href":"https:\/\/csm-danmark.dk\/midt-nord\/wp-json\/wp\/v2\/pages"}],"about":[{"href":"https:\/\/csm-danmark.dk\/midt-nord\/wp-json\/wp\/v2\/types\/page"}],"author":[{"embeddable":true,"href":"https:\/\/csm-danmark.dk\/midt-nord\/wp-json\/wp\/v2\/users\/1"}],"replies":[{"embeddable":true,"href":"https:\/\/csm-danmark.dk\/midt-nord\/wp-json\/wp\/v2\/comments?post=977"}],"version-history":[{"count":19,"href":"https:\/\/csm-danmark.dk\/midt-nord\/wp-json\/wp\/v2\/pages\/977\/revisions"}],"predecessor-version":[{"id":3967,"href":"https:\/\/csm-danmark.dk\/midt-nord\/wp-json\/wp\/v2\/pages\/977\/revisions\/3967"}],"wp:attachment":[{"href":"https:\/\/csm-danmark.dk\/midt-nord\/wp-json\/wp\/v2\/media?parent=977"}],"curies":[{"name":"wp","href":"https:\/\/api.w.org\/{rel}","templated":true}]}}