{"id":4557,"date":"2026-02-04T14:30:00","date_gmt":"2026-02-04T13:30:00","guid":{"rendered":"https:\/\/csm-danmark.dk\/midt-nord\/?page_id=4557"},"modified":"2026-02-04T14:30:15","modified_gmt":"2026-02-04T13:30:15","slug":"afbud","status":"publish","type":"page","link":"https:\/\/csm-danmark.dk\/midt-nord\/afbud\/","title":{"rendered":"Afbud"},"content":{"rendered":"\n<p>Det er vigtigt du kommer til dine samtaler hver uge medmindre andet er aftalt. Uforudsete afbud bedes givet i god tid p\u00e5 telefon eller mail til sekretariatet eller din psykolog. Ved gentagne afbud vil din psykolog dr\u00f8fte med dig, om det giver mening at forts\u00e6tte terapien. Det skyldes at et stabilt fremm\u00f8de er n\u00f8dvendigt for at du kan f\u00e5 gavn af terapien.<\/p>\n\n\n","protected":false},"excerpt":{"rendered":"<p>Det er vigtigt du kommer til dine samtaler hver uge medmindre andet er aftalt. Uforudsete afbud bedes givet i god tid p\u00e5 telefon eller mail til sekretariatet eller din psykolog. Ved gentagne afbud vil din psykolog dr\u00f8fte med dig, om det giver mening at forts\u00e6tte terapien. Det skyldes at et stabilt fremm\u00f8de er n\u00f8dvendigt for [&hellip;]<\/p>\n","protected":false},"author":32,"featured_media":0,"parent":0,"menu_order":0,"comment_status":"closed","ping_status":"closed","template":"","meta":{"_acf_changed":false,"footnotes":""},"class_list":["post-4557","page","type-page","status-publish","hentry"],"acf":[],"yoast_head":"<!-- This site is optimized with the Yoast SEO plugin v26.6 - https:\/\/yoast.com\/wordpress\/plugins\/seo\/ -->\n<title>Afbud - CSM: Midt Nord<\/title>\n<meta name=\"robots\" content=\"index, follow, max-snippet:-1, max-image-preview:large, max-video-preview:-1\" \/>\n<link rel=\"canonical\" href=\"https:\/\/csm-danmark.dk\/midt-nord\/afbud\/\" \/>\n<meta property=\"og:locale\" content=\"da_DK\" \/>\n<meta property=\"og:type\" content=\"article\" \/>\n<meta property=\"og:title\" content=\"Afbud - CSM: Midt Nord\" \/>\n<meta property=\"og:description\" content=\"Det er vigtigt du kommer til dine samtaler hver uge medmindre andet er aftalt. Uforudsete afbud bedes givet i god tid p\u00e5 telefon eller mail til sekretariatet eller din psykolog. Ved gentagne afbud vil din psykolog dr\u00f8fte med dig, om det giver mening at forts\u00e6tte terapien. Det skyldes at et stabilt fremm\u00f8de er n\u00f8dvendigt for [&hellip;]\" \/>\n<meta property=\"og:url\" content=\"https:\/\/csm-danmark.dk\/midt-nord\/afbud\/\" \/>\n<meta property=\"og:site_name\" content=\"CSM: Midt Nord\" \/>\n<meta property=\"article:modified_time\" content=\"2026-02-04T13:30:15+00:00\" \/>\n<meta name=\"twitter:card\" content=\"summary_large_image\" \/>\n<script type=\"application\/ld+json\" class=\"yoast-schema-graph\">{\"@context\":\"https:\/\/schema.org\",\"@graph\":[{\"@type\":\"WebPage\",\"@id\":\"https:\/\/csm-danmark.dk\/midt-nord\/afbud\/\",\"url\":\"https:\/\/csm-danmark.dk\/midt-nord\/afbud\/\",\"name\":\"Afbud - CSM: Midt Nord\",\"isPartOf\":{\"@id\":\"https:\/\/csm-danmark.dk\/midt-nord\/#website\"},\"datePublished\":\"2026-02-04T13:30:00+00:00\",\"dateModified\":\"2026-02-04T13:30:15+00:00\",\"breadcrumb\":{\"@id\":\"https:\/\/csm-danmark.dk\/midt-nord\/afbud\/#breadcrumb\"},\"inLanguage\":\"da-DK\",\"potentialAction\":[{\"@type\":\"ReadAction\",\"target\":[\"https:\/\/csm-danmark.dk\/midt-nord\/afbud\/\"]}]},{\"@type\":\"BreadcrumbList\",\"@id\":\"https:\/\/csm-danmark.dk\/midt-nord\/afbud\/#breadcrumb\",\"itemListElement\":[{\"@type\":\"ListItem\",\"position\":1,\"name\":\"Home\",\"item\":\"https:\/\/csm-danmark.dk\/midt-nord\/\"},{\"@type\":\"ListItem\",\"position\":2,\"name\":\"Afbud\"}]},{\"@type\":\"WebSite\",\"@id\":\"https:\/\/csm-danmark.dk\/midt-nord\/#website\",\"url\":\"https:\/\/csm-danmark.dk\/midt-nord\/\",\"name\":\"CSM: Midt Nord\",\"description\":\"Center for Seksuelt Misbrugte\",\"potentialAction\":[{\"@type\":\"SearchAction\",\"target\":{\"@type\":\"EntryPoint\",\"urlTemplate\":\"https:\/\/csm-danmark.dk\/midt-nord\/?s={search_term_string}\"},\"query-input\":{\"@type\":\"PropertyValueSpecification\",\"valueRequired\":true,\"valueName\":\"search_term_string\"}}],\"inLanguage\":\"da-DK\"}]}<\/script>\n<!-- \/ Yoast SEO plugin. -->","yoast_head_json":{"title":"Afbud - CSM: Midt Nord","robots":{"index":"index","follow":"follow","max-snippet":"max-snippet:-1","max-image-preview":"max-image-preview:large","max-video-preview":"max-video-preview:-1"},"canonical":"https:\/\/csm-danmark.dk\/midt-nord\/afbud\/","og_locale":"da_DK","og_type":"article","og_title":"Afbud - CSM: Midt Nord","og_description":"Det er vigtigt du kommer til dine samtaler hver uge medmindre andet er aftalt. Uforudsete afbud bedes givet i god tid p\u00e5 telefon eller mail til sekretariatet eller din psykolog. Ved gentagne afbud vil din psykolog dr\u00f8fte med dig, om det giver mening at forts\u00e6tte terapien. Det skyldes at et stabilt fremm\u00f8de er n\u00f8dvendigt for [&hellip;]","og_url":"https:\/\/csm-danmark.dk\/midt-nord\/afbud\/","og_site_name":"CSM: Midt Nord","article_modified_time":"2026-02-04T13:30:15+00:00","twitter_card":"summary_large_image","schema":{"@context":"https:\/\/schema.org","@graph":[{"@type":"WebPage","@id":"https:\/\/csm-danmark.dk\/midt-nord\/afbud\/","url":"https:\/\/csm-danmark.dk\/midt-nord\/afbud\/","name":"Afbud - CSM: Midt Nord","isPartOf":{"@id":"https:\/\/csm-danmark.dk\/midt-nord\/#website"},"datePublished":"2026-02-04T13:30:00+00:00","dateModified":"2026-02-04T13:30:15+00:00","breadcrumb":{"@id":"https:\/\/csm-danmark.dk\/midt-nord\/afbud\/#breadcrumb"},"inLanguage":"da-DK","potentialAction":[{"@type":"ReadAction","target":["https:\/\/csm-danmark.dk\/midt-nord\/afbud\/"]}]},{"@type":"BreadcrumbList","@id":"https:\/\/csm-danmark.dk\/midt-nord\/afbud\/#breadcrumb","itemListElement":[{"@type":"ListItem","position":1,"name":"Home","item":"https:\/\/csm-danmark.dk\/midt-nord\/"},{"@type":"ListItem","position":2,"name":"Afbud"}]},{"@type":"WebSite","@id":"https:\/\/csm-danmark.dk\/midt-nord\/#website","url":"https:\/\/csm-danmark.dk\/midt-nord\/","name":"CSM: Midt Nord","description":"Center for Seksuelt Misbrugte","potentialAction":[{"@type":"SearchAction","target":{"@type":"EntryPoint","urlTemplate":"https:\/\/csm-danmark.dk\/midt-nord\/?s={search_term_string}"},"query-input":{"@type":"PropertyValueSpecification","valueRequired":true,"valueName":"search_term_string"}}],"inLanguage":"da-DK"}]}},"_links":{"self":[{"href":"https:\/\/csm-danmark.dk\/midt-nord\/wp-json\/wp\/v2\/pages\/4557","targetHints":{"allow":["GET"]}}],"collection":[{"href":"https:\/\/csm-danmark.dk\/midt-nord\/wp-json\/wp\/v2\/pages"}],"about":[{"href":"https:\/\/csm-danmark.dk\/midt-nord\/wp-json\/wp\/v2\/types\/page"}],"author":[{"embeddable":true,"href":"https:\/\/csm-danmark.dk\/midt-nord\/wp-json\/wp\/v2\/users\/32"}],"replies":[{"embeddable":true,"href":"https:\/\/csm-danmark.dk\/midt-nord\/wp-json\/wp\/v2\/comments?post=4557"}],"version-history":[{"count":2,"href":"https:\/\/csm-danmark.dk\/midt-nord\/wp-json\/wp\/v2\/pages\/4557\/revisions"}],"predecessor-version":[{"id":4560,"href":"https:\/\/csm-danmark.dk\/midt-nord\/wp-json\/wp\/v2\/pages\/4557\/revisions\/4560"}],"wp:attachment":[{"href":"https:\/\/csm-danmark.dk\/midt-nord\/wp-json\/wp\/v2\/media?parent=4557"}],"curies":[{"name":"wp","href":"https:\/\/api.w.org\/{rel}","templated":true}]}}