{"id":4408,"date":"2025-08-11T12:26:13","date_gmt":"2025-08-11T12:26:13","guid":{"rendered":"https:\/\/csm-danmark.dk\/midt-nord\/?page_id=4408"},"modified":"2025-08-11T12:34:32","modified_gmt":"2025-08-11T12:34:32","slug":"fysioterapeutisk-tilbud-om-krop-psyke-gruppe-i-frivilligsektionen","status":"publish","type":"page","link":"https:\/\/csm-danmark.dk\/midt-nord\/fysioterapeutisk-tilbud-om-krop-psyke-gruppe-i-frivilligsektionen\/","title":{"rendered":"Fysioterapeutisk tilbud om krop\/psyke gruppe i frivilligsektionen"},"content":{"rendered":"\n<p>Er du tilknyttet frivilligsektionen i CSM Midt Nord har du mulighed for at deltage i Krop og psyke gruppen, som best\u00e5r af en kombination af undervisning og praktiske \u00f8velser med fokus p\u00e5 forst\u00e5else og lindring\/h\u00e5ndtering af kropslige senf\u00f8lger efter overgreb. Vi kan komme omkring emner s\u00e5som: senf\u00f8lger relateret til kroppen, det kropslige forsvar, nervesystemets (dys)regulering og overlevelsesstrategier, muskelsp\u00e6ndinger, \u00e5ndedr\u00e6ttet, nedsat kontakt til egne gr\u00e6nser og behov, balance- og koordinationsproblemer m.m.<\/p>\n<p>Forl\u00f8bet str\u00e6kker sig over 6 onsdage fra 10.00 &#8211; 11.30. N\u00e6ste hold starter op 5. november 2025.<\/p>\n<p>L\u00e6s mere om forl\u00f8bet og hvordan du tilmelder dig i folderen her: <a href=\"https:\/\/csm-danmark.dk\/midt-nord\/wp-content\/uploads\/sites\/2\/2025\/08\/Krop-og-psykegruppe-i-CSM-efteraar-2025.pdf\">Krop og psykegruppe i CSM &#8211; efter\u00e5r 2025<\/a><\/p>\n","protected":false},"excerpt":{"rendered":"<p>Er du tilknyttet frivilligsektionen i CSM Midt Nord har du mulighed for at deltage i Krop og psyke gruppen, som best\u00e5r af en kombination af undervisning og praktiske \u00f8velser med fokus p\u00e5 forst\u00e5else og lindring\/h\u00e5ndtering af kropslige senf\u00f8lger efter overgreb. Vi kan komme omkring emner s\u00e5som: senf\u00f8lger relateret til kroppen, det kropslige forsvar, nervesystemets (dys)regulering [&hellip;]<\/p>\n","protected":false},"author":32,"featured_media":0,"parent":0,"menu_order":0,"comment_status":"closed","ping_status":"closed","template":"","meta":{"_acf_changed":false,"footnotes":""},"class_list":["post-4408","page","type-page","status-publish","hentry"],"acf":[],"yoast_head":"<!-- This site is optimized with the Yoast SEO plugin v26.6 - https:\/\/yoast.com\/wordpress\/plugins\/seo\/ -->\n<title>Fysioterapeutisk tilbud om krop\/psyke gruppe i frivilligsektionen - CSM: Midt Nord<\/title>\n<meta name=\"robots\" content=\"index, follow, max-snippet:-1, max-image-preview:large, max-video-preview:-1\" \/>\n<link rel=\"canonical\" href=\"https:\/\/csm-danmark.dk\/midt-nord\/fysioterapeutisk-tilbud-om-krop-psyke-gruppe-i-frivilligsektionen\/\" \/>\n<meta property=\"og:locale\" content=\"da_DK\" \/>\n<meta property=\"og:type\" content=\"article\" \/>\n<meta property=\"og:title\" content=\"Fysioterapeutisk tilbud om krop\/psyke gruppe i frivilligsektionen - CSM: Midt Nord\" \/>\n<meta property=\"og:description\" content=\"Er du tilknyttet frivilligsektionen i CSM Midt Nord har du mulighed for at deltage i Krop og psyke gruppen, som best\u00e5r af en kombination af undervisning og praktiske \u00f8velser med fokus p\u00e5 forst\u00e5else og lindring\/h\u00e5ndtering af kropslige senf\u00f8lger efter overgreb. Vi kan komme omkring emner s\u00e5som: senf\u00f8lger relateret til kroppen, det kropslige forsvar, nervesystemets (dys)regulering [&hellip;]\" \/>\n<meta property=\"og:url\" content=\"https:\/\/csm-danmark.dk\/midt-nord\/fysioterapeutisk-tilbud-om-krop-psyke-gruppe-i-frivilligsektionen\/\" \/>\n<meta property=\"og:site_name\" content=\"CSM: Midt Nord\" \/>\n<meta property=\"article:modified_time\" content=\"2025-08-11T12:34:32+00:00\" \/>\n<meta name=\"twitter:card\" content=\"summary_large_image\" \/>\n<meta name=\"twitter:label1\" content=\"Estimeret l\u00e6setid\" \/>\n\t<meta name=\"twitter:data1\" content=\"1 minut\" \/>\n<script type=\"application\/ld+json\" class=\"yoast-schema-graph\">{\"@context\":\"https:\/\/schema.org\",\"@graph\":[{\"@type\":\"WebPage\",\"@id\":\"https:\/\/csm-danmark.dk\/midt-nord\/fysioterapeutisk-tilbud-om-krop-psyke-gruppe-i-frivilligsektionen\/\",\"url\":\"https:\/\/csm-danmark.dk\/midt-nord\/fysioterapeutisk-tilbud-om-krop-psyke-gruppe-i-frivilligsektionen\/\",\"name\":\"Fysioterapeutisk tilbud om krop\/psyke gruppe i frivilligsektionen - CSM: Midt Nord\",\"isPartOf\":{\"@id\":\"https:\/\/csm-danmark.dk\/midt-nord\/#website\"},\"datePublished\":\"2025-08-11T12:26:13+00:00\",\"dateModified\":\"2025-08-11T12:34:32+00:00\",\"breadcrumb\":{\"@id\":\"https:\/\/csm-danmark.dk\/midt-nord\/fysioterapeutisk-tilbud-om-krop-psyke-gruppe-i-frivilligsektionen\/#breadcrumb\"},\"inLanguage\":\"da-DK\",\"potentialAction\":[{\"@type\":\"ReadAction\",\"target\":[\"https:\/\/csm-danmark.dk\/midt-nord\/fysioterapeutisk-tilbud-om-krop-psyke-gruppe-i-frivilligsektionen\/\"]}]},{\"@type\":\"BreadcrumbList\",\"@id\":\"https:\/\/csm-danmark.dk\/midt-nord\/fysioterapeutisk-tilbud-om-krop-psyke-gruppe-i-frivilligsektionen\/#breadcrumb\",\"itemListElement\":[{\"@type\":\"ListItem\",\"position\":1,\"name\":\"Home\",\"item\":\"https:\/\/csm-danmark.dk\/midt-nord\/\"},{\"@type\":\"ListItem\",\"position\":2,\"name\":\"Fysioterapeutisk tilbud om krop\/psyke gruppe i frivilligsektionen\"}]},{\"@type\":\"WebSite\",\"@id\":\"https:\/\/csm-danmark.dk\/midt-nord\/#website\",\"url\":\"https:\/\/csm-danmark.dk\/midt-nord\/\",\"name\":\"CSM: Midt Nord\",\"description\":\"Center for Seksuelt Misbrugte\",\"potentialAction\":[{\"@type\":\"SearchAction\",\"target\":{\"@type\":\"EntryPoint\",\"urlTemplate\":\"https:\/\/csm-danmark.dk\/midt-nord\/?s={search_term_string}\"},\"query-input\":{\"@type\":\"PropertyValueSpecification\",\"valueRequired\":true,\"valueName\":\"search_term_string\"}}],\"inLanguage\":\"da-DK\"}]}<\/script>\n<!-- \/ Yoast SEO plugin. -->","yoast_head_json":{"title":"Fysioterapeutisk tilbud om krop\/psyke gruppe i frivilligsektionen - CSM: Midt Nord","robots":{"index":"index","follow":"follow","max-snippet":"max-snippet:-1","max-image-preview":"max-image-preview:large","max-video-preview":"max-video-preview:-1"},"canonical":"https:\/\/csm-danmark.dk\/midt-nord\/fysioterapeutisk-tilbud-om-krop-psyke-gruppe-i-frivilligsektionen\/","og_locale":"da_DK","og_type":"article","og_title":"Fysioterapeutisk tilbud om krop\/psyke gruppe i frivilligsektionen - CSM: Midt Nord","og_description":"Er du tilknyttet frivilligsektionen i CSM Midt Nord har du mulighed for at deltage i Krop og psyke gruppen, som best\u00e5r af en kombination af undervisning og praktiske \u00f8velser med fokus p\u00e5 forst\u00e5else og lindring\/h\u00e5ndtering af kropslige senf\u00f8lger efter overgreb. Vi kan komme omkring emner s\u00e5som: senf\u00f8lger relateret til kroppen, det kropslige forsvar, nervesystemets (dys)regulering [&hellip;]","og_url":"https:\/\/csm-danmark.dk\/midt-nord\/fysioterapeutisk-tilbud-om-krop-psyke-gruppe-i-frivilligsektionen\/","og_site_name":"CSM: Midt Nord","article_modified_time":"2025-08-11T12:34:32+00:00","twitter_card":"summary_large_image","twitter_misc":{"Estimeret l\u00e6setid":"1 minut"},"schema":{"@context":"https:\/\/schema.org","@graph":[{"@type":"WebPage","@id":"https:\/\/csm-danmark.dk\/midt-nord\/fysioterapeutisk-tilbud-om-krop-psyke-gruppe-i-frivilligsektionen\/","url":"https:\/\/csm-danmark.dk\/midt-nord\/fysioterapeutisk-tilbud-om-krop-psyke-gruppe-i-frivilligsektionen\/","name":"Fysioterapeutisk tilbud om krop\/psyke gruppe i frivilligsektionen - CSM: Midt Nord","isPartOf":{"@id":"https:\/\/csm-danmark.dk\/midt-nord\/#website"},"datePublished":"2025-08-11T12:26:13+00:00","dateModified":"2025-08-11T12:34:32+00:00","breadcrumb":{"@id":"https:\/\/csm-danmark.dk\/midt-nord\/fysioterapeutisk-tilbud-om-krop-psyke-gruppe-i-frivilligsektionen\/#breadcrumb"},"inLanguage":"da-DK","potentialAction":[{"@type":"ReadAction","target":["https:\/\/csm-danmark.dk\/midt-nord\/fysioterapeutisk-tilbud-om-krop-psyke-gruppe-i-frivilligsektionen\/"]}]},{"@type":"BreadcrumbList","@id":"https:\/\/csm-danmark.dk\/midt-nord\/fysioterapeutisk-tilbud-om-krop-psyke-gruppe-i-frivilligsektionen\/#breadcrumb","itemListElement":[{"@type":"ListItem","position":1,"name":"Home","item":"https:\/\/csm-danmark.dk\/midt-nord\/"},{"@type":"ListItem","position":2,"name":"Fysioterapeutisk tilbud om krop\/psyke gruppe i frivilligsektionen"}]},{"@type":"WebSite","@id":"https:\/\/csm-danmark.dk\/midt-nord\/#website","url":"https:\/\/csm-danmark.dk\/midt-nord\/","name":"CSM: Midt Nord","description":"Center for Seksuelt Misbrugte","potentialAction":[{"@type":"SearchAction","target":{"@type":"EntryPoint","urlTemplate":"https:\/\/csm-danmark.dk\/midt-nord\/?s={search_term_string}"},"query-input":{"@type":"PropertyValueSpecification","valueRequired":true,"valueName":"search_term_string"}}],"inLanguage":"da-DK"}]}},"_links":{"self":[{"href":"https:\/\/csm-danmark.dk\/midt-nord\/wp-json\/wp\/v2\/pages\/4408","targetHints":{"allow":["GET"]}}],"collection":[{"href":"https:\/\/csm-danmark.dk\/midt-nord\/wp-json\/wp\/v2\/pages"}],"about":[{"href":"https:\/\/csm-danmark.dk\/midt-nord\/wp-json\/wp\/v2\/types\/page"}],"author":[{"embeddable":true,"href":"https:\/\/csm-danmark.dk\/midt-nord\/wp-json\/wp\/v2\/users\/32"}],"replies":[{"embeddable":true,"href":"https:\/\/csm-danmark.dk\/midt-nord\/wp-json\/wp\/v2\/comments?post=4408"}],"version-history":[{"count":1,"href":"https:\/\/csm-danmark.dk\/midt-nord\/wp-json\/wp\/v2\/pages\/4408\/revisions"}],"predecessor-version":[{"id":4409,"href":"https:\/\/csm-danmark.dk\/midt-nord\/wp-json\/wp\/v2\/pages\/4408\/revisions\/4409"}],"wp:attachment":[{"href":"https:\/\/csm-danmark.dk\/midt-nord\/wp-json\/wp\/v2\/media?parent=4408"}],"curies":[{"name":"wp","href":"https:\/\/api.w.org\/{rel}","templated":true}]}}