{"id":4312,"date":"2025-05-22T19:59:45","date_gmt":"2025-05-22T19:59:45","guid":{"rendered":"https:\/\/csm-danmark.dk\/midt-nord\/?page_id=4312"},"modified":"2025-05-23T09:23:33","modified_gmt":"2025-05-23T09:23:33","slug":"fysioterapeutisk-kropsterapi-i-behandlingssektionen","status":"publish","type":"page","link":"https:\/\/csm-danmark.dk\/midt-nord\/fysioterapeutisk-kropsterapi-i-behandlingssektionen\/","title":{"rendered":"Fysioterapeutisk kropsterapi i behandlingssektionen"},"content":{"rendered":"\n<ul>\n<li>Den fysioterapeutiske kropsterapi i behandlingssektionen omfatter kropsunders\u00f8gelse og -behandling. Tilgangen baserer sig prim\u00e6rt p\u00e5 metoden BBAT (Basic Body Awareness Therapy), hvor man selv er aktiv i \u00f8velser med fokus p\u00e5 muskul\u00e6r sp\u00e6ndingsbalance, \u00e5ndedr\u00e6t og n\u00e6rv\u00e6r.<\/li>\n<li>BBAT er en stille tr\u00e6ningsform, som \u00e5bner op for kroppens mulighed for at helbrede og hele sig selv. \u00d8velserne udf\u00f8res i et roligt og rytmisk tempo og stimulerer kropslige processer s\u00e5som vejrtr\u00e6kning, blodcirkulation, hormonproduktion og ford\u00f8jelse. \u00d8velserne i BBAT er tilpasset menneskets anatomi og skal opbygge den mest harmoniske og effektive m\u00e5de at bruge kroppen p\u00e5 og give bev\u00e6gelige st\u00e6rke led og muskler.<\/li>\n<li>\u00d8velserne har ogs\u00e5 et andet m\u00e5l end det rent fysiske, nemlig det mentale n\u00e6rv\u00e6r og koncentration for at komme mere til stede i egen krop. At l\u00e6gge m\u00e6rke til og at s\u00e6tte ord p\u00e5 kropslige og f\u00f8lelsesm\u00e6ssige oplevelser er grundl\u00e6ggende og arbejdsm\u00e5den giver plads til selvrefleksion og spejling af indl\u00e6rte vaner og tankes\u00e6t i forhold til kroppen.<\/li>\n<\/ul>\n<p><a href=\"https:\/\/csm-danmark.dk\/midt-nord\/wp-content\/uploads\/sites\/2\/2025\/05\/Intro-til-BAT.pdf\">L\u00e6s mere om BBAT HER: Intro til BAT<\/a><\/p>\n","protected":false},"excerpt":{"rendered":"<p>Den fysioterapeutiske kropsterapi i behandlingssektionen omfatter kropsunders\u00f8gelse og -behandling. Tilgangen baserer sig prim\u00e6rt p\u00e5 metoden BBAT (Basic Body Awareness Therapy), hvor man selv er aktiv i \u00f8velser med fokus p\u00e5 muskul\u00e6r sp\u00e6ndingsbalance, \u00e5ndedr\u00e6t og n\u00e6rv\u00e6r. BBAT er en stille tr\u00e6ningsform, som \u00e5bner op for kroppens mulighed for at helbrede og hele sig selv. \u00d8velserne udf\u00f8res [&hellip;]<\/p>\n","protected":false},"author":32,"featured_media":0,"parent":0,"menu_order":0,"comment_status":"closed","ping_status":"closed","template":"","meta":{"_acf_changed":false,"footnotes":""},"class_list":["post-4312","page","type-page","status-publish","hentry"],"acf":[],"yoast_head":"<!-- This site is optimized with the Yoast SEO plugin v26.6 - https:\/\/yoast.com\/wordpress\/plugins\/seo\/ -->\n<title>Fysioterapeutisk kropsterapi i behandlingssektionen - CSM: Midt Nord<\/title>\n<meta name=\"robots\" content=\"index, follow, max-snippet:-1, max-image-preview:large, max-video-preview:-1\" \/>\n<link rel=\"canonical\" href=\"https:\/\/csm-danmark.dk\/midt-nord\/fysioterapeutisk-kropsterapi-i-behandlingssektionen\/\" \/>\n<meta property=\"og:locale\" content=\"da_DK\" \/>\n<meta property=\"og:type\" content=\"article\" \/>\n<meta property=\"og:title\" content=\"Fysioterapeutisk kropsterapi i behandlingssektionen - CSM: Midt Nord\" \/>\n<meta property=\"og:description\" content=\"Den fysioterapeutiske kropsterapi i behandlingssektionen omfatter kropsunders\u00f8gelse og -behandling. Tilgangen baserer sig prim\u00e6rt p\u00e5 metoden BBAT (Basic Body Awareness Therapy), hvor man selv er aktiv i \u00f8velser med fokus p\u00e5 muskul\u00e6r sp\u00e6ndingsbalance, \u00e5ndedr\u00e6t og n\u00e6rv\u00e6r. BBAT er en stille tr\u00e6ningsform, som \u00e5bner op for kroppens mulighed for at helbrede og hele sig selv. \u00d8velserne udf\u00f8res [&hellip;]\" \/>\n<meta property=\"og:url\" content=\"https:\/\/csm-danmark.dk\/midt-nord\/fysioterapeutisk-kropsterapi-i-behandlingssektionen\/\" \/>\n<meta property=\"og:site_name\" content=\"CSM: Midt Nord\" \/>\n<meta property=\"article:modified_time\" content=\"2025-05-23T09:23:33+00:00\" \/>\n<meta name=\"twitter:card\" content=\"summary_large_image\" \/>\n<meta name=\"twitter:label1\" content=\"Estimeret l\u00e6setid\" \/>\n\t<meta name=\"twitter:data1\" content=\"1 minut\" \/>\n<script type=\"application\/ld+json\" class=\"yoast-schema-graph\">{\"@context\":\"https:\/\/schema.org\",\"@graph\":[{\"@type\":\"WebPage\",\"@id\":\"https:\/\/csm-danmark.dk\/midt-nord\/fysioterapeutisk-kropsterapi-i-behandlingssektionen\/\",\"url\":\"https:\/\/csm-danmark.dk\/midt-nord\/fysioterapeutisk-kropsterapi-i-behandlingssektionen\/\",\"name\":\"Fysioterapeutisk kropsterapi i behandlingssektionen - CSM: Midt Nord\",\"isPartOf\":{\"@id\":\"https:\/\/csm-danmark.dk\/midt-nord\/#website\"},\"datePublished\":\"2025-05-22T19:59:45+00:00\",\"dateModified\":\"2025-05-23T09:23:33+00:00\",\"breadcrumb\":{\"@id\":\"https:\/\/csm-danmark.dk\/midt-nord\/fysioterapeutisk-kropsterapi-i-behandlingssektionen\/#breadcrumb\"},\"inLanguage\":\"da-DK\",\"potentialAction\":[{\"@type\":\"ReadAction\",\"target\":[\"https:\/\/csm-danmark.dk\/midt-nord\/fysioterapeutisk-kropsterapi-i-behandlingssektionen\/\"]}]},{\"@type\":\"BreadcrumbList\",\"@id\":\"https:\/\/csm-danmark.dk\/midt-nord\/fysioterapeutisk-kropsterapi-i-behandlingssektionen\/#breadcrumb\",\"itemListElement\":[{\"@type\":\"ListItem\",\"position\":1,\"name\":\"Home\",\"item\":\"https:\/\/csm-danmark.dk\/midt-nord\/\"},{\"@type\":\"ListItem\",\"position\":2,\"name\":\"Fysioterapeutisk kropsterapi i behandlingssektionen\"}]},{\"@type\":\"WebSite\",\"@id\":\"https:\/\/csm-danmark.dk\/midt-nord\/#website\",\"url\":\"https:\/\/csm-danmark.dk\/midt-nord\/\",\"name\":\"CSM: Midt Nord\",\"description\":\"Center for Seksuelt Misbrugte\",\"potentialAction\":[{\"@type\":\"SearchAction\",\"target\":{\"@type\":\"EntryPoint\",\"urlTemplate\":\"https:\/\/csm-danmark.dk\/midt-nord\/?s={search_term_string}\"},\"query-input\":{\"@type\":\"PropertyValueSpecification\",\"valueRequired\":true,\"valueName\":\"search_term_string\"}}],\"inLanguage\":\"da-DK\"}]}<\/script>\n<!-- \/ Yoast SEO plugin. -->","yoast_head_json":{"title":"Fysioterapeutisk kropsterapi i behandlingssektionen - CSM: Midt Nord","robots":{"index":"index","follow":"follow","max-snippet":"max-snippet:-1","max-image-preview":"max-image-preview:large","max-video-preview":"max-video-preview:-1"},"canonical":"https:\/\/csm-danmark.dk\/midt-nord\/fysioterapeutisk-kropsterapi-i-behandlingssektionen\/","og_locale":"da_DK","og_type":"article","og_title":"Fysioterapeutisk kropsterapi i behandlingssektionen - CSM: Midt Nord","og_description":"Den fysioterapeutiske kropsterapi i behandlingssektionen omfatter kropsunders\u00f8gelse og -behandling. Tilgangen baserer sig prim\u00e6rt p\u00e5 metoden BBAT (Basic Body Awareness Therapy), hvor man selv er aktiv i \u00f8velser med fokus p\u00e5 muskul\u00e6r sp\u00e6ndingsbalance, \u00e5ndedr\u00e6t og n\u00e6rv\u00e6r. BBAT er en stille tr\u00e6ningsform, som \u00e5bner op for kroppens mulighed for at helbrede og hele sig selv. \u00d8velserne udf\u00f8res [&hellip;]","og_url":"https:\/\/csm-danmark.dk\/midt-nord\/fysioterapeutisk-kropsterapi-i-behandlingssektionen\/","og_site_name":"CSM: Midt Nord","article_modified_time":"2025-05-23T09:23:33+00:00","twitter_card":"summary_large_image","twitter_misc":{"Estimeret l\u00e6setid":"1 minut"},"schema":{"@context":"https:\/\/schema.org","@graph":[{"@type":"WebPage","@id":"https:\/\/csm-danmark.dk\/midt-nord\/fysioterapeutisk-kropsterapi-i-behandlingssektionen\/","url":"https:\/\/csm-danmark.dk\/midt-nord\/fysioterapeutisk-kropsterapi-i-behandlingssektionen\/","name":"Fysioterapeutisk kropsterapi i behandlingssektionen - CSM: Midt Nord","isPartOf":{"@id":"https:\/\/csm-danmark.dk\/midt-nord\/#website"},"datePublished":"2025-05-22T19:59:45+00:00","dateModified":"2025-05-23T09:23:33+00:00","breadcrumb":{"@id":"https:\/\/csm-danmark.dk\/midt-nord\/fysioterapeutisk-kropsterapi-i-behandlingssektionen\/#breadcrumb"},"inLanguage":"da-DK","potentialAction":[{"@type":"ReadAction","target":["https:\/\/csm-danmark.dk\/midt-nord\/fysioterapeutisk-kropsterapi-i-behandlingssektionen\/"]}]},{"@type":"BreadcrumbList","@id":"https:\/\/csm-danmark.dk\/midt-nord\/fysioterapeutisk-kropsterapi-i-behandlingssektionen\/#breadcrumb","itemListElement":[{"@type":"ListItem","position":1,"name":"Home","item":"https:\/\/csm-danmark.dk\/midt-nord\/"},{"@type":"ListItem","position":2,"name":"Fysioterapeutisk kropsterapi i behandlingssektionen"}]},{"@type":"WebSite","@id":"https:\/\/csm-danmark.dk\/midt-nord\/#website","url":"https:\/\/csm-danmark.dk\/midt-nord\/","name":"CSM: Midt Nord","description":"Center for Seksuelt Misbrugte","potentialAction":[{"@type":"SearchAction","target":{"@type":"EntryPoint","urlTemplate":"https:\/\/csm-danmark.dk\/midt-nord\/?s={search_term_string}"},"query-input":{"@type":"PropertyValueSpecification","valueRequired":true,"valueName":"search_term_string"}}],"inLanguage":"da-DK"}]}},"_links":{"self":[{"href":"https:\/\/csm-danmark.dk\/midt-nord\/wp-json\/wp\/v2\/pages\/4312","targetHints":{"allow":["GET"]}}],"collection":[{"href":"https:\/\/csm-danmark.dk\/midt-nord\/wp-json\/wp\/v2\/pages"}],"about":[{"href":"https:\/\/csm-danmark.dk\/midt-nord\/wp-json\/wp\/v2\/types\/page"}],"author":[{"embeddable":true,"href":"https:\/\/csm-danmark.dk\/midt-nord\/wp-json\/wp\/v2\/users\/32"}],"replies":[{"embeddable":true,"href":"https:\/\/csm-danmark.dk\/midt-nord\/wp-json\/wp\/v2\/comments?post=4312"}],"version-history":[{"count":4,"href":"https:\/\/csm-danmark.dk\/midt-nord\/wp-json\/wp\/v2\/pages\/4312\/revisions"}],"predecessor-version":[{"id":4325,"href":"https:\/\/csm-danmark.dk\/midt-nord\/wp-json\/wp\/v2\/pages\/4312\/revisions\/4325"}],"wp:attachment":[{"href":"https:\/\/csm-danmark.dk\/midt-nord\/wp-json\/wp\/v2\/media?parent=4312"}],"curies":[{"name":"wp","href":"https:\/\/api.w.org\/{rel}","templated":true}]}}