{"id":4309,"date":"2025-05-22T19:53:53","date_gmt":"2025-05-22T19:53:53","guid":{"rendered":"https:\/\/csm-danmark.dk\/midt-nord\/?page_id=4309"},"modified":"2025-08-11T12:43:42","modified_gmt":"2025-08-11T12:43:42","slug":"fysioterapeutisk-kropsterapi-i-aarhus","status":"publish","type":"page","link":"https:\/\/csm-danmark.dk\/midt-nord\/fysioterapeutisk-kropsterapi-i-aarhus\/","title":{"rendered":"Fysioterapeutisk kropsterapi i Aarhus"},"content":{"rendered":"\n<p>Seksuelle overgreb er i h\u00f8j grad kropsligt forankrede traumer, som s\u00e6tter sine tydelig spor i den fysiske krop og i oplevelsen af kroppen. Derfor er psykosomatisk fysioterapi en del af den kropslige tilgang til forst\u00e5elsen, h\u00e5ndteringen og bearbejdningen af senf\u00f8lger relateret til kroppen ved CSM Midt Nord.<\/p>\n<p>Erfaringerne fra fysioterapeutisk kropsterapi viser, at mange voksne med senf\u00f8lger udvikler bedre mestring af fysiske f\u00f8lgevirkninger som smerter, kropsligt ubehag, ansp\u00e6ndthed og besv\u00e6ret vejrtr\u00e6kning. Kropskontakt og kropsbevidsthed \u00f8ges og der kan udvikles en f\u00f8lelse af st\u00f8rre kontrol og ejerskab ift. egen krop. Det kan blive lettere at lytte til kroppen, at kunne selvregulere stress og uro og v\u00e6re mere tryg i kroppen \u2013 og dermed yde kropslig egenomsorg. En af deltagerne udtrykker det p\u00e5 denne m\u00e5de:<\/p>\n<p><em>\u201dDer er ikke bare et tomrum inde i mig som f\u00f8r. Jeg kan bedre blive i mig selv og tage vare p\u00e5 mig selv\u201d.<\/em>\u00a0<\/p>\n<p>Du kan l\u00e6se om de forskellige muligheder for kropsterapi her:<\/p>\n<p><a href=\"https:\/\/csm-danmark.dk\/midt-nord\/fysioterapeutisk-kropsterapi-i-behandlingssektionen\/\" target=\"_blank\" rel=\"noopener\">Fysioterapeutisk kropsterapi i behandlingssektionen<\/a><\/p>\n<p><a href=\"https:\/\/csm-danmark.dk\/midt-nord\/fysioterapeutisk-raadgivning-og-undervisning-i-frivilligsektionen\/\" target=\"_blank\" rel=\"noopener\">Fysioterapeutisk r\u00e5dgivning og undervisning i Frivilligsektionen<\/a><\/p>\n<p><a href=\"https:\/\/csm-danmark.dk\/midt-nord\/fysioterapeutisk-tilbud-om-krop-psyke-gruppe-i-frivilligsektionen\/\" target=\"_blank\" rel=\"noopener\">Fysioterapeutisk tilbud om krop\/psyke gruppe i frivilligsektionen<\/a><\/p>\n","protected":false},"excerpt":{"rendered":"<p>Seksuelle overgreb er i h\u00f8j grad kropsligt forankrede traumer, som s\u00e6tter sine tydelig spor i den fysiske krop og i oplevelsen af kroppen. Derfor er psykosomatisk fysioterapi en del af den kropslige tilgang til forst\u00e5elsen, h\u00e5ndteringen og bearbejdningen af senf\u00f8lger relateret til kroppen ved CSM Midt Nord. Erfaringerne fra fysioterapeutisk kropsterapi viser, at mange voksne [&hellip;]<\/p>\n","protected":false},"author":32,"featured_media":0,"parent":0,"menu_order":0,"comment_status":"closed","ping_status":"closed","template":"","meta":{"_acf_changed":false,"footnotes":""},"class_list":["post-4309","page","type-page","status-publish","hentry"],"acf":[],"yoast_head":"<!-- This site is optimized with the Yoast SEO plugin v26.6 - https:\/\/yoast.com\/wordpress\/plugins\/seo\/ -->\n<title>Fysioterapeutisk kropsterapi i Aarhus - CSM: Midt Nord<\/title>\n<meta name=\"robots\" content=\"index, follow, max-snippet:-1, max-image-preview:large, max-video-preview:-1\" \/>\n<link rel=\"canonical\" href=\"https:\/\/csm-danmark.dk\/midt-nord\/fysioterapeutisk-kropsterapi-i-aarhus\/\" \/>\n<meta property=\"og:locale\" content=\"da_DK\" \/>\n<meta property=\"og:type\" content=\"article\" \/>\n<meta property=\"og:title\" content=\"Fysioterapeutisk kropsterapi i Aarhus - CSM: Midt Nord\" \/>\n<meta property=\"og:description\" content=\"Seksuelle overgreb er i h\u00f8j grad kropsligt forankrede traumer, som s\u00e6tter sine tydelig spor i den fysiske krop og i oplevelsen af kroppen. Derfor er psykosomatisk fysioterapi en del af den kropslige tilgang til forst\u00e5elsen, h\u00e5ndteringen og bearbejdningen af senf\u00f8lger relateret til kroppen ved CSM Midt Nord. Erfaringerne fra fysioterapeutisk kropsterapi viser, at mange voksne [&hellip;]\" \/>\n<meta property=\"og:url\" content=\"https:\/\/csm-danmark.dk\/midt-nord\/fysioterapeutisk-kropsterapi-i-aarhus\/\" \/>\n<meta property=\"og:site_name\" content=\"CSM: Midt Nord\" \/>\n<meta property=\"article:modified_time\" content=\"2025-08-11T12:43:42+00:00\" \/>\n<meta name=\"twitter:card\" content=\"summary_large_image\" \/>\n<meta name=\"twitter:label1\" content=\"Estimeret l\u00e6setid\" \/>\n\t<meta name=\"twitter:data1\" content=\"1 minut\" \/>\n<script type=\"application\/ld+json\" class=\"yoast-schema-graph\">{\"@context\":\"https:\/\/schema.org\",\"@graph\":[{\"@type\":\"WebPage\",\"@id\":\"https:\/\/csm-danmark.dk\/midt-nord\/fysioterapeutisk-kropsterapi-i-aarhus\/\",\"url\":\"https:\/\/csm-danmark.dk\/midt-nord\/fysioterapeutisk-kropsterapi-i-aarhus\/\",\"name\":\"Fysioterapeutisk kropsterapi i Aarhus - CSM: Midt Nord\",\"isPartOf\":{\"@id\":\"https:\/\/csm-danmark.dk\/midt-nord\/#website\"},\"datePublished\":\"2025-05-22T19:53:53+00:00\",\"dateModified\":\"2025-08-11T12:43:42+00:00\",\"breadcrumb\":{\"@id\":\"https:\/\/csm-danmark.dk\/midt-nord\/fysioterapeutisk-kropsterapi-i-aarhus\/#breadcrumb\"},\"inLanguage\":\"da-DK\",\"potentialAction\":[{\"@type\":\"ReadAction\",\"target\":[\"https:\/\/csm-danmark.dk\/midt-nord\/fysioterapeutisk-kropsterapi-i-aarhus\/\"]}]},{\"@type\":\"BreadcrumbList\",\"@id\":\"https:\/\/csm-danmark.dk\/midt-nord\/fysioterapeutisk-kropsterapi-i-aarhus\/#breadcrumb\",\"itemListElement\":[{\"@type\":\"ListItem\",\"position\":1,\"name\":\"Home\",\"item\":\"https:\/\/csm-danmark.dk\/midt-nord\/\"},{\"@type\":\"ListItem\",\"position\":2,\"name\":\"Fysioterapeutisk kropsterapi i Aarhus\"}]},{\"@type\":\"WebSite\",\"@id\":\"https:\/\/csm-danmark.dk\/midt-nord\/#website\",\"url\":\"https:\/\/csm-danmark.dk\/midt-nord\/\",\"name\":\"CSM: Midt Nord\",\"description\":\"Center for Seksuelt Misbrugte\",\"potentialAction\":[{\"@type\":\"SearchAction\",\"target\":{\"@type\":\"EntryPoint\",\"urlTemplate\":\"https:\/\/csm-danmark.dk\/midt-nord\/?s={search_term_string}\"},\"query-input\":{\"@type\":\"PropertyValueSpecification\",\"valueRequired\":true,\"valueName\":\"search_term_string\"}}],\"inLanguage\":\"da-DK\"}]}<\/script>\n<!-- \/ Yoast SEO plugin. -->","yoast_head_json":{"title":"Fysioterapeutisk kropsterapi i Aarhus - CSM: Midt Nord","robots":{"index":"index","follow":"follow","max-snippet":"max-snippet:-1","max-image-preview":"max-image-preview:large","max-video-preview":"max-video-preview:-1"},"canonical":"https:\/\/csm-danmark.dk\/midt-nord\/fysioterapeutisk-kropsterapi-i-aarhus\/","og_locale":"da_DK","og_type":"article","og_title":"Fysioterapeutisk kropsterapi i Aarhus - CSM: Midt Nord","og_description":"Seksuelle overgreb er i h\u00f8j grad kropsligt forankrede traumer, som s\u00e6tter sine tydelig spor i den fysiske krop og i oplevelsen af kroppen. Derfor er psykosomatisk fysioterapi en del af den kropslige tilgang til forst\u00e5elsen, h\u00e5ndteringen og bearbejdningen af senf\u00f8lger relateret til kroppen ved CSM Midt Nord. Erfaringerne fra fysioterapeutisk kropsterapi viser, at mange voksne [&hellip;]","og_url":"https:\/\/csm-danmark.dk\/midt-nord\/fysioterapeutisk-kropsterapi-i-aarhus\/","og_site_name":"CSM: Midt Nord","article_modified_time":"2025-08-11T12:43:42+00:00","twitter_card":"summary_large_image","twitter_misc":{"Estimeret l\u00e6setid":"1 minut"},"schema":{"@context":"https:\/\/schema.org","@graph":[{"@type":"WebPage","@id":"https:\/\/csm-danmark.dk\/midt-nord\/fysioterapeutisk-kropsterapi-i-aarhus\/","url":"https:\/\/csm-danmark.dk\/midt-nord\/fysioterapeutisk-kropsterapi-i-aarhus\/","name":"Fysioterapeutisk kropsterapi i Aarhus - CSM: Midt Nord","isPartOf":{"@id":"https:\/\/csm-danmark.dk\/midt-nord\/#website"},"datePublished":"2025-05-22T19:53:53+00:00","dateModified":"2025-08-11T12:43:42+00:00","breadcrumb":{"@id":"https:\/\/csm-danmark.dk\/midt-nord\/fysioterapeutisk-kropsterapi-i-aarhus\/#breadcrumb"},"inLanguage":"da-DK","potentialAction":[{"@type":"ReadAction","target":["https:\/\/csm-danmark.dk\/midt-nord\/fysioterapeutisk-kropsterapi-i-aarhus\/"]}]},{"@type":"BreadcrumbList","@id":"https:\/\/csm-danmark.dk\/midt-nord\/fysioterapeutisk-kropsterapi-i-aarhus\/#breadcrumb","itemListElement":[{"@type":"ListItem","position":1,"name":"Home","item":"https:\/\/csm-danmark.dk\/midt-nord\/"},{"@type":"ListItem","position":2,"name":"Fysioterapeutisk kropsterapi i Aarhus"}]},{"@type":"WebSite","@id":"https:\/\/csm-danmark.dk\/midt-nord\/#website","url":"https:\/\/csm-danmark.dk\/midt-nord\/","name":"CSM: Midt Nord","description":"Center for Seksuelt Misbrugte","potentialAction":[{"@type":"SearchAction","target":{"@type":"EntryPoint","urlTemplate":"https:\/\/csm-danmark.dk\/midt-nord\/?s={search_term_string}"},"query-input":{"@type":"PropertyValueSpecification","valueRequired":true,"valueName":"search_term_string"}}],"inLanguage":"da-DK"}]}},"_links":{"self":[{"href":"https:\/\/csm-danmark.dk\/midt-nord\/wp-json\/wp\/v2\/pages\/4309","targetHints":{"allow":["GET"]}}],"collection":[{"href":"https:\/\/csm-danmark.dk\/midt-nord\/wp-json\/wp\/v2\/pages"}],"about":[{"href":"https:\/\/csm-danmark.dk\/midt-nord\/wp-json\/wp\/v2\/types\/page"}],"author":[{"embeddable":true,"href":"https:\/\/csm-danmark.dk\/midt-nord\/wp-json\/wp\/v2\/users\/32"}],"replies":[{"embeddable":true,"href":"https:\/\/csm-danmark.dk\/midt-nord\/wp-json\/wp\/v2\/comments?post=4309"}],"version-history":[{"count":2,"href":"https:\/\/csm-danmark.dk\/midt-nord\/wp-json\/wp\/v2\/pages\/4309\/revisions"}],"predecessor-version":[{"id":4412,"href":"https:\/\/csm-danmark.dk\/midt-nord\/wp-json\/wp\/v2\/pages\/4309\/revisions\/4412"}],"wp:attachment":[{"href":"https:\/\/csm-danmark.dk\/midt-nord\/wp-json\/wp\/v2\/media?parent=4309"}],"curies":[{"name":"wp","href":"https:\/\/api.w.org\/{rel}","templated":true}]}}