{"id":3854,"date":"2023-10-27T06:18:54","date_gmt":"2023-10-27T06:18:54","guid":{"rendered":"https:\/\/csm-danmark.dk\/midt-nord\/?page_id=3854"},"modified":"2025-08-12T13:07:39","modified_gmt":"2025-08-12T13:07:39","slug":"aalborg-cafe","status":"publish","type":"page","link":"https:\/\/csm-danmark.dk\/midt-nord\/aalborg-cafe\/","title":{"rendered":"Aalborg Caf\u00e9"},"content":{"rendered":"\n\n\n<h2 class=\"wp-block-heading\"><strong>\u00c5bningstider<\/strong><\/h2>\n<p>Tirsdag kl. 15.30-17.30<\/p>\n<p>Bem\u00e6rk at caf\u00e9en overvejende er lukket i skolernes ferier.\u00a0<\/p>\n<p><i class=\"fa fa-home fa- \"><\/i>\u00a0Boulevarden 16, 1. tv.<br \/>9000 Aalborg<\/p>\n<p><i class=\"fa fa-phone fa- \"><\/i>\u00a028 15 39 03<\/p>\n<h2 class=\"wp-block-heading\">Bliv en del af et ligev\u00e6rdigt f\u00e6llesskab med plads til alle<\/h2>\n<p>CSM Midt Nords caf\u00e9 er et v\u00e6rested for voksne, der er ber\u00f8rte af seksuelle overgreb i barndommen. Det g\u00e6lder b\u00e5de dig, der selv har v\u00e6ret udsat for seksuelle overgreb i barndommen, og dig der er p\u00e5r\u00f8rende.<\/p>\n<p>I caf\u00e9en har du mulighed for at m\u00f8de ligesindede og frivillige i hyggelige rammer. Det er et \u00e5bent og uformelt tilbud, som ikke kr\u00e6ver nogen tilmelding, og du bestemmer selv, hvad du har lyst til at v\u00e6re med i, og hvor l\u00e6nge du har lyst til at blive.<\/p>\n<p>Der er plads til dig lige meget, hvordan du har det, og du kan komme lige pr\u00e6cis, som den du er. Du kan tale om dine f\u00f8lelser og vende dine udfordringer med andre \u2013 eller du kan bare komme her og v\u00e6re med. Du vil blive forst\u00e5et og h\u00f8rt og kan f\u00e5 hj\u00e6lp til at s\u00e6tte dine gr\u00e6nser \u2013 b\u00e5de af caf\u00e9v\u00e6rterne og de andre caf\u00e9g\u00e6ster, som har oplevelser og erfaringer med i bagagen, der ligner dine.<\/p>\n<p>Du kan f\u00e5 hj\u00e6lp og st\u00f8tte til de udfordringer, du st\u00e5r i lige nu. I caf\u00e9en \u00f8ver vi os i at opbygge sunde, ligev\u00e6rdige relationer til andre mennesker for at bryde stigmatisering og ensomhed.<\/p>\n<p>Caf\u00e9en er altid bemandet af mindst to frivillige caf\u00e9v\u00e6rter som s\u00e6tter rammen og s\u00f8rger for, at alle f\u00f8ler sig godt tilpas.<\/p>\n<h3 class=\"wp-block-heading\">Mulighed for enesamtaler ved en frivillig<\/h3>\n<p>Man kan f\u00e5 brug for at tr\u00e6kke sig fra det sociale i caf\u00e9en. Det kan der v\u00e6re forskellige \u00e5rsager til. Enten at det bliver sv\u00e6rt og overv\u00e6ldende at forholde sig til andre mennesker, eller at der er blevet taget hul p\u00e5 et privat emne, som kr\u00e6ver nogle andre rammer, end caf\u00e9en l\u00e6gger op til. I s\u00e5danne tilf\u00e6lde har du mulighed for at g\u00e5 ind ved siden af og f\u00e5 en individuel, medmenneskelig samtale med en af vores frivillige r\u00e5dgivere. Du kan l\u00e6se mere om individuelle samtaler\u00a0<a class=\"dull_green\" href=\"https:\/\/csm-danmark.dk\/midt-nord\/frivilligsektionen\/aktiviteter\/individuel-samtale\/\">her<\/a>.<\/p>\n<h3 class=\"wp-block-heading\">N\u00e5r du kommer f\u00f8rste gang<\/h3>\n<p>Det kan v\u00e6re overv\u00e6ldende at tr\u00e6de ind ad d\u00f8ren til caf\u00e9en f\u00f8rste gang. Vi ved, det kr\u00e6ver mod at komme, og at du m\u00e5ske har det sv\u00e6rt, n\u00e5r du kommer. Vi er klar til at tage imod dig, og du har muligheden for at v\u00e6re anonym.<\/p>\n<p>Du er velkommen til at kigge spontant forbi caf\u00e9en i \u00e5bningstiden, hvor du altid vil blive taget godt imod af \u00e9n af vores frivillige. Du kan ogs\u00e5 lave en aftale p\u00e5 forh\u00e5nd over\u00a0<a class=\"dull_green\" href=\"https:\/\/csm-danmark.dk\/midt-nord\/kontakt-csm-midt-nord-afd-aalborg\/\">telefonen<\/a>, s\u00e5 vi kender til din ankomst og vil v\u00e6re ekstra forberedte p\u00e5, at du kommer.\u00a0<\/p>\n<p>Vi vil altid starte med at invitere dig ind ved siden af til en fortrolig og afklarende snak over en kop kaffe eller te. Her har du mulighed for at fort\u00e6lle lidt om dig selv, og vi vil give en introduktion til CSM Midt Nord, vores tilbud og vores muligheder for at hj\u00e6lpe og st\u00f8tte dig.<\/p>\n<p>Har du lyst til at se lokalerne og m\u00f8de de andre, g\u00e5r vi sammen ind i caf\u00e9en bagefter. Du er ogs\u00e5 velkommen til at komme tilbage en anden dag.<\/p>\n<p>Vel m\u00f8dt.<\/p>\n<h2 class=\"wp-block-heading\">\u00a0<\/h2>\n<hr class=\"wp-block-separator has-alpha-channel-opacity\" \/>\n<p class=\"has-text-align-center\">Kender du til seksuelt overgreb, s\u00e5 kig forbi<\/p>\n<p class=\"has-text-align-center\">et fristed du helt sikkert vil kunne li\u2019<\/p>\n<p class=\"has-text-align-center\">CSM caf\u00e9en f\u00f8les som at komme hjem<\/p>\n<p class=\"has-text-align-center\">her m\u00f8der du varme, tillid og du f\u00e5r et lille klem.<\/p>\n<p class=\"has-text-align-center\">Du kan v\u00e6re dig som den du er<\/p>\n<p class=\"has-text-align-center\">p\u00e5 caf\u00e9en, vil du f\u00f8le at er du er noget v\u00e6rd.<\/p>\n<p class=\"has-text-align-center\">Tale med en frivillig, hvis behovet er dit<\/p>\n<p class=\"has-text-align-center\">v\u00e6re kreativ tale med andre \u2013 valget er dit.<\/p>\n<p class=\"has-text-align-center\">\u00a0<\/p>\n<p class=\"has-text-align-center\">At kunne spejle sig i andres ligesindede refleksioner,<\/p>\n<p class=\"has-text-align-center\">vidner om at der er bruger der har v\u00e6ret i samme situationer<\/p>\n<p class=\"has-text-align-center\">Her kan du f\u00f8le og fornemme<\/p>\n<p class=\"has-text-align-center\">det som du har pr\u00f8vet at glemme.<\/p>\n<p class=\"has-text-align-center\">M\u00f8de et nyt netv\u00e6rk, som du kan sparre med<\/p>\n<p class=\"has-text-align-center\">familie relationer varer ikke altid ved.<\/p>\n<p class=\"has-text-align-center\">Er det f\u00f8rste bes\u00f8g p\u00e5 caf\u00e9en sv\u00e6rt<\/p>\n<p class=\"has-text-align-center\">s\u00e5 tag en god ven i h\u00e5nden indtil du f\u00e5r det l\u00e6rt.<\/p>\n<p class=\"has-text-align-right\">Digt af Birgitte Saks, caf\u00e9bruger<\/p>\n","protected":false},"excerpt":{"rendered":"<p>\u00c5bningstider Tirsdag kl. 15.30-17.30 Bem\u00e6rk at caf\u00e9en overvejende er lukket i skolernes ferier.\u00a0 \u00a0Boulevarden 16, 1. tv.9000 Aalborg \u00a028 15 39 03 Bliv en del af et ligev\u00e6rdigt f\u00e6llesskab med plads til alle CSM Midt Nords caf\u00e9 er et v\u00e6rested for voksne, der er ber\u00f8rte af seksuelle overgreb i barndommen. Det g\u00e6lder b\u00e5de dig, der [&hellip;]<\/p>\n","protected":false},"author":17,"featured_media":0,"parent":0,"menu_order":0,"comment_status":"closed","ping_status":"closed","template":"","meta":{"_acf_changed":false,"footnotes":""},"class_list":["post-3854","page","type-page","status-publish","hentry"],"acf":[],"yoast_head":"<!-- This site is optimized with the Yoast SEO plugin v26.6 - https:\/\/yoast.com\/wordpress\/plugins\/seo\/ -->\n<title>Aalborg Caf\u00e9 - CSM: Midt Nord<\/title>\n<meta name=\"robots\" content=\"index, follow, max-snippet:-1, max-image-preview:large, max-video-preview:-1\" \/>\n<link rel=\"canonical\" href=\"https:\/\/csm-danmark.dk\/midt-nord\/aalborg-cafe\/\" \/>\n<meta property=\"og:locale\" content=\"da_DK\" \/>\n<meta property=\"og:type\" content=\"article\" \/>\n<meta property=\"og:title\" content=\"Aalborg Caf\u00e9 - CSM: Midt Nord\" \/>\n<meta property=\"og:description\" content=\"\u00c5bningstider Tirsdag kl. 15.30-17.30 Bem\u00e6rk at caf\u00e9en overvejende er lukket i skolernes ferier.\u00a0 \u00a0Boulevarden 16, 1. tv.9000 Aalborg \u00a028 15 39 03 Bliv en del af et ligev\u00e6rdigt f\u00e6llesskab med plads til alle CSM Midt Nords caf\u00e9 er et v\u00e6rested for voksne, der er ber\u00f8rte af seksuelle overgreb i barndommen. Det g\u00e6lder b\u00e5de dig, der [&hellip;]\" \/>\n<meta property=\"og:url\" content=\"https:\/\/csm-danmark.dk\/midt-nord\/aalborg-cafe\/\" \/>\n<meta property=\"og:site_name\" content=\"CSM: Midt Nord\" \/>\n<meta property=\"article:modified_time\" content=\"2025-08-12T13:07:39+00:00\" \/>\n<meta name=\"twitter:card\" content=\"summary_large_image\" \/>\n<meta name=\"twitter:label1\" content=\"Estimeret l\u00e6setid\" \/>\n\t<meta name=\"twitter:data1\" content=\"4 minutter\" \/>\n<script type=\"application\/ld+json\" class=\"yoast-schema-graph\">{\"@context\":\"https:\/\/schema.org\",\"@graph\":[{\"@type\":\"WebPage\",\"@id\":\"https:\/\/csm-danmark.dk\/midt-nord\/aalborg-cafe\/\",\"url\":\"https:\/\/csm-danmark.dk\/midt-nord\/aalborg-cafe\/\",\"name\":\"Aalborg Caf\u00e9 - CSM: Midt Nord\",\"isPartOf\":{\"@id\":\"https:\/\/csm-danmark.dk\/midt-nord\/#website\"},\"datePublished\":\"2023-10-27T06:18:54+00:00\",\"dateModified\":\"2025-08-12T13:07:39+00:00\",\"breadcrumb\":{\"@id\":\"https:\/\/csm-danmark.dk\/midt-nord\/aalborg-cafe\/#breadcrumb\"},\"inLanguage\":\"da-DK\",\"potentialAction\":[{\"@type\":\"ReadAction\",\"target\":[\"https:\/\/csm-danmark.dk\/midt-nord\/aalborg-cafe\/\"]}]},{\"@type\":\"BreadcrumbList\",\"@id\":\"https:\/\/csm-danmark.dk\/midt-nord\/aalborg-cafe\/#breadcrumb\",\"itemListElement\":[{\"@type\":\"ListItem\",\"position\":1,\"name\":\"Home\",\"item\":\"https:\/\/csm-danmark.dk\/midt-nord\/\"},{\"@type\":\"ListItem\",\"position\":2,\"name\":\"Aalborg Caf\u00e9\"}]},{\"@type\":\"WebSite\",\"@id\":\"https:\/\/csm-danmark.dk\/midt-nord\/#website\",\"url\":\"https:\/\/csm-danmark.dk\/midt-nord\/\",\"name\":\"CSM: Midt Nord\",\"description\":\"Center for Seksuelt Misbrugte\",\"potentialAction\":[{\"@type\":\"SearchAction\",\"target\":{\"@type\":\"EntryPoint\",\"urlTemplate\":\"https:\/\/csm-danmark.dk\/midt-nord\/?s={search_term_string}\"},\"query-input\":{\"@type\":\"PropertyValueSpecification\",\"valueRequired\":true,\"valueName\":\"search_term_string\"}}],\"inLanguage\":\"da-DK\"}]}<\/script>\n<!-- \/ Yoast SEO plugin. -->","yoast_head_json":{"title":"Aalborg Caf\u00e9 - CSM: Midt Nord","robots":{"index":"index","follow":"follow","max-snippet":"max-snippet:-1","max-image-preview":"max-image-preview:large","max-video-preview":"max-video-preview:-1"},"canonical":"https:\/\/csm-danmark.dk\/midt-nord\/aalborg-cafe\/","og_locale":"da_DK","og_type":"article","og_title":"Aalborg Caf\u00e9 - CSM: Midt Nord","og_description":"\u00c5bningstider Tirsdag kl. 15.30-17.30 Bem\u00e6rk at caf\u00e9en overvejende er lukket i skolernes ferier.\u00a0 \u00a0Boulevarden 16, 1. tv.9000 Aalborg \u00a028 15 39 03 Bliv en del af et ligev\u00e6rdigt f\u00e6llesskab med plads til alle CSM Midt Nords caf\u00e9 er et v\u00e6rested for voksne, der er ber\u00f8rte af seksuelle overgreb i barndommen. Det g\u00e6lder b\u00e5de dig, der [&hellip;]","og_url":"https:\/\/csm-danmark.dk\/midt-nord\/aalborg-cafe\/","og_site_name":"CSM: Midt Nord","article_modified_time":"2025-08-12T13:07:39+00:00","twitter_card":"summary_large_image","twitter_misc":{"Estimeret l\u00e6setid":"4 minutter"},"schema":{"@context":"https:\/\/schema.org","@graph":[{"@type":"WebPage","@id":"https:\/\/csm-danmark.dk\/midt-nord\/aalborg-cafe\/","url":"https:\/\/csm-danmark.dk\/midt-nord\/aalborg-cafe\/","name":"Aalborg Caf\u00e9 - CSM: Midt Nord","isPartOf":{"@id":"https:\/\/csm-danmark.dk\/midt-nord\/#website"},"datePublished":"2023-10-27T06:18:54+00:00","dateModified":"2025-08-12T13:07:39+00:00","breadcrumb":{"@id":"https:\/\/csm-danmark.dk\/midt-nord\/aalborg-cafe\/#breadcrumb"},"inLanguage":"da-DK","potentialAction":[{"@type":"ReadAction","target":["https:\/\/csm-danmark.dk\/midt-nord\/aalborg-cafe\/"]}]},{"@type":"BreadcrumbList","@id":"https:\/\/csm-danmark.dk\/midt-nord\/aalborg-cafe\/#breadcrumb","itemListElement":[{"@type":"ListItem","position":1,"name":"Home","item":"https:\/\/csm-danmark.dk\/midt-nord\/"},{"@type":"ListItem","position":2,"name":"Aalborg Caf\u00e9"}]},{"@type":"WebSite","@id":"https:\/\/csm-danmark.dk\/midt-nord\/#website","url":"https:\/\/csm-danmark.dk\/midt-nord\/","name":"CSM: Midt Nord","description":"Center for Seksuelt Misbrugte","potentialAction":[{"@type":"SearchAction","target":{"@type":"EntryPoint","urlTemplate":"https:\/\/csm-danmark.dk\/midt-nord\/?s={search_term_string}"},"query-input":{"@type":"PropertyValueSpecification","valueRequired":true,"valueName":"search_term_string"}}],"inLanguage":"da-DK"}]}},"_links":{"self":[{"href":"https:\/\/csm-danmark.dk\/midt-nord\/wp-json\/wp\/v2\/pages\/3854","targetHints":{"allow":["GET"]}}],"collection":[{"href":"https:\/\/csm-danmark.dk\/midt-nord\/wp-json\/wp\/v2\/pages"}],"about":[{"href":"https:\/\/csm-danmark.dk\/midt-nord\/wp-json\/wp\/v2\/types\/page"}],"author":[{"embeddable":true,"href":"https:\/\/csm-danmark.dk\/midt-nord\/wp-json\/wp\/v2\/users\/17"}],"replies":[{"embeddable":true,"href":"https:\/\/csm-danmark.dk\/midt-nord\/wp-json\/wp\/v2\/comments?post=3854"}],"version-history":[{"count":7,"href":"https:\/\/csm-danmark.dk\/midt-nord\/wp-json\/wp\/v2\/pages\/3854\/revisions"}],"predecessor-version":[{"id":4440,"href":"https:\/\/csm-danmark.dk\/midt-nord\/wp-json\/wp\/v2\/pages\/3854\/revisions\/4440"}],"wp:attachment":[{"href":"https:\/\/csm-danmark.dk\/midt-nord\/wp-json\/wp\/v2\/media?parent=3854"}],"curies":[{"name":"wp","href":"https:\/\/api.w.org\/{rel}","templated":true}]}}