{"id":3710,"date":"2023-01-17T10:39:53","date_gmt":"2023-01-17T10:39:53","guid":{"rendered":"https:\/\/csm-danmark.dk\/midt-nord\/?page_id=3710"},"modified":"2023-01-17T11:03:08","modified_gmt":"2023-01-17T11:03:08","slug":"socialraadgivning","status":"publish","type":"page","link":"https:\/\/csm-danmark.dk\/midt-nord\/socialraadgivning\/","title":{"rendered":"Socialr\u00e5dgivning"},"content":{"rendered":"\n\n\n<p>CSM Midt Nord har tilbud om socialr\u00e5dgivning i b\u00e5de <span style=\"color: #0000ff;\"><a style=\"color: #0000ff;\" href=\"https:\/\/csm-danmark.dk\/midt-nord\/socialradgivning\/\"><span style=\"color: #6e9daf;\">Aarhus<\/span><\/a><\/span> og<span style=\"color: #6e9daf;\"> <a style=\"color: #6e9daf;\" href=\"https:\/\/csm-danmark.dk\/midt-nord\/socialraadgivning-i-aalborg\/\">Aalborg<\/a><\/span>.<\/p>\n<p>Her kan du l\u00e6se et udsnit af de opgaver, som socialr\u00e5dgiveren kan v\u00e6re behj\u00e6lpelig med:<\/p>\n<ul>\n<li>Generelle r\u00e5d og vejledning ift. det offentlige system<\/li>\n<li>Dine rettigheder og forpligtigelser i kontakten med offentlige myndigheder (fx jobcenter, familieafdeling eller voksen\/handicapafdeling)<\/li>\n<li>Dine muligheder for at s\u00f8ge fx mentor, bost\u00f8tte, revalidering, rehabilitering, boligst\u00f8tte mv.<\/li>\n<li>Hj\u00e6lp til at forst\u00e5 breve, du modtager fra det offentlige<\/li>\n<li>Behov for en samtale om din aktuelle livssituation og dine fremtidsmuligheder<\/li>\n<\/ul>\n<p>\u00a0<\/p>\n","protected":false},"excerpt":{"rendered":"<p>CSM Midt Nord har tilbud om socialr\u00e5dgivning i b\u00e5de Aarhus og Aalborg. Her kan du l\u00e6se et udsnit af de opgaver, som socialr\u00e5dgiveren kan v\u00e6re behj\u00e6lpelig med: Generelle r\u00e5d og vejledning ift. det offentlige system Dine rettigheder og forpligtigelser i kontakten med offentlige myndigheder (fx jobcenter, familieafdeling eller voksen\/handicapafdeling) Dine muligheder for at s\u00f8ge fx [&hellip;]<\/p>\n","protected":false},"author":17,"featured_media":0,"parent":0,"menu_order":0,"comment_status":"closed","ping_status":"closed","template":"","meta":{"_acf_changed":false,"footnotes":""},"class_list":["post-3710","page","type-page","status-publish","hentry"],"acf":[],"yoast_head":"<!-- This site is optimized with the Yoast SEO plugin v26.6 - https:\/\/yoast.com\/wordpress\/plugins\/seo\/ -->\n<title>Socialr\u00e5dgivning - CSM: Midt Nord<\/title>\n<meta name=\"robots\" content=\"index, follow, max-snippet:-1, max-image-preview:large, max-video-preview:-1\" \/>\n<link rel=\"canonical\" href=\"https:\/\/csm-danmark.dk\/midt-nord\/socialraadgivning\/\" \/>\n<meta property=\"og:locale\" content=\"da_DK\" \/>\n<meta property=\"og:type\" content=\"article\" \/>\n<meta property=\"og:title\" content=\"Socialr\u00e5dgivning - CSM: Midt Nord\" \/>\n<meta property=\"og:description\" content=\"CSM Midt Nord har tilbud om socialr\u00e5dgivning i b\u00e5de Aarhus og Aalborg. Her kan du l\u00e6se et udsnit af de opgaver, som socialr\u00e5dgiveren kan v\u00e6re behj\u00e6lpelig med: Generelle r\u00e5d og vejledning ift. det offentlige system Dine rettigheder og forpligtigelser i kontakten med offentlige myndigheder (fx jobcenter, familieafdeling eller voksen\/handicapafdeling) Dine muligheder for at s\u00f8ge fx [&hellip;]\" \/>\n<meta property=\"og:url\" content=\"https:\/\/csm-danmark.dk\/midt-nord\/socialraadgivning\/\" \/>\n<meta property=\"og:site_name\" content=\"CSM: Midt Nord\" \/>\n<meta property=\"article:modified_time\" content=\"2023-01-17T11:03:08+00:00\" \/>\n<meta name=\"twitter:card\" content=\"summary_large_image\" \/>\n<meta name=\"twitter:label1\" content=\"Estimeret l\u00e6setid\" \/>\n\t<meta name=\"twitter:data1\" content=\"1 minut\" \/>\n<script type=\"application\/ld+json\" class=\"yoast-schema-graph\">{\"@context\":\"https:\/\/schema.org\",\"@graph\":[{\"@type\":\"WebPage\",\"@id\":\"https:\/\/csm-danmark.dk\/midt-nord\/socialraadgivning\/\",\"url\":\"https:\/\/csm-danmark.dk\/midt-nord\/socialraadgivning\/\",\"name\":\"Socialr\u00e5dgivning - CSM: Midt Nord\",\"isPartOf\":{\"@id\":\"https:\/\/csm-danmark.dk\/midt-nord\/#website\"},\"datePublished\":\"2023-01-17T10:39:53+00:00\",\"dateModified\":\"2023-01-17T11:03:08+00:00\",\"breadcrumb\":{\"@id\":\"https:\/\/csm-danmark.dk\/midt-nord\/socialraadgivning\/#breadcrumb\"},\"inLanguage\":\"da-DK\",\"potentialAction\":[{\"@type\":\"ReadAction\",\"target\":[\"https:\/\/csm-danmark.dk\/midt-nord\/socialraadgivning\/\"]}]},{\"@type\":\"BreadcrumbList\",\"@id\":\"https:\/\/csm-danmark.dk\/midt-nord\/socialraadgivning\/#breadcrumb\",\"itemListElement\":[{\"@type\":\"ListItem\",\"position\":1,\"name\":\"Home\",\"item\":\"https:\/\/csm-danmark.dk\/midt-nord\/\"},{\"@type\":\"ListItem\",\"position\":2,\"name\":\"Socialr\u00e5dgivning\"}]},{\"@type\":\"WebSite\",\"@id\":\"https:\/\/csm-danmark.dk\/midt-nord\/#website\",\"url\":\"https:\/\/csm-danmark.dk\/midt-nord\/\",\"name\":\"CSM: Midt Nord\",\"description\":\"Center for Seksuelt Misbrugte\",\"potentialAction\":[{\"@type\":\"SearchAction\",\"target\":{\"@type\":\"EntryPoint\",\"urlTemplate\":\"https:\/\/csm-danmark.dk\/midt-nord\/?s={search_term_string}\"},\"query-input\":{\"@type\":\"PropertyValueSpecification\",\"valueRequired\":true,\"valueName\":\"search_term_string\"}}],\"inLanguage\":\"da-DK\"}]}<\/script>\n<!-- \/ Yoast SEO plugin. -->","yoast_head_json":{"title":"Socialr\u00e5dgivning - CSM: Midt Nord","robots":{"index":"index","follow":"follow","max-snippet":"max-snippet:-1","max-image-preview":"max-image-preview:large","max-video-preview":"max-video-preview:-1"},"canonical":"https:\/\/csm-danmark.dk\/midt-nord\/socialraadgivning\/","og_locale":"da_DK","og_type":"article","og_title":"Socialr\u00e5dgivning - CSM: Midt Nord","og_description":"CSM Midt Nord har tilbud om socialr\u00e5dgivning i b\u00e5de Aarhus og Aalborg. Her kan du l\u00e6se et udsnit af de opgaver, som socialr\u00e5dgiveren kan v\u00e6re behj\u00e6lpelig med: Generelle r\u00e5d og vejledning ift. det offentlige system Dine rettigheder og forpligtigelser i kontakten med offentlige myndigheder (fx jobcenter, familieafdeling eller voksen\/handicapafdeling) Dine muligheder for at s\u00f8ge fx [&hellip;]","og_url":"https:\/\/csm-danmark.dk\/midt-nord\/socialraadgivning\/","og_site_name":"CSM: Midt Nord","article_modified_time":"2023-01-17T11:03:08+00:00","twitter_card":"summary_large_image","twitter_misc":{"Estimeret l\u00e6setid":"1 minut"},"schema":{"@context":"https:\/\/schema.org","@graph":[{"@type":"WebPage","@id":"https:\/\/csm-danmark.dk\/midt-nord\/socialraadgivning\/","url":"https:\/\/csm-danmark.dk\/midt-nord\/socialraadgivning\/","name":"Socialr\u00e5dgivning - CSM: Midt Nord","isPartOf":{"@id":"https:\/\/csm-danmark.dk\/midt-nord\/#website"},"datePublished":"2023-01-17T10:39:53+00:00","dateModified":"2023-01-17T11:03:08+00:00","breadcrumb":{"@id":"https:\/\/csm-danmark.dk\/midt-nord\/socialraadgivning\/#breadcrumb"},"inLanguage":"da-DK","potentialAction":[{"@type":"ReadAction","target":["https:\/\/csm-danmark.dk\/midt-nord\/socialraadgivning\/"]}]},{"@type":"BreadcrumbList","@id":"https:\/\/csm-danmark.dk\/midt-nord\/socialraadgivning\/#breadcrumb","itemListElement":[{"@type":"ListItem","position":1,"name":"Home","item":"https:\/\/csm-danmark.dk\/midt-nord\/"},{"@type":"ListItem","position":2,"name":"Socialr\u00e5dgivning"}]},{"@type":"WebSite","@id":"https:\/\/csm-danmark.dk\/midt-nord\/#website","url":"https:\/\/csm-danmark.dk\/midt-nord\/","name":"CSM: Midt Nord","description":"Center for Seksuelt Misbrugte","potentialAction":[{"@type":"SearchAction","target":{"@type":"EntryPoint","urlTemplate":"https:\/\/csm-danmark.dk\/midt-nord\/?s={search_term_string}"},"query-input":{"@type":"PropertyValueSpecification","valueRequired":true,"valueName":"search_term_string"}}],"inLanguage":"da-DK"}]}},"_links":{"self":[{"href":"https:\/\/csm-danmark.dk\/midt-nord\/wp-json\/wp\/v2\/pages\/3710","targetHints":{"allow":["GET"]}}],"collection":[{"href":"https:\/\/csm-danmark.dk\/midt-nord\/wp-json\/wp\/v2\/pages"}],"about":[{"href":"https:\/\/csm-danmark.dk\/midt-nord\/wp-json\/wp\/v2\/types\/page"}],"author":[{"embeddable":true,"href":"https:\/\/csm-danmark.dk\/midt-nord\/wp-json\/wp\/v2\/users\/17"}],"replies":[{"embeddable":true,"href":"https:\/\/csm-danmark.dk\/midt-nord\/wp-json\/wp\/v2\/comments?post=3710"}],"version-history":[{"count":3,"href":"https:\/\/csm-danmark.dk\/midt-nord\/wp-json\/wp\/v2\/pages\/3710\/revisions"}],"predecessor-version":[{"id":3729,"href":"https:\/\/csm-danmark.dk\/midt-nord\/wp-json\/wp\/v2\/pages\/3710\/revisions\/3729"}],"wp:attachment":[{"href":"https:\/\/csm-danmark.dk\/midt-nord\/wp-json\/wp\/v2\/media?parent=3710"}],"curies":[{"name":"wp","href":"https:\/\/api.w.org\/{rel}","templated":true}]}}