{"id":3303,"date":"2021-10-25T11:22:06","date_gmt":"2021-10-25T11:22:06","guid":{"rendered":"https:\/\/csm-danmark.dk\/midt-nord\/?page_id=3303"},"modified":"2025-08-15T08:15:05","modified_gmt":"2025-08-15T08:15:05","slug":"skrivevaerkstedet","status":"publish","type":"page","link":"https:\/\/csm-danmark.dk\/midt-nord\/skrivevaerkstedet\/","title":{"rendered":"Velkommen til skrivev\u00e6rkstedet"},"content":{"rendered":"\n\n\n<p>OBS: Skrivev\u00e6rkstedet holder pause frem til 2026. Det vil blive meldt ud her p\u00e5 hjemmesiden, n\u00e5r vi gen\u00e5bner tilbuddet.<\/p>\n<p>\u00a0<\/p>\n<p><strong>Skrivev\u00e6rkstedet er for dig, der gerne vil udfolde dig p\u00e5 skrift.<\/strong><br \/><strong>Du er hjertelig velkommen i skrivev\u00e6rkstedet uanset om du allerede har skrevet en del eller aldrig f\u00f8r har arbejdet med det skrevne ord.<\/strong><\/p>\n<h2>Lidt om skrivev\u00e6rkstedet<\/h2>\n<p>Her er plads til &#8220;fri leg&#8221;. Dvs. du kan skrive videre p\u00e5 noget, du allerede er i gang med, eller du kan starte p\u00e5 en frisk &#8211; ogs\u00e5 selvom det ikke tidligere er faldet dig ind, at det kunne v\u00e6re noget for dig at udtrykke dig skriftligt. Kom og pr\u00f8v! M\u00e5ske er det lige dig?<\/p>\n<p>Der er mulighed for at modtage forslag til emner, som du kan lade dig inspirere af til at skrive en tekst: fx et essay, et digt, eller et eventyr. Du kan ogs\u00e5 have brug for at skrive et brev til en vigtig person i dit liv &#8211; eller til kommunen eller en anden myndighed. Uanset hvad vil du kunne f\u00e5 hj\u00e6lp og st\u00f8tte til dit projekt.<\/p>\n<p>Vi deler det skrevne med hinanden, i den udstr\u00e6kning det f\u00f8les rigtigt for den enkelte. Vi har s\u00e5ledes mulighed for at sparre med hinanden og kommentere hinandens produkter, hvis det \u00f8nskes. Og der er mulighed for at modtage r\u00e5d og vejledning b\u00e5de p\u00e5 formen og indholdet.<\/p>\n<p><em>Kort sagt: der er plads til enhver form for skriftlig udfoldelse, og du bestemmer graden af indblanding fra de \u00f8vrige deltagere, for vi er alle forskellige og har forskellige gr\u00e6nser, hvilket vil blive respekteret.<\/em><\/p>\n<h2>Lidt om Lene Byrith \u2013 der st\u00e5r for Skrivev\u00e6rkstedet<\/h2>\n<p>Det er vores frivillige Lene Byrith, der er tovholder p\u00e5 Skrivev\u00e6rkstedet. Lene er samtidig vores sprogn\u00f8rd, s\u00e5 her har du mulighed for at blive st\u00f8ttet af \u00e9n, som b\u00e5de har arbejdet med mennesker med senf\u00f8lger gennem mange \u00e5r, og som n\u00e6rer en stor k\u00e6rlighed til litteraturen og det skrevne ord.<\/p>\n<p><strong>VEL M\u00d8DT!<\/strong><\/p>\n<p>\u00a0<\/p>\n\n\n\n<div class=\"wp-block-columns is-layout-flex wp-container-core-columns-is-layout-9d6595d7 wp-block-columns-is-layout-flex\">\n<div class=\"wp-block-column is-layout-flow wp-block-column-is-layout-flow\" style=\"flex-basis:33%\">\n<h3>Tidspunkt:<\/h3>\n<p><strong>Torsdage <\/strong><strong>kl. 15-17.<\/strong><\/p>\n<p><em>Du er velkommen i hele eller dele af \u00e5bningstiden.<\/em><\/p>\n<\/div>\n\n\n\n<div class=\"wp-block-column is-layout-flow wp-block-column-is-layout-flow\" style=\"flex-basis:31%\">\n<h3>Sted:<\/h3>\n<p><strong>Frivilligsektionens lokaler<br><\/strong>CSM Midt Nord<\/p>\n<p>Thomas Koppels Gade 30, 2.<br>8000 Aarhus C<\/p>\n<\/div>\n\n\n\n<div class=\"wp-block-column is-layout-flow wp-block-column-is-layout-flow\"><\/div>\n\n\n\n<div class=\"wp-block-column is-layout-flow wp-block-column-is-layout-flow\" style=\"flex-basis:33%\">\n<h3>Tilmelding:<\/h3>\n<p>Tilmelding er n\u00f8dvendig!<br \/>Er du interesseret i v\u00e6rkstedet, skal du kontakte <strong>Mette L\u00f8vstad<\/strong><\/p>\n<p><strong>24 24 50 95 <\/strong><br \/><strong><a href=\"mailto:mml@csm-midtnord.dk\">mml@csm-midtnord.dk<\/a><\/strong><\/p>\n<\/div>\n<\/div>\n","protected":false},"excerpt":{"rendered":"<p>OBS: Skrivev\u00e6rkstedet holder pause frem til 2026. Det vil blive meldt ud her p\u00e5 hjemmesiden, n\u00e5r vi gen\u00e5bner tilbuddet. \u00a0 Skrivev\u00e6rkstedet er for dig, der gerne vil udfolde dig p\u00e5 skrift.Du er hjertelig velkommen i skrivev\u00e6rkstedet uanset om du allerede har skrevet en del eller aldrig f\u00f8r har arbejdet med det skrevne ord. Lidt om [&hellip;]<\/p>\n","protected":false},"author":21,"featured_media":0,"parent":0,"menu_order":0,"comment_status":"closed","ping_status":"closed","template":"","meta":{"_acf_changed":false,"footnotes":""},"class_list":["post-3303","page","type-page","status-publish","hentry"],"acf":[],"yoast_head":"<!-- This site is optimized with the Yoast SEO plugin v26.6 - https:\/\/yoast.com\/wordpress\/plugins\/seo\/ -->\n<title>Velkommen til skrivev\u00e6rkstedet - CSM: Midt Nord<\/title>\n<meta name=\"robots\" content=\"index, follow, max-snippet:-1, max-image-preview:large, max-video-preview:-1\" \/>\n<link rel=\"canonical\" href=\"https:\/\/csm-danmark.dk\/midt-nord\/skrivevaerkstedet\/\" \/>\n<meta property=\"og:locale\" content=\"da_DK\" \/>\n<meta property=\"og:type\" content=\"article\" \/>\n<meta property=\"og:title\" content=\"Velkommen til skrivev\u00e6rkstedet - CSM: Midt Nord\" \/>\n<meta property=\"og:description\" content=\"OBS: Skrivev\u00e6rkstedet holder pause frem til 2026. Det vil blive meldt ud her p\u00e5 hjemmesiden, n\u00e5r vi gen\u00e5bner tilbuddet. \u00a0 Skrivev\u00e6rkstedet er for dig, der gerne vil udfolde dig p\u00e5 skrift.Du er hjertelig velkommen i skrivev\u00e6rkstedet uanset om du allerede har skrevet en del eller aldrig f\u00f8r har arbejdet med det skrevne ord. Lidt om [&hellip;]\" \/>\n<meta property=\"og:url\" content=\"https:\/\/csm-danmark.dk\/midt-nord\/skrivevaerkstedet\/\" \/>\n<meta property=\"og:site_name\" content=\"CSM: Midt Nord\" \/>\n<meta property=\"article:modified_time\" content=\"2025-08-15T08:15:05+00:00\" \/>\n<meta name=\"twitter:card\" content=\"summary_large_image\" \/>\n<meta name=\"twitter:label1\" content=\"Estimeret l\u00e6setid\" \/>\n\t<meta name=\"twitter:data1\" content=\"2 minutter\" \/>\n<script type=\"application\/ld+json\" class=\"yoast-schema-graph\">{\"@context\":\"https:\/\/schema.org\",\"@graph\":[{\"@type\":\"WebPage\",\"@id\":\"https:\/\/csm-danmark.dk\/midt-nord\/skrivevaerkstedet\/\",\"url\":\"https:\/\/csm-danmark.dk\/midt-nord\/skrivevaerkstedet\/\",\"name\":\"Velkommen til skrivev\u00e6rkstedet - CSM: Midt Nord\",\"isPartOf\":{\"@id\":\"https:\/\/csm-danmark.dk\/midt-nord\/#website\"},\"datePublished\":\"2021-10-25T11:22:06+00:00\",\"dateModified\":\"2025-08-15T08:15:05+00:00\",\"breadcrumb\":{\"@id\":\"https:\/\/csm-danmark.dk\/midt-nord\/skrivevaerkstedet\/#breadcrumb\"},\"inLanguage\":\"da-DK\",\"potentialAction\":[{\"@type\":\"ReadAction\",\"target\":[\"https:\/\/csm-danmark.dk\/midt-nord\/skrivevaerkstedet\/\"]}]},{\"@type\":\"BreadcrumbList\",\"@id\":\"https:\/\/csm-danmark.dk\/midt-nord\/skrivevaerkstedet\/#breadcrumb\",\"itemListElement\":[{\"@type\":\"ListItem\",\"position\":1,\"name\":\"Home\",\"item\":\"https:\/\/csm-danmark.dk\/midt-nord\/\"},{\"@type\":\"ListItem\",\"position\":2,\"name\":\"Velkommen til skrivev\u00e6rkstedet\"}]},{\"@type\":\"WebSite\",\"@id\":\"https:\/\/csm-danmark.dk\/midt-nord\/#website\",\"url\":\"https:\/\/csm-danmark.dk\/midt-nord\/\",\"name\":\"CSM: Midt Nord\",\"description\":\"Center for Seksuelt Misbrugte\",\"potentialAction\":[{\"@type\":\"SearchAction\",\"target\":{\"@type\":\"EntryPoint\",\"urlTemplate\":\"https:\/\/csm-danmark.dk\/midt-nord\/?s={search_term_string}\"},\"query-input\":{\"@type\":\"PropertyValueSpecification\",\"valueRequired\":true,\"valueName\":\"search_term_string\"}}],\"inLanguage\":\"da-DK\"}]}<\/script>\n<!-- \/ Yoast SEO plugin. -->","yoast_head_json":{"title":"Velkommen til skrivev\u00e6rkstedet - CSM: Midt Nord","robots":{"index":"index","follow":"follow","max-snippet":"max-snippet:-1","max-image-preview":"max-image-preview:large","max-video-preview":"max-video-preview:-1"},"canonical":"https:\/\/csm-danmark.dk\/midt-nord\/skrivevaerkstedet\/","og_locale":"da_DK","og_type":"article","og_title":"Velkommen til skrivev\u00e6rkstedet - CSM: Midt Nord","og_description":"OBS: Skrivev\u00e6rkstedet holder pause frem til 2026. Det vil blive meldt ud her p\u00e5 hjemmesiden, n\u00e5r vi gen\u00e5bner tilbuddet. \u00a0 Skrivev\u00e6rkstedet er for dig, der gerne vil udfolde dig p\u00e5 skrift.Du er hjertelig velkommen i skrivev\u00e6rkstedet uanset om du allerede har skrevet en del eller aldrig f\u00f8r har arbejdet med det skrevne ord. Lidt om [&hellip;]","og_url":"https:\/\/csm-danmark.dk\/midt-nord\/skrivevaerkstedet\/","og_site_name":"CSM: Midt Nord","article_modified_time":"2025-08-15T08:15:05+00:00","twitter_card":"summary_large_image","twitter_misc":{"Estimeret l\u00e6setid":"2 minutter"},"schema":{"@context":"https:\/\/schema.org","@graph":[{"@type":"WebPage","@id":"https:\/\/csm-danmark.dk\/midt-nord\/skrivevaerkstedet\/","url":"https:\/\/csm-danmark.dk\/midt-nord\/skrivevaerkstedet\/","name":"Velkommen til skrivev\u00e6rkstedet - CSM: Midt Nord","isPartOf":{"@id":"https:\/\/csm-danmark.dk\/midt-nord\/#website"},"datePublished":"2021-10-25T11:22:06+00:00","dateModified":"2025-08-15T08:15:05+00:00","breadcrumb":{"@id":"https:\/\/csm-danmark.dk\/midt-nord\/skrivevaerkstedet\/#breadcrumb"},"inLanguage":"da-DK","potentialAction":[{"@type":"ReadAction","target":["https:\/\/csm-danmark.dk\/midt-nord\/skrivevaerkstedet\/"]}]},{"@type":"BreadcrumbList","@id":"https:\/\/csm-danmark.dk\/midt-nord\/skrivevaerkstedet\/#breadcrumb","itemListElement":[{"@type":"ListItem","position":1,"name":"Home","item":"https:\/\/csm-danmark.dk\/midt-nord\/"},{"@type":"ListItem","position":2,"name":"Velkommen til skrivev\u00e6rkstedet"}]},{"@type":"WebSite","@id":"https:\/\/csm-danmark.dk\/midt-nord\/#website","url":"https:\/\/csm-danmark.dk\/midt-nord\/","name":"CSM: Midt Nord","description":"Center for Seksuelt Misbrugte","potentialAction":[{"@type":"SearchAction","target":{"@type":"EntryPoint","urlTemplate":"https:\/\/csm-danmark.dk\/midt-nord\/?s={search_term_string}"},"query-input":{"@type":"PropertyValueSpecification","valueRequired":true,"valueName":"search_term_string"}}],"inLanguage":"da-DK"}]}},"_links":{"self":[{"href":"https:\/\/csm-danmark.dk\/midt-nord\/wp-json\/wp\/v2\/pages\/3303","targetHints":{"allow":["GET"]}}],"collection":[{"href":"https:\/\/csm-danmark.dk\/midt-nord\/wp-json\/wp\/v2\/pages"}],"about":[{"href":"https:\/\/csm-danmark.dk\/midt-nord\/wp-json\/wp\/v2\/types\/page"}],"author":[{"embeddable":true,"href":"https:\/\/csm-danmark.dk\/midt-nord\/wp-json\/wp\/v2\/users\/21"}],"replies":[{"embeddable":true,"href":"https:\/\/csm-danmark.dk\/midt-nord\/wp-json\/wp\/v2\/comments?post=3303"}],"version-history":[{"count":7,"href":"https:\/\/csm-danmark.dk\/midt-nord\/wp-json\/wp\/v2\/pages\/3303\/revisions"}],"predecessor-version":[{"id":4448,"href":"https:\/\/csm-danmark.dk\/midt-nord\/wp-json\/wp\/v2\/pages\/3303\/revisions\/4448"}],"wp:attachment":[{"href":"https:\/\/csm-danmark.dk\/midt-nord\/wp-json\/wp\/v2\/media?parent=3303"}],"curies":[{"name":"wp","href":"https:\/\/api.w.org\/{rel}","templated":true}]}}