{"id":2533,"date":"2019-06-27T10:36:01","date_gmt":"2019-06-27T10:36:01","guid":{"rendered":"https:\/\/csm-danmark.dk\/midt-nord\/?page_id=2533"},"modified":"2019-06-27T10:36:01","modified_gmt":"2019-06-27T10:36:01","slug":"mentaliseringsbaseret-terapi-og-metode","status":"publish","type":"page","link":"https:\/\/csm-danmark.dk\/midt-nord\/saadanfaarduhjaelp\/mentaliseringsbaseret-terapi-og-metode\/","title":{"rendered":"Mentaliseringsbaseret terapi og metode"},"content":{"rendered":"<p>Behandlingen hos CSM Midt Nord\u00a0foreg\u00e5r ud fra en mentaliseringsbaseret forst\u00e5elses- og referenceramme. Mentaliseringsbaseret terapi\u00a0integrerer styrkerne ved flere teoretiske og kliniske metoder ud fra en grundl\u00e6ggende psykodynamisk forst\u00e5else, hvor\u00a0tilknytning, affektregulering og selvets integritet i relationer st\u00e5r som helt centrale begreber. Mentaliseringsbaseret terapi er dokumenteret virkningsfuld i forhold til traumer og problemer i relationer.<\/p>\n<p>Mentalisering handler om at have sindet p\u00e5 sinde. At man op\u00f8ver sin opm\u00e6rksomhed p\u00e5 egne og andres f\u00f8lelser, tanker, behov og motiver. Det drejer sig om at kunne indg\u00e5 i n\u00e6re relationer og at undg\u00e5 misforst\u00e5elser og f\u00f8le klarere, hvad der er en selv og hvor ens gr\u00e6nser g\u00e5r.<\/p>\n<p>Det vil styrke den enkelte i den livslange proces, det er at l\u00e6re at\u00a0leve med fortiden som fortid, og med den betydning\u00a0kr\u00e6nkelserne og senf\u00f8lgerne\u00a0har haft p\u00e5 ens liv. Derved\u00a0kan man gradvist\u00a0opbygge et st\u00e6rkere selv og identitet og acceptere sig selv, som man er med b\u00e5de ressourcer og s\u00e5rbarhed,\u00a0forankret i en\u00a0bedre egenomsorg,\u00a0kontakt til egen naturlige krop\u00a0og tro p\u00e5, at man har ret til at sige til og fra med h\u00e5b til fremtiden, og hvor skylden og skammen slipper sit tag.<\/p>\n<p>Samtidig med denne bedre individuelle styrke og\u00a0integritet vil man via behandlingen blive bedre til at indg\u00e5 i\u00a0 relationer til andre og styrkes i sin evne til tilknytning med mulighed for at opbygge n\u00e6rhed til andre mennesker i takt med at tilliden bedres.<\/p>\n<p>Behandlingsforl\u00f8b i CSM Midt Nord vil altid foreg\u00e5 i et ligev\u00e6rdigt samarbejde med udgangspunkt i\u00a0og respekt for\u00a0den enkeltes individualitet, \u00f8nsker og behov, og vi vil tilstr\u00e6be at alliancen mellem klient og psykolog vil v\u00e6re anerkendende, ligev\u00e6rdig,\u00a0engageret\u00a0og fagligt og etisk solidt funderet.<\/p>\n","protected":false},"excerpt":{"rendered":"<p>Behandlingen hos CSM Midt Nord\u00a0foreg\u00e5r ud fra en mentaliseringsbaseret forst\u00e5elses- og referenceramme. Mentaliseringsbaseret terapi\u00a0integrerer styrkerne ved flere teoretiske og kliniske metoder ud fra en grundl\u00e6ggende psykodynamisk forst\u00e5else, hvor\u00a0tilknytning, affektregulering og selvets integritet i relationer st\u00e5r som helt centrale begreber. Mentaliseringsbaseret terapi er dokumenteret virkningsfuld i forhold til traumer og problemer i relationer. Mentalisering handler om [&hellip;]<\/p>\n","protected":false},"author":17,"featured_media":0,"parent":229,"menu_order":0,"comment_status":"closed","ping_status":"closed","template":"","meta":{"_acf_changed":false,"footnotes":""},"class_list":["post-2533","page","type-page","status-publish","hentry"],"acf":[],"yoast_head":"<!-- This site is optimized with the Yoast SEO plugin v27.6 - https:\/\/yoast.com\/product\/yoast-seo-wordpress\/ -->\n<title>Mentaliseringsbaseret terapi og metode - CSM: Midt Nord<\/title>\n<meta name=\"robots\" content=\"index, follow, max-snippet:-1, max-image-preview:large, max-video-preview:-1\" \/>\n<link rel=\"canonical\" href=\"https:\/\/csm-danmark.dk\/midt-nord\/saadanfaarduhjaelp\/mentaliseringsbaseret-terapi-og-metode\/\" \/>\n<meta property=\"og:locale\" content=\"da_DK\" \/>\n<meta property=\"og:type\" content=\"article\" \/>\n<meta property=\"og:title\" content=\"Mentaliseringsbaseret terapi og metode - CSM: Midt Nord\" \/>\n<meta property=\"og:description\" content=\"Behandlingen hos CSM Midt Nord\u00a0foreg\u00e5r ud fra en mentaliseringsbaseret forst\u00e5elses- og referenceramme. Mentaliseringsbaseret terapi\u00a0integrerer styrkerne ved flere teoretiske og kliniske metoder ud fra en grundl\u00e6ggende psykodynamisk forst\u00e5else, hvor\u00a0tilknytning, affektregulering og selvets integritet i relationer st\u00e5r som helt centrale begreber. Mentaliseringsbaseret terapi er dokumenteret virkningsfuld i forhold til traumer og problemer i relationer. Mentalisering handler om [&hellip;]\" \/>\n<meta property=\"og:url\" content=\"https:\/\/csm-danmark.dk\/midt-nord\/saadanfaarduhjaelp\/mentaliseringsbaseret-terapi-og-metode\/\" \/>\n<meta property=\"og:site_name\" content=\"CSM: Midt Nord\" \/>\n<meta name=\"twitter:card\" content=\"summary_large_image\" \/>\n<meta name=\"twitter:label1\" content=\"Estimeret l\u00e6setid\" \/>\n\t<meta name=\"twitter:data1\" content=\"2 minutter\" \/>\n<script type=\"application\/ld+json\" class=\"yoast-schema-graph\">{\"@context\":\"https:\\\/\\\/schema.org\",\"@graph\":[{\"@type\":\"WebPage\",\"@id\":\"https:\\\/\\\/csm-danmark.dk\\\/midt-nord\\\/saadanfaarduhjaelp\\\/mentaliseringsbaseret-terapi-og-metode\\\/\",\"url\":\"https:\\\/\\\/csm-danmark.dk\\\/midt-nord\\\/saadanfaarduhjaelp\\\/mentaliseringsbaseret-terapi-og-metode\\\/\",\"name\":\"Mentaliseringsbaseret terapi og metode - CSM: Midt Nord\",\"isPartOf\":{\"@id\":\"https:\\\/\\\/csm-danmark.dk\\\/midt-nord\\\/#website\"},\"datePublished\":\"2019-06-27T10:36:01+00:00\",\"breadcrumb\":{\"@id\":\"https:\\\/\\\/csm-danmark.dk\\\/midt-nord\\\/saadanfaarduhjaelp\\\/mentaliseringsbaseret-terapi-og-metode\\\/#breadcrumb\"},\"inLanguage\":\"da-DK\",\"potentialAction\":[{\"@type\":\"ReadAction\",\"target\":[\"https:\\\/\\\/csm-danmark.dk\\\/midt-nord\\\/saadanfaarduhjaelp\\\/mentaliseringsbaseret-terapi-og-metode\\\/\"]}]},{\"@type\":\"BreadcrumbList\",\"@id\":\"https:\\\/\\\/csm-danmark.dk\\\/midt-nord\\\/saadanfaarduhjaelp\\\/mentaliseringsbaseret-terapi-og-metode\\\/#breadcrumb\",\"itemListElement\":[{\"@type\":\"ListItem\",\"position\":1,\"name\":\"Home\",\"item\":\"https:\\\/\\\/csm-danmark.dk\\\/midt-nord\\\/\"},{\"@type\":\"ListItem\",\"position\":2,\"name\":\"S\u00e5dan f\u00e5r du hj\u00e6lp\",\"item\":\"https:\\\/\\\/csm-danmark.dk\\\/midt-nord\\\/saadanfaarduhjaelp\\\/\"},{\"@type\":\"ListItem\",\"position\":3,\"name\":\"Mentaliseringsbaseret terapi og metode\"}]},{\"@type\":\"WebSite\",\"@id\":\"https:\\\/\\\/csm-danmark.dk\\\/midt-nord\\\/#website\",\"url\":\"https:\\\/\\\/csm-danmark.dk\\\/midt-nord\\\/\",\"name\":\"CSM: Midt Nord\",\"description\":\"Center for Seksuelt Misbrugte\",\"potentialAction\":[{\"@type\":\"SearchAction\",\"target\":{\"@type\":\"EntryPoint\",\"urlTemplate\":\"https:\\\/\\\/csm-danmark.dk\\\/midt-nord\\\/?s={search_term_string}\"},\"query-input\":{\"@type\":\"PropertyValueSpecification\",\"valueRequired\":true,\"valueName\":\"search_term_string\"}}],\"inLanguage\":\"da-DK\"}]}<\/script>\n<!-- \/ Yoast SEO plugin. -->","yoast_head_json":{"title":"Mentaliseringsbaseret terapi og metode - CSM: Midt Nord","robots":{"index":"index","follow":"follow","max-snippet":"max-snippet:-1","max-image-preview":"max-image-preview:large","max-video-preview":"max-video-preview:-1"},"canonical":"https:\/\/csm-danmark.dk\/midt-nord\/saadanfaarduhjaelp\/mentaliseringsbaseret-terapi-og-metode\/","og_locale":"da_DK","og_type":"article","og_title":"Mentaliseringsbaseret terapi og metode - CSM: Midt Nord","og_description":"Behandlingen hos CSM Midt Nord\u00a0foreg\u00e5r ud fra en mentaliseringsbaseret forst\u00e5elses- og referenceramme. Mentaliseringsbaseret terapi\u00a0integrerer styrkerne ved flere teoretiske og kliniske metoder ud fra en grundl\u00e6ggende psykodynamisk forst\u00e5else, hvor\u00a0tilknytning, affektregulering og selvets integritet i relationer st\u00e5r som helt centrale begreber. Mentaliseringsbaseret terapi er dokumenteret virkningsfuld i forhold til traumer og problemer i relationer. Mentalisering handler om [&hellip;]","og_url":"https:\/\/csm-danmark.dk\/midt-nord\/saadanfaarduhjaelp\/mentaliseringsbaseret-terapi-og-metode\/","og_site_name":"CSM: Midt Nord","twitter_card":"summary_large_image","twitter_misc":{"Estimeret l\u00e6setid":"2 minutter"},"schema":{"@context":"https:\/\/schema.org","@graph":[{"@type":"WebPage","@id":"https:\/\/csm-danmark.dk\/midt-nord\/saadanfaarduhjaelp\/mentaliseringsbaseret-terapi-og-metode\/","url":"https:\/\/csm-danmark.dk\/midt-nord\/saadanfaarduhjaelp\/mentaliseringsbaseret-terapi-og-metode\/","name":"Mentaliseringsbaseret terapi og metode - CSM: Midt Nord","isPartOf":{"@id":"https:\/\/csm-danmark.dk\/midt-nord\/#website"},"datePublished":"2019-06-27T10:36:01+00:00","breadcrumb":{"@id":"https:\/\/csm-danmark.dk\/midt-nord\/saadanfaarduhjaelp\/mentaliseringsbaseret-terapi-og-metode\/#breadcrumb"},"inLanguage":"da-DK","potentialAction":[{"@type":"ReadAction","target":["https:\/\/csm-danmark.dk\/midt-nord\/saadanfaarduhjaelp\/mentaliseringsbaseret-terapi-og-metode\/"]}]},{"@type":"BreadcrumbList","@id":"https:\/\/csm-danmark.dk\/midt-nord\/saadanfaarduhjaelp\/mentaliseringsbaseret-terapi-og-metode\/#breadcrumb","itemListElement":[{"@type":"ListItem","position":1,"name":"Home","item":"https:\/\/csm-danmark.dk\/midt-nord\/"},{"@type":"ListItem","position":2,"name":"S\u00e5dan f\u00e5r du hj\u00e6lp","item":"https:\/\/csm-danmark.dk\/midt-nord\/saadanfaarduhjaelp\/"},{"@type":"ListItem","position":3,"name":"Mentaliseringsbaseret terapi og metode"}]},{"@type":"WebSite","@id":"https:\/\/csm-danmark.dk\/midt-nord\/#website","url":"https:\/\/csm-danmark.dk\/midt-nord\/","name":"CSM: Midt Nord","description":"Center for Seksuelt Misbrugte","potentialAction":[{"@type":"SearchAction","target":{"@type":"EntryPoint","urlTemplate":"https:\/\/csm-danmark.dk\/midt-nord\/?s={search_term_string}"},"query-input":{"@type":"PropertyValueSpecification","valueRequired":true,"valueName":"search_term_string"}}],"inLanguage":"da-DK"}]}},"_links":{"self":[{"href":"https:\/\/csm-danmark.dk\/midt-nord\/wp-json\/wp\/v2\/pages\/2533","targetHints":{"allow":["GET"]}}],"collection":[{"href":"https:\/\/csm-danmark.dk\/midt-nord\/wp-json\/wp\/v2\/pages"}],"about":[{"href":"https:\/\/csm-danmark.dk\/midt-nord\/wp-json\/wp\/v2\/types\/page"}],"author":[{"embeddable":true,"href":"https:\/\/csm-danmark.dk\/midt-nord\/wp-json\/wp\/v2\/users\/17"}],"replies":[{"embeddable":true,"href":"https:\/\/csm-danmark.dk\/midt-nord\/wp-json\/wp\/v2\/comments?post=2533"}],"version-history":[{"count":1,"href":"https:\/\/csm-danmark.dk\/midt-nord\/wp-json\/wp\/v2\/pages\/2533\/revisions"}],"predecessor-version":[{"id":2534,"href":"https:\/\/csm-danmark.dk\/midt-nord\/wp-json\/wp\/v2\/pages\/2533\/revisions\/2534"}],"up":[{"embeddable":true,"href":"https:\/\/csm-danmark.dk\/midt-nord\/wp-json\/wp\/v2\/pages\/229"}],"wp:attachment":[{"href":"https:\/\/csm-danmark.dk\/midt-nord\/wp-json\/wp\/v2\/media?parent=2533"}],"curies":[{"name":"wp","href":"https:\/\/api.w.org\/{rel}","templated":true}]}}