{"id":225,"date":"2018-04-23T05:00:10","date_gmt":"2018-04-23T05:00:10","guid":{"rendered":"http:\/\/csm-danmark.dk.dedi5085.your-server.de\/midt-nord\/?page_id=225"},"modified":"2023-12-04T09:25:39","modified_gmt":"2023-12-04T09:25:39","slug":"viso","status":"publish","type":"page","link":"https:\/\/csm-danmark.dk\/midt-nord\/om-csm-midt-nord\/viso\/","title":{"rendered":"VISO \u2013 R\u00e5dgivning om og til senf\u00f8lgeramte"},"content":{"rendered":"<p>VISO er den nationale videns- og specialr\u00e5dgivningsorganisation, og herigennem er det muligt at f\u00e5 et gratis r\u00e5dgivningsforl\u00f8b af f\u00f8rende specialister p\u00e5 senf\u00f8lgeomr\u00e5det.\u00a0 Psykologerne fra CSM Midt Nord er tilknyttet VISO og\u00a0kan derfor v\u00e6re de specialister, som du kan modtage r\u00e5dgivning af.<\/p>\n<p>Senf\u00f8lgeramte og deres p\u00e5r\u00f8rende kan s\u00f8ge om gratis r\u00e5dgivning ved VISO, s\u00e5 det kan v\u00e6re et sted at f\u00e5 hj\u00e6lp i ventetiden p\u00e5 behandling i CSM.<\/p>\n<p>Alle landets kommuner kan ogs\u00e5 gratis f\u00e5\u00a0udredt en borger\u00a0og modtage\u00a0professionel r\u00e5dgivning til fagpersoner, der arbejder med m\u00e5lgruppen.<\/p>\n<p>Du kan kontakte VISO for at f\u00e5 en uforpligtende og afklarende samtale med en af VISOs konsulenter p\u00e5 tlf. 7242 4000. Mandag til fredag fra kl. 9.00 til kl. 11.30.<\/p>\n<p>VISO-konsulenten orienterer om, hvad VISO tilbyder, og hvad der skal til, for at VISO kan l\u00f8fte en opgave. VISO kan for eksempel r\u00e5dgive om, hvordan kommunen kan tilrettel\u00e6gge en faglig indsats, eller hvad et tilbud kan indeholde.<\/p>\n<p><a class=\"dull_green\" href=\"https:\/\/socialstyrelsen.dk\/viso\">L\u00e6s mere om VISO p\u00e5 socialstyrelsens hjemmeside<\/a><\/p>\n","protected":false},"excerpt":{"rendered":"<p>VISO er den nationale videns- og specialr\u00e5dgivningsorganisation, og herigennem er det muligt at f\u00e5 et gratis r\u00e5dgivningsforl\u00f8b af f\u00f8rende specialister p\u00e5 senf\u00f8lgeomr\u00e5det.\u00a0 Psykologerne fra CSM Midt Nord er tilknyttet VISO og\u00a0kan derfor v\u00e6re de specialister, som du kan modtage r\u00e5dgivning af. Senf\u00f8lgeramte og deres p\u00e5r\u00f8rende kan s\u00f8ge om gratis r\u00e5dgivning ved VISO, s\u00e5 det kan [&hellip;]<\/p>\n","protected":false},"author":1,"featured_media":0,"parent":977,"menu_order":0,"comment_status":"closed","ping_status":"closed","template":"","meta":{"_acf_changed":false,"footnotes":""},"class_list":["post-225","page","type-page","status-publish","hentry"],"acf":[],"yoast_head":"<!-- This site is optimized with the Yoast SEO plugin v26.6 - https:\/\/yoast.com\/wordpress\/plugins\/seo\/ -->\n<title>VISO \u2013 R\u00e5dgivning om og til senf\u00f8lgeramte - CSM: Midt Nord<\/title>\n<meta name=\"robots\" content=\"index, follow, max-snippet:-1, max-image-preview:large, max-video-preview:-1\" \/>\n<link rel=\"canonical\" href=\"https:\/\/csm-danmark.dk\/midt-nord\/om-csm-midt-nord\/viso\/\" \/>\n<meta property=\"og:locale\" content=\"da_DK\" \/>\n<meta property=\"og:type\" content=\"article\" \/>\n<meta property=\"og:title\" content=\"VISO \u2013 R\u00e5dgivning om og til senf\u00f8lgeramte - CSM: Midt Nord\" \/>\n<meta property=\"og:description\" content=\"VISO er den nationale videns- og specialr\u00e5dgivningsorganisation, og herigennem er det muligt at f\u00e5 et gratis r\u00e5dgivningsforl\u00f8b af f\u00f8rende specialister p\u00e5 senf\u00f8lgeomr\u00e5det.\u00a0 Psykologerne fra CSM Midt Nord er tilknyttet VISO og\u00a0kan derfor v\u00e6re de specialister, som du kan modtage r\u00e5dgivning af. Senf\u00f8lgeramte og deres p\u00e5r\u00f8rende kan s\u00f8ge om gratis r\u00e5dgivning ved VISO, s\u00e5 det kan [&hellip;]\" \/>\n<meta property=\"og:url\" content=\"https:\/\/csm-danmark.dk\/midt-nord\/om-csm-midt-nord\/viso\/\" \/>\n<meta property=\"og:site_name\" content=\"CSM: Midt Nord\" \/>\n<meta property=\"article:modified_time\" content=\"2023-12-04T09:25:39+00:00\" \/>\n<meta name=\"twitter:card\" content=\"summary_large_image\" \/>\n<meta name=\"twitter:label1\" content=\"Estimeret l\u00e6setid\" \/>\n\t<meta name=\"twitter:data1\" content=\"1 minut\" \/>\n<script type=\"application\/ld+json\" class=\"yoast-schema-graph\">{\"@context\":\"https:\/\/schema.org\",\"@graph\":[{\"@type\":\"WebPage\",\"@id\":\"https:\/\/csm-danmark.dk\/midt-nord\/om-csm-midt-nord\/viso\/\",\"url\":\"https:\/\/csm-danmark.dk\/midt-nord\/om-csm-midt-nord\/viso\/\",\"name\":\"VISO \u2013 R\u00e5dgivning om og til senf\u00f8lgeramte - CSM: Midt Nord\",\"isPartOf\":{\"@id\":\"https:\/\/csm-danmark.dk\/midt-nord\/#website\"},\"datePublished\":\"2018-04-23T05:00:10+00:00\",\"dateModified\":\"2023-12-04T09:25:39+00:00\",\"breadcrumb\":{\"@id\":\"https:\/\/csm-danmark.dk\/midt-nord\/om-csm-midt-nord\/viso\/#breadcrumb\"},\"inLanguage\":\"da-DK\",\"potentialAction\":[{\"@type\":\"ReadAction\",\"target\":[\"https:\/\/csm-danmark.dk\/midt-nord\/om-csm-midt-nord\/viso\/\"]}]},{\"@type\":\"BreadcrumbList\",\"@id\":\"https:\/\/csm-danmark.dk\/midt-nord\/om-csm-midt-nord\/viso\/#breadcrumb\",\"itemListElement\":[{\"@type\":\"ListItem\",\"position\":1,\"name\":\"Home\",\"item\":\"https:\/\/csm-danmark.dk\/midt-nord\/\"},{\"@type\":\"ListItem\",\"position\":2,\"name\":\"CSM Midt Nord\",\"item\":\"https:\/\/csm-danmark.dk\/midt-nord\/om-csm-midt-nord\/\"},{\"@type\":\"ListItem\",\"position\":3,\"name\":\"VISO \u2013 R\u00e5dgivning om og til senf\u00f8lgeramte\"}]},{\"@type\":\"WebSite\",\"@id\":\"https:\/\/csm-danmark.dk\/midt-nord\/#website\",\"url\":\"https:\/\/csm-danmark.dk\/midt-nord\/\",\"name\":\"CSM: Midt Nord\",\"description\":\"Center for Seksuelt Misbrugte\",\"potentialAction\":[{\"@type\":\"SearchAction\",\"target\":{\"@type\":\"EntryPoint\",\"urlTemplate\":\"https:\/\/csm-danmark.dk\/midt-nord\/?s={search_term_string}\"},\"query-input\":{\"@type\":\"PropertyValueSpecification\",\"valueRequired\":true,\"valueName\":\"search_term_string\"}}],\"inLanguage\":\"da-DK\"}]}<\/script>\n<!-- \/ Yoast SEO plugin. -->","yoast_head_json":{"title":"VISO \u2013 R\u00e5dgivning om og til senf\u00f8lgeramte - CSM: Midt Nord","robots":{"index":"index","follow":"follow","max-snippet":"max-snippet:-1","max-image-preview":"max-image-preview:large","max-video-preview":"max-video-preview:-1"},"canonical":"https:\/\/csm-danmark.dk\/midt-nord\/om-csm-midt-nord\/viso\/","og_locale":"da_DK","og_type":"article","og_title":"VISO \u2013 R\u00e5dgivning om og til senf\u00f8lgeramte - CSM: Midt Nord","og_description":"VISO er den nationale videns- og specialr\u00e5dgivningsorganisation, og herigennem er det muligt at f\u00e5 et gratis r\u00e5dgivningsforl\u00f8b af f\u00f8rende specialister p\u00e5 senf\u00f8lgeomr\u00e5det.\u00a0 Psykologerne fra CSM Midt Nord er tilknyttet VISO og\u00a0kan derfor v\u00e6re de specialister, som du kan modtage r\u00e5dgivning af. Senf\u00f8lgeramte og deres p\u00e5r\u00f8rende kan s\u00f8ge om gratis r\u00e5dgivning ved VISO, s\u00e5 det kan [&hellip;]","og_url":"https:\/\/csm-danmark.dk\/midt-nord\/om-csm-midt-nord\/viso\/","og_site_name":"CSM: Midt Nord","article_modified_time":"2023-12-04T09:25:39+00:00","twitter_card":"summary_large_image","twitter_misc":{"Estimeret l\u00e6setid":"1 minut"},"schema":{"@context":"https:\/\/schema.org","@graph":[{"@type":"WebPage","@id":"https:\/\/csm-danmark.dk\/midt-nord\/om-csm-midt-nord\/viso\/","url":"https:\/\/csm-danmark.dk\/midt-nord\/om-csm-midt-nord\/viso\/","name":"VISO \u2013 R\u00e5dgivning om og til senf\u00f8lgeramte - CSM: Midt Nord","isPartOf":{"@id":"https:\/\/csm-danmark.dk\/midt-nord\/#website"},"datePublished":"2018-04-23T05:00:10+00:00","dateModified":"2023-12-04T09:25:39+00:00","breadcrumb":{"@id":"https:\/\/csm-danmark.dk\/midt-nord\/om-csm-midt-nord\/viso\/#breadcrumb"},"inLanguage":"da-DK","potentialAction":[{"@type":"ReadAction","target":["https:\/\/csm-danmark.dk\/midt-nord\/om-csm-midt-nord\/viso\/"]}]},{"@type":"BreadcrumbList","@id":"https:\/\/csm-danmark.dk\/midt-nord\/om-csm-midt-nord\/viso\/#breadcrumb","itemListElement":[{"@type":"ListItem","position":1,"name":"Home","item":"https:\/\/csm-danmark.dk\/midt-nord\/"},{"@type":"ListItem","position":2,"name":"CSM Midt Nord","item":"https:\/\/csm-danmark.dk\/midt-nord\/om-csm-midt-nord\/"},{"@type":"ListItem","position":3,"name":"VISO \u2013 R\u00e5dgivning om og til senf\u00f8lgeramte"}]},{"@type":"WebSite","@id":"https:\/\/csm-danmark.dk\/midt-nord\/#website","url":"https:\/\/csm-danmark.dk\/midt-nord\/","name":"CSM: Midt Nord","description":"Center for Seksuelt Misbrugte","potentialAction":[{"@type":"SearchAction","target":{"@type":"EntryPoint","urlTemplate":"https:\/\/csm-danmark.dk\/midt-nord\/?s={search_term_string}"},"query-input":{"@type":"PropertyValueSpecification","valueRequired":true,"valueName":"search_term_string"}}],"inLanguage":"da-DK"}]}},"_links":{"self":[{"href":"https:\/\/csm-danmark.dk\/midt-nord\/wp-json\/wp\/v2\/pages\/225","targetHints":{"allow":["GET"]}}],"collection":[{"href":"https:\/\/csm-danmark.dk\/midt-nord\/wp-json\/wp\/v2\/pages"}],"about":[{"href":"https:\/\/csm-danmark.dk\/midt-nord\/wp-json\/wp\/v2\/types\/page"}],"author":[{"embeddable":true,"href":"https:\/\/csm-danmark.dk\/midt-nord\/wp-json\/wp\/v2\/users\/1"}],"replies":[{"embeddable":true,"href":"https:\/\/csm-danmark.dk\/midt-nord\/wp-json\/wp\/v2\/comments?post=225"}],"version-history":[{"count":11,"href":"https:\/\/csm-danmark.dk\/midt-nord\/wp-json\/wp\/v2\/pages\/225\/revisions"}],"predecessor-version":[{"id":3863,"href":"https:\/\/csm-danmark.dk\/midt-nord\/wp-json\/wp\/v2\/pages\/225\/revisions\/3863"}],"up":[{"embeddable":true,"href":"https:\/\/csm-danmark.dk\/midt-nord\/wp-json\/wp\/v2\/pages\/977"}],"wp:attachment":[{"href":"https:\/\/csm-danmark.dk\/midt-nord\/wp-json\/wp\/v2\/media?parent=225"}],"curies":[{"name":"wp","href":"https:\/\/api.w.org\/{rel}","templated":true}]}}