{"id":2209,"date":"2018-10-26T08:41:05","date_gmt":"2018-10-26T08:41:05","guid":{"rendered":"http:\/\/csm-danmark.dk\/midt-nord\/?page_id=2209"},"modified":"2023-02-06T07:45:05","modified_gmt":"2023-02-06T07:45:05","slug":"for-parorende","status":"publish","type":"page","link":"https:\/\/csm-danmark.dk\/midt-nord\/for-parorende\/","title":{"rendered":"For p\u00e5r\u00f8rende"},"content":{"rendered":"\n<h2 class=\"wp-block-heading\">Hvad vil det sige at v\u00e6re p\u00e5r\u00f8rende?<\/h2>\n\n\n\n<p>N\u00e5r et menneske har v\u00e6ret udsat for seksuelle overgreb i barndommen og plages af senf\u00f8lger i sit voksenliv, rammes de p\u00e5r\u00f8rende ogs\u00e5. P\u00e5r\u00f8rende er en overset gruppe og betegnes ofte som de \u2018skjulte ofre\u2019, der ogs\u00e5 kan have brug for kvalificeret hj\u00e6lp b\u00e5de for at kunne hj\u00e6lpe sig selv og den misbrugte.<\/p>\n\n\n\n<p>At lytte og rumme kan v\u00e6re sv\u00e6rt for en p\u00e5r\u00f8rende. M\u00e5ske bliver du usikker p\u00e5, om det hj\u00e6lper at tale om det, der er sket, og hvordan du skal forholde dig til de udfordringer, din k\u00e6re st\u00e5r med. Som p\u00e5r\u00f8rende kan du have brug for at tale med nogen om de f\u00f8lelser, du sidder med, n\u00e5r du er t\u00e6t p\u00e5 en person, der har v\u00e6ret udsat for seksuelle overgreb i barndommen.<\/p>\n\n\n\n<p>Gavnlige emner for dig som p\u00e5r\u00f8rende:<\/p>\n\n\n\n<ul class=\"wp-block-list\"><li>Hvordan l\u00e6rer du at forst\u00e5, lytte og ikke mindst st\u00f8tte?<\/li><li>Hvordan h\u00e5ndterer du det f\u00f8lelsesm\u00e6ssige kaos, du er kommet ud i, efter den nye viden om de seksuelle overgreb?<\/li><li>Hvordan h\u00e5ndterer du magtesl\u00f8sheden over ikke fuldt ud at kunne forst\u00e5, ikke at kunne hj\u00e6lpe og helbrede?<\/li><\/ul>\n\n\n\n<p>N\u00e5r du f\u00e5r den rette hj\u00e6lp og st\u00f8tte til at takle dine egne udfordringer, genfinder du ressourcer til i langt h\u00f8jere grad at kunne hj\u00e6lpe b\u00e5de dig selv og din p\u00e5r\u00f8rende.<\/p>\n\n\n\n<h2 class=\"wp-block-heading\">Tilbud til p\u00e5r\u00f8rende<\/h2>\n\n\n\n<p>Hos CSM Midt Nord har vi en r\u00e6kke tilbud til dig, der er p\u00e5r\u00f8rende til et mennesker, der har v\u00e6ret udsat for seksuelle overgreb i barndommen. Hvis der er brug for mere hj\u00e6lp , end vi kan tilbyde, hj\u00e6lper vi dig med at finde frem til den rette hj\u00e6lp. Vi tilbyder:<\/p>\n<ul>\n<li><span style=\"color: #6e9daf;\"><a style=\"color: #6e9daf;\" href=\"https:\/\/csm-danmark.dk\/midt-nord\/chat-med-os\/\">Chatr\u00e5dgivning<\/a><\/span><\/li>\n<li><span style=\"color: #6e9daf;\"><a style=\"color: #6e9daf;\" href=\"https:\/\/csm-danmark.dk\/midt-nord\/hvad-er-selvhjaelpsgrupper\/parorendegrupper\/\">P\u00e5r\u00f8rendegruppe<\/a><\/span><\/li>\n<li><span style=\"color: #6e9daf;\"><a style=\"color: #6e9daf;\" href=\"https:\/\/csm-danmark.dk\/midt-nord\/parorendesamtaler\/\">P\u00e5r\u00f8rendesamtaler<\/a><\/span><\/li>\n<li><span style=\"color: #6e9daf;\"><a style=\"color: #6e9daf;\" href=\"https:\/\/csm-danmark.dk\/midt-nord\/cafeen\/\">Caf\u00e9en<\/a><\/span><\/li>\n<li><span style=\"color: #6e9daf;\"><a style=\"color: #6e9daf;\" href=\"https:\/\/csm-danmark.dk\/midt-nord\/vi-tilbyder\/temaaftener\/\">Temaaftener<\/a><\/span><\/li>\n<li><span style=\"color: #6e9daf;\"><a style=\"color: #6e9daf;\" href=\"https:\/\/csm-danmark.dk\/midt-nord\/om-csm-midt-nord\/viso\/\">VISO &#8211; r\u00e5dgivning<\/a><\/span><\/li>\n<\/ul>\n","protected":false},"excerpt":{"rendered":"<p>Hvad vil det sige at v\u00e6re p\u00e5r\u00f8rende? N\u00e5r et menneske har v\u00e6ret udsat for seksuelle overgreb i barndommen og plages af senf\u00f8lger i sit voksenliv, rammes de p\u00e5r\u00f8rende ogs\u00e5. P\u00e5r\u00f8rende er en overset gruppe og betegnes ofte som de \u2018skjulte ofre\u2019, der ogs\u00e5 kan have brug for kvalificeret hj\u00e6lp b\u00e5de for at kunne hj\u00e6lpe sig [&hellip;]<\/p>\n","protected":false},"author":13,"featured_media":0,"parent":0,"menu_order":0,"comment_status":"closed","ping_status":"closed","template":"","meta":{"_acf_changed":false,"footnotes":""},"class_list":["post-2209","page","type-page","status-publish","hentry"],"acf":[],"yoast_head":"<!-- This site is optimized with the Yoast SEO plugin v26.6 - https:\/\/yoast.com\/wordpress\/plugins\/seo\/ -->\n<title>For p\u00e5r\u00f8rende - CSM: Midt Nord<\/title>\n<meta name=\"robots\" content=\"index, follow, max-snippet:-1, max-image-preview:large, max-video-preview:-1\" \/>\n<link rel=\"canonical\" href=\"https:\/\/csm-danmark.dk\/midt-nord\/for-parorende\/\" \/>\n<meta property=\"og:locale\" content=\"da_DK\" \/>\n<meta property=\"og:type\" content=\"article\" \/>\n<meta property=\"og:title\" content=\"For p\u00e5r\u00f8rende - CSM: Midt Nord\" \/>\n<meta property=\"og:description\" content=\"Hvad vil det sige at v\u00e6re p\u00e5r\u00f8rende? N\u00e5r et menneske har v\u00e6ret udsat for seksuelle overgreb i barndommen og plages af senf\u00f8lger i sit voksenliv, rammes de p\u00e5r\u00f8rende ogs\u00e5. P\u00e5r\u00f8rende er en overset gruppe og betegnes ofte som de \u2018skjulte ofre\u2019, der ogs\u00e5 kan have brug for kvalificeret hj\u00e6lp b\u00e5de for at kunne hj\u00e6lpe sig [&hellip;]\" \/>\n<meta property=\"og:url\" content=\"https:\/\/csm-danmark.dk\/midt-nord\/for-parorende\/\" \/>\n<meta property=\"og:site_name\" content=\"CSM: Midt Nord\" \/>\n<meta property=\"article:modified_time\" content=\"2023-02-06T07:45:05+00:00\" \/>\n<meta name=\"twitter:card\" content=\"summary_large_image\" \/>\n<meta name=\"twitter:label1\" content=\"Estimeret l\u00e6setid\" \/>\n\t<meta name=\"twitter:data1\" content=\"2 minutter\" \/>\n<script type=\"application\/ld+json\" class=\"yoast-schema-graph\">{\"@context\":\"https:\/\/schema.org\",\"@graph\":[{\"@type\":\"WebPage\",\"@id\":\"https:\/\/csm-danmark.dk\/midt-nord\/for-parorende\/\",\"url\":\"https:\/\/csm-danmark.dk\/midt-nord\/for-parorende\/\",\"name\":\"For p\u00e5r\u00f8rende - CSM: Midt Nord\",\"isPartOf\":{\"@id\":\"https:\/\/csm-danmark.dk\/midt-nord\/#website\"},\"datePublished\":\"2018-10-26T08:41:05+00:00\",\"dateModified\":\"2023-02-06T07:45:05+00:00\",\"breadcrumb\":{\"@id\":\"https:\/\/csm-danmark.dk\/midt-nord\/for-parorende\/#breadcrumb\"},\"inLanguage\":\"da-DK\",\"potentialAction\":[{\"@type\":\"ReadAction\",\"target\":[\"https:\/\/csm-danmark.dk\/midt-nord\/for-parorende\/\"]}]},{\"@type\":\"BreadcrumbList\",\"@id\":\"https:\/\/csm-danmark.dk\/midt-nord\/for-parorende\/#breadcrumb\",\"itemListElement\":[{\"@type\":\"ListItem\",\"position\":1,\"name\":\"Home\",\"item\":\"https:\/\/csm-danmark.dk\/midt-nord\/\"},{\"@type\":\"ListItem\",\"position\":2,\"name\":\"For p\u00e5r\u00f8rende\"}]},{\"@type\":\"WebSite\",\"@id\":\"https:\/\/csm-danmark.dk\/midt-nord\/#website\",\"url\":\"https:\/\/csm-danmark.dk\/midt-nord\/\",\"name\":\"CSM: Midt Nord\",\"description\":\"Center for Seksuelt Misbrugte\",\"potentialAction\":[{\"@type\":\"SearchAction\",\"target\":{\"@type\":\"EntryPoint\",\"urlTemplate\":\"https:\/\/csm-danmark.dk\/midt-nord\/?s={search_term_string}\"},\"query-input\":{\"@type\":\"PropertyValueSpecification\",\"valueRequired\":true,\"valueName\":\"search_term_string\"}}],\"inLanguage\":\"da-DK\"}]}<\/script>\n<!-- \/ Yoast SEO plugin. -->","yoast_head_json":{"title":"For p\u00e5r\u00f8rende - CSM: Midt Nord","robots":{"index":"index","follow":"follow","max-snippet":"max-snippet:-1","max-image-preview":"max-image-preview:large","max-video-preview":"max-video-preview:-1"},"canonical":"https:\/\/csm-danmark.dk\/midt-nord\/for-parorende\/","og_locale":"da_DK","og_type":"article","og_title":"For p\u00e5r\u00f8rende - CSM: Midt Nord","og_description":"Hvad vil det sige at v\u00e6re p\u00e5r\u00f8rende? N\u00e5r et menneske har v\u00e6ret udsat for seksuelle overgreb i barndommen og plages af senf\u00f8lger i sit voksenliv, rammes de p\u00e5r\u00f8rende ogs\u00e5. P\u00e5r\u00f8rende er en overset gruppe og betegnes ofte som de \u2018skjulte ofre\u2019, der ogs\u00e5 kan have brug for kvalificeret hj\u00e6lp b\u00e5de for at kunne hj\u00e6lpe sig [&hellip;]","og_url":"https:\/\/csm-danmark.dk\/midt-nord\/for-parorende\/","og_site_name":"CSM: Midt Nord","article_modified_time":"2023-02-06T07:45:05+00:00","twitter_card":"summary_large_image","twitter_misc":{"Estimeret l\u00e6setid":"2 minutter"},"schema":{"@context":"https:\/\/schema.org","@graph":[{"@type":"WebPage","@id":"https:\/\/csm-danmark.dk\/midt-nord\/for-parorende\/","url":"https:\/\/csm-danmark.dk\/midt-nord\/for-parorende\/","name":"For p\u00e5r\u00f8rende - CSM: Midt Nord","isPartOf":{"@id":"https:\/\/csm-danmark.dk\/midt-nord\/#website"},"datePublished":"2018-10-26T08:41:05+00:00","dateModified":"2023-02-06T07:45:05+00:00","breadcrumb":{"@id":"https:\/\/csm-danmark.dk\/midt-nord\/for-parorende\/#breadcrumb"},"inLanguage":"da-DK","potentialAction":[{"@type":"ReadAction","target":["https:\/\/csm-danmark.dk\/midt-nord\/for-parorende\/"]}]},{"@type":"BreadcrumbList","@id":"https:\/\/csm-danmark.dk\/midt-nord\/for-parorende\/#breadcrumb","itemListElement":[{"@type":"ListItem","position":1,"name":"Home","item":"https:\/\/csm-danmark.dk\/midt-nord\/"},{"@type":"ListItem","position":2,"name":"For p\u00e5r\u00f8rende"}]},{"@type":"WebSite","@id":"https:\/\/csm-danmark.dk\/midt-nord\/#website","url":"https:\/\/csm-danmark.dk\/midt-nord\/","name":"CSM: Midt Nord","description":"Center for Seksuelt Misbrugte","potentialAction":[{"@type":"SearchAction","target":{"@type":"EntryPoint","urlTemplate":"https:\/\/csm-danmark.dk\/midt-nord\/?s={search_term_string}"},"query-input":{"@type":"PropertyValueSpecification","valueRequired":true,"valueName":"search_term_string"}}],"inLanguage":"da-DK"}]}},"_links":{"self":[{"href":"https:\/\/csm-danmark.dk\/midt-nord\/wp-json\/wp\/v2\/pages\/2209","targetHints":{"allow":["GET"]}}],"collection":[{"href":"https:\/\/csm-danmark.dk\/midt-nord\/wp-json\/wp\/v2\/pages"}],"about":[{"href":"https:\/\/csm-danmark.dk\/midt-nord\/wp-json\/wp\/v2\/types\/page"}],"author":[{"embeddable":true,"href":"https:\/\/csm-danmark.dk\/midt-nord\/wp-json\/wp\/v2\/users\/13"}],"replies":[{"embeddable":true,"href":"https:\/\/csm-danmark.dk\/midt-nord\/wp-json\/wp\/v2\/comments?post=2209"}],"version-history":[{"count":26,"href":"https:\/\/csm-danmark.dk\/midt-nord\/wp-json\/wp\/v2\/pages\/2209\/revisions"}],"predecessor-version":[{"id":3754,"href":"https:\/\/csm-danmark.dk\/midt-nord\/wp-json\/wp\/v2\/pages\/2209\/revisions\/3754"}],"wp:attachment":[{"href":"https:\/\/csm-danmark.dk\/midt-nord\/wp-json\/wp\/v2\/media?parent=2209"}],"curies":[{"name":"wp","href":"https:\/\/api.w.org\/{rel}","templated":true}]}}