{"id":2068,"date":"2018-10-12T08:41:08","date_gmt":"2018-10-12T08:41:08","guid":{"rendered":"http:\/\/csm-danmark.dk\/midt-nord\/?page_id=2068"},"modified":"2023-01-05T08:25:44","modified_gmt":"2023-01-05T08:25:44","slug":"parorendegrupper","status":"publish","type":"page","link":"https:\/\/csm-danmark.dk\/midt-nord\/hvad-er-selvhjaelpsgrupper\/parorendegrupper\/","title":{"rendered":"P\u00e5r\u00f8rendegruppe"},"content":{"rendered":"<h2 style=\"text-align: left;\" align=\"right\">Hvad er en p\u00e5r\u00f8rendegruppe?<\/h2>\n<p>En p\u00e5r\u00f8rendegruppe er en\u00a0<a class=\"dull_green\" href=\"http:\/\/csm-danmark.dk\/midt-nord\/frivilligsektionen\/aktiviteter\/hvad-er-selvhjaelpsgrupper\/\">selvhj\u00e6lpsgruppe<\/a> for p\u00e5r\u00f8rende til mennesker med senf\u00f8lger efter seksuelle overgreb i barndommen og\/eller ungdommen. Vi har fx grupper for for\u00e6ldre og partnere.<\/p>\n<p style=\"margin: 0cm; line-height: 15.0pt; background: white;\"><span style=\"font-size: 10.5pt; font-family: 'Open Sans', sans-serif; color: #000000;\">Det er et struktureret og st\u00f8ttende tilbud, hvor du udover at dele emner fra dit eget liv f\u00e5r mulighed for at lytte til og blive inspireret af andre p\u00e5r\u00f8rende. <\/span><\/p>\n<p style=\"margin: 0cm; line-height: 15.0pt; background: white;\"><span style=\"font-size: 10.5pt; font-family: 'Open Sans', sans-serif; color: #000000;\">I gruppen vil der v\u00e6re fokus p\u00e5, hvordan du kan tage vare p\u00e5 dig selv og dine behov i samv\u00e6ret med din p\u00e5r\u00f8rende &#8211; og samtidig v\u00e6re den bedste st\u00f8tte for vedkommende.<\/span><\/p>\n<h2>Hvordan foreg\u00e5r det?<\/h2>\n<p>Gruppen best\u00e5r af 6-8 deltagere, som m\u00f8des i CSM Midt Nords egne lokaler for at dele de erfaringer, man hver is\u00e6r har gjort sig som p\u00e5r\u00f8rende. I gruppen er dine erfaringer vigtige, fordi de kan v\u00e6re med til at kaste et nyt lys over andres situation.<\/p>\n<p>Hver gruppe har en eller to frivillige gruppeledere, der guider alle deltagere trygt igennem forl\u00f8bet.<\/p>\n<p>Alle har tavshedspligt \u2013 b\u00e5de deltagere og gruppeledere.<\/p>\n<h2>Bliv en del af en p\u00e5r\u00f8rendegruppe<\/h2>\n<p>Vi opretter nye grupper i takt med, at der er nok tilmeldte. Kontakt Mette L\u00f8vstad, hvis du er interesseret.<\/p>\n<p><i class=\"fa fa-phone fa- \"><\/i> 24 24 50 95<br \/>\n<i class=\"fa fa-envelope fa- \"><\/i>\u00a0mml@csm-midtnord.dk<\/p>\n","protected":false},"excerpt":{"rendered":"<p>Hvad er en p\u00e5r\u00f8rendegruppe? En p\u00e5r\u00f8rendegruppe er en\u00a0selvhj\u00e6lpsgruppe for p\u00e5r\u00f8rende til mennesker med senf\u00f8lger efter seksuelle overgreb i barndommen og\/eller ungdommen. Vi har fx grupper for for\u00e6ldre og partnere. Det er et struktureret og st\u00f8ttende tilbud, hvor du udover at dele emner fra dit eget liv f\u00e5r mulighed for at lytte til og blive inspireret [&hellip;]<\/p>\n","protected":false},"author":13,"featured_media":0,"parent":1782,"menu_order":0,"comment_status":"closed","ping_status":"closed","template":"","meta":{"_acf_changed":false,"footnotes":""},"class_list":["post-2068","page","type-page","status-publish","hentry"],"acf":[],"yoast_head":"<!-- This site is optimized with the Yoast SEO plugin v26.6 - https:\/\/yoast.com\/wordpress\/plugins\/seo\/ -->\n<title>P\u00e5r\u00f8rendegruppe - CSM: Midt Nord<\/title>\n<meta name=\"robots\" content=\"index, follow, max-snippet:-1, max-image-preview:large, max-video-preview:-1\" \/>\n<link rel=\"canonical\" href=\"https:\/\/csm-danmark.dk\/midt-nord\/hvad-er-selvhjaelpsgrupper\/parorendegrupper\/\" \/>\n<meta property=\"og:locale\" content=\"da_DK\" \/>\n<meta property=\"og:type\" content=\"article\" \/>\n<meta property=\"og:title\" content=\"P\u00e5r\u00f8rendegruppe - CSM: Midt Nord\" \/>\n<meta property=\"og:description\" content=\"Hvad er en p\u00e5r\u00f8rendegruppe? En p\u00e5r\u00f8rendegruppe er en\u00a0selvhj\u00e6lpsgruppe for p\u00e5r\u00f8rende til mennesker med senf\u00f8lger efter seksuelle overgreb i barndommen og\/eller ungdommen. Vi har fx grupper for for\u00e6ldre og partnere. Det er et struktureret og st\u00f8ttende tilbud, hvor du udover at dele emner fra dit eget liv f\u00e5r mulighed for at lytte til og blive inspireret [&hellip;]\" \/>\n<meta property=\"og:url\" content=\"https:\/\/csm-danmark.dk\/midt-nord\/hvad-er-selvhjaelpsgrupper\/parorendegrupper\/\" \/>\n<meta property=\"og:site_name\" content=\"CSM: Midt Nord\" \/>\n<meta property=\"article:modified_time\" content=\"2023-01-05T08:25:44+00:00\" \/>\n<meta name=\"twitter:card\" content=\"summary_large_image\" \/>\n<meta name=\"twitter:label1\" content=\"Estimeret l\u00e6setid\" \/>\n\t<meta name=\"twitter:data1\" content=\"2 minutter\" \/>\n<script type=\"application\/ld+json\" class=\"yoast-schema-graph\">{\"@context\":\"https:\/\/schema.org\",\"@graph\":[{\"@type\":\"WebPage\",\"@id\":\"https:\/\/csm-danmark.dk\/midt-nord\/hvad-er-selvhjaelpsgrupper\/parorendegrupper\/\",\"url\":\"https:\/\/csm-danmark.dk\/midt-nord\/hvad-er-selvhjaelpsgrupper\/parorendegrupper\/\",\"name\":\"P\u00e5r\u00f8rendegruppe - CSM: Midt Nord\",\"isPartOf\":{\"@id\":\"https:\/\/csm-danmark.dk\/midt-nord\/#website\"},\"datePublished\":\"2018-10-12T08:41:08+00:00\",\"dateModified\":\"2023-01-05T08:25:44+00:00\",\"breadcrumb\":{\"@id\":\"https:\/\/csm-danmark.dk\/midt-nord\/hvad-er-selvhjaelpsgrupper\/parorendegrupper\/#breadcrumb\"},\"inLanguage\":\"da-DK\",\"potentialAction\":[{\"@type\":\"ReadAction\",\"target\":[\"https:\/\/csm-danmark.dk\/midt-nord\/hvad-er-selvhjaelpsgrupper\/parorendegrupper\/\"]}]},{\"@type\":\"BreadcrumbList\",\"@id\":\"https:\/\/csm-danmark.dk\/midt-nord\/hvad-er-selvhjaelpsgrupper\/parorendegrupper\/#breadcrumb\",\"itemListElement\":[{\"@type\":\"ListItem\",\"position\":1,\"name\":\"Home\",\"item\":\"https:\/\/csm-danmark.dk\/midt-nord\/\"},{\"@type\":\"ListItem\",\"position\":2,\"name\":\"Selvhj\u00e6lpsgrupper\",\"item\":\"https:\/\/csm-danmark.dk\/midt-nord\/hvad-er-selvhjaelpsgrupper\/\"},{\"@type\":\"ListItem\",\"position\":3,\"name\":\"P\u00e5r\u00f8rendegruppe\"}]},{\"@type\":\"WebSite\",\"@id\":\"https:\/\/csm-danmark.dk\/midt-nord\/#website\",\"url\":\"https:\/\/csm-danmark.dk\/midt-nord\/\",\"name\":\"CSM: Midt Nord\",\"description\":\"Center for Seksuelt Misbrugte\",\"potentialAction\":[{\"@type\":\"SearchAction\",\"target\":{\"@type\":\"EntryPoint\",\"urlTemplate\":\"https:\/\/csm-danmark.dk\/midt-nord\/?s={search_term_string}\"},\"query-input\":{\"@type\":\"PropertyValueSpecification\",\"valueRequired\":true,\"valueName\":\"search_term_string\"}}],\"inLanguage\":\"da-DK\"}]}<\/script>\n<!-- \/ Yoast SEO plugin. -->","yoast_head_json":{"title":"P\u00e5r\u00f8rendegruppe - CSM: Midt Nord","robots":{"index":"index","follow":"follow","max-snippet":"max-snippet:-1","max-image-preview":"max-image-preview:large","max-video-preview":"max-video-preview:-1"},"canonical":"https:\/\/csm-danmark.dk\/midt-nord\/hvad-er-selvhjaelpsgrupper\/parorendegrupper\/","og_locale":"da_DK","og_type":"article","og_title":"P\u00e5r\u00f8rendegruppe - CSM: Midt Nord","og_description":"Hvad er en p\u00e5r\u00f8rendegruppe? En p\u00e5r\u00f8rendegruppe er en\u00a0selvhj\u00e6lpsgruppe for p\u00e5r\u00f8rende til mennesker med senf\u00f8lger efter seksuelle overgreb i barndommen og\/eller ungdommen. Vi har fx grupper for for\u00e6ldre og partnere. Det er et struktureret og st\u00f8ttende tilbud, hvor du udover at dele emner fra dit eget liv f\u00e5r mulighed for at lytte til og blive inspireret [&hellip;]","og_url":"https:\/\/csm-danmark.dk\/midt-nord\/hvad-er-selvhjaelpsgrupper\/parorendegrupper\/","og_site_name":"CSM: Midt Nord","article_modified_time":"2023-01-05T08:25:44+00:00","twitter_card":"summary_large_image","twitter_misc":{"Estimeret l\u00e6setid":"2 minutter"},"schema":{"@context":"https:\/\/schema.org","@graph":[{"@type":"WebPage","@id":"https:\/\/csm-danmark.dk\/midt-nord\/hvad-er-selvhjaelpsgrupper\/parorendegrupper\/","url":"https:\/\/csm-danmark.dk\/midt-nord\/hvad-er-selvhjaelpsgrupper\/parorendegrupper\/","name":"P\u00e5r\u00f8rendegruppe - CSM: Midt Nord","isPartOf":{"@id":"https:\/\/csm-danmark.dk\/midt-nord\/#website"},"datePublished":"2018-10-12T08:41:08+00:00","dateModified":"2023-01-05T08:25:44+00:00","breadcrumb":{"@id":"https:\/\/csm-danmark.dk\/midt-nord\/hvad-er-selvhjaelpsgrupper\/parorendegrupper\/#breadcrumb"},"inLanguage":"da-DK","potentialAction":[{"@type":"ReadAction","target":["https:\/\/csm-danmark.dk\/midt-nord\/hvad-er-selvhjaelpsgrupper\/parorendegrupper\/"]}]},{"@type":"BreadcrumbList","@id":"https:\/\/csm-danmark.dk\/midt-nord\/hvad-er-selvhjaelpsgrupper\/parorendegrupper\/#breadcrumb","itemListElement":[{"@type":"ListItem","position":1,"name":"Home","item":"https:\/\/csm-danmark.dk\/midt-nord\/"},{"@type":"ListItem","position":2,"name":"Selvhj\u00e6lpsgrupper","item":"https:\/\/csm-danmark.dk\/midt-nord\/hvad-er-selvhjaelpsgrupper\/"},{"@type":"ListItem","position":3,"name":"P\u00e5r\u00f8rendegruppe"}]},{"@type":"WebSite","@id":"https:\/\/csm-danmark.dk\/midt-nord\/#website","url":"https:\/\/csm-danmark.dk\/midt-nord\/","name":"CSM: Midt Nord","description":"Center for Seksuelt Misbrugte","potentialAction":[{"@type":"SearchAction","target":{"@type":"EntryPoint","urlTemplate":"https:\/\/csm-danmark.dk\/midt-nord\/?s={search_term_string}"},"query-input":{"@type":"PropertyValueSpecification","valueRequired":true,"valueName":"search_term_string"}}],"inLanguage":"da-DK"}]}},"_links":{"self":[{"href":"https:\/\/csm-danmark.dk\/midt-nord\/wp-json\/wp\/v2\/pages\/2068","targetHints":{"allow":["GET"]}}],"collection":[{"href":"https:\/\/csm-danmark.dk\/midt-nord\/wp-json\/wp\/v2\/pages"}],"about":[{"href":"https:\/\/csm-danmark.dk\/midt-nord\/wp-json\/wp\/v2\/types\/page"}],"author":[{"embeddable":true,"href":"https:\/\/csm-danmark.dk\/midt-nord\/wp-json\/wp\/v2\/users\/13"}],"replies":[{"embeddable":true,"href":"https:\/\/csm-danmark.dk\/midt-nord\/wp-json\/wp\/v2\/comments?post=2068"}],"version-history":[{"count":13,"href":"https:\/\/csm-danmark.dk\/midt-nord\/wp-json\/wp\/v2\/pages\/2068\/revisions"}],"predecessor-version":[{"id":3703,"href":"https:\/\/csm-danmark.dk\/midt-nord\/wp-json\/wp\/v2\/pages\/2068\/revisions\/3703"}],"up":[{"embeddable":true,"href":"https:\/\/csm-danmark.dk\/midt-nord\/wp-json\/wp\/v2\/pages\/1782"}],"wp:attachment":[{"href":"https:\/\/csm-danmark.dk\/midt-nord\/wp-json\/wp\/v2\/media?parent=2068"}],"curies":[{"name":"wp","href":"https:\/\/api.w.org\/{rel}","templated":true}]}}