{"id":1937,"date":"2018-09-13T11:54:29","date_gmt":"2018-09-13T11:54:29","guid":{"rendered":"http:\/\/csm-danmark.dk.dedi5085.your-server.de\/midt-nord\/?page_id=1937"},"modified":"2020-08-03T11:16:47","modified_gmt":"2020-08-03T11:16:47","slug":"persondatapolitik","status":"publish","type":"page","link":"https:\/\/csm-danmark.dk\/midt-nord\/om-csm-midt-nord\/persondatapolitik\/","title":{"rendered":"Persondatapolitik"},"content":{"rendered":"<h3>Persondatapolitik for CSM Midt Nord<\/h3>\n<p><strong>1. Generelt<\/strong><\/p>\n<p>Denne persondatapolitik er g\u00e6ldende for samtlige af de oplysninger, som du giver til os, og\/eller som vi indsamler om dig. Her kan du l\u00e6se mere om, hvilke oplysninger vi indsamler, hvordan vi h\u00e5ndterer dine oplysninger, og hvor l\u00e6nge vi opbevarer oplysninger om dig m.m.<\/p>\n<p><strong>2. Dataansvarlig<\/strong><\/p>\n<p>CSM\u00a0Midt Nord\u00a0er dataansvarlig for behandlingen af de personoplysninger, som vi har indsamlet og modtaget om dig.<\/p>\n<p>CSM Midt Nord<br \/>\nN\u00f8rreport 26, Baghuset, st.<br \/>\n8000 Aarhus C<br \/>\n20 22 45 80<br \/>\ncsm@csm-midtnord.dk<br \/>\nCVR nr.: 34979235<\/p>\n<p>Hvis du har sp\u00f8rgsm\u00e5l til vores behandling af dine oplysninger, er du altid velkommen til at henvende dig til os p\u00e5 via ovenst\u00e5ende kontaktinfo.<\/p>\n<p>Den overordnede retslige ramme for vores behandling af personlige oplysninger er Europa-Parlamentets og R\u00e5dets Forordning (EU) 2016\/679 af 27. april 2016 om beskyttelse af fysiske personer i forbindelse med behandling af personoplysninger og om fri udveksling af s\u00e5danne oplysninger og om oph\u00e6velse af direktiv 95\/46\/EF med tilh\u00f8rende regulering. I till\u00e6g hertil kommer den lov, som m\u00e5tte blive vedtaget p\u00e5 baggrund af forslag til lov om supplerende bestemmelser til forordning om beskyttelse af fysiske personer i forbindelse med behandling af personoplysninger og om fri udveksling af s\u00e5danne oplysninger fremsat den 25. oktober 2017.<\/p>\n<p><strong>3. CSM Midt Nord behandler <\/strong><strong>f\u00f8lgende persondata <\/strong><\/p>\n<ul>\n<li style=\"list-style-type: none\">\n<ul>\n<li><strong>Hvis du st\u00e5r p\u00e5 venteliste til visitation, er i gang med et visitationsforl\u00f8b eller st\u00e5r p\u00e5 venteliste til behandling: <\/strong><\/li>\n<\/ul>\n<\/li>\n<\/ul>\n<p><strong>Almindelige personoplysninger:<br \/>\n<\/strong><span style=\"font-size: inherit\">Navn, adresse, kontaktoplysninger, cpr.nr., generelle livsstilsoplysninger, arbejdsoplysninger, familieforhold.<\/span><\/p>\n<p><strong>Personf\u00f8lsomme oplysninger:<br \/>\n<\/strong>Oplysninger om v\u00e6sentlige sociale problemstillinger og andre private forhold omkring seksualitet og relationer, oplysninger om socialst\u00f8tte, familiestridigheder, tvangsfjernelse af b\u00f8rn, strafbare forhold samt andre oplysninger, der m\u00e5tte komme frem under samtalerne og som har relevans for det psykoterapeutiske arbejde.<\/p>\n<p><strong>Vi behandler de personlige oplysninger til f\u00f8lgende form\u00e5l:<br \/>\n<\/strong>N\u00f8dvendigt med navn, adresse, CPR-nr. og kontaktoplysninger for at kunne oprette klienten i vores journalsystem \u2013 og senere kontakte klienten. CPR-nr. bruger vi for at sikre, at alle klienter kun er registreret en gang. Desuden for at kunne dokumentere, at vi har reelle klienter. Personf\u00f8lsomme oplysninger, der bliver oplyst under telefonsamtalen og som har relevans for visitationen af klienten, vil blive noteret i klientens journal i Sensum Bosted.<\/p>\n<p>B\u00e5de almindelige og personf\u00f8lsomme personoplysninger hj\u00e6lper psykologen med at danne sig et samlet indtryk af klienten, for en bedre visitation, psykoterapeutisk behandling, r\u00e5dgivning og\/eller udredning.<\/p>\n<p>Retsgrundlaget for vores behandling af klienters personoplysninger f\u00f8lger af:<br \/>\nN\u00e5r klienter bliver indskrevet hos os, behandler vi personoplysninger til netop det p\u00e5g\u00e6ldende form\u00e5l. Det juridiske grundlag er n\u00f8dvendig af hensyn til opfyldelse af en aftale, den registrerede er eller bliver part i: Persondataforordningens artikel 6, stk. 1, litra b.<\/p>\n<ul>\n<li><strong>Klienter i individuel eller gruppeterapeutisk behandling<\/strong><strong>:<\/strong><\/li>\n<\/ul>\n<p><strong>Personlige oplysninger:<br \/>\n<\/strong>Navn, adresse, kontaktoplysninger, cpr.nr., generelle livsstilsoplysninger, arbejdsoplysninger, familieforhold.<\/p>\n<p><strong>Personf\u00f8lsomme oplysninger:<br \/>\n<\/strong><span style=\"font-size: inherit\">Oplysninger om v\u00e6sentlige sociale problemstillinger og andre private forhold omkring seksualitet og relationer, oplysninger om socialst\u00f8tte, familiestridigheder, tvangsfjernelse af b\u00f8rn, strafbare forhold samt andre oplysninger, der m\u00e5tte komme frem under samtalerne og som har relevans for det psykoterapeutiske arbejde.<\/span><strong>\u00a0<\/strong><\/p>\n<p><strong>Vi behandler de personlige oplysninger til f\u00f8lgende form\u00e5l:<br \/>\n<\/strong>Hvis du har givet personligt og skriftligt samtykke, s\u00e5 bruges cpr.nr. evt. til videregivelse af oplysninger til tredjepart s\u00e5som kommunale sagsbehandlere. Desuden for at sikre, at alle klienter kun er registreret en gang og for at kunne dokumentere, at vi har reelle klienter.<\/p>\n<p>Personf\u00f8lsomme oplysninger, oplysninger om v\u00e6sentlige sociale problemer og andre personlige forhold, strafbare forhold og andre informationer, som klienten giver psykologen vil fremg\u00e5 af klientens elektroniske journal i Sensum Bosted. Oplysningerne hj\u00e6lper psykologen til at danne sig et samlet indtryk af klienten, og for et sikre en optimal psykoterapeutisk behandling samt r\u00e5dgivning og\/eller udredning.<\/p>\n<p>Retsgrundlaget for vores behandling af klienters personoplysninger f\u00f8lger af:<\/p>\n<p>Vi har journaliseringspligt, jf. Psykologloven. Derudover er oplysningerne n\u00f8dvendige af hensyn til at kunne opfylde den aftale vi indg\u00e5r med klienten om at yde behandling\/udredning (Persondataforordningens artikel 6, stk. 1, litra b).<\/p>\n<ul>\n<li><a name=\"_Toc44070333\"><\/a> <strong>Hvis du deltager i et psykoedukativt uddannelsesforl\u00f8b<\/strong><strong> \u2013 senf\u00f8lgegrupper:<\/strong><\/li>\n<\/ul>\n<p><strong>Personlige oplysninger:<br \/>\n<\/strong>Kun navn kendes af de \u00f8vrige deltager i gruppen.<\/p>\n<p><strong>Personf\u00f8lsomme oplysninger:<br \/>\n<\/strong>Alle sessioner optages p\u00e5 video. Psykologerne f\u00f8rer journal i hver deltagers journal ang. deltagelse, afbud, udeblivelse samt informationer, som deltageren oplyser under forl\u00f8bet bl.a. vedr. sociale forhold og psykiske tilstand.<\/p>\n<p>Alle sessioner optages p\u00e5 video. Alle deltagere har tavshedspligt. Psykologerne f\u00f8rer journal i hver deltagers journal ang. deltagelse, afbud, udeblivelse samt informationer, som deltageren oplyser under forl\u00f8bet bl.a. vedr. sociale forhold og psykiske tilstand.<\/p>\n<p>Retsgrundlaget for vores behandling af klientens personoplysninger f\u00f8lger af:<\/p>\n<p>Videooptagelserne samt journalnotaterne er n\u00f8dvendige af hensyn til at kunne opfylde den aftale, vi indg\u00e5r med klienten om at yde behandling\/udredning (Persondataforordningens artikel 6, stk. 1, litra b).<\/p>\n<ul>\n<li><a name=\"_Toc44070334\"><\/a> <strong>Brugere af Frivilligsektionen<\/strong><\/li>\n<\/ul>\n<p>Vi sp\u00f8rger om navn, adresse og kontaktoplysninger for at kunne kontakte brugeren, hvis dette \u00f8nskes i forbindelse med aktiviteter i Frivilligsektionen. Men brugere kan efter eget \u00f8nske v\u00e6re anonyme. Der f\u00f8res ikke journal over samtaler med brugere i Frivilligsektionen.<\/p>\n<p>Retsgrundlaget for vores behandling af brugernes personoplysninger f\u00f8lger af:<br \/>\nN\u00e5r brugere bliver indskrevet hos os, behandler vi almindelige personoplysninger til netop det p\u00e5g\u00e6ldende form\u00e5l. Det juridiske grundlag er n\u00f8dvendig af hensyn til opfyldelse af en aftale, den registrerede er eller bliver part i: Persondataforordningens artikel 6, stk. 1, litra b.<\/p>\n<p><strong>4. Opbevaring af personf\u00f8lsomme data<\/strong><\/p>\n<p>CSM Midt Nord opbevarer personf\u00f8lsomme data og journalf\u00f8rer elektronisk i IT-systemet EG Sensum Bosted. Sensum Bosted er et sikkert datasystem, der overholder Datatilsynets krav til opbevaring af personf\u00f8lsomme data, med driftsoverv\u00e5gning 24 timer i d\u00f8gnet, 365 dage om \u00e5ret.<\/p>\n<p>Alle medarbejdere har personligt password til at tilg\u00e5 Sensum Bosted. Passwordet \u00e6ndres hver 3. m\u00e5ned.<\/p>\n<p>Vi har papirjournaler p\u00e5 alle klienter p\u00e5 venteliste til behandling, klienter i behandling, klienter der har afsluttet behandling og klienter der er afsluttet uden behandling. Alle papirjournaler arkiveres i fem \u00e5r. Papirjournaler arkiveres i afl\u00e5ste journalskabe, som st\u00e5r i et brandsikkert, afl\u00e5st rum. Alle medarbejdere har n\u00f8gle til dette rum, som altid er afl\u00e5st udenfor arbejdstid.<\/p>\n<p>Videoer af enkelte individuelle terapisessioner, alle gruppeterapeutiske sessioner samt sessioner i de psykoedukative uddannelsesforl\u00f8b gemmes p\u00e5 et sikkert og krypteret video-drev. Dette drev har kun medarbejdere hos CSM Midt Nord adgang til. Disse videoer bliver udelukkende brugt til supervision af psykologer hos CSM Midt Nord. N\u00e5r supervisionen er overst\u00e5et slettes videoen umiddelbart og senest 14 dage efter supervisionen er afsluttet.<\/p>\n<p><strong>5. Ekstern persondatapolitik<\/strong><strong style=\"font-size: inherit\">\u00a0<\/strong><\/p>\n<p>Alle medarbejdere\u00a0har tavshedspligt. Der indhentes straffeattest ifm. ans\u00e6ttelse hos CSM Midt Nord. Straffeattesten opbevares elektronisk i medarbejderens mappe i Sensum Bosted.<\/p>\n<p><strong>Vi videregiver kun personlige og personf\u00f8lsomme oplysninger om klienter og brugere internt i CSM\u00a0Midt Nord, hvis klienten eller brugeren selv har givet s\u00e6rligt, skriftligt samtykke hertil.<\/strong><\/p>\n<p>Oplysninger om klienter eller brugere hos CSM Midt Nord, der st\u00e5r p\u00e5 venteliste til visitation eller behandling, g\u00e5r i behandling eller er registreret i Frivilligsektionen gives ikke videre til tredjepart, medmindre klienten eller brugeren selv har informeret en tredjepart \u2013 og givet denne samtykke til indhentelse af oplysninger \u2013 f.eks. en kommunal sagsbehandler, om klientens opskrivning p\u00e5 venteliste eller igangv\u00e6rende behandlingsforl\u00f8b hos os.<\/p>\n<p>Almindeligvis vil udveksling af oplysninger foreg\u00e5 via anmodning om attest, aktuel situation eller vurdering, som beskrevet i \u201dDet Social-Psykologiske Samarbejde indg\u00e5et mellem KL og Dansk Psykolog Forening, hvor der som udgangspunkt foreligger samtykke fra klienten, indhentet af den foresp\u00f8rgende myndighed.<\/p>\n<p>I forbindelse med forest\u00e5ende samarbejde med tredjepart, fx kommunal sagsbehandler ved ekspedition af attest, aktuel situation (Psyk 125) eller vurdering (Psyk 135) eller ift udveksling af journaler med behandlingspsykiatri og\/eller praktiserende l\u00e6ge, underskriver klienten \u201dtilf\u00f8jelse til samtykkeerkl\u00e6ring\u201d<\/p>\n<p>Attest, aktuel situation eller vurdering gennemg\u00e5s altid med klienten, inden den afsendes. Journal udleveres aldrig til andre end klienten. Andre akt\u00f8rer f\u00e5r kun udleveret journal, hvis klienten har givet samtykke hertil.<\/p>\n<p><strong>6. Sletning af journaler<\/strong><\/p>\n<p>Vi opbevarer klienters personoplysninger i op til fem \u00e5r fra de bliver afsluttet i behandling, jf. Psykologloven. Herefter slettes disse. Papirjournaler makuleres. I Sensum Bosted kan vi ikke slette klienter. I stedet overf\u00f8res alle klienter fem \u00e5r efter de er afsluttet, til en s\u00e6rlig afdeling (\u201dSlettede klienter\u201d) i Sensum Bosted hvortil kun administrator hos CSM Midt Nord har adgang.<\/p>\n<p>Vi opbevarer brugeres personoplysninger i op til tre \u00e5r fra de oph\u00f8rer med at benytte sig af aktiviteterne i frivilligsektionen. Herefter slettes disse.<\/p>\n<p><strong>7. Hvis du s\u00f8ger job hos CSM Midt Nord<\/strong><\/p>\n<p><strong>Vi behandler f\u00f8lgende kategorier af personoplysninger om jobs\u00f8gere:<br \/>\n<\/strong>Almindelige personoplysninger: Navn, adresse, kontaktoplysninger f\u00f8dselsdato, generelle livsstilsoplysninger, arbejdsoplysninger, familieforhold samt andre oplysninger, de m\u00e5tte give os enten i en jobans\u00f8gning eller til en eventuel jobsamtale.<\/p>\n<p><strong>Vi behandler personoplysninger til f\u00f8lgende form\u00e5l:<br \/>\n<\/strong>Vi behandler oplysningerne med det form\u00e5l at svare p\u00e5 ans\u00f8gninger og evt. invitere til en jobsamtale samt informere ans\u00f8geren om resultatet af en eventuel samtale.<\/p>\n<p>Retsgrundlaget for vores behandling af personoplysningerne f\u00f8lger af: N\u00f8dvendig af hensyn til opfyldelse af en aftale, den registrerede er eller bliver part i: Persondataforordningens artikel 6, stk. 1, litra b<\/p>\n<p>Hvis du ikke bliver ansat, makulerer\/sletter vi ans\u00f8gningen senest 3 mdr. efter ans\u00f8gningsfristens udl\u00f8b.<\/p>\n<p><strong>8. Procedure for h\u00e5ndtering af registreredes rettigheder<\/strong><\/p>\n<p>I forbindelse med visitationssamtaler hos CSM Midt Nord udfylder klienter en \u201dsamtykkeerkl\u00e6ring til behandling af personoplysninger\u201d. Klienter udfylder ogs\u00e5 en \u201dsamtykkeerkl\u00e6ring til brug af testmateriale til forskningsprojekt\u201d. I relevante tilf\u00e6lde udfylder klienten \u201dsamtykke til videooptagelse\u201d samt \u201dtilf\u00f8jelse til samtykkeerkl\u00e6ring\u201d.<\/p>\n<p>De udfyldte erkl\u00e6ringer opbevares i klientens papirjournal og i klientens elektroniske journal i Sensum Bosted.<\/p>\n<p>Udlevering af oplysninger om klienten til eksterne samarbejdspartnere gives kun efter direkte godkendelse og accept af klienten. Klienten genneml\u00e6ser altid materiale f\u00f8r videregivelse.<\/p>\n<p>Klienter kan kun oprettes i CSM Midt Nords journalsystem ved personlig eller telefonisk samtale. Tredjemand kan ikke oprette klienter.<\/p>\n<p>Klienter kan til enhver tid f\u00e5 udleveret egne journalnotater og behandlingsplaner samt korrespondancer med tredjepart. Opg\u00f8relser af de psykologiske MCMI-tests udleveres ikke, da der ophavsretsligt er copyright p\u00e5 disse.<\/p>\n<p>Ved registrering af brugere i Frivilligsektionen anbefaler vi, at brugeren underskriver \u201dsamtykke- og tavshedserkl\u00e6ring\u201d. Brugeren kan v\u00e6re anonym i Frivilligsektionen, hvis det \u00f8nskes. Erkl\u00e6ringer uploades i Sensum Bosted.<\/p>\n<p><strong>9. Klage til tilsynsmyndighed<br \/>\n<\/strong><\/p>\n<p>Hvis du er utilfreds med vores behandling af dine personoplysninger, kan du klage til det danske datatilsyn: Datatilsynet, Borgergade 28, 5. sal, 1300 K\u00f8benhavn K., telefon 3319 3200, e-mail: dt@datatilsynet.dk<\/p>\n<p><strong>10. Opdatering af persondatapolitik<\/strong><\/p>\n<p>CSM Midt Nord er forpligtet til at overholde de grundl\u00e6ggende principper om beskyttelse af personoplysninger og databeskyttelse. Vi gennemg\u00e5r derfor regelm\u00e6ssigt denne politik for at holde den opdateret og i overensstemmelse med g\u00e6ldende principper og lovgivning. Denne politik kan \u00e6ndres uden varsel. V\u00e6sentlige \u00e6ndringer af politikken vil blive offentliggjort p\u00e5 vores hjemmeside sammen med en opdateret version af politikken.<\/p>\n<p>Eventuelle \u00e6ndringer, vi m\u00e5tte foretage i n\u00e6rv\u00e6rende politik i fremtiden, vil blive offentliggjort p\u00e5 denne side og kan eventuelt blive meddelt dig via e-mail.<\/p>\n<p><strong>Denne politik er senest opdateret 6. juli 2020.<\/strong><\/p>\n","protected":false},"excerpt":{"rendered":"<p>Persondatapolitik for CSM Midt Nord 1. Generelt Denne persondatapolitik er g\u00e6ldende for samtlige af de oplysninger, som du giver til os, og\/eller som vi indsamler om dig. Her kan du l\u00e6se mere om, hvilke oplysninger vi indsamler, hvordan vi h\u00e5ndterer dine oplysninger, og hvor l\u00e6nge vi opbevarer oplysninger om dig m.m. 2. Dataansvarlig CSM\u00a0Midt Nord\u00a0er [&hellip;]<\/p>\n","protected":false},"author":13,"featured_media":0,"parent":977,"menu_order":0,"comment_status":"closed","ping_status":"closed","template":"","meta":{"_acf_changed":false,"footnotes":""},"class_list":["post-1937","page","type-page","status-publish","hentry"],"acf":[],"yoast_head":"<!-- This site is optimized with the Yoast SEO plugin v26.6 - https:\/\/yoast.com\/wordpress\/plugins\/seo\/ -->\n<title>Persondatapolitik - CSM: Midt Nord<\/title>\n<meta name=\"robots\" content=\"index, follow, max-snippet:-1, max-image-preview:large, max-video-preview:-1\" \/>\n<link rel=\"canonical\" href=\"https:\/\/csm-danmark.dk\/midt-nord\/om-csm-midt-nord\/persondatapolitik\/\" \/>\n<meta property=\"og:locale\" content=\"da_DK\" \/>\n<meta property=\"og:type\" content=\"article\" \/>\n<meta property=\"og:title\" content=\"Persondatapolitik - CSM: Midt Nord\" \/>\n<meta property=\"og:description\" content=\"Persondatapolitik for CSM Midt Nord 1. Generelt Denne persondatapolitik er g\u00e6ldende for samtlige af de oplysninger, som du giver til os, og\/eller som vi indsamler om dig. Her kan du l\u00e6se mere om, hvilke oplysninger vi indsamler, hvordan vi h\u00e5ndterer dine oplysninger, og hvor l\u00e6nge vi opbevarer oplysninger om dig m.m. 2. Dataansvarlig CSM\u00a0Midt Nord\u00a0er [&hellip;]\" \/>\n<meta property=\"og:url\" content=\"https:\/\/csm-danmark.dk\/midt-nord\/om-csm-midt-nord\/persondatapolitik\/\" \/>\n<meta property=\"og:site_name\" content=\"CSM: Midt Nord\" \/>\n<meta property=\"article:modified_time\" content=\"2020-08-03T11:16:47+00:00\" \/>\n<meta name=\"twitter:card\" content=\"summary_large_image\" \/>\n<meta name=\"twitter:label1\" content=\"Estimeret l\u00e6setid\" \/>\n\t<meta name=\"twitter:data1\" content=\"9 minutter\" \/>\n<script type=\"application\/ld+json\" class=\"yoast-schema-graph\">{\"@context\":\"https:\/\/schema.org\",\"@graph\":[{\"@type\":\"WebPage\",\"@id\":\"https:\/\/csm-danmark.dk\/midt-nord\/om-csm-midt-nord\/persondatapolitik\/\",\"url\":\"https:\/\/csm-danmark.dk\/midt-nord\/om-csm-midt-nord\/persondatapolitik\/\",\"name\":\"Persondatapolitik - CSM: Midt Nord\",\"isPartOf\":{\"@id\":\"https:\/\/csm-danmark.dk\/midt-nord\/#website\"},\"datePublished\":\"2018-09-13T11:54:29+00:00\",\"dateModified\":\"2020-08-03T11:16:47+00:00\",\"breadcrumb\":{\"@id\":\"https:\/\/csm-danmark.dk\/midt-nord\/om-csm-midt-nord\/persondatapolitik\/#breadcrumb\"},\"inLanguage\":\"da-DK\",\"potentialAction\":[{\"@type\":\"ReadAction\",\"target\":[\"https:\/\/csm-danmark.dk\/midt-nord\/om-csm-midt-nord\/persondatapolitik\/\"]}]},{\"@type\":\"BreadcrumbList\",\"@id\":\"https:\/\/csm-danmark.dk\/midt-nord\/om-csm-midt-nord\/persondatapolitik\/#breadcrumb\",\"itemListElement\":[{\"@type\":\"ListItem\",\"position\":1,\"name\":\"Home\",\"item\":\"https:\/\/csm-danmark.dk\/midt-nord\/\"},{\"@type\":\"ListItem\",\"position\":2,\"name\":\"CSM Midt Nord\",\"item\":\"https:\/\/csm-danmark.dk\/midt-nord\/om-csm-midt-nord\/\"},{\"@type\":\"ListItem\",\"position\":3,\"name\":\"Persondatapolitik\"}]},{\"@type\":\"WebSite\",\"@id\":\"https:\/\/csm-danmark.dk\/midt-nord\/#website\",\"url\":\"https:\/\/csm-danmark.dk\/midt-nord\/\",\"name\":\"CSM: Midt Nord\",\"description\":\"Center for Seksuelt Misbrugte\",\"potentialAction\":[{\"@type\":\"SearchAction\",\"target\":{\"@type\":\"EntryPoint\",\"urlTemplate\":\"https:\/\/csm-danmark.dk\/midt-nord\/?s={search_term_string}\"},\"query-input\":{\"@type\":\"PropertyValueSpecification\",\"valueRequired\":true,\"valueName\":\"search_term_string\"}}],\"inLanguage\":\"da-DK\"}]}<\/script>\n<!-- \/ Yoast SEO plugin. -->","yoast_head_json":{"title":"Persondatapolitik - CSM: Midt Nord","robots":{"index":"index","follow":"follow","max-snippet":"max-snippet:-1","max-image-preview":"max-image-preview:large","max-video-preview":"max-video-preview:-1"},"canonical":"https:\/\/csm-danmark.dk\/midt-nord\/om-csm-midt-nord\/persondatapolitik\/","og_locale":"da_DK","og_type":"article","og_title":"Persondatapolitik - CSM: Midt Nord","og_description":"Persondatapolitik for CSM Midt Nord 1. Generelt Denne persondatapolitik er g\u00e6ldende for samtlige af de oplysninger, som du giver til os, og\/eller som vi indsamler om dig. Her kan du l\u00e6se mere om, hvilke oplysninger vi indsamler, hvordan vi h\u00e5ndterer dine oplysninger, og hvor l\u00e6nge vi opbevarer oplysninger om dig m.m. 2. Dataansvarlig CSM\u00a0Midt Nord\u00a0er [&hellip;]","og_url":"https:\/\/csm-danmark.dk\/midt-nord\/om-csm-midt-nord\/persondatapolitik\/","og_site_name":"CSM: Midt Nord","article_modified_time":"2020-08-03T11:16:47+00:00","twitter_card":"summary_large_image","twitter_misc":{"Estimeret l\u00e6setid":"9 minutter"},"schema":{"@context":"https:\/\/schema.org","@graph":[{"@type":"WebPage","@id":"https:\/\/csm-danmark.dk\/midt-nord\/om-csm-midt-nord\/persondatapolitik\/","url":"https:\/\/csm-danmark.dk\/midt-nord\/om-csm-midt-nord\/persondatapolitik\/","name":"Persondatapolitik - CSM: Midt Nord","isPartOf":{"@id":"https:\/\/csm-danmark.dk\/midt-nord\/#website"},"datePublished":"2018-09-13T11:54:29+00:00","dateModified":"2020-08-03T11:16:47+00:00","breadcrumb":{"@id":"https:\/\/csm-danmark.dk\/midt-nord\/om-csm-midt-nord\/persondatapolitik\/#breadcrumb"},"inLanguage":"da-DK","potentialAction":[{"@type":"ReadAction","target":["https:\/\/csm-danmark.dk\/midt-nord\/om-csm-midt-nord\/persondatapolitik\/"]}]},{"@type":"BreadcrumbList","@id":"https:\/\/csm-danmark.dk\/midt-nord\/om-csm-midt-nord\/persondatapolitik\/#breadcrumb","itemListElement":[{"@type":"ListItem","position":1,"name":"Home","item":"https:\/\/csm-danmark.dk\/midt-nord\/"},{"@type":"ListItem","position":2,"name":"CSM Midt Nord","item":"https:\/\/csm-danmark.dk\/midt-nord\/om-csm-midt-nord\/"},{"@type":"ListItem","position":3,"name":"Persondatapolitik"}]},{"@type":"WebSite","@id":"https:\/\/csm-danmark.dk\/midt-nord\/#website","url":"https:\/\/csm-danmark.dk\/midt-nord\/","name":"CSM: Midt Nord","description":"Center for Seksuelt Misbrugte","potentialAction":[{"@type":"SearchAction","target":{"@type":"EntryPoint","urlTemplate":"https:\/\/csm-danmark.dk\/midt-nord\/?s={search_term_string}"},"query-input":{"@type":"PropertyValueSpecification","valueRequired":true,"valueName":"search_term_string"}}],"inLanguage":"da-DK"}]}},"_links":{"self":[{"href":"https:\/\/csm-danmark.dk\/midt-nord\/wp-json\/wp\/v2\/pages\/1937","targetHints":{"allow":["GET"]}}],"collection":[{"href":"https:\/\/csm-danmark.dk\/midt-nord\/wp-json\/wp\/v2\/pages"}],"about":[{"href":"https:\/\/csm-danmark.dk\/midt-nord\/wp-json\/wp\/v2\/types\/page"}],"author":[{"embeddable":true,"href":"https:\/\/csm-danmark.dk\/midt-nord\/wp-json\/wp\/v2\/users\/13"}],"replies":[{"embeddable":true,"href":"https:\/\/csm-danmark.dk\/midt-nord\/wp-json\/wp\/v2\/comments?post=1937"}],"version-history":[{"count":14,"href":"https:\/\/csm-danmark.dk\/midt-nord\/wp-json\/wp\/v2\/pages\/1937\/revisions"}],"predecessor-version":[{"id":3043,"href":"https:\/\/csm-danmark.dk\/midt-nord\/wp-json\/wp\/v2\/pages\/1937\/revisions\/3043"}],"up":[{"embeddable":true,"href":"https:\/\/csm-danmark.dk\/midt-nord\/wp-json\/wp\/v2\/pages\/977"}],"wp:attachment":[{"href":"https:\/\/csm-danmark.dk\/midt-nord\/wp-json\/wp\/v2\/media?parent=1937"}],"curies":[{"name":"wp","href":"https:\/\/api.w.org\/{rel}","templated":true}]}}