{"id":1866,"date":"2018-09-05T07:13:15","date_gmt":"2018-09-05T07:13:15","guid":{"rendered":"http:\/\/csm-danmark.dk.dedi5085.your-server.de\/midt-nord\/?page_id=1866"},"modified":"2026-01-22T14:04:41","modified_gmt":"2026-01-22T13:04:41","slug":"bestyrelsen","status":"publish","type":"page","link":"https:\/\/csm-danmark.dk\/midt-nord\/om-csm-midt-nord\/bestyrelsen\/","title":{"rendered":"Bestyrelsen"},"content":{"rendered":"<p>CSM Midt Nord er ledet af en bestyrelse, der best\u00e5r af ansatte, frivillige og eksterne kr\u00e6fter.<\/p>\n<h2>Den nuv\u00e6rende bestyrelse<\/h2>\n<p>Formand: Palle Eli\u00a0Jensen<\/p>\n<p>N\u00e6stformand: Simon Eilrich<\/p>\n<p>Menige medlemmer:<\/p>\n<p>Anne Helene D\u00f8ssing (Centerleder)<\/p>\n<p>Mette M\u00f8ller L\u00f8vstad (Leder af frivilligsektionen)<\/p>\n<p>Anders Kj\u00e6rulff (Bestyrelsesmedlem)<\/p>\n<p>Sasja Kramer Bach (medarbejderrepr\u00e6sentant)<\/p>\n<p>Silas Aagaard Andersen (frivilligrepr\u00e6sentant)<\/p>\n<p>Lone Holm (brugerrepr\u00e6sentant)<\/p>\n","protected":false},"excerpt":{"rendered":"<p>CSM Midt Nord er ledet af en bestyrelse, der best\u00e5r af ansatte, frivillige og eksterne kr\u00e6fter. Den nuv\u00e6rende bestyrelse Formand: Palle Eli\u00a0Jensen N\u00e6stformand: Simon Eilrich Menige medlemmer: Anne Helene D\u00f8ssing (Centerleder) Mette M\u00f8ller L\u00f8vstad (Leder af frivilligsektionen) Anders Kj\u00e6rulff (Bestyrelsesmedlem) Sasja Kramer Bach (medarbejderrepr\u00e6sentant) Silas Aagaard Andersen (frivilligrepr\u00e6sentant) Lone Holm (brugerrepr\u00e6sentant)<\/p>\n","protected":false},"author":13,"featured_media":0,"parent":977,"menu_order":0,"comment_status":"closed","ping_status":"closed","template":"","meta":{"_acf_changed":false,"footnotes":""},"class_list":["post-1866","page","type-page","status-publish","hentry"],"acf":[],"yoast_head":"<!-- This site is optimized with the Yoast SEO plugin v26.6 - https:\/\/yoast.com\/wordpress\/plugins\/seo\/ -->\n<title>Bestyrelsen - CSM: Midt Nord<\/title>\n<meta name=\"robots\" content=\"index, follow, max-snippet:-1, max-image-preview:large, max-video-preview:-1\" \/>\n<link rel=\"canonical\" href=\"https:\/\/csm-danmark.dk\/midt-nord\/om-csm-midt-nord\/bestyrelsen\/\" \/>\n<meta property=\"og:locale\" content=\"da_DK\" \/>\n<meta property=\"og:type\" content=\"article\" \/>\n<meta property=\"og:title\" content=\"Bestyrelsen - CSM: Midt Nord\" \/>\n<meta property=\"og:description\" content=\"CSM Midt Nord er ledet af en bestyrelse, der best\u00e5r af ansatte, frivillige og eksterne kr\u00e6fter. Den nuv\u00e6rende bestyrelse Formand: Palle Eli\u00a0Jensen N\u00e6stformand: Simon Eilrich Menige medlemmer: Anne Helene D\u00f8ssing (Centerleder) Mette M\u00f8ller L\u00f8vstad (Leder af frivilligsektionen) Anders Kj\u00e6rulff (Bestyrelsesmedlem) Sasja Kramer Bach (medarbejderrepr\u00e6sentant) Silas Aagaard Andersen (frivilligrepr\u00e6sentant) Lone Holm (brugerrepr\u00e6sentant)\" \/>\n<meta property=\"og:url\" content=\"https:\/\/csm-danmark.dk\/midt-nord\/om-csm-midt-nord\/bestyrelsen\/\" \/>\n<meta property=\"og:site_name\" content=\"CSM: Midt Nord\" \/>\n<meta property=\"article:modified_time\" content=\"2026-01-22T13:04:41+00:00\" \/>\n<meta name=\"twitter:card\" content=\"summary_large_image\" \/>\n<meta name=\"twitter:label1\" content=\"Estimeret l\u00e6setid\" \/>\n\t<meta name=\"twitter:data1\" content=\"1 minut\" \/>\n<script type=\"application\/ld+json\" class=\"yoast-schema-graph\">{\"@context\":\"https:\/\/schema.org\",\"@graph\":[{\"@type\":\"WebPage\",\"@id\":\"https:\/\/csm-danmark.dk\/midt-nord\/om-csm-midt-nord\/bestyrelsen\/\",\"url\":\"https:\/\/csm-danmark.dk\/midt-nord\/om-csm-midt-nord\/bestyrelsen\/\",\"name\":\"Bestyrelsen - CSM: Midt Nord\",\"isPartOf\":{\"@id\":\"https:\/\/csm-danmark.dk\/midt-nord\/#website\"},\"datePublished\":\"2018-09-05T07:13:15+00:00\",\"dateModified\":\"2026-01-22T13:04:41+00:00\",\"breadcrumb\":{\"@id\":\"https:\/\/csm-danmark.dk\/midt-nord\/om-csm-midt-nord\/bestyrelsen\/#breadcrumb\"},\"inLanguage\":\"da-DK\",\"potentialAction\":[{\"@type\":\"ReadAction\",\"target\":[\"https:\/\/csm-danmark.dk\/midt-nord\/om-csm-midt-nord\/bestyrelsen\/\"]}]},{\"@type\":\"BreadcrumbList\",\"@id\":\"https:\/\/csm-danmark.dk\/midt-nord\/om-csm-midt-nord\/bestyrelsen\/#breadcrumb\",\"itemListElement\":[{\"@type\":\"ListItem\",\"position\":1,\"name\":\"Home\",\"item\":\"https:\/\/csm-danmark.dk\/midt-nord\/\"},{\"@type\":\"ListItem\",\"position\":2,\"name\":\"CSM Midt Nord\",\"item\":\"https:\/\/csm-danmark.dk\/midt-nord\/om-csm-midt-nord\/\"},{\"@type\":\"ListItem\",\"position\":3,\"name\":\"Bestyrelsen\"}]},{\"@type\":\"WebSite\",\"@id\":\"https:\/\/csm-danmark.dk\/midt-nord\/#website\",\"url\":\"https:\/\/csm-danmark.dk\/midt-nord\/\",\"name\":\"CSM: Midt Nord\",\"description\":\"Center for Seksuelt Misbrugte\",\"potentialAction\":[{\"@type\":\"SearchAction\",\"target\":{\"@type\":\"EntryPoint\",\"urlTemplate\":\"https:\/\/csm-danmark.dk\/midt-nord\/?s={search_term_string}\"},\"query-input\":{\"@type\":\"PropertyValueSpecification\",\"valueRequired\":true,\"valueName\":\"search_term_string\"}}],\"inLanguage\":\"da-DK\"}]}<\/script>\n<!-- \/ Yoast SEO plugin. -->","yoast_head_json":{"title":"Bestyrelsen - CSM: Midt Nord","robots":{"index":"index","follow":"follow","max-snippet":"max-snippet:-1","max-image-preview":"max-image-preview:large","max-video-preview":"max-video-preview:-1"},"canonical":"https:\/\/csm-danmark.dk\/midt-nord\/om-csm-midt-nord\/bestyrelsen\/","og_locale":"da_DK","og_type":"article","og_title":"Bestyrelsen - CSM: Midt Nord","og_description":"CSM Midt Nord er ledet af en bestyrelse, der best\u00e5r af ansatte, frivillige og eksterne kr\u00e6fter. Den nuv\u00e6rende bestyrelse Formand: Palle Eli\u00a0Jensen N\u00e6stformand: Simon Eilrich Menige medlemmer: Anne Helene D\u00f8ssing (Centerleder) Mette M\u00f8ller L\u00f8vstad (Leder af frivilligsektionen) Anders Kj\u00e6rulff (Bestyrelsesmedlem) Sasja Kramer Bach (medarbejderrepr\u00e6sentant) Silas Aagaard Andersen (frivilligrepr\u00e6sentant) Lone Holm (brugerrepr\u00e6sentant)","og_url":"https:\/\/csm-danmark.dk\/midt-nord\/om-csm-midt-nord\/bestyrelsen\/","og_site_name":"CSM: Midt Nord","article_modified_time":"2026-01-22T13:04:41+00:00","twitter_card":"summary_large_image","twitter_misc":{"Estimeret l\u00e6setid":"1 minut"},"schema":{"@context":"https:\/\/schema.org","@graph":[{"@type":"WebPage","@id":"https:\/\/csm-danmark.dk\/midt-nord\/om-csm-midt-nord\/bestyrelsen\/","url":"https:\/\/csm-danmark.dk\/midt-nord\/om-csm-midt-nord\/bestyrelsen\/","name":"Bestyrelsen - CSM: Midt Nord","isPartOf":{"@id":"https:\/\/csm-danmark.dk\/midt-nord\/#website"},"datePublished":"2018-09-05T07:13:15+00:00","dateModified":"2026-01-22T13:04:41+00:00","breadcrumb":{"@id":"https:\/\/csm-danmark.dk\/midt-nord\/om-csm-midt-nord\/bestyrelsen\/#breadcrumb"},"inLanguage":"da-DK","potentialAction":[{"@type":"ReadAction","target":["https:\/\/csm-danmark.dk\/midt-nord\/om-csm-midt-nord\/bestyrelsen\/"]}]},{"@type":"BreadcrumbList","@id":"https:\/\/csm-danmark.dk\/midt-nord\/om-csm-midt-nord\/bestyrelsen\/#breadcrumb","itemListElement":[{"@type":"ListItem","position":1,"name":"Home","item":"https:\/\/csm-danmark.dk\/midt-nord\/"},{"@type":"ListItem","position":2,"name":"CSM Midt Nord","item":"https:\/\/csm-danmark.dk\/midt-nord\/om-csm-midt-nord\/"},{"@type":"ListItem","position":3,"name":"Bestyrelsen"}]},{"@type":"WebSite","@id":"https:\/\/csm-danmark.dk\/midt-nord\/#website","url":"https:\/\/csm-danmark.dk\/midt-nord\/","name":"CSM: Midt Nord","description":"Center for Seksuelt Misbrugte","potentialAction":[{"@type":"SearchAction","target":{"@type":"EntryPoint","urlTemplate":"https:\/\/csm-danmark.dk\/midt-nord\/?s={search_term_string}"},"query-input":{"@type":"PropertyValueSpecification","valueRequired":true,"valueName":"search_term_string"}}],"inLanguage":"da-DK"}]}},"_links":{"self":[{"href":"https:\/\/csm-danmark.dk\/midt-nord\/wp-json\/wp\/v2\/pages\/1866","targetHints":{"allow":["GET"]}}],"collection":[{"href":"https:\/\/csm-danmark.dk\/midt-nord\/wp-json\/wp\/v2\/pages"}],"about":[{"href":"https:\/\/csm-danmark.dk\/midt-nord\/wp-json\/wp\/v2\/types\/page"}],"author":[{"embeddable":true,"href":"https:\/\/csm-danmark.dk\/midt-nord\/wp-json\/wp\/v2\/users\/13"}],"replies":[{"embeddable":true,"href":"https:\/\/csm-danmark.dk\/midt-nord\/wp-json\/wp\/v2\/comments?post=1866"}],"version-history":[{"count":12,"href":"https:\/\/csm-danmark.dk\/midt-nord\/wp-json\/wp\/v2\/pages\/1866\/revisions"}],"predecessor-version":[{"id":4552,"href":"https:\/\/csm-danmark.dk\/midt-nord\/wp-json\/wp\/v2\/pages\/1866\/revisions\/4552"}],"up":[{"embeddable":true,"href":"https:\/\/csm-danmark.dk\/midt-nord\/wp-json\/wp\/v2\/pages\/977"}],"wp:attachment":[{"href":"https:\/\/csm-danmark.dk\/midt-nord\/wp-json\/wp\/v2\/media?parent=1866"}],"curies":[{"name":"wp","href":"https:\/\/api.w.org\/{rel}","templated":true}]}}