{"id":1747,"date":"2018-08-27T09:52:52","date_gmt":"2018-08-27T09:52:52","guid":{"rendered":"http:\/\/csm-danmark.dk.dedi5085.your-server.de\/midt-nord\/?page_id=1747"},"modified":"2022-10-24T07:59:27","modified_gmt":"2022-10-24T07:59:27","slug":"centerets-historie","status":"publish","type":"page","link":"https:\/\/csm-danmark.dk\/midt-nord\/centerets-historie\/","title":{"rendered":"Centerets historie"},"content":{"rendered":"\n<h1>Christine Centeret og CSM Midt Nord<\/h1>\n<p>I 1996 \u00e5bnede Christine Centeret i Aarhus for voksne, der havde v\u00e6ret udsat for incest i barndommen. For at v\u00e6re helt pr\u00e6cist blev det etableret som forening ved den f\u00f8rste generalforsamling d. 29. maj 1996. Christine Centeret opstod p\u00e5 frivillig basis og blev i mange \u00e5r drevet af voksne med levet erfaring. Ildsj\u00e6le, som br\u00e6ndte for sagen og k\u00e6mpede for at f\u00e5 berettigelse, blive anerkendt og f\u00e5 taget livtag med de ub\u00e6rlige hemmeligheder og traumer, som pr\u00e6ger livet som voksen efter seksuelle overgreb i opv\u00e6ksten.<\/p>\n<p>Det blev et aktivt og betydningsfuldt fristed, hvor man kunne s\u00f8ge hj\u00e6lp, st\u00f8tte og terapi igennem mange \u00e5r. Der kunne man s\u00f8ge hj\u00e6lp og samv\u00e6r med andre for at bryde ensomheden, tabu og f\u00f8lelsen af stigmatisering, og der blev iv\u00e6rksat telefonr\u00e5dgivning, mandegrupper, udgivet nyhedsblade, og Christine Centeret var det f\u00f8rste center for seksuelt misbrugte, der fik lavet en hjemmeside. Der blev gjort en stor indsats af mange frivillige kr\u00e6fter og ildsj\u00e6le.<\/p>\n<p>Da man i 1996 skulle finde navn, valgte man navnet Christine Centeret. Historien bag navnet Christine var, at en af brugerne af centeret havde en k\u00e6rlig farmor, der hed Christine. Hendes hjem var et trygt sted i sikkerhed for overgrebene. M\u00e6lkeb\u00f8tten blev valgt som et symbol p\u00e5 den livskraft, der skal til for at leve livet, n\u00e5r man har v\u00e6ret udsat for seksuelle overgreb som barn. Den er malet af Reidun Dahl. N\u00e5r man sendte breve ud fra Christine Centeret var m\u00e6lkeb\u00f8tten p\u00e5 som logo, og der fulgte dette digt med skrevet af Bj\u00f8rg Biseth, der var en af de aktive frivillige for centeret:<\/p>\n<blockquote>\n<p>At vokse\u00a0og gro, ja spire p\u00e5 ny<br \/>selv med overgreb og itusl\u00e5et liv<br \/>er sejhed, styrke og h\u00e5bets magt<br \/>m\u00e6lkeb\u00f8tte-barnets suver\u00e6ne kraft<\/p>\n<\/blockquote>\n<p>I 2012 besluttede Folketinget, at der landsd\u00e6kkende skulle v\u00e6re gratis terapi og behandling til voksne med senf\u00f8lger, og her valgte Socialministeriet at Christine Centeret skulle v\u00e6re frivilligdelen i det senf\u00f8lgecenter som blev oprettet i Aarhus. CSM Midt Nord, Center for Seksuelt Misbrugte, blev etableret d. 1. juni 2013. Centeret holder til p\u00e5 to <a class=\"dull_green\" href=\"https:\/\/csm-danmark.dk\/midt-nord\/kontakt\/\">lokationer<\/a> i Aarhus. Den ene lokation er det tidligere Christine Centeret, hvor der fortsat er en st\u00e6rk gruppe af frivillige, der g\u00f8r en stor frivillig indsats for de ber\u00f8rte.<\/p>\n<p>Desuden er der i 2020 oprettet en afdeling i Aalborg. Du kan finde kontaktinformationer p\u00e5 alle afdelinger\u00a0<a class=\"dull_green\" href=\"https:\/\/csm-danmark.dk\/midt-nord\/kontakt-os\/\">her<\/a>.\u00a0<\/p>\n","protected":false},"excerpt":{"rendered":"<p>Christine Centeret og CSM Midt Nord I 1996 \u00e5bnede Christine Centeret i Aarhus for voksne, der havde v\u00e6ret udsat for incest i barndommen. For at v\u00e6re helt pr\u00e6cist blev det etableret som forening ved den f\u00f8rste generalforsamling d. 29. maj 1996. Christine Centeret opstod p\u00e5 frivillig basis og blev i mange \u00e5r drevet af voksne [&hellip;]<\/p>\n","protected":false},"author":13,"featured_media":0,"parent":0,"menu_order":0,"comment_status":"closed","ping_status":"closed","template":"","meta":{"_acf_changed":false,"footnotes":""},"class_list":["post-1747","page","type-page","status-publish","hentry"],"acf":[],"yoast_head":"<!-- This site is optimized with the Yoast SEO plugin v26.6 - https:\/\/yoast.com\/wordpress\/plugins\/seo\/ -->\n<title>Centerets historie - CSM: Midt Nord<\/title>\n<meta name=\"robots\" content=\"index, follow, max-snippet:-1, max-image-preview:large, max-video-preview:-1\" \/>\n<link rel=\"canonical\" href=\"https:\/\/csm-danmark.dk\/midt-nord\/centerets-historie\/\" \/>\n<meta property=\"og:locale\" content=\"da_DK\" \/>\n<meta property=\"og:type\" content=\"article\" \/>\n<meta property=\"og:title\" content=\"Centerets historie - CSM: Midt Nord\" \/>\n<meta property=\"og:description\" content=\"Christine Centeret og CSM Midt Nord I 1996 \u00e5bnede Christine Centeret i Aarhus for voksne, der havde v\u00e6ret udsat for incest i barndommen. For at v\u00e6re helt pr\u00e6cist blev det etableret som forening ved den f\u00f8rste generalforsamling d. 29. maj 1996. Christine Centeret opstod p\u00e5 frivillig basis og blev i mange \u00e5r drevet af voksne [&hellip;]\" \/>\n<meta property=\"og:url\" content=\"https:\/\/csm-danmark.dk\/midt-nord\/centerets-historie\/\" \/>\n<meta property=\"og:site_name\" content=\"CSM: Midt Nord\" \/>\n<meta property=\"article:modified_time\" content=\"2022-10-24T07:59:27+00:00\" \/>\n<meta name=\"twitter:card\" content=\"summary_large_image\" \/>\n<meta name=\"twitter:label1\" content=\"Estimeret l\u00e6setid\" \/>\n\t<meta name=\"twitter:data1\" content=\"3 minutter\" \/>\n<script type=\"application\/ld+json\" class=\"yoast-schema-graph\">{\"@context\":\"https:\/\/schema.org\",\"@graph\":[{\"@type\":\"WebPage\",\"@id\":\"https:\/\/csm-danmark.dk\/midt-nord\/centerets-historie\/\",\"url\":\"https:\/\/csm-danmark.dk\/midt-nord\/centerets-historie\/\",\"name\":\"Centerets historie - CSM: Midt Nord\",\"isPartOf\":{\"@id\":\"https:\/\/csm-danmark.dk\/midt-nord\/#website\"},\"datePublished\":\"2018-08-27T09:52:52+00:00\",\"dateModified\":\"2022-10-24T07:59:27+00:00\",\"breadcrumb\":{\"@id\":\"https:\/\/csm-danmark.dk\/midt-nord\/centerets-historie\/#breadcrumb\"},\"inLanguage\":\"da-DK\",\"potentialAction\":[{\"@type\":\"ReadAction\",\"target\":[\"https:\/\/csm-danmark.dk\/midt-nord\/centerets-historie\/\"]}]},{\"@type\":\"BreadcrumbList\",\"@id\":\"https:\/\/csm-danmark.dk\/midt-nord\/centerets-historie\/#breadcrumb\",\"itemListElement\":[{\"@type\":\"ListItem\",\"position\":1,\"name\":\"Home\",\"item\":\"https:\/\/csm-danmark.dk\/midt-nord\/\"},{\"@type\":\"ListItem\",\"position\":2,\"name\":\"Centerets historie\"}]},{\"@type\":\"WebSite\",\"@id\":\"https:\/\/csm-danmark.dk\/midt-nord\/#website\",\"url\":\"https:\/\/csm-danmark.dk\/midt-nord\/\",\"name\":\"CSM: Midt Nord\",\"description\":\"Center for Seksuelt Misbrugte\",\"potentialAction\":[{\"@type\":\"SearchAction\",\"target\":{\"@type\":\"EntryPoint\",\"urlTemplate\":\"https:\/\/csm-danmark.dk\/midt-nord\/?s={search_term_string}\"},\"query-input\":{\"@type\":\"PropertyValueSpecification\",\"valueRequired\":true,\"valueName\":\"search_term_string\"}}],\"inLanguage\":\"da-DK\"}]}<\/script>\n<!-- \/ Yoast SEO plugin. -->","yoast_head_json":{"title":"Centerets historie - CSM: Midt Nord","robots":{"index":"index","follow":"follow","max-snippet":"max-snippet:-1","max-image-preview":"max-image-preview:large","max-video-preview":"max-video-preview:-1"},"canonical":"https:\/\/csm-danmark.dk\/midt-nord\/centerets-historie\/","og_locale":"da_DK","og_type":"article","og_title":"Centerets historie - CSM: Midt Nord","og_description":"Christine Centeret og CSM Midt Nord I 1996 \u00e5bnede Christine Centeret i Aarhus for voksne, der havde v\u00e6ret udsat for incest i barndommen. For at v\u00e6re helt pr\u00e6cist blev det etableret som forening ved den f\u00f8rste generalforsamling d. 29. maj 1996. Christine Centeret opstod p\u00e5 frivillig basis og blev i mange \u00e5r drevet af voksne [&hellip;]","og_url":"https:\/\/csm-danmark.dk\/midt-nord\/centerets-historie\/","og_site_name":"CSM: Midt Nord","article_modified_time":"2022-10-24T07:59:27+00:00","twitter_card":"summary_large_image","twitter_misc":{"Estimeret l\u00e6setid":"3 minutter"},"schema":{"@context":"https:\/\/schema.org","@graph":[{"@type":"WebPage","@id":"https:\/\/csm-danmark.dk\/midt-nord\/centerets-historie\/","url":"https:\/\/csm-danmark.dk\/midt-nord\/centerets-historie\/","name":"Centerets historie - CSM: Midt Nord","isPartOf":{"@id":"https:\/\/csm-danmark.dk\/midt-nord\/#website"},"datePublished":"2018-08-27T09:52:52+00:00","dateModified":"2022-10-24T07:59:27+00:00","breadcrumb":{"@id":"https:\/\/csm-danmark.dk\/midt-nord\/centerets-historie\/#breadcrumb"},"inLanguage":"da-DK","potentialAction":[{"@type":"ReadAction","target":["https:\/\/csm-danmark.dk\/midt-nord\/centerets-historie\/"]}]},{"@type":"BreadcrumbList","@id":"https:\/\/csm-danmark.dk\/midt-nord\/centerets-historie\/#breadcrumb","itemListElement":[{"@type":"ListItem","position":1,"name":"Home","item":"https:\/\/csm-danmark.dk\/midt-nord\/"},{"@type":"ListItem","position":2,"name":"Centerets historie"}]},{"@type":"WebSite","@id":"https:\/\/csm-danmark.dk\/midt-nord\/#website","url":"https:\/\/csm-danmark.dk\/midt-nord\/","name":"CSM: Midt Nord","description":"Center for Seksuelt Misbrugte","potentialAction":[{"@type":"SearchAction","target":{"@type":"EntryPoint","urlTemplate":"https:\/\/csm-danmark.dk\/midt-nord\/?s={search_term_string}"},"query-input":{"@type":"PropertyValueSpecification","valueRequired":true,"valueName":"search_term_string"}}],"inLanguage":"da-DK"}]}},"_links":{"self":[{"href":"https:\/\/csm-danmark.dk\/midt-nord\/wp-json\/wp\/v2\/pages\/1747","targetHints":{"allow":["GET"]}}],"collection":[{"href":"https:\/\/csm-danmark.dk\/midt-nord\/wp-json\/wp\/v2\/pages"}],"about":[{"href":"https:\/\/csm-danmark.dk\/midt-nord\/wp-json\/wp\/v2\/types\/page"}],"author":[{"embeddable":true,"href":"https:\/\/csm-danmark.dk\/midt-nord\/wp-json\/wp\/v2\/users\/13"}],"replies":[{"embeddable":true,"href":"https:\/\/csm-danmark.dk\/midt-nord\/wp-json\/wp\/v2\/comments?post=1747"}],"version-history":[{"count":15,"href":"https:\/\/csm-danmark.dk\/midt-nord\/wp-json\/wp\/v2\/pages\/1747\/revisions"}],"predecessor-version":[{"id":3646,"href":"https:\/\/csm-danmark.dk\/midt-nord\/wp-json\/wp\/v2\/pages\/1747\/revisions\/3646"}],"wp:attachment":[{"href":"https:\/\/csm-danmark.dk\/midt-nord\/wp-json\/wp\/v2\/media?parent=1747"}],"curies":[{"name":"wp","href":"https:\/\/api.w.org\/{rel}","templated":true}]}}