{"id":1653,"date":"2018-08-14T09:13:39","date_gmt":"2018-08-14T09:13:39","guid":{"rendered":"http:\/\/csm-danmark.dk.dedi5085.your-server.de\/midt-nord\/?page_id=1653"},"modified":"2025-05-05T09:38:22","modified_gmt":"2025-05-05T09:38:22","slug":"senfolgegruppe","status":"publish","type":"page","link":"https:\/\/csm-danmark.dk\/midt-nord\/senfolgegruppe\/","title":{"rendered":"Senf\u00f8lgegruppe"},"content":{"rendered":"<p>Senf\u00f8lgegruppen er et undervisningsforl\u00f8b for voksne m\u00e6nd og kvinder med senf\u00f8lger efter seksuelle overgreb, og det danner grundlag for at f\u00e5 bedst muligt udbytte af din terapi.<br \/>\nForm\u00e5let med forl\u00f8bet er at formidle viden om seksuelle overgreb og senf\u00f8lger, s\u00e5 du f\u00e5r en bedre mulighed for at forst\u00e5 dig selv og dine reaktioner. Ved en bedre forst\u00e5else opst\u00e5r der nye muligheder for at mestre senf\u00f8lgerne og deres indflydelse p\u00e5 dit hverdagsliv.<\/p>\n<p>Et behandlingsforl\u00f8b hos CSM Midt Nord indledes oftest med et forl\u00f8b i senf\u00f8lgegruppe med undervisning om senf\u00f8lger og efterf\u00f8lges af et terapiforl\u00f8b, der enten er i gruppe eller individuelt. Senf\u00f8lgegruppen er en god m\u00e5de at blive introduceret til og forberedt p\u00e5 det efterf\u00f8lgende terapiforl\u00f8b, og derfor ligger senf\u00f8lgegruppen oftest inden, man starter i et terapiforl\u00f8b.<\/p>\n<p>Undervisningen foreg\u00e5r i vores lokaler p\u00e5 Thomas Koppels Gade 30 i Aarhus eller p\u00e5 Boulevarden 16 i Aalborg\u00a0 i grupper med 10 deltagere (b\u00e5de m\u00e6nd og kvinder) med to af centrets psykologer som undervisere. Gruppen m\u00f8des hver uge, otte gange, henover for\u00e5ret eller efter\u00e5ret. Hver gang tages et specifikt emne op, og der veksles mellem opl\u00e6g fra underviserne og f\u00e6lles dr\u00f8ftelse af emnet i gruppen.<\/p>\n","protected":false},"excerpt":{"rendered":"<p>Senf\u00f8lgegruppen er et undervisningsforl\u00f8b for voksne m\u00e6nd og kvinder med senf\u00f8lger efter seksuelle overgreb, og det danner grundlag for at f\u00e5 bedst muligt udbytte af din terapi. Form\u00e5let med forl\u00f8bet er at formidle viden om seksuelle overgreb og senf\u00f8lger, s\u00e5 du f\u00e5r en bedre mulighed for at forst\u00e5 dig selv og dine reaktioner. Ved en [&hellip;]<\/p>\n","protected":false},"author":13,"featured_media":0,"parent":0,"menu_order":0,"comment_status":"closed","ping_status":"closed","template":"","meta":{"_acf_changed":false,"footnotes":""},"class_list":["post-1653","page","type-page","status-publish","hentry"],"acf":[],"yoast_head":"<!-- This site is optimized with the Yoast SEO plugin v26.6 - https:\/\/yoast.com\/wordpress\/plugins\/seo\/ -->\n<title>Senf\u00f8lgegruppe - CSM: Midt Nord<\/title>\n<meta name=\"robots\" content=\"index, follow, max-snippet:-1, max-image-preview:large, max-video-preview:-1\" \/>\n<link rel=\"canonical\" href=\"https:\/\/csm-danmark.dk\/midt-nord\/senfolgegruppe\/\" \/>\n<meta property=\"og:locale\" content=\"da_DK\" \/>\n<meta property=\"og:type\" content=\"article\" \/>\n<meta property=\"og:title\" content=\"Senf\u00f8lgegruppe - CSM: Midt Nord\" \/>\n<meta property=\"og:description\" content=\"Senf\u00f8lgegruppen er et undervisningsforl\u00f8b for voksne m\u00e6nd og kvinder med senf\u00f8lger efter seksuelle overgreb, og det danner grundlag for at f\u00e5 bedst muligt udbytte af din terapi. Form\u00e5let med forl\u00f8bet er at formidle viden om seksuelle overgreb og senf\u00f8lger, s\u00e5 du f\u00e5r en bedre mulighed for at forst\u00e5 dig selv og dine reaktioner. Ved en [&hellip;]\" \/>\n<meta property=\"og:url\" content=\"https:\/\/csm-danmark.dk\/midt-nord\/senfolgegruppe\/\" \/>\n<meta property=\"og:site_name\" content=\"CSM: Midt Nord\" \/>\n<meta property=\"article:modified_time\" content=\"2025-05-05T09:38:22+00:00\" \/>\n<meta name=\"twitter:card\" content=\"summary_large_image\" \/>\n<meta name=\"twitter:label1\" content=\"Estimeret l\u00e6setid\" \/>\n\t<meta name=\"twitter:data1\" content=\"2 minutter\" \/>\n<script type=\"application\/ld+json\" class=\"yoast-schema-graph\">{\"@context\":\"https:\/\/schema.org\",\"@graph\":[{\"@type\":\"WebPage\",\"@id\":\"https:\/\/csm-danmark.dk\/midt-nord\/senfolgegruppe\/\",\"url\":\"https:\/\/csm-danmark.dk\/midt-nord\/senfolgegruppe\/\",\"name\":\"Senf\u00f8lgegruppe - CSM: Midt Nord\",\"isPartOf\":{\"@id\":\"https:\/\/csm-danmark.dk\/midt-nord\/#website\"},\"datePublished\":\"2018-08-14T09:13:39+00:00\",\"dateModified\":\"2025-05-05T09:38:22+00:00\",\"breadcrumb\":{\"@id\":\"https:\/\/csm-danmark.dk\/midt-nord\/senfolgegruppe\/#breadcrumb\"},\"inLanguage\":\"da-DK\",\"potentialAction\":[{\"@type\":\"ReadAction\",\"target\":[\"https:\/\/csm-danmark.dk\/midt-nord\/senfolgegruppe\/\"]}]},{\"@type\":\"BreadcrumbList\",\"@id\":\"https:\/\/csm-danmark.dk\/midt-nord\/senfolgegruppe\/#breadcrumb\",\"itemListElement\":[{\"@type\":\"ListItem\",\"position\":1,\"name\":\"Home\",\"item\":\"https:\/\/csm-danmark.dk\/midt-nord\/\"},{\"@type\":\"ListItem\",\"position\":2,\"name\":\"Senf\u00f8lgegruppe\"}]},{\"@type\":\"WebSite\",\"@id\":\"https:\/\/csm-danmark.dk\/midt-nord\/#website\",\"url\":\"https:\/\/csm-danmark.dk\/midt-nord\/\",\"name\":\"CSM: Midt Nord\",\"description\":\"Center for Seksuelt Misbrugte\",\"potentialAction\":[{\"@type\":\"SearchAction\",\"target\":{\"@type\":\"EntryPoint\",\"urlTemplate\":\"https:\/\/csm-danmark.dk\/midt-nord\/?s={search_term_string}\"},\"query-input\":{\"@type\":\"PropertyValueSpecification\",\"valueRequired\":true,\"valueName\":\"search_term_string\"}}],\"inLanguage\":\"da-DK\"}]}<\/script>\n<!-- \/ Yoast SEO plugin. -->","yoast_head_json":{"title":"Senf\u00f8lgegruppe - CSM: Midt Nord","robots":{"index":"index","follow":"follow","max-snippet":"max-snippet:-1","max-image-preview":"max-image-preview:large","max-video-preview":"max-video-preview:-1"},"canonical":"https:\/\/csm-danmark.dk\/midt-nord\/senfolgegruppe\/","og_locale":"da_DK","og_type":"article","og_title":"Senf\u00f8lgegruppe - CSM: Midt Nord","og_description":"Senf\u00f8lgegruppen er et undervisningsforl\u00f8b for voksne m\u00e6nd og kvinder med senf\u00f8lger efter seksuelle overgreb, og det danner grundlag for at f\u00e5 bedst muligt udbytte af din terapi. Form\u00e5let med forl\u00f8bet er at formidle viden om seksuelle overgreb og senf\u00f8lger, s\u00e5 du f\u00e5r en bedre mulighed for at forst\u00e5 dig selv og dine reaktioner. Ved en [&hellip;]","og_url":"https:\/\/csm-danmark.dk\/midt-nord\/senfolgegruppe\/","og_site_name":"CSM: Midt Nord","article_modified_time":"2025-05-05T09:38:22+00:00","twitter_card":"summary_large_image","twitter_misc":{"Estimeret l\u00e6setid":"2 minutter"},"schema":{"@context":"https:\/\/schema.org","@graph":[{"@type":"WebPage","@id":"https:\/\/csm-danmark.dk\/midt-nord\/senfolgegruppe\/","url":"https:\/\/csm-danmark.dk\/midt-nord\/senfolgegruppe\/","name":"Senf\u00f8lgegruppe - CSM: Midt Nord","isPartOf":{"@id":"https:\/\/csm-danmark.dk\/midt-nord\/#website"},"datePublished":"2018-08-14T09:13:39+00:00","dateModified":"2025-05-05T09:38:22+00:00","breadcrumb":{"@id":"https:\/\/csm-danmark.dk\/midt-nord\/senfolgegruppe\/#breadcrumb"},"inLanguage":"da-DK","potentialAction":[{"@type":"ReadAction","target":["https:\/\/csm-danmark.dk\/midt-nord\/senfolgegruppe\/"]}]},{"@type":"BreadcrumbList","@id":"https:\/\/csm-danmark.dk\/midt-nord\/senfolgegruppe\/#breadcrumb","itemListElement":[{"@type":"ListItem","position":1,"name":"Home","item":"https:\/\/csm-danmark.dk\/midt-nord\/"},{"@type":"ListItem","position":2,"name":"Senf\u00f8lgegruppe"}]},{"@type":"WebSite","@id":"https:\/\/csm-danmark.dk\/midt-nord\/#website","url":"https:\/\/csm-danmark.dk\/midt-nord\/","name":"CSM: Midt Nord","description":"Center for Seksuelt Misbrugte","potentialAction":[{"@type":"SearchAction","target":{"@type":"EntryPoint","urlTemplate":"https:\/\/csm-danmark.dk\/midt-nord\/?s={search_term_string}"},"query-input":{"@type":"PropertyValueSpecification","valueRequired":true,"valueName":"search_term_string"}}],"inLanguage":"da-DK"}]}},"_links":{"self":[{"href":"https:\/\/csm-danmark.dk\/midt-nord\/wp-json\/wp\/v2\/pages\/1653","targetHints":{"allow":["GET"]}}],"collection":[{"href":"https:\/\/csm-danmark.dk\/midt-nord\/wp-json\/wp\/v2\/pages"}],"about":[{"href":"https:\/\/csm-danmark.dk\/midt-nord\/wp-json\/wp\/v2\/types\/page"}],"author":[{"embeddable":true,"href":"https:\/\/csm-danmark.dk\/midt-nord\/wp-json\/wp\/v2\/users\/13"}],"replies":[{"embeddable":true,"href":"https:\/\/csm-danmark.dk\/midt-nord\/wp-json\/wp\/v2\/comments?post=1653"}],"version-history":[{"count":8,"href":"https:\/\/csm-danmark.dk\/midt-nord\/wp-json\/wp\/v2\/pages\/1653\/revisions"}],"predecessor-version":[{"id":4286,"href":"https:\/\/csm-danmark.dk\/midt-nord\/wp-json\/wp\/v2\/pages\/1653\/revisions\/4286"}],"wp:attachment":[{"href":"https:\/\/csm-danmark.dk\/midt-nord\/wp-json\/wp\/v2\/media?parent=1653"}],"curies":[{"name":"wp","href":"https:\/\/api.w.org\/{rel}","templated":true}]}}