{"id":1579,"date":"2018-06-21T10:46:12","date_gmt":"2018-06-21T10:46:12","guid":{"rendered":"http:\/\/csm-danmark.dk.dedi5085.your-server.de\/midt-nord\/?page_id=1579"},"modified":"2026-02-04T14:24:21","modified_gmt":"2026-02-04T13:24:21","slug":"behandlingsforlob","status":"publish","type":"page","link":"https:\/\/csm-danmark.dk\/midt-nord\/behandlingsforlob\/","title":{"rendered":"Et typisk behandlingsforl\u00f8b"},"content":{"rendered":"\n<p>Et behandlingsforl\u00f8b indledes ofte med et forl\u00f8b i <a class=\"dull_green\" href=\"https:\/\/csm-danmark.dk\/midt-nord\/behandlingssektionen__trashed\/senfolgegruppe\/\">senf\u00f8lgegruppe<\/a> med undervisning om senf\u00f8lger og efterf\u00f8lges af et terapiforl\u00f8b, der enten er i <a class=\"dull_green\" href=\"https:\/\/csm-danmark.dk\/midt-nord\/behandlingssektionen__trashed\/gruppeterapi\/\">gruppe<\/a> eller <a class=\"dull_green\" href=\"https:\/\/csm-danmark.dk\/midt-nord\/behandlingssektionen__trashed\/individuel-terapi\/\">individuelt<\/a> og ligger p\u00e5 et fast tidspunkt fra uge til uge.<\/p>\n<p>Terapien i CSM Midt Nord varetages af psykologer, der er specialiseret i at behandle voksne med senf\u00f8lger af seksuelle overgreb i barndommen. Du kan finde psykologerne <a class=\"dull_green\" href=\"https:\/\/csm-danmark.dk\/midt-nord\/om-csm-midt-nord\/medarbejdere\/\">her<\/a>.<\/p>\n<p>Ved <a class=\"dull_green\" href=\"https:\/\/csm-danmark.dk\/midt-nord\/saadanfaarduhjaelp\/\">henvendelsen og visitationen<\/a> vil der blive foretaget en individuel vurdering\u00a0 af dine behov og udfordringer, lavet aftaler og lagt en\u00a0plan efter aftale med dig.<\/p>\n<p>Behandlingen bygger b\u00e5de p\u00e5 dine \u00f8nsker og\u00a0\u00a0vores\u00a0psykologfaglige vurdering. Behandlingen er\u00a0helhedsorienteret og bygger p\u00e5 grundl\u00e6ggende forst\u00e5else for traumatisering\u00a0i n\u00e6re relationer.\u00a0Effekten af behandlingen er afh\u00e6ngig af, at du engagerer dig i\u00a0forl\u00f8bet og m\u00f8der op til alle samtaler; ogs\u00e5 n\u00e5r det m\u00e5ske er meget sv\u00e6rt.<\/p>\n<p>Du kan ogs\u00e5 l\u00e6se om <a class=\"dull_green\" href=\"https:\/\/csm-danmark.dk\/midt-nord\/saadanfaarduhjaelp\/mentaliseringsbaseret-terapi-og-metode\/\">den mentaliseringsbaserede terapi og metode<\/a>, som ligger til grund for et behandlingsforl\u00f8b hos CSM Midt Nord.<\/p>\n","protected":false},"excerpt":{"rendered":"<p>Et behandlingsforl\u00f8b indledes ofte med et forl\u00f8b i senf\u00f8lgegruppe med undervisning om senf\u00f8lger og efterf\u00f8lges af et terapiforl\u00f8b, der enten er i gruppe eller individuelt og ligger p\u00e5 et fast tidspunkt fra uge til uge. Terapien i CSM Midt Nord varetages af psykologer, der er specialiseret i at behandle voksne med senf\u00f8lger af seksuelle overgreb [&hellip;]<\/p>\n","protected":false},"author":13,"featured_media":0,"parent":0,"menu_order":0,"comment_status":"closed","ping_status":"closed","template":"","meta":{"_acf_changed":false,"footnotes":""},"class_list":["post-1579","page","type-page","status-publish","hentry"],"acf":[],"yoast_head":"<!-- This site is optimized with the Yoast SEO plugin v26.6 - https:\/\/yoast.com\/wordpress\/plugins\/seo\/ -->\n<title>Et typisk behandlingsforl\u00f8b - CSM: Midt Nord<\/title>\n<meta name=\"robots\" content=\"index, follow, max-snippet:-1, max-image-preview:large, max-video-preview:-1\" \/>\n<link rel=\"canonical\" href=\"https:\/\/csm-danmark.dk\/midt-nord\/behandlingsforlob\/\" \/>\n<meta property=\"og:locale\" content=\"da_DK\" \/>\n<meta property=\"og:type\" content=\"article\" \/>\n<meta property=\"og:title\" content=\"Et typisk behandlingsforl\u00f8b - CSM: Midt Nord\" \/>\n<meta property=\"og:description\" content=\"Et behandlingsforl\u00f8b indledes ofte med et forl\u00f8b i senf\u00f8lgegruppe med undervisning om senf\u00f8lger og efterf\u00f8lges af et terapiforl\u00f8b, der enten er i gruppe eller individuelt og ligger p\u00e5 et fast tidspunkt fra uge til uge. Terapien i CSM Midt Nord varetages af psykologer, der er specialiseret i at behandle voksne med senf\u00f8lger af seksuelle overgreb [&hellip;]\" \/>\n<meta property=\"og:url\" content=\"https:\/\/csm-danmark.dk\/midt-nord\/behandlingsforlob\/\" \/>\n<meta property=\"og:site_name\" content=\"CSM: Midt Nord\" \/>\n<meta property=\"article:modified_time\" content=\"2026-02-04T13:24:21+00:00\" \/>\n<meta name=\"twitter:card\" content=\"summary_large_image\" \/>\n<meta name=\"twitter:label1\" content=\"Estimeret l\u00e6setid\" \/>\n\t<meta name=\"twitter:data1\" content=\"2 minutter\" \/>\n<script type=\"application\/ld+json\" class=\"yoast-schema-graph\">{\"@context\":\"https:\/\/schema.org\",\"@graph\":[{\"@type\":\"WebPage\",\"@id\":\"https:\/\/csm-danmark.dk\/midt-nord\/behandlingsforlob\/\",\"url\":\"https:\/\/csm-danmark.dk\/midt-nord\/behandlingsforlob\/\",\"name\":\"Et typisk behandlingsforl\u00f8b - CSM: Midt Nord\",\"isPartOf\":{\"@id\":\"https:\/\/csm-danmark.dk\/midt-nord\/#website\"},\"datePublished\":\"2018-06-21T10:46:12+00:00\",\"dateModified\":\"2026-02-04T13:24:21+00:00\",\"breadcrumb\":{\"@id\":\"https:\/\/csm-danmark.dk\/midt-nord\/behandlingsforlob\/#breadcrumb\"},\"inLanguage\":\"da-DK\",\"potentialAction\":[{\"@type\":\"ReadAction\",\"target\":[\"https:\/\/csm-danmark.dk\/midt-nord\/behandlingsforlob\/\"]}]},{\"@type\":\"BreadcrumbList\",\"@id\":\"https:\/\/csm-danmark.dk\/midt-nord\/behandlingsforlob\/#breadcrumb\",\"itemListElement\":[{\"@type\":\"ListItem\",\"position\":1,\"name\":\"Home\",\"item\":\"https:\/\/csm-danmark.dk\/midt-nord\/\"},{\"@type\":\"ListItem\",\"position\":2,\"name\":\"Et typisk behandlingsforl\u00f8b\"}]},{\"@type\":\"WebSite\",\"@id\":\"https:\/\/csm-danmark.dk\/midt-nord\/#website\",\"url\":\"https:\/\/csm-danmark.dk\/midt-nord\/\",\"name\":\"CSM: Midt Nord\",\"description\":\"Center for Seksuelt Misbrugte\",\"potentialAction\":[{\"@type\":\"SearchAction\",\"target\":{\"@type\":\"EntryPoint\",\"urlTemplate\":\"https:\/\/csm-danmark.dk\/midt-nord\/?s={search_term_string}\"},\"query-input\":{\"@type\":\"PropertyValueSpecification\",\"valueRequired\":true,\"valueName\":\"search_term_string\"}}],\"inLanguage\":\"da-DK\"}]}<\/script>\n<!-- \/ Yoast SEO plugin. -->","yoast_head_json":{"title":"Et typisk behandlingsforl\u00f8b - CSM: Midt Nord","robots":{"index":"index","follow":"follow","max-snippet":"max-snippet:-1","max-image-preview":"max-image-preview:large","max-video-preview":"max-video-preview:-1"},"canonical":"https:\/\/csm-danmark.dk\/midt-nord\/behandlingsforlob\/","og_locale":"da_DK","og_type":"article","og_title":"Et typisk behandlingsforl\u00f8b - CSM: Midt Nord","og_description":"Et behandlingsforl\u00f8b indledes ofte med et forl\u00f8b i senf\u00f8lgegruppe med undervisning om senf\u00f8lger og efterf\u00f8lges af et terapiforl\u00f8b, der enten er i gruppe eller individuelt og ligger p\u00e5 et fast tidspunkt fra uge til uge. Terapien i CSM Midt Nord varetages af psykologer, der er specialiseret i at behandle voksne med senf\u00f8lger af seksuelle overgreb [&hellip;]","og_url":"https:\/\/csm-danmark.dk\/midt-nord\/behandlingsforlob\/","og_site_name":"CSM: Midt Nord","article_modified_time":"2026-02-04T13:24:21+00:00","twitter_card":"summary_large_image","twitter_misc":{"Estimeret l\u00e6setid":"2 minutter"},"schema":{"@context":"https:\/\/schema.org","@graph":[{"@type":"WebPage","@id":"https:\/\/csm-danmark.dk\/midt-nord\/behandlingsforlob\/","url":"https:\/\/csm-danmark.dk\/midt-nord\/behandlingsforlob\/","name":"Et typisk behandlingsforl\u00f8b - CSM: Midt Nord","isPartOf":{"@id":"https:\/\/csm-danmark.dk\/midt-nord\/#website"},"datePublished":"2018-06-21T10:46:12+00:00","dateModified":"2026-02-04T13:24:21+00:00","breadcrumb":{"@id":"https:\/\/csm-danmark.dk\/midt-nord\/behandlingsforlob\/#breadcrumb"},"inLanguage":"da-DK","potentialAction":[{"@type":"ReadAction","target":["https:\/\/csm-danmark.dk\/midt-nord\/behandlingsforlob\/"]}]},{"@type":"BreadcrumbList","@id":"https:\/\/csm-danmark.dk\/midt-nord\/behandlingsforlob\/#breadcrumb","itemListElement":[{"@type":"ListItem","position":1,"name":"Home","item":"https:\/\/csm-danmark.dk\/midt-nord\/"},{"@type":"ListItem","position":2,"name":"Et typisk behandlingsforl\u00f8b"}]},{"@type":"WebSite","@id":"https:\/\/csm-danmark.dk\/midt-nord\/#website","url":"https:\/\/csm-danmark.dk\/midt-nord\/","name":"CSM: Midt Nord","description":"Center for Seksuelt Misbrugte","potentialAction":[{"@type":"SearchAction","target":{"@type":"EntryPoint","urlTemplate":"https:\/\/csm-danmark.dk\/midt-nord\/?s={search_term_string}"},"query-input":{"@type":"PropertyValueSpecification","valueRequired":true,"valueName":"search_term_string"}}],"inLanguage":"da-DK"}]}},"_links":{"self":[{"href":"https:\/\/csm-danmark.dk\/midt-nord\/wp-json\/wp\/v2\/pages\/1579","targetHints":{"allow":["GET"]}}],"collection":[{"href":"https:\/\/csm-danmark.dk\/midt-nord\/wp-json\/wp\/v2\/pages"}],"about":[{"href":"https:\/\/csm-danmark.dk\/midt-nord\/wp-json\/wp\/v2\/types\/page"}],"author":[{"embeddable":true,"href":"https:\/\/csm-danmark.dk\/midt-nord\/wp-json\/wp\/v2\/users\/13"}],"replies":[{"embeddable":true,"href":"https:\/\/csm-danmark.dk\/midt-nord\/wp-json\/wp\/v2\/comments?post=1579"}],"version-history":[{"count":8,"href":"https:\/\/csm-danmark.dk\/midt-nord\/wp-json\/wp\/v2\/pages\/1579\/revisions"}],"predecessor-version":[{"id":4556,"href":"https:\/\/csm-danmark.dk\/midt-nord\/wp-json\/wp\/v2\/pages\/1579\/revisions\/4556"}],"wp:attachment":[{"href":"https:\/\/csm-danmark.dk\/midt-nord\/wp-json\/wp\/v2\/media?parent=1579"}],"curies":[{"name":"wp","href":"https:\/\/api.w.org\/{rel}","templated":true}]}}