{"id":1527,"date":"2018-06-19T08:45:53","date_gmt":"2018-06-19T08:45:53","guid":{"rendered":"http:\/\/csm-danmark.dk.dedi5085.your-server.de\/midt-nord\/?page_id=1527"},"modified":"2026-04-28T10:10:45","modified_gmt":"2026-04-28T08:10:45","slug":"bliv-frivillig","status":"publish","type":"page","link":"https:\/\/csm-danmark.dk\/midt-nord\/bliv-frivillig\/","title":{"rendered":"Bliv frivillig"},"content":{"rendered":"<h2>Vil du v\u00e6re frivillig?<\/h2>\n<p>Vil du hj\u00e6lpe med at g\u00f8re en forskel for voksne med senf\u00f8lger efter seksuelle overgreb i barndommen?<\/p>\n<p>Har du en god ansvarsf\u00f8lelse og en psykisk robusthed?<\/p>\n<p>Er du i besiddelse af en evne til at m\u00f8de dine medmennesker i \u00f8jenh\u00f8jde?<\/p>\n<p>Har du mod p\u00e5 at h\u00e5ndtere sv\u00e6re samtaler og problemstillinger?<\/p>\n<p>S\u00e5 er det DIG vi har brug for!<\/p>\n<h2>Din funktion<\/h2>\n<p>Du vil blive en del af et engageret team af b\u00e5de frivillige og ansatte. Vores frivillige l\u00f8ser opgaver inden for en r\u00e6kke forskellige tilbud:<\/p>\n<ul>\n<li>Caf\u00e9v\u00e6rt i vores <a class=\"dull_green\" href=\"http:\/\/csm-danmark.dk\/midt-nord\/frivilligsektionen\/aktiviteter\/cafeen\/\"><strong>caf\u00e9<\/strong><\/a><\/li>\n<li><a class=\"dull_green\" href=\"http:\/\/csm-danmark.dk\/midt-nord\/frivilligsektionen\/aktiviteter\/individuel-samtale\/\"><strong>Samtaleforl\u00f8b<\/strong><\/a> for m\u00e6nd, kvinder og p\u00e5r\u00f8rende.<\/li>\n<li>Gruppeleder i vores <a class=\"dull_green\" href=\"http:\/\/csm-danmark.dk\/midt-nord\/frivilligsektionen\/aktiviteter\/hvad-er-selvhjaelpsgrupper\/\"><strong>selvhj\u00e6lpsgrupper<\/strong><\/a><\/li>\n<li><a class=\"dull_green\" href=\"https:\/\/csm-danmark.dk\/chatradgivning\/#chat-med-os\"><strong>Chatr\u00e5dgiver<\/strong><\/a><\/li>\n<li>Kropslige, sociale og kreative tilbud som f.eks.\u00a0<a class=\"dull_green\" href=\"http:\/\/csm-danmark.dk\/midt-nord\/frivilligsektionen\/aktiviteter\/kreativt-vaerksted\/\"><strong>kreativt v\u00e6rksted<\/strong><\/a><\/li>\n<\/ul>\n<p>Der er en h\u00f8j grad af medbestemmelse omkring, hvilke opgaver du kunne byde ind p\u00e5. Det afh\u00e6nger b\u00e5de af, hvad du selv br\u00e6nder for, hvilke kompetencer du har, og hvor vi har brug for flere frivillige kompetencer.<\/p>\n<p>Du vil blive kl\u00e6dt grundigt p\u00e5 til opgaven gennem kursus, sparring og l\u00f8bende supervision. Alle nye frivillige skal gennemg\u00e5 et introkursus.<\/p>\n<p>P\u00e5 kurset vil du:<\/p>\n<ul>\n<li>Blive introduceret til CSM Midt Nord; hvem er vi, og hvilke tilbud har vi til m\u00e5lgruppen<\/li>\n<li>F\u00e5 en grundig introduktion til m\u00e5lgruppen, seksuelle overgreb, senf\u00f8lger, traumer og vores mentaliserende tilgang.<\/li>\n<li>Blive undervist i den p\u00e6dagogiske tilgang, retningslinjer og erfaringer.<\/li>\n<\/ul>\n<h2>Form\u00e5let med at v\u00e6re frivillig hos CSM Midt Nord<\/h2>\n<p>Der er meget skam, skyld og tabu forbundet med seksuelle overgreb, og derfor ved vi, at mange er alt for l\u00e6nge om at dele sine oplevelser, tanker og f\u00f8lelser med andre. Derfor er det en af vores vigtigste opgaver at tage godt imod enhver ny, der finder modet til at kontakte os. Det g\u00e6lder uanset, om vedkommende dukker op i caf\u00e9en, ringer til os i telefonr\u00e5dgivningen eller skriver til os i chatr\u00e5dgivningen. Efterf\u00f8lgende er det vores vigtigste opgave at skabe rammerne for, at vores brugere kan m\u00f8de ligesindede, f\u00e5 r\u00e5dgivning og indg\u00e5 i trygge og n\u00e6rv\u00e6rende samtale med hinanden og med frivillige og ansatte.<\/p>\n<h2>Vi tilbyder<\/h2>\n<ul>\n<li>L\u00f8bende tilbud om faglige og sociale arrangementer<\/li>\n<li>Sparring og feedback p\u00e5 det r\u00e5dgivende arbejde<\/li>\n<li>Supervision ved psykolog<\/li>\n<li>Et givende og st\u00f8ttende f\u00e6llesskab med andre engagerede frivillige<\/li>\n<li>En grundig indf\u00f8ring i m\u00e5lgruppen og dens udfordringer<\/li>\n<li>En grundig indf\u00f8ring i de opgaver, du skal varetage<\/li>\n<\/ul>\n<h2>Vores forventninger til dig<\/h2>\n<ul>\n<li>Du har flair for eller erfaring med st\u00f8ttende og udviklende samtaler<\/li>\n<li>Du har en evne til at s\u00e6tte dig i andre menneskers sted \u2013 m\u00e5ske lidt ud over det s\u00e6dvanlige<\/li>\n<li>Du er afklaret med din egen situation og har arbejdet med dig selv, hvis du selv har v\u00e6ret udsat for seksuelle overgreb i barndom eller voksenliv<\/li>\n<li>At du kan deltage p\u00e5 introkursus, og at du generelt er indstillet p\u00e5 at prioritere faglige arrangementer og supervision for at v\u00e6re bedst muligt kl\u00e6dt p\u00e5 til at modtage m\u00e5lgruppen<\/li>\n<li>At du kan forpligte dig til at have en vagt hver eller hver anden uge<\/li>\n<li>At du kan forpligte dig i minimum et \u00e5r. Dette af hensyn til vores m\u00e5lgruppe, da det tager tid at opbygge en tillidsfuld relation til dem.<\/li>\n<\/ul>\n<h2>Hvem er vi?<\/h2>\n<p>Vores team af frivillige er i alle aldre og med vidt forskellige baggrunde og kompetencer. Nogle frivillige har selv v\u00e6ret udsat for seksuelle overgreb eller har p\u00e5 anden m\u00e5de v\u00e6ret ber\u00f8rt af seksuelle overgreb \u2013 Et krav er, at de har v\u00e6ret i behandling og er afklaret med deres egen situation. Vi har brug for b\u00e5de frivillige med og uden egen-erfaring med seksuelle overgreb i barndommen.<\/p>\n<h2>Kontakt os for at h\u00f8re mere<\/h2>\n<p>Kan du genkende dig selv i beskrivelsen, s\u00e5 kontakt os for at h\u00f8re mere? Du har mulighed for at blive frivillig i vores Aarhusafdeling eller vores Aalborgafdeling:<\/p>\n<p><strong>Aarhus:<\/strong><br \/>\n<i class=\"fa fa-envelope fa- \"><\/i>\u00a0<a href=\"mailto:frivillig@csm-midtnord.dk\">frivillig@csm-midtnord.dk<\/a><\/p>\n<p><strong>Aalborg:<\/strong><\/p>\n<p>Guro Korter\u00f8d<\/p>\n<p><i class=\"fa fa-phone \"><\/i>\u00a028 15 39 03<br \/>\n<i class=\"fa fa-envelope \"><\/i>\u00a0<a href=\"mailto:gk@csm-midtnord.dk\">gk@csm-midtnord.dk<\/a><\/p>\n<p>Interesserede inviteres til en samtale, hvor du f\u00e5r lejlighed til at fort\u00e6lle lidt om dig selv, og vi fort\u00e6ller lidt om CSM Midt Nord, og hvad det indeb\u00e6rer at v\u00e6re frivillig hos os.<\/p>\n<p><strong>Bem\u00e6rk at der er tale om frivilligt, ul\u00f8nnet arbejde.<\/strong><\/p>\n","protected":false},"excerpt":{"rendered":"<p>Vil du v\u00e6re frivillig? Vil du hj\u00e6lpe med at g\u00f8re en forskel for voksne med senf\u00f8lger efter seksuelle overgreb i barndommen? Har du en god ansvarsf\u00f8lelse og en psykisk robusthed? Er du i besiddelse af en evne til at m\u00f8de dine medmennesker i \u00f8jenh\u00f8jde? Har du mod p\u00e5 at h\u00e5ndtere sv\u00e6re samtaler og problemstillinger? S\u00e5 [&hellip;]<\/p>\n","protected":false},"author":13,"featured_media":0,"parent":0,"menu_order":0,"comment_status":"closed","ping_status":"closed","template":"","meta":{"_acf_changed":false,"footnotes":""},"class_list":["post-1527","page","type-page","status-publish","hentry"],"acf":[],"yoast_head":"<!-- This site is optimized with the Yoast SEO plugin v26.6 - https:\/\/yoast.com\/wordpress\/plugins\/seo\/ -->\n<title>Bliv frivillig - CSM: Midt Nord<\/title>\n<meta name=\"robots\" content=\"index, follow, max-snippet:-1, max-image-preview:large, max-video-preview:-1\" \/>\n<link rel=\"canonical\" href=\"https:\/\/csm-danmark.dk\/midt-nord\/bliv-frivillig\/\" \/>\n<meta property=\"og:locale\" content=\"da_DK\" \/>\n<meta property=\"og:type\" content=\"article\" \/>\n<meta property=\"og:title\" content=\"Bliv frivillig - CSM: Midt Nord\" \/>\n<meta property=\"og:description\" content=\"Vil du v\u00e6re frivillig? Vil du hj\u00e6lpe med at g\u00f8re en forskel for voksne med senf\u00f8lger efter seksuelle overgreb i barndommen? Har du en god ansvarsf\u00f8lelse og en psykisk robusthed? Er du i besiddelse af en evne til at m\u00f8de dine medmennesker i \u00f8jenh\u00f8jde? Har du mod p\u00e5 at h\u00e5ndtere sv\u00e6re samtaler og problemstillinger? S\u00e5 [&hellip;]\" \/>\n<meta property=\"og:url\" content=\"https:\/\/csm-danmark.dk\/midt-nord\/bliv-frivillig\/\" \/>\n<meta property=\"og:site_name\" content=\"CSM: Midt Nord\" \/>\n<meta property=\"article:modified_time\" content=\"2026-04-28T08:10:45+00:00\" \/>\n<meta name=\"twitter:card\" content=\"summary_large_image\" \/>\n<meta name=\"twitter:label1\" content=\"Estimeret l\u00e6setid\" \/>\n\t<meta name=\"twitter:data1\" content=\"4 minutter\" \/>\n<script type=\"application\/ld+json\" class=\"yoast-schema-graph\">{\"@context\":\"https:\/\/schema.org\",\"@graph\":[{\"@type\":\"WebPage\",\"@id\":\"https:\/\/csm-danmark.dk\/midt-nord\/bliv-frivillig\/\",\"url\":\"https:\/\/csm-danmark.dk\/midt-nord\/bliv-frivillig\/\",\"name\":\"Bliv frivillig - CSM: Midt Nord\",\"isPartOf\":{\"@id\":\"https:\/\/csm-danmark.dk\/midt-nord\/#website\"},\"datePublished\":\"2018-06-19T08:45:53+00:00\",\"dateModified\":\"2026-04-28T08:10:45+00:00\",\"breadcrumb\":{\"@id\":\"https:\/\/csm-danmark.dk\/midt-nord\/bliv-frivillig\/#breadcrumb\"},\"inLanguage\":\"da-DK\",\"potentialAction\":[{\"@type\":\"ReadAction\",\"target\":[\"https:\/\/csm-danmark.dk\/midt-nord\/bliv-frivillig\/\"]}]},{\"@type\":\"BreadcrumbList\",\"@id\":\"https:\/\/csm-danmark.dk\/midt-nord\/bliv-frivillig\/#breadcrumb\",\"itemListElement\":[{\"@type\":\"ListItem\",\"position\":1,\"name\":\"Home\",\"item\":\"https:\/\/csm-danmark.dk\/midt-nord\/\"},{\"@type\":\"ListItem\",\"position\":2,\"name\":\"Bliv frivillig\"}]},{\"@type\":\"WebSite\",\"@id\":\"https:\/\/csm-danmark.dk\/midt-nord\/#website\",\"url\":\"https:\/\/csm-danmark.dk\/midt-nord\/\",\"name\":\"CSM: Midt Nord\",\"description\":\"Center for Seksuelt Misbrugte\",\"potentialAction\":[{\"@type\":\"SearchAction\",\"target\":{\"@type\":\"EntryPoint\",\"urlTemplate\":\"https:\/\/csm-danmark.dk\/midt-nord\/?s={search_term_string}\"},\"query-input\":{\"@type\":\"PropertyValueSpecification\",\"valueRequired\":true,\"valueName\":\"search_term_string\"}}],\"inLanguage\":\"da-DK\"}]}<\/script>\n<!-- \/ Yoast SEO plugin. -->","yoast_head_json":{"title":"Bliv frivillig - CSM: Midt Nord","robots":{"index":"index","follow":"follow","max-snippet":"max-snippet:-1","max-image-preview":"max-image-preview:large","max-video-preview":"max-video-preview:-1"},"canonical":"https:\/\/csm-danmark.dk\/midt-nord\/bliv-frivillig\/","og_locale":"da_DK","og_type":"article","og_title":"Bliv frivillig - CSM: Midt Nord","og_description":"Vil du v\u00e6re frivillig? Vil du hj\u00e6lpe med at g\u00f8re en forskel for voksne med senf\u00f8lger efter seksuelle overgreb i barndommen? Har du en god ansvarsf\u00f8lelse og en psykisk robusthed? Er du i besiddelse af en evne til at m\u00f8de dine medmennesker i \u00f8jenh\u00f8jde? Har du mod p\u00e5 at h\u00e5ndtere sv\u00e6re samtaler og problemstillinger? S\u00e5 [&hellip;]","og_url":"https:\/\/csm-danmark.dk\/midt-nord\/bliv-frivillig\/","og_site_name":"CSM: Midt Nord","article_modified_time":"2026-04-28T08:10:45+00:00","twitter_card":"summary_large_image","twitter_misc":{"Estimeret l\u00e6setid":"4 minutter"},"schema":{"@context":"https:\/\/schema.org","@graph":[{"@type":"WebPage","@id":"https:\/\/csm-danmark.dk\/midt-nord\/bliv-frivillig\/","url":"https:\/\/csm-danmark.dk\/midt-nord\/bliv-frivillig\/","name":"Bliv frivillig - CSM: Midt Nord","isPartOf":{"@id":"https:\/\/csm-danmark.dk\/midt-nord\/#website"},"datePublished":"2018-06-19T08:45:53+00:00","dateModified":"2026-04-28T08:10:45+00:00","breadcrumb":{"@id":"https:\/\/csm-danmark.dk\/midt-nord\/bliv-frivillig\/#breadcrumb"},"inLanguage":"da-DK","potentialAction":[{"@type":"ReadAction","target":["https:\/\/csm-danmark.dk\/midt-nord\/bliv-frivillig\/"]}]},{"@type":"BreadcrumbList","@id":"https:\/\/csm-danmark.dk\/midt-nord\/bliv-frivillig\/#breadcrumb","itemListElement":[{"@type":"ListItem","position":1,"name":"Home","item":"https:\/\/csm-danmark.dk\/midt-nord\/"},{"@type":"ListItem","position":2,"name":"Bliv frivillig"}]},{"@type":"WebSite","@id":"https:\/\/csm-danmark.dk\/midt-nord\/#website","url":"https:\/\/csm-danmark.dk\/midt-nord\/","name":"CSM: Midt Nord","description":"Center for Seksuelt Misbrugte","potentialAction":[{"@type":"SearchAction","target":{"@type":"EntryPoint","urlTemplate":"https:\/\/csm-danmark.dk\/midt-nord\/?s={search_term_string}"},"query-input":{"@type":"PropertyValueSpecification","valueRequired":true,"valueName":"search_term_string"}}],"inLanguage":"da-DK"}]}},"_links":{"self":[{"href":"https:\/\/csm-danmark.dk\/midt-nord\/wp-json\/wp\/v2\/pages\/1527","targetHints":{"allow":["GET"]}}],"collection":[{"href":"https:\/\/csm-danmark.dk\/midt-nord\/wp-json\/wp\/v2\/pages"}],"about":[{"href":"https:\/\/csm-danmark.dk\/midt-nord\/wp-json\/wp\/v2\/types\/page"}],"author":[{"embeddable":true,"href":"https:\/\/csm-danmark.dk\/midt-nord\/wp-json\/wp\/v2\/users\/13"}],"replies":[{"embeddable":true,"href":"https:\/\/csm-danmark.dk\/midt-nord\/wp-json\/wp\/v2\/comments?post=1527"}],"version-history":[{"count":30,"href":"https:\/\/csm-danmark.dk\/midt-nord\/wp-json\/wp\/v2\/pages\/1527\/revisions"}],"predecessor-version":[{"id":4641,"href":"https:\/\/csm-danmark.dk\/midt-nord\/wp-json\/wp\/v2\/pages\/1527\/revisions\/4641"}],"wp:attachment":[{"href":"https:\/\/csm-danmark.dk\/midt-nord\/wp-json\/wp\/v2\/media?parent=1527"}],"curies":[{"name":"wp","href":"https:\/\/api.w.org\/{rel}","templated":true}]}}