{"id":1495,"date":"2018-08-31T07:26:42","date_gmt":"2018-08-31T07:26:42","guid":{"rendered":"http:\/\/csm-danmark.dk.dedi5085.your-server.de\/midt-nord\/?page_id=1495"},"modified":"2026-04-28T10:00:32","modified_gmt":"2026-04-28T08:00:32","slug":"mandegruppe","status":"publish","type":"page","link":"https:\/\/csm-danmark.dk\/midt-nord\/mandegruppe\/","title":{"rendered":"Selvhj\u00e6lpsgruppe for m\u00e6nd"},"content":{"rendered":"<h2 style=\"text-align: left;\" align=\"right\">Hvad g\u00e5r det ud p\u00e5?<\/h2>\n<p>Er du mand, og har du senf\u00f8lger efter seksuelle overgreb i barndommen, s\u00e5 er vores selvhj\u00e6lpsgruppe for m\u00e6nd m\u00e5ske noget for dig.<\/p>\n<p>Gruppen er et m\u00e5lrettet forl\u00f8b p\u00e5 8 uger, hvor du sammen med de andre deltagere hver uge pr\u00e6senteres for et nyt emne. Det er et struktureret og st\u00f8ttende tilbud, hvor du b\u00e5de kan dele det, der er p\u00e5 spil hos dig, og du f\u00e5r mulighed for at lytte til og l\u00e6re af andre, der tumler med lignende udfordringer som dig selv.<\/p>\n<p>Hver gruppe har en eller to frivillige gruppeledere, der guider alle deltagere trygt igennem forl\u00f8bet.<\/p>\n<p>Alle har tavshedspligt \u2013 b\u00e5de deltagere og gruppeleder.<\/p>\n<p>Gruppen er en selvhj\u00e6lpsgruppe. Du kan l\u00e6se mere om selvhj\u00e6lpsgrupper <a class=\"dull_green\" href=\"http:\/\/csm-danmark.dk\/midt-nord\/frivilligsektionen\/aktiviteter\/hvad-er-selvhjaelpsgrupper\/\">her<\/a>.<\/p>\n<h2>Hvordan foreg\u00e5r det?<\/h2>\n<p>Hver uge har m\u00f8derne konkrete emner, der er udviklet af m\u00e6nd til m\u00e6nd, for at give v\u00e6rkt\u00f8jer til at arbejde med sine udfordringer. Du vil f\u00e5 input til at s\u00e6tte nye m\u00e5l og blive bedre til at n\u00e5 dem. Det er en effektiv metode, da f\u00e6llesskabet forpligter og tr\u00e6kker i positiv retning.<\/p>\n<p style=\"text-align: left;\" align=\"right\">P\u00e5 kurset arbejder vi med:<\/p>\n<ul>\n<li>At f\u00e5 et nyt f\u00e6llesskab med ligesindede<\/li>\n<li>At finde fokus og l\u00e6re at holde fast i det<\/li>\n<li>At f\u00e5 overblik over din situation og finde nye muligheder<\/li>\n<li>At f\u00e5 ny energi til at komme videre.<\/li>\n<\/ul>\n<p>\u00a0<\/p>\n<p style=\"text-align: left;\" align=\"center\">\u00a0<\/p>\n\n","protected":false},"excerpt":{"rendered":"<p>Hvad g\u00e5r det ud p\u00e5? Er du mand, og har du senf\u00f8lger efter seksuelle overgreb i barndommen, s\u00e5 er vores selvhj\u00e6lpsgruppe for m\u00e6nd m\u00e5ske noget for dig. Gruppen er et m\u00e5lrettet forl\u00f8b p\u00e5 8 uger, hvor du sammen med de andre deltagere hver uge pr\u00e6senteres for et nyt emne. Det er et struktureret og st\u00f8ttende [&hellip;]<\/p>\n","protected":false},"author":16,"featured_media":0,"parent":0,"menu_order":0,"comment_status":"closed","ping_status":"closed","template":"","meta":{"_acf_changed":false,"footnotes":""},"class_list":["post-1495","page","type-page","status-publish","hentry"],"acf":[],"yoast_head":"<!-- This site is optimized with the Yoast SEO plugin v26.6 - https:\/\/yoast.com\/wordpress\/plugins\/seo\/ -->\n<title>Selvhj\u00e6lpsgruppe for m\u00e6nd - CSM: Midt Nord<\/title>\n<meta name=\"robots\" content=\"index, follow, max-snippet:-1, max-image-preview:large, max-video-preview:-1\" \/>\n<link rel=\"canonical\" href=\"https:\/\/csm-danmark.dk\/midt-nord\/mandegruppe\/\" \/>\n<meta property=\"og:locale\" content=\"da_DK\" \/>\n<meta property=\"og:type\" content=\"article\" \/>\n<meta property=\"og:title\" content=\"Selvhj\u00e6lpsgruppe for m\u00e6nd - CSM: Midt Nord\" \/>\n<meta property=\"og:description\" content=\"Hvad g\u00e5r det ud p\u00e5? Er du mand, og har du senf\u00f8lger efter seksuelle overgreb i barndommen, s\u00e5 er vores selvhj\u00e6lpsgruppe for m\u00e6nd m\u00e5ske noget for dig. Gruppen er et m\u00e5lrettet forl\u00f8b p\u00e5 8 uger, hvor du sammen med de andre deltagere hver uge pr\u00e6senteres for et nyt emne. Det er et struktureret og st\u00f8ttende [&hellip;]\" \/>\n<meta property=\"og:url\" content=\"https:\/\/csm-danmark.dk\/midt-nord\/mandegruppe\/\" \/>\n<meta property=\"og:site_name\" content=\"CSM: Midt Nord\" \/>\n<meta property=\"article:modified_time\" content=\"2026-04-28T08:00:32+00:00\" \/>\n<meta name=\"twitter:card\" content=\"summary_large_image\" \/>\n<meta name=\"twitter:label1\" content=\"Estimeret l\u00e6setid\" \/>\n\t<meta name=\"twitter:data1\" content=\"2 minutter\" \/>\n<script type=\"application\/ld+json\" class=\"yoast-schema-graph\">{\"@context\":\"https:\/\/schema.org\",\"@graph\":[{\"@type\":\"WebPage\",\"@id\":\"https:\/\/csm-danmark.dk\/midt-nord\/mandegruppe\/\",\"url\":\"https:\/\/csm-danmark.dk\/midt-nord\/mandegruppe\/\",\"name\":\"Selvhj\u00e6lpsgruppe for m\u00e6nd - CSM: Midt Nord\",\"isPartOf\":{\"@id\":\"https:\/\/csm-danmark.dk\/midt-nord\/#website\"},\"datePublished\":\"2018-08-31T07:26:42+00:00\",\"dateModified\":\"2026-04-28T08:00:32+00:00\",\"breadcrumb\":{\"@id\":\"https:\/\/csm-danmark.dk\/midt-nord\/mandegruppe\/#breadcrumb\"},\"inLanguage\":\"da-DK\",\"potentialAction\":[{\"@type\":\"ReadAction\",\"target\":[\"https:\/\/csm-danmark.dk\/midt-nord\/mandegruppe\/\"]}]},{\"@type\":\"BreadcrumbList\",\"@id\":\"https:\/\/csm-danmark.dk\/midt-nord\/mandegruppe\/#breadcrumb\",\"itemListElement\":[{\"@type\":\"ListItem\",\"position\":1,\"name\":\"Home\",\"item\":\"https:\/\/csm-danmark.dk\/midt-nord\/\"},{\"@type\":\"ListItem\",\"position\":2,\"name\":\"Selvhj\u00e6lpsgruppe for m\u00e6nd\"}]},{\"@type\":\"WebSite\",\"@id\":\"https:\/\/csm-danmark.dk\/midt-nord\/#website\",\"url\":\"https:\/\/csm-danmark.dk\/midt-nord\/\",\"name\":\"CSM: Midt Nord\",\"description\":\"Center for Seksuelt Misbrugte\",\"potentialAction\":[{\"@type\":\"SearchAction\",\"target\":{\"@type\":\"EntryPoint\",\"urlTemplate\":\"https:\/\/csm-danmark.dk\/midt-nord\/?s={search_term_string}\"},\"query-input\":{\"@type\":\"PropertyValueSpecification\",\"valueRequired\":true,\"valueName\":\"search_term_string\"}}],\"inLanguage\":\"da-DK\"}]}<\/script>\n<!-- \/ Yoast SEO plugin. -->","yoast_head_json":{"title":"Selvhj\u00e6lpsgruppe for m\u00e6nd - CSM: Midt Nord","robots":{"index":"index","follow":"follow","max-snippet":"max-snippet:-1","max-image-preview":"max-image-preview:large","max-video-preview":"max-video-preview:-1"},"canonical":"https:\/\/csm-danmark.dk\/midt-nord\/mandegruppe\/","og_locale":"da_DK","og_type":"article","og_title":"Selvhj\u00e6lpsgruppe for m\u00e6nd - CSM: Midt Nord","og_description":"Hvad g\u00e5r det ud p\u00e5? Er du mand, og har du senf\u00f8lger efter seksuelle overgreb i barndommen, s\u00e5 er vores selvhj\u00e6lpsgruppe for m\u00e6nd m\u00e5ske noget for dig. Gruppen er et m\u00e5lrettet forl\u00f8b p\u00e5 8 uger, hvor du sammen med de andre deltagere hver uge pr\u00e6senteres for et nyt emne. Det er et struktureret og st\u00f8ttende [&hellip;]","og_url":"https:\/\/csm-danmark.dk\/midt-nord\/mandegruppe\/","og_site_name":"CSM: Midt Nord","article_modified_time":"2026-04-28T08:00:32+00:00","twitter_card":"summary_large_image","twitter_misc":{"Estimeret l\u00e6setid":"2 minutter"},"schema":{"@context":"https:\/\/schema.org","@graph":[{"@type":"WebPage","@id":"https:\/\/csm-danmark.dk\/midt-nord\/mandegruppe\/","url":"https:\/\/csm-danmark.dk\/midt-nord\/mandegruppe\/","name":"Selvhj\u00e6lpsgruppe for m\u00e6nd - CSM: Midt Nord","isPartOf":{"@id":"https:\/\/csm-danmark.dk\/midt-nord\/#website"},"datePublished":"2018-08-31T07:26:42+00:00","dateModified":"2026-04-28T08:00:32+00:00","breadcrumb":{"@id":"https:\/\/csm-danmark.dk\/midt-nord\/mandegruppe\/#breadcrumb"},"inLanguage":"da-DK","potentialAction":[{"@type":"ReadAction","target":["https:\/\/csm-danmark.dk\/midt-nord\/mandegruppe\/"]}]},{"@type":"BreadcrumbList","@id":"https:\/\/csm-danmark.dk\/midt-nord\/mandegruppe\/#breadcrumb","itemListElement":[{"@type":"ListItem","position":1,"name":"Home","item":"https:\/\/csm-danmark.dk\/midt-nord\/"},{"@type":"ListItem","position":2,"name":"Selvhj\u00e6lpsgruppe for m\u00e6nd"}]},{"@type":"WebSite","@id":"https:\/\/csm-danmark.dk\/midt-nord\/#website","url":"https:\/\/csm-danmark.dk\/midt-nord\/","name":"CSM: Midt Nord","description":"Center for Seksuelt Misbrugte","potentialAction":[{"@type":"SearchAction","target":{"@type":"EntryPoint","urlTemplate":"https:\/\/csm-danmark.dk\/midt-nord\/?s={search_term_string}"},"query-input":{"@type":"PropertyValueSpecification","valueRequired":true,"valueName":"search_term_string"}}],"inLanguage":"da-DK"}]}},"_links":{"self":[{"href":"https:\/\/csm-danmark.dk\/midt-nord\/wp-json\/wp\/v2\/pages\/1495","targetHints":{"allow":["GET"]}}],"collection":[{"href":"https:\/\/csm-danmark.dk\/midt-nord\/wp-json\/wp\/v2\/pages"}],"about":[{"href":"https:\/\/csm-danmark.dk\/midt-nord\/wp-json\/wp\/v2\/types\/page"}],"author":[{"embeddable":true,"href":"https:\/\/csm-danmark.dk\/midt-nord\/wp-json\/wp\/v2\/users\/16"}],"replies":[{"embeddable":true,"href":"https:\/\/csm-danmark.dk\/midt-nord\/wp-json\/wp\/v2\/comments?post=1495"}],"version-history":[{"count":29,"href":"https:\/\/csm-danmark.dk\/midt-nord\/wp-json\/wp\/v2\/pages\/1495\/revisions"}],"predecessor-version":[{"id":4634,"href":"https:\/\/csm-danmark.dk\/midt-nord\/wp-json\/wp\/v2\/pages\/1495\/revisions\/4634"}],"wp:attachment":[{"href":"https:\/\/csm-danmark.dk\/midt-nord\/wp-json\/wp\/v2\/media?parent=1495"}],"curies":[{"name":"wp","href":"https:\/\/api.w.org\/{rel}","templated":true}]}}